{"id":52729,"date":"2024-04-05T16:44:43","date_gmt":"2024-04-05T16:44:43","guid":{"rendered":"https:\/\/ayudasparatodos.com\/?post_type=product&#038;p=52729"},"modified":"2024-04-05T16:44:43","modified_gmt":"2024-04-05T16:44:43","slug":"2-naipes-de-cartas-pinochle-con-braille-baja-vision-ciegos","status":"publish","type":"product","link":"https:\/\/ayudasparatodos.com\/index.php\/producto\/2-naipes-de-cartas-pinochle-con-braille-baja-vision-ciegos\/","title":{"rendered":"2 Naipes de Cartas Pinochle con braille Baja visi\u00f3n ciegos"},"content":{"rendered":"<p>La oferta es por (2) unidades de Naipes de Cartas Pinochle con braille Baja visi\u00f3n ciegos<\/p>\n<p>&nbsp;<\/p>\n<p>Combina cartas y gana trucos, s\u00e9 el primero en conseguir 1500 puntos<\/p>\n<p>&nbsp;<\/p>\n<p>Caracter\u00edsticas del producto<\/p>\n<p>La baraja incluye 48 naipes de cart\u00f3n.<\/p>\n<p>Las tarjetas tienen Braille en dos esquinas e impresi\u00f3n a todo color.<\/p>\n<p>La plataforma viene empaquetada en un estuche de pl\u00e1stico duro.<\/p>\n<p>Peso del paquete: aproximadamente 4,2 onzas.<\/p>\n<p>&nbsp;<\/p>\n<p>Descripci\u00f3n del Producto<\/p>\n<p>Pinochle es un juego de cartas trepidante y algo complejo, pero una vez que lo hayas aprendido, \u00a1quedar\u00e1s enganchado! Ver\u00e1s, algunos juegos de cartas requieren que se hagan combinaciones y otros tienen trucos que ganar. \u00a1Lo genial de Pinochle es que puedes hacer ambas cosas!<\/p>\n<p>Ya sea que juegues con un solo amigo o con un grupo de ocho, nadie se quedar\u00e1 fuera. Aunque Pinochle se adapta mejor a cuatro jugadores en asociaci\u00f3n, existen variantes simples para cualquier n\u00famero de jugadores.<\/p>\n<p>&nbsp;<\/p>\n<p>Lo primero que hace un jugador cuando recibe su mano es decidir cu\u00e1ntos puntos cree que puede sumar. A veces esto es un poco m\u00e1s complicado de lo que parece, ya que las cartas de su compa\u00f1ero pueden ser \u00fatiles o no. Despu\u00e9s de la etapa de subasta, los jugadores combinan sus cartas, donde existe una gran posibilidad de acumular puntos. Finalmente, las cartas se juegan en rondas y cada jugador o equipo intenta conseguir tantos trucos como pueda. A medida que avanza el juego, los filetes aumentan de tama\u00f1o. Cada oferta, cada jugada se vuelve crucial. \u00a1La carrera hacia los 1500 puntos ha comenzado!<\/p>\n<p>&nbsp;<\/p>\n<p>Una baraja de Pinochle consta de dos copias de cada una de las cartas 9, 10, sota, reina, rey y as de los cuatro palos, para 48 cartas por baraja. Pero no temas, hemos hecho todo el trabajo por ti. Esta baraja Braille Pinochle presenta marcas Braille n\u00edtidas en dos esquinas de cada tarjeta impresa y viene en una caja de almacenamiento de pl\u00e1stico para un almacenamiento seguro y un f\u00e1cil viaje.<\/p>\n<p>&nbsp;<\/p>\n<p>Desde ciudades pr\u00f3speras de Alemania hasta Estados Unidos, otrora hostil, a los inmigrantes alemanes se les atribuye haber tra\u00eddo a Pinochle a las costas de Estados Unidos. A mediados del siglo XIX se hab\u00eda convertido en un cl\u00e1sico dom\u00e9stico y surg\u00edan variedades de juegos por todas partes. Hoy en d\u00eda, el juego se ha vuelto tan popular que es dif\u00edcil encontrar una baraja de cartas normal en el estante de una tienda sin encontrar una baraja de Pinochle cerca. La raz\u00f3n es simple&#8230; este juego es enormemente divertido. Pero no conf\u00ede en nuestra palabra. \u00danase a la emoci\u00f3n: es hora de que pruebe este emocionante juego de cartas.<\/p>\n<p>&nbsp;<\/p>\n<ul>\n<li>Producto importado, venta bajo pedido con pago previo por el valor total del articulo.<\/li>\n<li>FAVOR ANTES DE OFERTAR, confirmar precio actual (por variaciones del valor del d\u00f3lar) y tambi\u00e9n CONFIRMAR QUE PUEDE ESPERAR LOS TIEMPOS DE ENTREGA\u00a0 que normalmente son entre 2-4 semanas.<\/li>\n<li>Cuando recibamos el pedido en nuestra oficina en Medell\u00edn-Colombia, le enviaremos un mensaje al comprador, si se encuentra en Medell\u00edn puede pasar a recogerlo personalmente en nuestra oficina, o tambi\u00e9n podemos hacer el envios a nivel nacional o internacional (Valor del envio cargo del comprador).<\/li>\n<li>Desde Ayudas para TODOS, estamos trabajando para ofrecerles el mayor Marketplace inclusivo a nivel mundial. Reuniendo en 1 solo sitio todos los productos que puedan necesitar, m\u00e1s de 5.000 referencias de art\u00edculos especializados que puedan necesitar instituciones y personas con o sin discapacidad, para apoyar procesos de inclusi\u00f3n, ayudando a superar las barreras que se pueden presentar al momento de estudiar, de trabajar, y en las dem\u00e1s actividades de la vida diaria.<\/li>\n<li>\u00bfNo est\u00e1 seguro sobre qu\u00e9 tipo de dispositivo o producto de apoyo debe comprar? Contamos con expertos para estudiar sus necesidades y asesorarlo recomend\u00e1ndole la ayuda o el conjunto de ayudas m\u00e1s adecuadas \u00bfNecesitas un producto y no lo encuentras en nuestro catalogo online? Cont\u00e1ctanos para ayudarte a conseguirlo. \u00bfEres emprendedor y tienes un gran producto inclusivo que quisieras promocionar en nuestra plataforma? <a href=\"https:\/\/ayudasparatodos.com\/index.php\/contact\/\">Cont\u00e1ctanos<\/a><\/li>\n<li>Visita la secci\u00f3n sobre <a href=\"https:\/\/ayudasparatodos.com\/index.php\/como-comprar-faq\/\">\u00bfC\u00f3mo Comprar? FAQ<\/a>, en la cual encontraras de forma m\u00e1s detallada las instrucciones de como comprar, servicio de asesor\u00eda y cotizaciones, formas de pago, env\u00edos a nivel nacional e internacional, garant\u00eda y otros temas relacionados.<\/li>\n<li><span style=\"font-size: 11.5pt; font-family: Roboto; color: #626262;\">Asesor\u00eda, cotizaciones dudas y comentarios: Si tiene cualquier duda o comentario, nos puede escribir o llamar via WhatsApp agregando el numero +57 3006000144 o directamente desde este <a href=\"https:\/\/wa.me\/+573006000144\">enlace<\/a>\u00a0 <\/span><a href=\"https:\/\/wa.me\/+573006000144\"><span style=\"font-size: 11.5pt; font-family: Roboto; color: #626262;\">https:\/\/wa.me\/+573006000144<\/span><\/a><span style=\"font-size: 11.5pt; font-family: Roboto; color: #626262;\">\u00a0 \u00a0 Tambi\u00e9n puede enviarnos un correo electr\u00f3nico a la direcci\u00f3n <a href=\"mailto:ventas@ayudasparatodos.com\">ventas@ayudasparatodos.com<\/a><\/span><\/li>\n<li><strong>Pagos en Colombia por transferencia Bancolombia o Nequi. Tambi\u00e9n recibimos pagos por tarjeta cr\u00e9dito o debito. Si la alternativa de pago no esta disponible en su pa\u00eds, tambi\u00e9n puede pagar por Giro en western Union o Paypal. Favor contactarnos al correo ventas@ayudasparatodos.com para generarle un enlace de pago personalizado por el valor de los art\u00edculos + el valor del envi\u00f3 seg\u00fan su ubicaci\u00f3n y con su moneda local. Despachos a nivel nacional e internacional desde Medell\u00edn &#8211; Colombia.<\/strong><\/li>\n<\/ul>\n","protected":false},"excerpt":{"rendered":"<p>La oferta es por (2) unidades de Naipes de Cartas Pinochle con braille<\/p>\n","protected":false},"featured_media":52746,"template":"","meta":[],"product_cat":[442,434],"product_tag":[585,582,581,583,580],"class_list":["post-52729","product","type-product","status-publish","has-post-thumbnail","hentry","product_cat-juegos-y-juguetes-discapacidad-visual","product_cat-juegos-y-juguetes-con-braille","product_tag-2-naipes-de-cartas-pinochle-con-braille-baja-vision-ciegos","product_tag-juegos-y-juguetes-ocio-y-recreacion-personas-con-discapacidad-visual-baja-vision-ciegos-invidentes","product_tag-venta-de-jeugos-y-juguetes-para-adultos-ciegos-discapacidad-visual-baja-vision","product_tag-venta-de-juegos-para-adultos-mayores-con-baja-vision-discapacidad-visual","product_tag-venta-de-juegos-y-juguetes-para-ninos-ciegos-discapacidad-visual-baja-vision","description-off"],"_links":{"self":[{"href":"https:\/\/ayudasparatodos.com\/index.php\/wp-json\/wp\/v3\/product\/52729"}],"collection":[{"href":"https:\/\/ayudasparatodos.com\/index.php\/wp-json\/wp\/v3\/product"}],"about":[{"href":"https:\/\/ayudasparatodos.com\/index.php\/wp-json\/wp\/v2\/types\/product"}],"wp:featuredmedia":[{"embeddable":true,"href":"https:\/\/ayudasparatodos.com\/index.php\/wp-json\/wp\/v2\/media\/52746"}],"wp:attachment":[{"href":"https:\/\/ayudasparatodos.com\/index.php\/wp-json\/wp\/v2\/media?parent=52729"}],"wp:term":[{"taxonomy":"product_cat","embeddable":true,"href":"https:\/\/ayudasparatodos.com\/index.php\/wp-json\/wp\/v2\/product_cat?post=52729"},{"taxonomy":"product_tag","embeddable":true,"href":"https:\/\/ayudasparatodos.com\/index.php\/wp-json\/wp\/v2\/product_tag?post=52729"}],"curies":[{"name":"wp","href":"https:\/\/api.w.org\/{rel}","templated":true}]}}