{"id":52732,"date":"2024-04-06T00:00:30","date_gmt":"2024-04-06T00:00:30","guid":{"rendered":"https:\/\/ayudasparatodos.com\/?post_type=product&#038;p=52732"},"modified":"2024-04-06T00:00:31","modified_gmt":"2024-04-06T00:00:31","slug":"juego-de-cartas-skip-bocon-con-braille-baja-vision-ciegos","status":"publish","type":"product","link":"https:\/\/ayudasparatodos.com\/index.php\/producto\/juego-de-cartas-skip-bocon-con-braille-baja-vision-ciegos\/","title":{"rendered":"Juego de Cartas Skip-Bocon con Braille Baja visi\u00f3n ciegos"},"content":{"rendered":"<p>Descartar cartas haciendo pilas en orden num\u00e9rico<\/p>\n<p>Caracter\u00edsticas del producto<br \/>\nTarjetas Skip-Bo de marca Mattel con Braille agregado.<br \/>\nLa baraja incluye 162 cartas.<br \/>\nLas tarjetas tienen Braille en dos esquinas e impresi\u00f3n a todo color.<br \/>\nLa plataforma viene empaquetada en un estuche de pl\u00e1stico duro.<br \/>\nPeso del paquete: aproximadamente 8,8 onzas.<\/p>\n<p>Descripci\u00f3n del Producto<br \/>\nSkip-Bo es un cl\u00e1sico juego de cartas enga\u00f1osamente simple pero infinitamente entretenido. Hay la friolera de 162 cartas en el mazo especial Skip-Bo, lo que lo hace perfecto para entre dos y seis jugadores. Las reglas son bastante f\u00e1ciles de dominar para jugadores de hasta siete a\u00f1os, pero hay muchas oportunidades para que los jugadores mayores planifiquen con anticipaci\u00f3n, jueguen a la defensiva&#8230; \u00a1e inclinen suavemente la balanza del azar a su favor!<br \/>\nPara empezar, a cada jugador se le reparten entre 20 y 30 cartas, dependiendo de cu\u00e1ntos est\u00e9n jugando. Luego, los jugadores usan habilidad y estrategia para crear pilas de cartas en secuencia num\u00e9rica del 1 al 12. El objetivo es deshacerse de todas tus cartas, evitando al mismo tiempo que tus oponentes descarten las suyas primero. Pero espera, no es tan f\u00e1cil como parece. M\u00faltiples pilas de cartas, n\u00fameros duplicados y muchas cartas Wild Skip-Bo para todos hacen que este juego sea impredecible y divertido. \u00a1El primer jugador que use todas las cartas de su reserva gana!<\/p>\n<p>Esta baraja especial de naipes fabricada por Mattel consta de cartas de alta calidad, cada una de las cuales lleva su n\u00famero impreso y en Braille en relieve. Incluso vienen empaquetados en un estuche de pl\u00e1stico duro personalizado para mantenerlos seguros para generaciones de j\u00f3venes entusiastas de las tarjetas. \u00a1Ahora los jugadores ciegos pueden unirse a este juego de cartas ligero y divertido para ni\u00f1os de todas las edades!<\/p>\n<p>&nbsp;<\/p>\n<ul>\n<li>Producto importado, venta bajo pedido con pago previo por el valor total del articulo.<\/li>\n<li>FAVOR ANTES DE OFERTAR, confirmar precio actual (por variaciones del valor del d\u00f3lar) y tambi\u00e9n CONFIRMAR QUE PUEDE ESPERAR LOS TIEMPOS DE ENTREGA\u00a0 que normalmente son entre 2-4 semanas.<\/li>\n<li>Cuando recibamos el pedido en nuestra oficina en Medell\u00edn-Colombia, le enviaremos un mensaje al comprador, si se encuentra en Medell\u00edn puede pasar a recogerlo personalmente en nuestra oficina, o tambi\u00e9n podemos hacer el envios a nivel nacional o internacional (Valor del envio cargo del comprador).<\/li>\n<li>Desde Ayudas para TODOS, estamos trabajando para ofrecerles el mayor Marketplace inclusivo a nivel mundial. Reuniendo en 1 solo sitio todos los productos que puedan necesitar, m\u00e1s de 5.000 referencias de art\u00edculos especializados que puedan necesitar instituciones y personas con o sin discapacidad, para apoyar procesos de inclusi\u00f3n, ayudando a superar las barreras que se pueden presentar al momento de estudiar, de trabajar, y en las dem\u00e1s actividades de la vida diaria.<\/li>\n<li>\u00bfNo est\u00e1 seguro sobre qu\u00e9 tipo de dispositivo o producto de apoyo debe comprar? Contamos con expertos para estudiar sus necesidades y asesorarlo recomend\u00e1ndole la ayuda o el conjunto de ayudas m\u00e1s adecuadas \u00bfNecesitas un producto y no lo encuentras en nuestro catalogo online? Cont\u00e1ctanos para ayudarte a conseguirlo. \u00bfEres emprendedor y tienes un gran producto inclusivo que quisieras promocionar en nuestra plataforma? <a href=\"https:\/\/ayudasparatodos.com\/index.php\/contact\/\">Cont\u00e1ctanos<\/a><\/li>\n<li>Visita la secci\u00f3n sobre <a href=\"https:\/\/ayudasparatodos.com\/index.php\/como-comprar-faq\/\">\u00bfC\u00f3mo Comprar? FAQ<\/a>, en la cual encontraras de forma m\u00e1s detallada las instrucciones de como comprar, servicio de asesor\u00eda y cotizaciones, formas de pago, env\u00edos a nivel nacional e internacional, garant\u00eda y otros temas relacionados.<\/li>\n<li><span style=\"font-size: 11.5pt; font-family: Roboto; color: #626262;\">Asesor\u00eda, cotizaciones dudas y comentarios: Si tiene cualquier duda o comentario, nos puede escribir o llamar via WhatsApp agregando el numero +57 3006000144 o directamente desde este <a href=\"https:\/\/wa.me\/+573006000144\">enlace<\/a>\u00a0 <\/span><a href=\"https:\/\/wa.me\/+573006000144\"><span style=\"font-size: 11.5pt; font-family: Roboto; color: #626262;\">https:\/\/wa.me\/+573006000144<\/span><\/a><span style=\"font-size: 11.5pt; font-family: Roboto; color: #626262;\">\u00a0 \u00a0 Tambi\u00e9n puede enviarnos un correo electr\u00f3nico a la direcci\u00f3n <a href=\"mailto:ventas@ayudasparatodos.com\">ventas@ayudasparatodos.com<\/a><\/span><\/li>\n<li><strong>Pagos en Colombia por transferencia Bancolombia o Nequi. Tambi\u00e9n recibimos pagos por tarjeta cr\u00e9dito o debito. Si la alternativa de pago no esta disponible en su pa\u00eds, tambi\u00e9n puede pagar por Giro en western Union o Paypal. Favor contactarnos al correo ventas@ayudasparatodos.com para generarle un enlace de pago personalizado por el valor de los art\u00edculos + el valor del envi\u00f3 seg\u00fan su ubicaci\u00f3n y con su moneda local. Despachos a nivel nacional e internacional desde Medell\u00edn &#8211; Colombia.<\/strong><\/li>\n<\/ul>\n","protected":false},"excerpt":{"rendered":"<p>Descartar cartas haciendo pilas en orden num\u00e9rico<\/p>\n","protected":false},"featured_media":52752,"template":"","meta":[],"product_cat":[442,434],"product_tag":[591,582,581,583,580],"class_list":["post-52732","product","type-product","status-publish","has-post-thumbnail","hentry","product_cat-juegos-y-juguetes-discapacidad-visual","product_cat-juegos-y-juguetes-con-braille","product_tag-juego-de-cartas-skip-bocon-con-braille-baja-vision-ciegos","product_tag-juegos-y-juguetes-ocio-y-recreacion-personas-con-discapacidad-visual-baja-vision-ciegos-invidentes","product_tag-venta-de-jeugos-y-juguetes-para-adultos-ciegos-discapacidad-visual-baja-vision","product_tag-venta-de-juegos-para-adultos-mayores-con-baja-vision-discapacidad-visual","product_tag-venta-de-juegos-y-juguetes-para-ninos-ciegos-discapacidad-visual-baja-vision","description-off"],"_links":{"self":[{"href":"https:\/\/ayudasparatodos.com\/index.php\/wp-json\/wp\/v3\/product\/52732"}],"collection":[{"href":"https:\/\/ayudasparatodos.com\/index.php\/wp-json\/wp\/v3\/product"}],"about":[{"href":"https:\/\/ayudasparatodos.com\/index.php\/wp-json\/wp\/v2\/types\/product"}],"wp:featuredmedia":[{"embeddable":true,"href":"https:\/\/ayudasparatodos.com\/index.php\/wp-json\/wp\/v2\/media\/52752"}],"wp:attachment":[{"href":"https:\/\/ayudasparatodos.com\/index.php\/wp-json\/wp\/v2\/media?parent=52732"}],"wp:term":[{"taxonomy":"product_cat","embeddable":true,"href":"https:\/\/ayudasparatodos.com\/index.php\/wp-json\/wp\/v2\/product_cat?post=52732"},{"taxonomy":"product_tag","embeddable":true,"href":"https:\/\/ayudasparatodos.com\/index.php\/wp-json\/wp\/v2\/product_tag?post=52732"}],"curies":[{"name":"wp","href":"https:\/\/api.w.org\/{rel}","templated":true}]}}