{"id":52733,"date":"2024-04-06T00:05:20","date_gmt":"2024-04-06T00:05:20","guid":{"rendered":"https:\/\/ayudasparatodos.com\/?post_type=product&#038;p=52733"},"modified":"2024-04-06T00:05:21","modified_gmt":"2024-04-06T00:05:21","slug":"juego-de-cartas-blink-con-braille-baja-vision-ciegos","status":"publish","type":"product","link":"https:\/\/ayudasparatodos.com\/index.php\/producto\/juego-de-cartas-blink-con-braille-baja-vision-ciegos\/","title":{"rendered":"Juego de Cartas Blink con Braille Baja visi\u00f3n ciegos"},"content":{"rendered":"<p>Combina recuento, forma o color en una carrera de cartas \u00e9pica<\/p>\n<p>Caracter\u00edsticas del producto<br \/>\nTarjetas Mattel Blink de marca con Braille agregado.<br \/>\nLa baraja incluye 60 naipes en relieve Braille.<br \/>\nLas tarjetas duraderas recubiertas de pl\u00e1stico tienen Braille en dos esquinas e impresi\u00f3n a todo color.<br \/>\nLa plataforma viene empaquetada en un estuche de pl\u00e1stico duro.<br \/>\nPeso del paquete: alrededor de 3,7 onzas.<\/p>\n<p>Descripci\u00f3n del Producto<br \/>\nBlink es un juego ultrarr\u00e1pido en el que dos jugadores compiten cara a cara para ser el primero en jugar todas sus cartas. En la versi\u00f3n tradicional, los jugadores usan ojos agudos y manos r\u00e1pidas para igualar r\u00e1pidamente la cantidad, el color o la forma de las cartas. Por ejemplo, una carta con cuatro estrellas amarillas se puede jugar sobre cualquier carta con amarillo (color), o sobre una carta con estrellas (forma), o sobre una carta con cuatro s\u00edmbolos (cuenta). Cuando los jugadores ciegos son parte de la diversi\u00f3n, los jugadores deben mantener oculta la carta que est\u00e1n a punto de jugar y luego decir su n\u00famero, color y forma mientras la colocan. No te dejes enga\u00f1ar por la simplicidad del juego: \u00a1tus reflejos y coordinaci\u00f3n de manos se pondr\u00e1n a prueba! Gana el primer jugador que consiga deshacerse de todas sus cartas. \u00a1R\u00e1pido y port\u00e1til, Blink es diversi\u00f3n instant\u00e1nea para todos!<br \/>\nMattel ha agregado braille a cada una de las 60 cartas de este juego de ritmo r\u00e1pido, para que los jugadores ciegos sepan el recuento, el color y la forma de cada carta. Empaquetado en una caja de pl\u00e1stico compacta con cierre r\u00e1pido, Blink es muy divertido para todas las edades.<\/p>\n<p>&nbsp;<\/p>\n<ul>\n<li>Producto importado, venta bajo pedido con pago previo por el valor total del articulo.<\/li>\n<li>FAVOR ANTES DE OFERTAR, confirmar precio actual (por variaciones del valor del d\u00f3lar) y tambi\u00e9n CONFIRMAR QUE PUEDE ESPERAR LOS TIEMPOS DE ENTREGA\u00a0 que normalmente son entre 2-4 semanas.<\/li>\n<li>Cuando recibamos el pedido en nuestra oficina en Medell\u00edn-Colombia, le enviaremos un mensaje al comprador, si se encuentra en Medell\u00edn puede pasar a recogerlo personalmente en nuestra oficina, o tambi\u00e9n podemos hacer el envios a nivel nacional o internacional (Valor del envio cargo del comprador).<\/li>\n<li>Desde Ayudas para TODOS, estamos trabajando para ofrecerles el mayor Marketplace inclusivo a nivel mundial. Reuniendo en 1 solo sitio todos los productos que puedan necesitar, m\u00e1s de 5.000 referencias de art\u00edculos especializados que puedan necesitar instituciones y personas con o sin discapacidad, para apoyar procesos de inclusi\u00f3n, ayudando a superar las barreras que se pueden presentar al momento de estudiar, de trabajar, y en las dem\u00e1s actividades de la vida diaria.<\/li>\n<li>\u00bfNo est\u00e1 seguro sobre qu\u00e9 tipo de dispositivo o producto de apoyo debe comprar? Contamos con expertos para estudiar sus necesidades y asesorarlo recomend\u00e1ndole la ayuda o el conjunto de ayudas m\u00e1s adecuadas \u00bfNecesitas un producto y no lo encuentras en nuestro catalogo online? Cont\u00e1ctanos para ayudarte a conseguirlo. \u00bfEres emprendedor y tienes un gran producto inclusivo que quisieras promocionar en nuestra plataforma? <a href=\"https:\/\/ayudasparatodos.com\/index.php\/contact\/\">Cont\u00e1ctanos<\/a><\/li>\n<li>Visita la secci\u00f3n sobre <a href=\"https:\/\/ayudasparatodos.com\/index.php\/como-comprar-faq\/\">\u00bfC\u00f3mo Comprar? FAQ<\/a>, en la cual encontraras de forma m\u00e1s detallada las instrucciones de como comprar, servicio de asesor\u00eda y cotizaciones, formas de pago, env\u00edos a nivel nacional e internacional, garant\u00eda y otros temas relacionados.<\/li>\n<li><span style=\"font-size: 11.5pt; font-family: Roboto; color: #626262;\">Asesor\u00eda, cotizaciones dudas y comentarios: Si tiene cualquier duda o comentario, nos puede escribir o llamar via WhatsApp agregando el numero +57 3006000144 o directamente desde este <a href=\"https:\/\/wa.me\/+573006000144\">enlace<\/a>\u00a0 <\/span><a href=\"https:\/\/wa.me\/+573006000144\"><span style=\"font-size: 11.5pt; font-family: Roboto; color: #626262;\">https:\/\/wa.me\/+573006000144<\/span><\/a><span style=\"font-size: 11.5pt; font-family: Roboto; color: #626262;\">\u00a0 \u00a0 Tambi\u00e9n puede enviarnos un correo electr\u00f3nico a la direcci\u00f3n <a href=\"mailto:ventas@ayudasparatodos.com\">ventas@ayudasparatodos.com<\/a><\/span><\/li>\n<li><strong>Pagos en Colombia por transferencia Bancolombia o Nequi. Tambi\u00e9n recibimos pagos por tarjeta cr\u00e9dito o debito. Si la alternativa de pago no esta disponible en su pa\u00eds, tambi\u00e9n puede pagar por Giro en western Union o Paypal. Favor contactarnos al correo ventas@ayudasparatodos.com para generarle un enlace de pago personalizado por el valor de los art\u00edculos + el valor del envi\u00f3 seg\u00fan su ubicaci\u00f3n y con su moneda local. Despachos a nivel nacional e internacional desde Medell\u00edn &#8211; Colombia.<\/strong><\/li>\n<\/ul>\n","protected":false},"excerpt":{"rendered":"<p>Combina recuento, forma o color en una carrera de cartas \u00e9pica<\/p>\n","protected":false},"featured_media":52753,"template":"","meta":[],"product_cat":[442,434],"product_tag":[592,582,581,583,580],"class_list":["post-52733","product","type-product","status-publish","has-post-thumbnail","hentry","product_cat-juegos-y-juguetes-discapacidad-visual","product_cat-juegos-y-juguetes-con-braille","product_tag-juego-de-cartas-blink-con-braille-baja-vision-ciegos","product_tag-juegos-y-juguetes-ocio-y-recreacion-personas-con-discapacidad-visual-baja-vision-ciegos-invidentes","product_tag-venta-de-jeugos-y-juguetes-para-adultos-ciegos-discapacidad-visual-baja-vision","product_tag-venta-de-juegos-para-adultos-mayores-con-baja-vision-discapacidad-visual","product_tag-venta-de-juegos-y-juguetes-para-ninos-ciegos-discapacidad-visual-baja-vision","description-off"],"_links":{"self":[{"href":"https:\/\/ayudasparatodos.com\/index.php\/wp-json\/wp\/v3\/product\/52733"}],"collection":[{"href":"https:\/\/ayudasparatodos.com\/index.php\/wp-json\/wp\/v3\/product"}],"about":[{"href":"https:\/\/ayudasparatodos.com\/index.php\/wp-json\/wp\/v2\/types\/product"}],"wp:featuredmedia":[{"embeddable":true,"href":"https:\/\/ayudasparatodos.com\/index.php\/wp-json\/wp\/v2\/media\/52753"}],"wp:attachment":[{"href":"https:\/\/ayudasparatodos.com\/index.php\/wp-json\/wp\/v2\/media?parent=52733"}],"wp:term":[{"taxonomy":"product_cat","embeddable":true,"href":"https:\/\/ayudasparatodos.com\/index.php\/wp-json\/wp\/v2\/product_cat?post=52733"},{"taxonomy":"product_tag","embeddable":true,"href":"https:\/\/ayudasparatodos.com\/index.php\/wp-json\/wp\/v2\/product_tag?post=52733"}],"curies":[{"name":"wp","href":"https:\/\/api.w.org\/{rel}","templated":true}]}}