{"id":52734,"date":"2024-04-06T00:12:35","date_gmt":"2024-04-06T00:12:35","guid":{"rendered":"https:\/\/ayudasparatodos.com\/?post_type=product&#038;p=52734"},"modified":"2024-04-06T00:12:36","modified_gmt":"2024-04-06T00:12:36","slug":"juego-de-cartas-monopoly-bid-con-braille-baja-vision-ciegos","status":"publish","type":"product","link":"https:\/\/ayudasparatodos.com\/index.php\/producto\/juego-de-cartas-monopoly-bid-con-braille-baja-vision-ciegos\/","title":{"rendered":"Juego de Cartas Monopoly Bid con Braille Baja visi\u00f3n ciegos"},"content":{"rendered":"<p>Juego de cartas r\u00e1pido para familias y ni\u00f1os<\/p>\n<p>&nbsp;<\/p>\n<p>Caracter\u00edsticas del producto<\/p>\n<p>Tarjetas de oferta de Monopoly de marca Hasbro con Braille agregado.<\/p>\n<p>La baraja incluye 110 naipes en relieve Braille.<\/p>\n<p>Las tarjetas duraderas recubiertas de pl\u00e1stico tienen Braille en dos esquinas e impresi\u00f3n a todo color.<\/p>\n<p>La plataforma viene empaquetada en un estuche de pl\u00e1stico duro.<\/p>\n<p>Para cuatro jugadores, mayores de 7 a\u00f1os.<\/p>\n<p>Versi\u00f3n simplificada y port\u00e1til de Monopoly, no el juego de mesa.<\/p>\n<p>Peso del paquete: aproximadamente 6,3 onzas.<\/p>\n<p>&nbsp;<\/p>\n<p>Descripci\u00f3n del Producto<\/p>\n<p>\u00a1Prep\u00e1rate para un emocionante juego de cartas Monopoly de juego r\u00e1pido! Monopoly Bid es un juego de azar, suerte y estrategia en el que los jugadores pujan en subastas a ciegas, pagan con tarjetas de dinero, roban propiedades con tarjetas de acci\u00f3n y cambian su suerte con comodines. Jugado en rondas, todos tienen la oportunidad de organizar una subasta. Cuando llega el momento de pujar por una propiedad, los jugadores eligen cu\u00e1nto dinero quieren arriesgar. Entonces todos gritan: \u00ab\u00a11, 2, 3, oferta!\u00bb y deja sus tarjetas de dinero. El jugador que puj\u00f3 m\u00e1s dinero se queda con esa propiedad. Recoge 3 conjuntos de propiedades para ganar. Esta versi\u00f3n de cartas de Monopoly es una opci\u00f3n ideal para noches de juegos, fiestas o viajes de campamento, especialmente cuando no hay tiempo para preparar y guardar un juego de mesa complicado.<\/p>\n<p>Las 110 cartas del juego Monopoly Bid de Hasbro tienen Braille agregado en dos esquinas opuestas, lo que hace posible que los magnates ciegos de todas partes construyan sus imperios inmobiliarios. Empaquetado en una caja de pl\u00e1stico con cierre r\u00e1pido, Monopoly Bid es para cuatro jugadores de siete a\u00f1os en adelante.<\/p>\n<p>&nbsp;<\/p>\n<p>Recuerde: esta es una edici\u00f3n de naipes del siempre popular juego de mesa Monopoly. Si bien esta es una versi\u00f3n m\u00e1s simple y port\u00e1til de Monopoly, el juego de mesa tradicional Monopoly tambi\u00e9n est\u00e1 disponible con Braille en el tablero y en las fichas (se vende por separado).<\/p>\n<p>&nbsp;<\/p>\n<ul>\n<li>Producto importado, venta bajo pedido con pago previo por el valor total del articulo.<\/li>\n<li>FAVOR ANTES DE OFERTAR, confirmar precio actual (por variaciones del valor del d\u00f3lar) y tambi\u00e9n CONFIRMAR QUE PUEDE ESPERAR LOS TIEMPOS DE ENTREGA\u00a0 que normalmente son entre 2-4 semanas.<\/li>\n<li>Cuando recibamos el pedido en nuestra oficina en Medell\u00edn-Colombia, le enviaremos un mensaje al comprador, si se encuentra en Medell\u00edn puede pasar a recogerlo personalmente en nuestra oficina, o tambi\u00e9n podemos hacer el envios a nivel nacional o internacional (Valor del envio cargo del comprador).<\/li>\n<li>Desde Ayudas para TODOS, estamos trabajando para ofrecerles el mayor Marketplace inclusivo a nivel mundial. Reuniendo en 1 solo sitio todos los productos que puedan necesitar, m\u00e1s de 5.000 referencias de art\u00edculos especializados que puedan necesitar instituciones y personas con o sin discapacidad, para apoyar procesos de inclusi\u00f3n, ayudando a superar las barreras que se pueden presentar al momento de estudiar, de trabajar, y en las dem\u00e1s actividades de la vida diaria.<\/li>\n<li>\u00bfNo est\u00e1 seguro sobre qu\u00e9 tipo de dispositivo o producto de apoyo debe comprar? Contamos con expertos para estudiar sus necesidades y asesorarlo recomend\u00e1ndole la ayuda o el conjunto de ayudas m\u00e1s adecuadas \u00bfNecesitas un producto y no lo encuentras en nuestro catalogo online? Cont\u00e1ctanos para ayudarte a conseguirlo. \u00bfEres emprendedor y tienes un gran producto inclusivo que quisieras promocionar en nuestra plataforma? <a href=\"https:\/\/ayudasparatodos.com\/index.php\/contact\/\">Cont\u00e1ctanos<\/a><\/li>\n<li>Visita la secci\u00f3n sobre <a href=\"https:\/\/ayudasparatodos.com\/index.php\/como-comprar-faq\/\">\u00bfC\u00f3mo Comprar? FAQ<\/a>, en la cual encontraras de forma m\u00e1s detallada las instrucciones de como comprar, servicio de asesor\u00eda y cotizaciones, formas de pago, env\u00edos a nivel nacional e internacional, garant\u00eda y otros temas relacionados.<\/li>\n<li><span style=\"font-size: 11.5pt; font-family: Roboto; color: #626262;\">Asesor\u00eda, cotizaciones dudas y comentarios: Si tiene cualquier duda o comentario, nos puede escribir o llamar via WhatsApp agregando el numero +57 3006000144 o directamente desde este <a href=\"https:\/\/wa.me\/+573006000144\">enlace<\/a>\u00a0 <\/span><a href=\"https:\/\/wa.me\/+573006000144\"><span style=\"font-size: 11.5pt; font-family: Roboto; color: #626262;\">https:\/\/wa.me\/+573006000144<\/span><\/a><span style=\"font-size: 11.5pt; font-family: Roboto; color: #626262;\">\u00a0 \u00a0 Tambi\u00e9n puede enviarnos un correo electr\u00f3nico a la direcci\u00f3n <a href=\"mailto:ventas@ayudasparatodos.com\">ventas@ayudasparatodos.com<\/a><\/span><\/li>\n<li><strong>Pagos en Colombia por transferencia Bancolombia o Nequi. Tambi\u00e9n recibimos pagos por tarjeta cr\u00e9dito o debito. Si la alternativa de pago no esta disponible en su pa\u00eds, tambi\u00e9n puede pagar por Giro en western Union o Paypal. Favor contactarnos al correo ventas@ayudasparatodos.com para generarle un enlace de pago personalizado por el valor de los art\u00edculos + el valor del envi\u00f3 seg\u00fan su ubicaci\u00f3n y con su moneda local. Despachos a nivel nacional e internacional desde Medell\u00edn &#8211; Colombia.<\/strong><\/li>\n<\/ul>\n","protected":false},"excerpt":{"rendered":"<p>Juego de cartas r\u00e1pido para familias y ni\u00f1os<\/p>\n","protected":false},"featured_media":52754,"template":"","meta":[],"product_cat":[442,434],"product_tag":[593,582,581,583,580],"class_list":["post-52734","product","type-product","status-publish","has-post-thumbnail","hentry","product_cat-juegos-y-juguetes-discapacidad-visual","product_cat-juegos-y-juguetes-con-braille","product_tag-juego-de-cartas-monopoly-bid-con-braille-baja-vision-ciegos","product_tag-juegos-y-juguetes-ocio-y-recreacion-personas-con-discapacidad-visual-baja-vision-ciegos-invidentes","product_tag-venta-de-jeugos-y-juguetes-para-adultos-ciegos-discapacidad-visual-baja-vision","product_tag-venta-de-juegos-para-adultos-mayores-con-baja-vision-discapacidad-visual","product_tag-venta-de-juegos-y-juguetes-para-ninos-ciegos-discapacidad-visual-baja-vision","description-off"],"_links":{"self":[{"href":"https:\/\/ayudasparatodos.com\/index.php\/wp-json\/wp\/v3\/product\/52734"}],"collection":[{"href":"https:\/\/ayudasparatodos.com\/index.php\/wp-json\/wp\/v3\/product"}],"about":[{"href":"https:\/\/ayudasparatodos.com\/index.php\/wp-json\/wp\/v2\/types\/product"}],"wp:featuredmedia":[{"embeddable":true,"href":"https:\/\/ayudasparatodos.com\/index.php\/wp-json\/wp\/v2\/media\/52754"}],"wp:attachment":[{"href":"https:\/\/ayudasparatodos.com\/index.php\/wp-json\/wp\/v2\/media?parent=52734"}],"wp:term":[{"taxonomy":"product_cat","embeddable":true,"href":"https:\/\/ayudasparatodos.com\/index.php\/wp-json\/wp\/v2\/product_cat?post=52734"},{"taxonomy":"product_tag","embeddable":true,"href":"https:\/\/ayudasparatodos.com\/index.php\/wp-json\/wp\/v2\/product_tag?post=52734"}],"curies":[{"name":"wp","href":"https:\/\/api.w.org\/{rel}","templated":true}]}}