{"id":52735,"date":"2024-04-06T00:25:04","date_gmt":"2024-04-06T00:25:04","guid":{"rendered":"https:\/\/ayudasparatodos.com\/?post_type=product&#038;p=52735"},"modified":"2024-04-06T00:25:05","modified_gmt":"2024-04-06T00:25:05","slug":"kit-bingo-con-braille-4-tableros-marcadores-y-numeros-baja-vision-ciegos","status":"publish","type":"product","link":"https:\/\/ayudasparatodos.com\/index.php\/producto\/kit-bingo-con-braille-4-tableros-marcadores-y-numeros-baja-vision-ciegos\/","title":{"rendered":"Kit Bingo con Braille 4 tableros marcadores y n\u00fameros Baja visi\u00f3n ciegos"},"content":{"rendered":"<p>Juego de cuatro tableros de juego, n\u00fameros de llamada y m\u00e1s<\/p>\n<p>Caracter\u00edsticas del producto<br \/>\nTodo lo que necesitas para que todos puedan jugar al Bingo.<br \/>\nSe incluyen 4 tableros de bingo \u00fanicos con marcadores, n\u00fameros de llamada de bingo y un paquete de tableros de llamadas de bingo.<br \/>\nLos n\u00fameros se proporcionan en Braille e impresos.<br \/>\nPeso del paquete: alrededor de 1,1 libras.<\/p>\n<p>Descripci\u00f3n del Producto<br \/>\nEs cierto que el lugar m\u00e1s popular para jugar al Bingo es una gran fiesta o un torneo oficial. Pero esa no es la \u00fanica forma en que puedes jugar. Podr\u00eda decirse que es a\u00fan m\u00e1s divertido jugar en un grupo peque\u00f1o, porque todos se conocen y pueden ayudar a los m\u00e1s peque\u00f1os a comprobar los n\u00fameros y colocar los marcadores. S\u00ed, el peque\u00f1o grupo en el que estamos pensando aqu\u00ed es una familia.<br \/>\nLo bueno de un juego familiar es que la persona que dice los n\u00fameros tambi\u00e9n puede unirse a la diversi\u00f3n. Entonces, para su familia All-American, aqu\u00ed tiene todos los suministros que necesitar\u00e1.<\/p>\n<p>En este paquete se incluyen cuatro tableros de bingo \u00fanicos y los marcadores correspondientes a cada tablero. Tambi\u00e9n recibir\u00e1s los n\u00fameros de llamada del Bingo, que el llamador sacar\u00e1 al azar y anunciar\u00e1 al grupo. Finalmente, incluso incluiremos un paquete de tableros de llamadas de bingo, para que pueda colocar los n\u00fameros que ya han sido cantados en secuencia para verificarlos m\u00e1s adelante. Por supuesto, todos estos materiales tienen letra Braille e impresi\u00f3n normal, para que todos puedan leer y disfrutar el juego.<\/p>\n<p>Al igual que el golf, el hockey o el f\u00fatbol, necesitas las herramientas adecuadas para jugar un buen juego. As\u00ed que aqu\u00ed est\u00e1n. \u00a1Recoge nuestro nuevo paquete familiar de bingo y deja que comience la diversi\u00f3n!<\/p>\n<p>&nbsp;<\/p>\n<ul>\n<li>Producto importado, venta bajo pedido con pago previo por el valor total del articulo.<\/li>\n<li>FAVOR ANTES DE OFERTAR, confirmar precio actual (por variaciones del valor del d\u00f3lar) y tambi\u00e9n CONFIRMAR QUE PUEDE ESPERAR LOS TIEMPOS DE ENTREGA\u00a0 que normalmente son entre 2-4 semanas.<\/li>\n<li>Cuando recibamos el pedido en nuestra oficina en Medell\u00edn-Colombia, le enviaremos un mensaje al comprador, si se encuentra en Medell\u00edn puede pasar a recogerlo personalmente en nuestra oficina, o tambi\u00e9n podemos hacer el envios a nivel nacional o internacional (Valor del envio cargo del comprador).<\/li>\n<li>Desde Ayudas para TODOS, estamos trabajando para ofrecerles el mayor Marketplace inclusivo a nivel mundial. Reuniendo en 1 solo sitio todos los productos que puedan necesitar, m\u00e1s de 5.000 referencias de art\u00edculos especializados que puedan necesitar instituciones y personas con o sin discapacidad, para apoyar procesos de inclusi\u00f3n, ayudando a superar las barreras que se pueden presentar al momento de estudiar, de trabajar, y en las dem\u00e1s actividades de la vida diaria.<\/li>\n<li>\u00bfNo est\u00e1 seguro sobre qu\u00e9 tipo de dispositivo o producto de apoyo debe comprar? Contamos con expertos para estudiar sus necesidades y asesorarlo recomend\u00e1ndole la ayuda o el conjunto de ayudas m\u00e1s adecuadas \u00bfNecesitas un producto y no lo encuentras en nuestro catalogo online? Cont\u00e1ctanos para ayudarte a conseguirlo. \u00bfEres emprendedor y tienes un gran producto inclusivo que quisieras promocionar en nuestra plataforma? <a href=\"https:\/\/ayudasparatodos.com\/index.php\/contact\/\">Cont\u00e1ctanos<\/a><\/li>\n<li>Visita la secci\u00f3n sobre <a href=\"https:\/\/ayudasparatodos.com\/index.php\/como-comprar-faq\/\">\u00bfC\u00f3mo Comprar? FAQ<\/a>, en la cual encontraras de forma m\u00e1s detallada las instrucciones de como comprar, servicio de asesor\u00eda y cotizaciones, formas de pago, env\u00edos a nivel nacional e internacional, garant\u00eda y otros temas relacionados.<\/li>\n<li><span style=\"font-size: 11.5pt; font-family: Roboto; color: #626262;\">Asesor\u00eda, cotizaciones dudas y comentarios: Si tiene cualquier duda o comentario, nos puede escribir o llamar via WhatsApp agregando el numero +57 3006000144 o directamente desde este <a href=\"https:\/\/wa.me\/+573006000144\">enlace<\/a>\u00a0 <\/span><a href=\"https:\/\/wa.me\/+573006000144\"><span style=\"font-size: 11.5pt; font-family: Roboto; color: #626262;\">https:\/\/wa.me\/+573006000144<\/span><\/a><span style=\"font-size: 11.5pt; font-family: Roboto; color: #626262;\">\u00a0 \u00a0 Tambi\u00e9n puede enviarnos un correo electr\u00f3nico a la direcci\u00f3n <a href=\"mailto:ventas@ayudasparatodos.com\">ventas@ayudasparatodos.com<\/a><\/span><\/li>\n<li><strong>Pagos en Colombia por transferencia Bancolombia o Nequi. Tambi\u00e9n recibimos pagos por tarjeta cr\u00e9dito o debito. Si la alternativa de pago no esta disponible en su pa\u00eds, tambi\u00e9n puede pagar por Giro en western Union o Paypal. Favor contactarnos al correo ventas@ayudasparatodos.com para generarle un enlace de pago personalizado por el valor de los art\u00edculos + el valor del envi\u00f3 seg\u00fan su ubicaci\u00f3n y con su moneda local. Despachos a nivel nacional e internacional desde Medell\u00edn &#8211; Colombia.<\/strong><\/li>\n<\/ul>\n","protected":false},"excerpt":{"rendered":"<p>Juego de cuatro tableros de juego, n\u00fameros de llamada y m\u00e1s<\/p>\n","protected":false},"featured_media":52755,"template":"","meta":[],"product_cat":[442,434],"product_tag":[582,594,581,583,580],"class_list":["post-52735","product","type-product","status-publish","has-post-thumbnail","hentry","product_cat-juegos-y-juguetes-discapacidad-visual","product_cat-juegos-y-juguetes-con-braille","product_tag-juegos-y-juguetes-ocio-y-recreacion-personas-con-discapacidad-visual-baja-vision-ciegos-invidentes","product_tag-kit-bingo-con-braille-4-tableros-marcadores-y-numeros-baja-vision-ciegos","product_tag-venta-de-jeugos-y-juguetes-para-adultos-ciegos-discapacidad-visual-baja-vision","product_tag-venta-de-juegos-para-adultos-mayores-con-baja-vision-discapacidad-visual","product_tag-venta-de-juegos-y-juguetes-para-ninos-ciegos-discapacidad-visual-baja-vision","description-off"],"_links":{"self":[{"href":"https:\/\/ayudasparatodos.com\/index.php\/wp-json\/wp\/v3\/product\/52735"}],"collection":[{"href":"https:\/\/ayudasparatodos.com\/index.php\/wp-json\/wp\/v3\/product"}],"about":[{"href":"https:\/\/ayudasparatodos.com\/index.php\/wp-json\/wp\/v2\/types\/product"}],"wp:featuredmedia":[{"embeddable":true,"href":"https:\/\/ayudasparatodos.com\/index.php\/wp-json\/wp\/v2\/media\/52755"}],"wp:attachment":[{"href":"https:\/\/ayudasparatodos.com\/index.php\/wp-json\/wp\/v2\/media?parent=52735"}],"wp:term":[{"taxonomy":"product_cat","embeddable":true,"href":"https:\/\/ayudasparatodos.com\/index.php\/wp-json\/wp\/v2\/product_cat?post=52735"},{"taxonomy":"product_tag","embeddable":true,"href":"https:\/\/ayudasparatodos.com\/index.php\/wp-json\/wp\/v2\/product_tag?post=52735"}],"curies":[{"name":"wp","href":"https:\/\/api.w.org\/{rel}","templated":true}]}}