{"id":52739,"date":"2024-04-06T01:10:32","date_gmt":"2024-04-06T01:10:32","guid":{"rendered":"https:\/\/ayudasparatodos.com\/?post_type=product&#038;p=52739"},"modified":"2024-04-06T01:10:32","modified_gmt":"2024-04-06T01:10:32","slug":"juego-yahtzeecon-5-dados-con-puntos-en-relieve-para-personas-con-baja-vision-ciegos","status":"publish","type":"product","link":"https:\/\/ayudasparatodos.com\/index.php\/producto\/juego-yahtzeecon-5-dados-con-puntos-en-relieve-para-personas-con-baja-vision-ciegos\/","title":{"rendered":"Juego Yahtzeecon 5 dados con puntos en relieve para personas con Baja visi\u00f3n ciegos"},"content":{"rendered":"<div>Taza de madera natural &#8211; Con cinco dados t\u00e1ctiles en el interior<\/div>\n<div><\/div>\n<div>Caracter\u00edsticas del producto<\/div>\n<div>Consta de 1 vaso de madera natural y 5 dados t\u00e1ctiles.<\/div>\n<div>Yahtzee es un apasionante juego de azar.<\/div>\n<div>Un gran juego tanto para jugadores ciegos como videntes.<\/div>\n<div>Mide aproximadamente 2-1\/2 pulgadas por 3 pulgadas.<\/div>\n<div>Peso del paquete: aproximadamente 1,2 onzas.<\/div>\n<div><\/div>\n<div>Descripci\u00f3n del Producto<\/div>\n<div>\u00a1El cl\u00e1sico juego de dados de agitar y anotar! Especialmente dise\u00f1ado para jugadores ciegos, este vaso un poco m\u00e1s grande contiene f\u00e1cilmente cinco dados de madera, cada uno con puntos en relieve para que todos sepan el valor que se muestra cuando se tiran los dados.<\/div>\n<div>No es necesario ser navegante para disfrutar del famoso juego de n\u00fameros que se juega y se punt\u00faa con cinco dados. Sin embargo, s\u00ed necesitar\u00e1s un cubilete para tirar los dados, a menos que tengas manos incre\u00edblemente grandes.<\/div>\n<div><\/div>\n<div>Yahtzee es un juego de dados, regido casi exclusivamente por el azar. El sentido com\u00fan ayuda a determinar qu\u00e9 dados conservar y cu\u00e1les volver a tirar, pero suponiendo que todos los jugadores utilicen el sentido com\u00fan y que los dados sean justos, el resultado del juego es aleatorio.<\/div>\n<div><\/div>\n<div>En el juego, un yahtzee es estad\u00edsticamente la tirada m\u00e1s dif\u00edcil de obtener, ya que se compone de cinco dados que muestran la misma cara. La probabilidad de obtener un yahtzee en una sola tirada es del 0,1 por ciento y la probabilidad de obtener un yahtzee en tres tiradas es del 4,6 por ciento. Pero no te preocupes: hay trece categor\u00edas diferentes para puntuar. Todo lo que los jugadores tienen que hacer es tirar los dados hasta tres veces para lograr la combinaci\u00f3n de puntuaci\u00f3n m\u00e1s alta posible. Por lo tanto, este juego es adecuado para cualquier n\u00famero de jugadores, incluso uno.<\/div>\n<div><\/div>\n<div>Yahtzee fue inventado por una pareja canadiense hace casi cincuenta a\u00f1os, que quer\u00eda un juego f\u00e1cil y divertido que pudiera jugarse a bordo de su yate. Hoy en d\u00eda, el juego es ampliamente conocido en todo el pa\u00eds y se juega en muchas partes del mundo.<\/div>\n<div><\/div>\n<div>Yahtzee es f\u00e1cil de entender, pero es necesario jugarlo para apreciarlo realmente. As\u00ed que elige nuestro juego Yahtzee, especialmente dise\u00f1ado para contener los dados Braille un poco m\u00e1s grandes, y organiza tu propia fiesta Yahtzee. Incluye una taza de madera y cinco dados de madera t\u00e1ctiles.<\/div>\n<p>&nbsp;<\/p>\n<ul>\n<li>Producto importado, venta bajo pedido con pago previo por el valor total del articulo.<\/li>\n<li>FAVOR ANTES DE OFERTAR, confirmar precio actual (por variaciones del valor del d\u00f3lar) y tambi\u00e9n CONFIRMAR QUE PUEDE ESPERAR LOS TIEMPOS DE ENTREGA\u00a0 que normalmente son entre 2-4 semanas.<\/li>\n<li>Cuando recibamos el pedido en nuestra oficina en Medell\u00edn-Colombia, le enviaremos un mensaje al comprador, si se encuentra en Medell\u00edn puede pasar a recogerlo personalmente en nuestra oficina, o tambi\u00e9n podemos hacer el envios a nivel nacional o internacional (Valor del envio cargo del comprador).<\/li>\n<li>Desde Ayudas para TODOS, estamos trabajando para ofrecerles el mayor Marketplace inclusivo a nivel mundial. Reuniendo en 1 solo sitio todos los productos que puedan necesitar, m\u00e1s de 5.000 referencias de art\u00edculos especializados que puedan necesitar instituciones y personas con o sin discapacidad, para apoyar procesos de inclusi\u00f3n, ayudando a superar las barreras que se pueden presentar al momento de estudiar, de trabajar, y en las dem\u00e1s actividades de la vida diaria.<\/li>\n<li>\u00bfNo est\u00e1 seguro sobre qu\u00e9 tipo de dispositivo o producto de apoyo debe comprar? Contamos con expertos para estudiar sus necesidades y asesorarlo recomend\u00e1ndole la ayuda o el conjunto de ayudas m\u00e1s adecuadas \u00bfNecesitas un producto y no lo encuentras en nuestro catalogo online? Cont\u00e1ctanos para ayudarte a conseguirlo. \u00bfEres emprendedor y tienes un gran producto inclusivo que quisieras promocionar en nuestra plataforma? <a href=\"https:\/\/ayudasparatodos.com\/index.php\/contact\/\">Cont\u00e1ctanos<\/a><\/li>\n<li>Visita la secci\u00f3n sobre <a href=\"https:\/\/ayudasparatodos.com\/index.php\/como-comprar-faq\/\">\u00bfC\u00f3mo Comprar? FAQ<\/a>, en la cual encontraras de forma m\u00e1s detallada las instrucciones de como comprar, servicio de asesor\u00eda y cotizaciones, formas de pago, env\u00edos a nivel nacional e internacional, garant\u00eda y otros temas relacionados.<\/li>\n<li><span style=\"font-size: 11.5pt; font-family: Roboto; color: #626262;\">Asesor\u00eda, cotizaciones dudas y comentarios: Si tiene cualquier duda o comentario, nos puede escribir o llamar via WhatsApp agregando el numero +57 3006000144 o directamente desde este <a href=\"https:\/\/wa.me\/+573006000144\">enlace<\/a>\u00a0 <\/span><a href=\"https:\/\/wa.me\/+573006000144\"><span style=\"font-size: 11.5pt; font-family: Roboto; color: #626262;\">https:\/\/wa.me\/+573006000144<\/span><\/a><span style=\"font-size: 11.5pt; font-family: Roboto; color: #626262;\">\u00a0 \u00a0 Tambi\u00e9n puede enviarnos un correo electr\u00f3nico a la direcci\u00f3n <a href=\"mailto:ventas@ayudasparatodos.com\">ventas@ayudasparatodos.com<\/a><\/span><\/li>\n<li><strong>Pagos en Colombia por transferencia Bancolombia o Nequi. Tambi\u00e9n recibimos pagos por tarjeta cr\u00e9dito o debito. Si la alternativa de pago no esta disponible en su pa\u00eds, tambi\u00e9n puede pagar por Giro en western Union o Paypal. Favor contactarnos al correo ventas@ayudasparatodos.com para generarle un enlace de pago personalizado por el valor de los art\u00edculos + el valor del envi\u00f3 seg\u00fan su ubicaci\u00f3n y con su moneda local. Despachos a nivel nacional e internacional desde Medell\u00edn &#8211; Colombia.<\/strong><\/li>\n<\/ul>\n","protected":false},"excerpt":{"rendered":"<p>Taza de madera natural &#8211; Con cinco dados t\u00e1ctiles en el interior<\/p>\n","protected":false},"featured_media":52760,"template":"","meta":[],"product_cat":[442,434],"product_tag":[598,582,581,583,580],"class_list":["post-52739","product","type-product","status-publish","has-post-thumbnail","hentry","product_cat-juegos-y-juguetes-discapacidad-visual","product_cat-juegos-y-juguetes-con-braille","product_tag-juego-yahtzeecon-5-dados-con-puntos-en-relieve-para-personas-con-baja-vision-ciegos","product_tag-juegos-y-juguetes-ocio-y-recreacion-personas-con-discapacidad-visual-baja-vision-ciegos-invidentes","product_tag-venta-de-jeugos-y-juguetes-para-adultos-ciegos-discapacidad-visual-baja-vision","product_tag-venta-de-juegos-para-adultos-mayores-con-baja-vision-discapacidad-visual","product_tag-venta-de-juegos-y-juguetes-para-ninos-ciegos-discapacidad-visual-baja-vision","description-off"],"_links":{"self":[{"href":"https:\/\/ayudasparatodos.com\/index.php\/wp-json\/wp\/v3\/product\/52739"}],"collection":[{"href":"https:\/\/ayudasparatodos.com\/index.php\/wp-json\/wp\/v3\/product"}],"about":[{"href":"https:\/\/ayudasparatodos.com\/index.php\/wp-json\/wp\/v2\/types\/product"}],"wp:featuredmedia":[{"embeddable":true,"href":"https:\/\/ayudasparatodos.com\/index.php\/wp-json\/wp\/v2\/media\/52760"}],"wp:attachment":[{"href":"https:\/\/ayudasparatodos.com\/index.php\/wp-json\/wp\/v2\/media?parent=52739"}],"wp:term":[{"taxonomy":"product_cat","embeddable":true,"href":"https:\/\/ayudasparatodos.com\/index.php\/wp-json\/wp\/v2\/product_cat?post=52739"},{"taxonomy":"product_tag","embeddable":true,"href":"https:\/\/ayudasparatodos.com\/index.php\/wp-json\/wp\/v2\/product_tag?post=52739"}],"curies":[{"name":"wp","href":"https:\/\/api.w.org\/{rel}","templated":true}]}}