{"id":52766,"date":"2024-04-06T02:20:29","date_gmt":"2024-04-06T02:20:29","guid":{"rendered":"https:\/\/ayudasparatodos.com\/?post_type=product&#038;p=52766"},"modified":"2024-04-06T02:20:30","modified_gmt":"2024-04-06T02:20:30","slug":"juego-tic-tac-toe-triqui-em-relieve-para-personas-con-baja-vision-ciegos","status":"publish","type":"product","link":"https:\/\/ayudasparatodos.com\/index.php\/producto\/juego-tic-tac-toe-triqui-em-relieve-para-personas-con-baja-vision-ciegos\/","title":{"rendered":"Juego TIC TAC TOE Triqui em relieve para personas con Baja visi\u00f3n ciegos"},"content":{"rendered":"<div>\n<p>Magn\u00edfica edici\u00f3n con accesible con relieve del cl\u00e1sico juego infantil.<\/p>\n<\/div>\n<div><\/div>\n<div>Caracter\u00edsticas del producto<\/div>\n<div>El tablero, las piezas y la tapa est\u00e1n hechos de madera maciza.<\/div>\n<div>El tablero mide casi seis pulgadas cuadradas.<\/div>\n<div>Clavijas redondas y en forma de X para piezas de juego, que se distinguen f\u00e1cilmente al tacto.<\/div>\n<div>Juego aut\u00f3nomo; Tapa\/caja de madera incluida.<\/div>\n<div>Tu compa\u00f1ero de viaje para viajes largos en auto, paradas de autob\u00fas, picnics y m\u00e1s.<\/div>\n<div>Tambi\u00e9n llamados Nudos y Cruces o X y O.<\/div>\n<div>Peso del paquete: aproximadamente 12,3 onzas.<\/div>\n<div><\/div>\n<div>Descripci\u00f3n del Producto<\/div>\n<div>Esta versi\u00f3n aut\u00f3noma de Tic-Tac-Toe de seis pulgadas cuadradas es perfecta para viajes largos en autom\u00f3vil, picnics, paradas de autob\u00fas o cualquier lugar donde los ni\u00f1os puedan subir a bordo. Los ni\u00f1os videntes dibujan juegos de X y O en hojas de papel y los juegan en libros de actividades, pero eso plantea un problema para los j\u00f3venes ciegos.<\/div>\n<div>Bueno, \u00a1aqu\u00ed est\u00e1 nuestra soluci\u00f3n! Jugado con clavijas de madera redondas y en forma de X que se distinguen f\u00e1cilmente al tacto, y completo con una caja\/tapa de madera para guardar todo lo contenido en una mochila o bolso, no te puedes equivocar con este juego de mesa port\u00e1til de madera maciza. (Tambi\u00e9n conocido como Nudos y Cruces o X y O).<\/div>\n<p>&nbsp;<\/p>\n<ul>\n<li>Producto importado, venta bajo pedido con pago previo por el valor total del articulo.<\/li>\n<li>FAVOR ANTES DE OFERTAR, confirmar precio actual (por variaciones del valor del d\u00f3lar) y tambi\u00e9n CONFIRMAR QUE PUEDE ESPERAR LOS TIEMPOS DE ENTREGA\u00a0 que normalmente son entre 2-4 semanas.<\/li>\n<li>Cuando recibamos el pedido en nuestra oficina en Medell\u00edn-Colombia, le enviaremos un mensaje al comprador, si se encuentra en Medell\u00edn puede pasar a recogerlo personalmente en nuestra oficina, o tambi\u00e9n podemos hacer el envios a nivel nacional o internacional (Valor del envio cargo del comprador).<\/li>\n<li>Desde Ayudas para TODOS, estamos trabajando para ofrecerles el mayor Marketplace inclusivo a nivel mundial. Reuniendo en 1 solo sitio todos los productos que puedan necesitar, m\u00e1s de 5.000 referencias de art\u00edculos especializados que puedan necesitar instituciones y personas con o sin discapacidad, para apoyar procesos de inclusi\u00f3n, ayudando a superar las barreras que se pueden presentar al momento de estudiar, de trabajar, y en las dem\u00e1s actividades de la vida diaria.<\/li>\n<li>\u00bfNo est\u00e1 seguro sobre qu\u00e9 tipo de dispositivo o producto de apoyo debe comprar? Contamos con expertos para estudiar sus necesidades y asesorarlo recomend\u00e1ndole la ayuda o el conjunto de ayudas m\u00e1s adecuadas \u00bfNecesitas un producto y no lo encuentras en nuestro catalogo online? Cont\u00e1ctanos para ayudarte a conseguirlo. \u00bfEres emprendedor y tienes un gran producto inclusivo que quisieras promocionar en nuestra plataforma? <a href=\"https:\/\/ayudasparatodos.com\/index.php\/contact\/\">Cont\u00e1ctanos<\/a><\/li>\n<li>Visita la secci\u00f3n sobre <a href=\"https:\/\/ayudasparatodos.com\/index.php\/como-comprar-faq\/\">\u00bfC\u00f3mo Comprar? FAQ<\/a>, en la cual encontraras de forma m\u00e1s detallada las instrucciones de como comprar, servicio de asesor\u00eda y cotizaciones, formas de pago, env\u00edos a nivel nacional e internacional, garant\u00eda y otros temas relacionados.<\/li>\n<li><span style=\"font-size: 11.5pt; font-family: Roboto; color: #626262;\">Asesor\u00eda, cotizaciones dudas y comentarios: Si tiene cualquier duda o comentario, nos puede escribir o llamar via WhatsApp agregando el numero +57 3006000144 o directamente desde este <a href=\"https:\/\/wa.me\/+573006000144\">enlace<\/a>\u00a0 <\/span><a href=\"https:\/\/wa.me\/+573006000144\"><span style=\"font-size: 11.5pt; font-family: Roboto; color: #626262;\">https:\/\/wa.me\/+573006000144<\/span><\/a><span style=\"font-size: 11.5pt; font-family: Roboto; color: #626262;\">\u00a0 \u00a0 Tambi\u00e9n puede enviarnos un correo electr\u00f3nico a la direcci\u00f3n <a href=\"mailto:ventas@ayudasparatodos.com\">ventas@ayudasparatodos.com<\/a><\/span><\/li>\n<li><strong>Pagos en Colombia por transferencia Bancolombia o Nequi. Tambi\u00e9n recibimos pagos por tarjeta cr\u00e9dito o debito. Si la alternativa de pago no esta disponible en su pa\u00eds, tambi\u00e9n puede pagar por Giro en western Union o Paypal. Favor contactarnos al correo ventas@ayudasparatodos.com para generarle un enlace de pago personalizado por el valor de los art\u00edculos + el valor del envi\u00f3 seg\u00fan su ubicaci\u00f3n y con su moneda local. Despachos a nivel nacional e internacional desde Medell\u00edn &#8211; Colombia.<\/strong><\/li>\n<\/ul>\n","protected":false},"excerpt":{"rendered":"<p>Magn\u00edfica edici\u00f3n con accesible con relieve del cl\u00e1sico juego infantil.<\/p>\n","protected":false},"featured_media":0,"template":"","meta":[],"product_cat":[442],"product_tag":[605,582,581,583,580],"class_list":["post-52766","product","type-product","status-publish","hentry","product_cat-juegos-y-juguetes-discapacidad-visual","product_tag-juego-tic-tac-toe-triqui-em-relieve-para-personas-con-baja-vision-ciegos","product_tag-juegos-y-juguetes-ocio-y-recreacion-personas-con-discapacidad-visual-baja-vision-ciegos-invidentes","product_tag-venta-de-jeugos-y-juguetes-para-adultos-ciegos-discapacidad-visual-baja-vision","product_tag-venta-de-juegos-para-adultos-mayores-con-baja-vision-discapacidad-visual","product_tag-venta-de-juegos-y-juguetes-para-ninos-ciegos-discapacidad-visual-baja-vision","description-off"],"_links":{"self":[{"href":"https:\/\/ayudasparatodos.com\/index.php\/wp-json\/wp\/v3\/product\/52766"}],"collection":[{"href":"https:\/\/ayudasparatodos.com\/index.php\/wp-json\/wp\/v3\/product"}],"about":[{"href":"https:\/\/ayudasparatodos.com\/index.php\/wp-json\/wp\/v2\/types\/product"}],"wp:attachment":[{"href":"https:\/\/ayudasparatodos.com\/index.php\/wp-json\/wp\/v2\/media?parent=52766"}],"wp:term":[{"taxonomy":"product_cat","embeddable":true,"href":"https:\/\/ayudasparatodos.com\/index.php\/wp-json\/wp\/v2\/product_cat?post=52766"},{"taxonomy":"product_tag","embeddable":true,"href":"https:\/\/ayudasparatodos.com\/index.php\/wp-json\/wp\/v2\/product_tag?post=52766"}],"curies":[{"name":"wp","href":"https:\/\/api.w.org\/{rel}","templated":true}]}}