{"id":52767,"date":"2024-04-06T02:24:44","date_gmt":"2024-04-06T02:24:44","guid":{"rendered":"https:\/\/ayudasparatodos.com\/?post_type=product&#038;p=52767"},"modified":"2024-04-06T02:24:45","modified_gmt":"2024-04-06T02:24:45","slug":"conecta-4-en-linea-raya-juego-con-relieve-para-personas-con-baja-vision-ciegos","status":"publish","type":"product","link":"https:\/\/ayudasparatodos.com\/index.php\/producto\/conecta-4-en-linea-raya-juego-con-relieve-para-personas-con-baja-vision-ciegos\/","title":{"rendered":"Conecta 4 en l\u00ednea raya juego con relieve para personas con Baja visi\u00f3n ciegos"},"content":{"rendered":"<div>Juego de estrategia vertical, haz una l\u00ednea de cuatro monedas<\/div>\n<div><\/div>\n<div>Caracter\u00edsticas del producto<\/div>\n<div>Tablero de juego y piezas independientes.<\/div>\n<div>Tablero y piezas fabricados en madera maciza.<\/div>\n<div>El tablero de juego de diez pulgadas es f\u00e1cil de seguir al tacto.<\/div>\n<div>Las monedas blancas tienen un agujero para separarlas de las negras.<\/div>\n<div>El juego es compacto y port\u00e1til.<\/div>\n<div>Mide aproximadamente 11 por 9 por 1 pulgada.<\/div>\n<div>Peso del paquete: alrededor de 1,1 libras.<\/div>\n<div><\/div>\n<div>Descripci\u00f3n del Producto<\/div>\n<div>\u00a1Aqu\u00ed tienes una gran idea tanto para ni\u00f1os como para padres! El objetivo de este juego de estrategia vertical es formar una fila (ya sea horizontal, vertical o diagonal) de cuatro de tus fichas, sin que tu oponente te bloquee.<\/div>\n<div>Cuando est\u00e1 todo configurado, el tablero de juego de madera maciza mide casi diez pulgadas de alto, lo que lo hace mucho m\u00e1s grande que la mayor\u00eda de los juegos Connect Four que encontrar\u00e1s por ah\u00ed. El juego incluye 42 piezas de madera: la mitad de madera oscura natural y el resto pintadas de blanco. Adem\u00e1s, las fichas oscuras tienen un gran agujero en el centro para que a los jugadores ciegos les resulte m\u00e1s f\u00e1cil diferenciarlas de las blancas. Y una vez que llegue el momento de guardar el juego, simplemente coloque todos los discos en el tablero, doble el tablero hacia abajo sobre la base de madera incluida y fije todo en su lugar con dos pasadores de madera resistentes.<\/div>\n<div><\/div>\n<div>Este divertido juego seguramente brindar\u00e1 horas de diversi\u00f3n para toda la familia. Y su magn\u00edfica construcci\u00f3n totalmente de madera, junto con su extrema portabilidad, lo convierte en la opci\u00f3n ideal para noches de juegos, picnics o viajes en autom\u00f3vil&#8230; \u00a1cerca o lejos! \u00a1Algunas personas emprendedoras incluso lo han utilizado como una especie de marcador para dos personas!<\/div>\n<p>&nbsp;<\/p>\n<ul>\n<li>Producto importado, venta bajo pedido con pago previo por el valor total del articulo.<\/li>\n<li>FAVOR ANTES DE OFERTAR, confirmar precio actual (por variaciones del valor del d\u00f3lar) y tambi\u00e9n CONFIRMAR QUE PUEDE ESPERAR LOS TIEMPOS DE ENTREGA\u00a0 que normalmente son entre 2-4 semanas.<\/li>\n<li>Cuando recibamos el pedido en nuestra oficina en Medell\u00edn-Colombia, le enviaremos un mensaje al comprador, si se encuentra en Medell\u00edn puede pasar a recogerlo personalmente en nuestra oficina, o tambi\u00e9n podemos hacer el envios a nivel nacional o internacional (Valor del envio cargo del comprador).<\/li>\n<li>Desde Ayudas para TODOS, estamos trabajando para ofrecerles el mayor Marketplace inclusivo a nivel mundial. Reuniendo en 1 solo sitio todos los productos que puedan necesitar, m\u00e1s de 5.000 referencias de art\u00edculos especializados que puedan necesitar instituciones y personas con o sin discapacidad, para apoyar procesos de inclusi\u00f3n, ayudando a superar las barreras que se pueden presentar al momento de estudiar, de trabajar, y en las dem\u00e1s actividades de la vida diaria.<\/li>\n<li>\u00bfNo est\u00e1 seguro sobre qu\u00e9 tipo de dispositivo o producto de apoyo debe comprar? Contamos con expertos para estudiar sus necesidades y asesorarlo recomend\u00e1ndole la ayuda o el conjunto de ayudas m\u00e1s adecuadas \u00bfNecesitas un producto y no lo encuentras en nuestro catalogo online? Cont\u00e1ctanos para ayudarte a conseguirlo. \u00bfEres emprendedor y tienes un gran producto inclusivo que quisieras promocionar en nuestra plataforma? <a href=\"https:\/\/ayudasparatodos.com\/index.php\/contact\/\">Cont\u00e1ctanos<\/a><\/li>\n<li>Visita la secci\u00f3n sobre <a href=\"https:\/\/ayudasparatodos.com\/index.php\/como-comprar-faq\/\">\u00bfC\u00f3mo Comprar? FAQ<\/a>, en la cual encontraras de forma m\u00e1s detallada las instrucciones de como comprar, servicio de asesor\u00eda y cotizaciones, formas de pago, env\u00edos a nivel nacional e internacional, garant\u00eda y otros temas relacionados.<\/li>\n<li><span style=\"font-size: 11.5pt; font-family: Roboto; color: #626262;\">Asesor\u00eda, cotizaciones dudas y comentarios: Si tiene cualquier duda o comentario, nos puede escribir o llamar via WhatsApp agregando el numero +57 3006000144 o directamente desde este <a href=\"https:\/\/wa.me\/+573006000144\">enlace<\/a>\u00a0 <\/span><a href=\"https:\/\/wa.me\/+573006000144\"><span style=\"font-size: 11.5pt; font-family: Roboto; color: #626262;\">https:\/\/wa.me\/+573006000144<\/span><\/a><span style=\"font-size: 11.5pt; font-family: Roboto; color: #626262;\">\u00a0 \u00a0 Tambi\u00e9n puede enviarnos un correo electr\u00f3nico a la direcci\u00f3n <a href=\"mailto:ventas@ayudasparatodos.com\">ventas@ayudasparatodos.com<\/a><\/span><\/li>\n<li><strong>Pagos en Colombia por transferencia Bancolombia o Nequi. Tambi\u00e9n recibimos pagos por tarjeta cr\u00e9dito o debito. Si la alternativa de pago no esta disponible en su pa\u00eds, tambi\u00e9n puede pagar por Giro en western Union o Paypal. Favor contactarnos al correo ventas@ayudasparatodos.com para generarle un enlace de pago personalizado por el valor de los art\u00edculos + el valor del envi\u00f3 seg\u00fan su ubicaci\u00f3n y con su moneda local. Despachos a nivel nacional e internacional desde Medell\u00edn &#8211; Colombia.<\/strong><\/li>\n<\/ul>\n","protected":false},"excerpt":{"rendered":"<p>Juego de estrategia vertical, haz una l\u00ednea de cuatro monedas<\/p>\n","protected":false},"featured_media":0,"template":"","meta":[],"product_cat":[442],"product_tag":[606,582,581,583,580],"class_list":["post-52767","product","type-product","status-publish","hentry","product_cat-juegos-y-juguetes-discapacidad-visual","product_tag-conecta-4-en-linea-raya-juego-con-relieve-para-personas-con-baja-vision-ciegos","product_tag-juegos-y-juguetes-ocio-y-recreacion-personas-con-discapacidad-visual-baja-vision-ciegos-invidentes","product_tag-venta-de-jeugos-y-juguetes-para-adultos-ciegos-discapacidad-visual-baja-vision","product_tag-venta-de-juegos-para-adultos-mayores-con-baja-vision-discapacidad-visual","product_tag-venta-de-juegos-y-juguetes-para-ninos-ciegos-discapacidad-visual-baja-vision","description-off"],"_links":{"self":[{"href":"https:\/\/ayudasparatodos.com\/index.php\/wp-json\/wp\/v3\/product\/52767"}],"collection":[{"href":"https:\/\/ayudasparatodos.com\/index.php\/wp-json\/wp\/v3\/product"}],"about":[{"href":"https:\/\/ayudasparatodos.com\/index.php\/wp-json\/wp\/v2\/types\/product"}],"wp:attachment":[{"href":"https:\/\/ayudasparatodos.com\/index.php\/wp-json\/wp\/v2\/media?parent=52767"}],"wp:term":[{"taxonomy":"product_cat","embeddable":true,"href":"https:\/\/ayudasparatodos.com\/index.php\/wp-json\/wp\/v2\/product_cat?post=52767"},{"taxonomy":"product_tag","embeddable":true,"href":"https:\/\/ayudasparatodos.com\/index.php\/wp-json\/wp\/v2\/product_tag?post=52767"}],"curies":[{"name":"wp","href":"https:\/\/api.w.org\/{rel}","templated":true}]}}