{"id":52772,"date":"2024-04-06T03:19:40","date_gmt":"2024-04-06T03:19:40","guid":{"rendered":"https:\/\/ayudasparatodos.com\/?post_type=product&#038;p=52772"},"modified":"2024-04-06T03:19:40","modified_gmt":"2024-04-06T03:19:40","slug":"juego-parques-parchis-ludo-con-relieve-para-personas-con-baja-vision-ciegos","status":"publish","type":"product","link":"https:\/\/ayudasparatodos.com\/index.php\/producto\/juego-parques-parchis-ludo-con-relieve-para-personas-con-baja-vision-ciegos\/","title":{"rendered":"Juego Parques Parchis Ludo con relieve para personas con Baja visi\u00f3n ciegos"},"content":{"rendered":"<p>Juego cl\u00e1sico de cruce y c\u00edrculo: intenta llegar a casa<\/p>\n<p>&nbsp;<\/p>\n<p>Caracter\u00edsticas del producto<\/p>\n<p>Tambi\u00e9n conocido como ludo o parchisi.<\/p>\n<p>Un cl\u00e1sico juego de c\u00edrculos cruzados para varios jugadores.<\/p>\n<p>Utiliza un tablero de juego cuadrado con agujeros que forman una cruz o una X.<\/p>\n<p>Un gran juego para jugadores ciegos y videntes.<\/p>\n<p>El tablero de juego de madera tiene un cuadrado completo de 6 pulgadas.<\/p>\n<p>El tablero presenta orificios dentados en los que encajan perfectamente las clavijas.<\/p>\n<p>Cada color de pieza de juego tiene una forma t\u00e1ctil diferente en la parte superior.<\/p>\n<p>El juego es aut\u00f3nomo y tiene un dise\u00f1o plegable para mantener todo junto.<\/p>\n<p>Peso del paquete: aproximadamente 9,5 onzas.<\/p>\n<p>&nbsp;<\/p>\n<p>Descripci\u00f3n del Producto<\/p>\n<p>Tambi\u00e9n conocido en diferentes partes del mundo como Ludo o Parchisi, el parch\u00eds es el cl\u00e1sico juego de cruzar y c\u00edrculos que se juega en la India desde el a\u00f1o 500, en el Reino Unido desde el 1800 y en Estados Unidos durante casi un siglo. Emplea un tablero de juego cuadrado con agujeros que forman una cruz o una X. El juego lo pueden jugar dos, tres o cuatro jugadores, e implica que cada jugador intente desesperadamente colocar una de sus cuatro piezas en el agujero central del tablero (conocido como Inicio). Tiras uno o dos dados para determinar cu\u00e1ntas casillas puedes mover y, a partir de ah\u00ed, depende de tu l\u00f3gica y tus c\u00e1lculos estrat\u00e9gicos determinar qu\u00e9 pieza debes elegir mover, \u00a1y en qu\u00e9 direcci\u00f3n!<\/p>\n<p>Naturalmente, este juego t\u00e1ctil adaptado es totalmente jugable tanto para jugadores ciegos como para videntes. El tablero de juego de madera cuadrado de seis pulgadas presenta orificios dentados en los que encajan perfectamente las clavijas. Cada color de pieza de juego tambi\u00e9n tiene una forma t\u00e1ctil diferente en la parte superior (plana, redonda, cuadrada o triangular) para que todos sepan de qui\u00e9n son las piezas. Y todo el conjunto se pliega para mantener el tablero y todas sus piezas juntas cuando no est\u00e9 en uso.<\/p>\n<p>&nbsp;<\/p>\n<p>Adelante&#8230; Pruebe lo que a menudo se subtitula \u00abEl juego real de la India\u00bb, y uno que sol\u00eda jugarse con personas reales, no solo con clavijas. El atractivo y el atractivo del juego no han cambiado a lo largo de estos 1.500 a\u00f1os: \u00a1simplemente se ha vuelto un poco m\u00e1s amigable, eso es todo!<\/p>\n<p>El juego viene con un dado t\u00e1ctil.<\/p>\n<p>&nbsp;<\/p>\n<ul>\n<li>Producto importado, venta bajo pedido con pago previo por el valor total del articulo.<\/li>\n<li>FAVOR ANTES DE OFERTAR, confirmar precio actual (por variaciones del valor del d\u00f3lar) y tambi\u00e9n CONFIRMAR QUE PUEDE ESPERAR LOS TIEMPOS DE ENTREGA\u00a0 que normalmente son entre 2-4 semanas.<\/li>\n<li>Cuando recibamos el pedido en nuestra oficina en Medell\u00edn-Colombia, le enviaremos un mensaje al comprador, si se encuentra en Medell\u00edn puede pasar a recogerlo personalmente en nuestra oficina, o tambi\u00e9n podemos hacer el envios a nivel nacional o internacional (Valor del envio cargo del comprador).<\/li>\n<li>Desde Ayudas para TODOS, estamos trabajando para ofrecerles el mayor Marketplace inclusivo a nivel mundial. Reuniendo en 1 solo sitio todos los productos que puedan necesitar, m\u00e1s de 5.000 referencias de art\u00edculos especializados que puedan necesitar instituciones y personas con o sin discapacidad, para apoyar procesos de inclusi\u00f3n, ayudando a superar las barreras que se pueden presentar al momento de estudiar, de trabajar, y en las dem\u00e1s actividades de la vida diaria.<\/li>\n<li>\u00bfNo est\u00e1 seguro sobre qu\u00e9 tipo de dispositivo o producto de apoyo debe comprar? Contamos con expertos para estudiar sus necesidades y asesorarlo recomend\u00e1ndole la ayuda o el conjunto de ayudas m\u00e1s adecuadas \u00bfNecesitas un producto y no lo encuentras en nuestro catalogo online? Cont\u00e1ctanos para ayudarte a conseguirlo. \u00bfEres emprendedor y tienes un gran producto inclusivo que quisieras promocionar en nuestra plataforma? <a href=\"https:\/\/ayudasparatodos.com\/index.php\/contact\/\">Cont\u00e1ctanos<\/a><\/li>\n<li>Visita la secci\u00f3n sobre <a href=\"https:\/\/ayudasparatodos.com\/index.php\/como-comprar-faq\/\">\u00bfC\u00f3mo Comprar? FAQ<\/a>, en la cual encontraras de forma m\u00e1s detallada las instrucciones de como comprar, servicio de asesor\u00eda y cotizaciones, formas de pago, env\u00edos a nivel nacional e internacional, garant\u00eda y otros temas relacionados.<\/li>\n<li><span style=\"font-size: 11.5pt; font-family: Roboto; color: #626262;\">Asesor\u00eda, cotizaciones dudas y comentarios: Si tiene cualquier duda o comentario, nos puede escribir o llamar via WhatsApp agregando el numero +57 3006000144 o directamente desde este <a href=\"https:\/\/wa.me\/+573006000144\">enlace<\/a>\u00a0 <\/span><a href=\"https:\/\/wa.me\/+573006000144\"><span style=\"font-size: 11.5pt; font-family: Roboto; color: #626262;\">https:\/\/wa.me\/+573006000144<\/span><\/a><span style=\"font-size: 11.5pt; font-family: Roboto; color: #626262;\">\u00a0 \u00a0 Tambi\u00e9n puede enviarnos un correo electr\u00f3nico a la direcci\u00f3n <a href=\"mailto:ventas@ayudasparatodos.com\">ventas@ayudasparatodos.com<\/a><\/span><\/li>\n<li><strong>Pagos en Colombia por transferencia Bancolombia o Nequi. Tambi\u00e9n recibimos pagos por tarjeta cr\u00e9dito o debito. Si la alternativa de pago no esta disponible en su pa\u00eds, tambi\u00e9n puede pagar por Giro en western Union o Paypal. Favor contactarnos al correo ventas@ayudasparatodos.com para generarle un enlace de pago personalizado por el valor de los art\u00edculos + el valor del envi\u00f3 seg\u00fan su ubicaci\u00f3n y con su moneda local. Despachos a nivel nacional e internacional desde Medell\u00edn &#8211; Colombia.<\/strong><\/li>\n<\/ul>\n","protected":false},"excerpt":{"rendered":"<p>Juego cl\u00e1sico de cruce y c\u00edrculo: intenta llegar a casa<\/p>\n","protected":false},"featured_media":0,"template":"","meta":[],"product_cat":[442],"product_tag":[611,582,581,583,580],"class_list":["post-52772","product","type-product","status-publish","hentry","product_cat-juegos-y-juguetes-discapacidad-visual","product_tag-juego-parques-parchis-ludo-con-relieve-para-personas-con-baja-vision-ciegos","product_tag-juegos-y-juguetes-ocio-y-recreacion-personas-con-discapacidad-visual-baja-vision-ciegos-invidentes","product_tag-venta-de-jeugos-y-juguetes-para-adultos-ciegos-discapacidad-visual-baja-vision","product_tag-venta-de-juegos-para-adultos-mayores-con-baja-vision-discapacidad-visual","product_tag-venta-de-juegos-y-juguetes-para-ninos-ciegos-discapacidad-visual-baja-vision","description-off"],"_links":{"self":[{"href":"https:\/\/ayudasparatodos.com\/index.php\/wp-json\/wp\/v3\/product\/52772"}],"collection":[{"href":"https:\/\/ayudasparatodos.com\/index.php\/wp-json\/wp\/v3\/product"}],"about":[{"href":"https:\/\/ayudasparatodos.com\/index.php\/wp-json\/wp\/v2\/types\/product"}],"wp:attachment":[{"href":"https:\/\/ayudasparatodos.com\/index.php\/wp-json\/wp\/v2\/media?parent=52772"}],"wp:term":[{"taxonomy":"product_cat","embeddable":true,"href":"https:\/\/ayudasparatodos.com\/index.php\/wp-json\/wp\/v2\/product_cat?post=52772"},{"taxonomy":"product_tag","embeddable":true,"href":"https:\/\/ayudasparatodos.com\/index.php\/wp-json\/wp\/v2\/product_tag?post=52772"}],"curies":[{"name":"wp","href":"https:\/\/api.w.org\/{rel}","templated":true}]}}