{"id":52774,"date":"2024-04-06T03:50:19","date_gmt":"2024-04-06T03:50:19","guid":{"rendered":"https:\/\/ayudasparatodos.com\/?post_type=product&#038;p=52774"},"modified":"2024-04-06T03:50:19","modified_gmt":"2024-04-06T03:50:19","slug":"juego-de-mesa-monopolio-con-braille-para-personas-con-baja-vision-ciegos","status":"publish","type":"product","link":"https:\/\/ayudasparatodos.com\/index.php\/producto\/juego-de-mesa-monopolio-con-braille-para-personas-con-baja-vision-ciegos\/","title":{"rendered":"Juego de mesa Monopolio con Braille para personas con Baja visi\u00f3n ciegos"},"content":{"rendered":"<p>El cl\u00e1sico juego Monopolio de comercio de bienes ra\u00edces: en braille<\/p>\n<p>&nbsp;<\/p>\n<p>Caracter\u00edsticas del producto<\/p>\n<p>Gran juego tanto para jugadores ciegos como videntes.<\/p>\n<p>Tama\u00f1o gigante; bellamente adaptado.<\/p>\n<p>El tablero de juego, los dados, las cartas y el dinero est\u00e1n en letra grande y en Braille.<\/p>\n<p>Tiene un tablero de juego cuadrado de 20&#8243;.<\/p>\n<p>Horas de diversi\u00f3n y estrategia.<\/p>\n<p>Peso del paquete: alrededor de 4,8 libras.<\/p>\n<p>&nbsp;<\/p>\n<p>Descripci\u00f3n del Producto<\/p>\n<p>Si reunieras a un grupo completo de personas y les encuestaras uno por uno sobre sus juegos de mesa favoritos, los resultados ser\u00edan bastante predecibles. Probablemente ser\u00eda dif\u00edcil multar a uno de cada diez entusiastas de los juegos que no tiene buenos recuerdos de haber jugado el cl\u00e1sico juego de compra y venta de bienes ra\u00edces de Parker Brothers con su familia mientras crec\u00eda. Es m\u00e1s, la mayor\u00eda de la gente probablemente te dir\u00eda que Monopoly es uno de sus juegos favoritos (si no el n\u00famero uno en su lista). Por nuestra parte, a todos aqu\u00ed les encanta sacar un buen juego de Monopoly para esas acogedoras noches de juego con familiares y amigos. Nuestra tradici\u00f3n est\u00e1 muy arraigada: intentar convertirnos en el magnate de fama mundial, mientras estamos reunidos alrededor de un fuego crepitante, asando malvaviscos, bebiendo chocolate caliente&#8230; vale, vale; \u00a1entiendes la idea!<\/p>\n<p>He aqu\u00ed, entonces, ese tradicional juego inmobiliario, magn\u00edficamente adaptado para que los jugadores ciegos o con baja visi\u00f3n tambi\u00e9n puedan participar. Cada aspecto de Monopoly (desde el tablero de juego hasta los dados, las cartas y el dinero) es de tama\u00f1o gigante con letra grande y Braille. El tablero de juego cuadrado de veinte pulgadas tiene una capa especial moldeada, lo que significa que cada propiedad o espacio est\u00e1 marcado con letras grandes y Braille. Los t\u00edtulos de propiedad, el cofre comunitario y las tarjetas de oportunidad tambi\u00e9n son lo suficientemente grandes como para permitir la reproducci\u00f3n de toda la informaci\u00f3n en su totalidad en Braille y en letra grande. Para completar este impresionante paquete, hemos incluido un par de dados t\u00e1ctiles con puntos negros en negrita, junto con un folleto de instrucciones impreso en tinta.<\/p>\n<p>&nbsp;<\/p>\n<ul>\n<li>Producto importado, venta bajo pedido con pago previo por el valor total del articulo.<\/li>\n<li>FAVOR ANTES DE OFERTAR, confirmar precio actual (por variaciones del valor del d\u00f3lar) y tambi\u00e9n CONFIRMAR QUE PUEDE ESPERAR LOS TIEMPOS DE ENTREGA\u00a0 que normalmente son entre 2-4 semanas.<\/li>\n<li>Cuando recibamos el pedido en nuestra oficina en Medell\u00edn-Colombia, le enviaremos un mensaje al comprador, si se encuentra en Medell\u00edn puede pasar a recogerlo personalmente en nuestra oficina, o tambi\u00e9n podemos hacer el envios a nivel nacional o internacional (Valor del envio cargo del comprador).<\/li>\n<li>Desde Ayudas para TODOS, estamos trabajando para ofrecerles el mayor Marketplace inclusivo a nivel mundial. Reuniendo en 1 solo sitio todos los productos que puedan necesitar, m\u00e1s de 5.000 referencias de art\u00edculos especializados que puedan necesitar instituciones y personas con o sin discapacidad, para apoyar procesos de inclusi\u00f3n, ayudando a superar las barreras que se pueden presentar al momento de estudiar, de trabajar, y en las dem\u00e1s actividades de la vida diaria.<\/li>\n<li>\u00bfNo est\u00e1 seguro sobre qu\u00e9 tipo de dispositivo o producto de apoyo debe comprar? Contamos con expertos para estudiar sus necesidades y asesorarlo recomend\u00e1ndole la ayuda o el conjunto de ayudas m\u00e1s adecuadas \u00bfNecesitas un producto y no lo encuentras en nuestro catalogo online? Cont\u00e1ctanos para ayudarte a conseguirlo. \u00bfEres emprendedor y tienes un gran producto inclusivo que quisieras promocionar en nuestra plataforma? <a href=\"https:\/\/ayudasparatodos.com\/index.php\/contact\/\">Cont\u00e1ctanos<\/a><\/li>\n<li>Visita la secci\u00f3n sobre <a href=\"https:\/\/ayudasparatodos.com\/index.php\/como-comprar-faq\/\">\u00bfC\u00f3mo Comprar? FAQ<\/a>, en la cual encontraras de forma m\u00e1s detallada las instrucciones de como comprar, servicio de asesor\u00eda y cotizaciones, formas de pago, env\u00edos a nivel nacional e internacional, garant\u00eda y otros temas relacionados.<\/li>\n<li><span style=\"font-size: 11.5pt; font-family: Roboto; color: #626262;\">Asesor\u00eda, cotizaciones dudas y comentarios: Si tiene cualquier duda o comentario, nos puede escribir o llamar via WhatsApp agregando el numero +57 3006000144 o directamente desde este <a href=\"https:\/\/wa.me\/+573006000144\">enlace<\/a>\u00a0 <\/span><a href=\"https:\/\/wa.me\/+573006000144\"><span style=\"font-size: 11.5pt; font-family: Roboto; color: #626262;\">https:\/\/wa.me\/+573006000144<\/span><\/a><span style=\"font-size: 11.5pt; font-family: Roboto; color: #626262;\">\u00a0 \u00a0 Tambi\u00e9n puede enviarnos un correo electr\u00f3nico a la direcci\u00f3n <a href=\"mailto:ventas@ayudasparatodos.com\">ventas@ayudasparatodos.com<\/a><\/span><\/li>\n<li><strong>Pagos en Colombia por transferencia Bancolombia o Nequi. Tambi\u00e9n recibimos pagos por tarjeta cr\u00e9dito o debito. Si la alternativa de pago no esta disponible en su pa\u00eds, tambi\u00e9n puede pagar por Giro en western Union o Paypal. Favor contactarnos al correo ventas@ayudasparatodos.com para generarle un enlace de pago personalizado por el valor de los art\u00edculos + el valor del envi\u00f3 seg\u00fan su ubicaci\u00f3n y con su moneda local. Despachos a nivel nacional e internacional desde Medell\u00edn &#8211; Colombia.<\/strong><\/li>\n<\/ul>\n","protected":false},"excerpt":{"rendered":"<p>El cl\u00e1sico juego Monopolio de comercio de bienes ra\u00edces: en braille<\/p>\n","protected":false},"featured_media":52791,"template":"","meta":[],"product_cat":[442,434],"product_tag":[614,582,581,583,580],"class_list":["post-52774","product","type-product","status-publish","has-post-thumbnail","hentry","product_cat-juegos-y-juguetes-discapacidad-visual","product_cat-juegos-y-juguetes-con-braille","product_tag-juego-de-mesa-monopolio-con-braille-para-personas-con-baja-vision-ciegos","product_tag-juegos-y-juguetes-ocio-y-recreacion-personas-con-discapacidad-visual-baja-vision-ciegos-invidentes","product_tag-venta-de-jeugos-y-juguetes-para-adultos-ciegos-discapacidad-visual-baja-vision","product_tag-venta-de-juegos-para-adultos-mayores-con-baja-vision-discapacidad-visual","product_tag-venta-de-juegos-y-juguetes-para-ninos-ciegos-discapacidad-visual-baja-vision","description-off"],"_links":{"self":[{"href":"https:\/\/ayudasparatodos.com\/index.php\/wp-json\/wp\/v3\/product\/52774"}],"collection":[{"href":"https:\/\/ayudasparatodos.com\/index.php\/wp-json\/wp\/v3\/product"}],"about":[{"href":"https:\/\/ayudasparatodos.com\/index.php\/wp-json\/wp\/v2\/types\/product"}],"wp:featuredmedia":[{"embeddable":true,"href":"https:\/\/ayudasparatodos.com\/index.php\/wp-json\/wp\/v2\/media\/52791"}],"wp:attachment":[{"href":"https:\/\/ayudasparatodos.com\/index.php\/wp-json\/wp\/v2\/media?parent=52774"}],"wp:term":[{"taxonomy":"product_cat","embeddable":true,"href":"https:\/\/ayudasparatodos.com\/index.php\/wp-json\/wp\/v2\/product_cat?post=52774"},{"taxonomy":"product_tag","embeddable":true,"href":"https:\/\/ayudasparatodos.com\/index.php\/wp-json\/wp\/v2\/product_tag?post=52774"}],"curies":[{"name":"wp","href":"https:\/\/api.w.org\/{rel}","templated":true}]}}