{"id":52777,"date":"2024-04-08T15:01:55","date_gmt":"2024-04-08T15:01:55","guid":{"rendered":"https:\/\/ayudasparatodos.com\/?post_type=product&#038;p=52777"},"modified":"2024-04-08T15:01:56","modified_gmt":"2024-04-08T15:01:56","slug":"juego-de-solitario-con-textura-para-personas-con-baja-vision-ciegos","status":"publish","type":"product","link":"https:\/\/ayudasparatodos.com\/index.php\/producto\/juego-de-solitario-con-textura-para-personas-con-baja-vision-ciegos\/","title":{"rendered":"Juego de solitario con textura para personas con Baja visi\u00f3n ciegos"},"content":{"rendered":"<p>Intenta limpiar el tablero de todas las 32 clavijas excepto 1<\/p>\n<p>&nbsp;<\/p>\n<p>Caracter\u00edsticas del producto<\/p>\n<p>Desafiante acertijo.<\/p>\n<p>32 clavijas de madera en una tabla de madera cuadrada de 6&#8243;.<\/p>\n<p>Viene con una pr\u00e1ctica caja de almacenamiento de madera.<\/p>\n<p>Mide aproximadamente 5-1\/2 pulgadas por 5-1\/2 pulgadas por 1-1\/4 pulgadas.<\/p>\n<p>Peso del paquete: alrededor de 7,8 onzas.<\/p>\n<p>&nbsp;<\/p>\n<p>Descripci\u00f3n del Producto<\/p>\n<p>Aunque el solitario es f\u00e1cil de aprender, supone un desaf\u00edo continuo para dominarlo y se ha convertido en un juego de mesa en solitario especialmente popular en los \u00faltimos a\u00f1os. Para jugar solo a este desafiante juego de estimulaci\u00f3n mental, coloca las treinta y dos clavijas de madera en el tablero de madera cuadrado de seis pulgadas, dejando vac\u00edo el espacio en el centro. Luego, moviendo cualquier clavija solo un espacio horizontal o verticalmente (\u00a1no se permiten movimientos diagonales!), comienzas a eliminar otras clavijas.<\/p>\n<p>Como pronto descubrir\u00e1s, hay un verdadero truco para descubrir en qu\u00e9 direcci\u00f3n debes mover cada clavija, \u00a1ya que no querr\u00e1s terminar con un mont\u00f3n de clavijas fallidas sin ning\u00fan lugar adonde ir! Si terminas el juego con s\u00f3lo una clavija en el tablero, eres un genio; con dos clavijas eres m\u00e1s que inteligente; tres clavijas eres inteligente; y cuatro o m\u00e1s clavijas&#8230; bueno, \u00a1necesitas pr\u00e1ctica!<\/p>\n<p>&nbsp;<\/p>\n<p>Una excelente manera de divertir a ni\u00f1os y adultos por igual cuando no hay nadie m\u00e1s con quien jugar, este juego incluso viene con una caja de almacenamiento de madera para mantener todo bien guardado.<\/p>\n<p>&nbsp;<\/p>\n<ul>\n<li>Producto importado, venta bajo pedido con pago previo por el valor total del articulo.<\/li>\n<li>FAVOR ANTES DE OFERTAR, confirmar precio actual (por variaciones del valor del d\u00f3lar) y tambi\u00e9n CONFIRMAR QUE PUEDE ESPERAR LOS TIEMPOS DE ENTREGA\u00a0 que normalmente son entre 2-4 semanas.<\/li>\n<li>Cuando recibamos el pedido en nuestra oficina en Medell\u00edn-Colombia, le enviaremos un mensaje al comprador, si se encuentra en Medell\u00edn puede pasar a recogerlo personalmente en nuestra oficina, o tambi\u00e9n podemos hacer el envios a nivel nacional o internacional (Valor del envio cargo del comprador).<\/li>\n<li>Desde Ayudas para TODOS, estamos trabajando para ofrecerles el mayor Marketplace inclusivo a nivel mundial. Reuniendo en 1 solo sitio todos los productos que puedan necesitar, m\u00e1s de 5.000 referencias de art\u00edculos especializados que puedan necesitar instituciones y personas con o sin discapacidad, para apoyar procesos de inclusi\u00f3n, ayudando a superar las barreras que se pueden presentar al momento de estudiar, de trabajar, y en las dem\u00e1s actividades de la vida diaria.<\/li>\n<li>\u00bfNo est\u00e1 seguro sobre qu\u00e9 tipo de dispositivo o producto de apoyo debe comprar? Contamos con expertos para estudiar sus necesidades y asesorarlo recomend\u00e1ndole la ayuda o el conjunto de ayudas m\u00e1s adecuadas \u00bfNecesitas un producto y no lo encuentras en nuestro catalogo online? Cont\u00e1ctanos para ayudarte a conseguirlo. \u00bfEres emprendedor y tienes un gran producto inclusivo que quisieras promocionar en nuestra plataforma? <a href=\"https:\/\/ayudasparatodos.com\/index.php\/contact\/\">Cont\u00e1ctanos<\/a><\/li>\n<li>Visita la secci\u00f3n sobre <a href=\"https:\/\/ayudasparatodos.com\/index.php\/como-comprar-faq\/\">\u00bfC\u00f3mo Comprar? FAQ<\/a>, en la cual encontraras de forma m\u00e1s detallada las instrucciones de como comprar, servicio de asesor\u00eda y cotizaciones, formas de pago, env\u00edos a nivel nacional e internacional, garant\u00eda y otros temas relacionados.<\/li>\n<li><span style=\"font-size: 11.5pt; font-family: Roboto; color: #626262;\">Asesor\u00eda, cotizaciones dudas y comentarios: Si tiene cualquier duda o comentario, nos puede escribir o llamar via WhatsApp agregando el numero +57 3006000144 o directamente desde este <a href=\"https:\/\/wa.me\/+573006000144\">enlace<\/a>\u00a0 <\/span><a href=\"https:\/\/wa.me\/+573006000144\"><span style=\"font-size: 11.5pt; font-family: Roboto; color: #626262;\">https:\/\/wa.me\/+573006000144<\/span><\/a><span style=\"font-size: 11.5pt; font-family: Roboto; color: #626262;\">\u00a0 \u00a0 Tambi\u00e9n puede enviarnos un correo electr\u00f3nico a la direcci\u00f3n <a href=\"mailto:ventas@ayudasparatodos.com\">ventas@ayudasparatodos.com<\/a><\/span><\/li>\n<li><strong>Pagos en Colombia por transferencia Bancolombia o Nequi. Tambi\u00e9n recibimos pagos por tarjeta cr\u00e9dito o debito. Si la alternativa de pago no esta disponible en su pa\u00eds, tambi\u00e9n puede pagar por Giro en western Union o Paypal. Favor contactarnos al correo ventas@ayudasparatodos.com para generarle un enlace de pago personalizado por el valor de los art\u00edculos + el valor del envi\u00f3 seg\u00fan su ubicaci\u00f3n y con su moneda local. Despachos a nivel nacional e internacional desde Medell\u00edn &#8211; Colombia.<\/strong><\/li>\n<\/ul>\n","protected":false},"excerpt":{"rendered":"<p>Intenta limpiar el tablero de todas las 32 clavijas excepto 1<\/p>\n","protected":false},"featured_media":52804,"template":"","meta":[],"product_cat":[442],"product_tag":[618,582,581,583,580],"class_list":["post-52777","product","type-product","status-publish","has-post-thumbnail","hentry","product_cat-juegos-y-juguetes-discapacidad-visual","product_tag-juego-de-solitario-con-textura-para-personas-con-baja-vision-ciegos","product_tag-juegos-y-juguetes-ocio-y-recreacion-personas-con-discapacidad-visual-baja-vision-ciegos-invidentes","product_tag-venta-de-jeugos-y-juguetes-para-adultos-ciegos-discapacidad-visual-baja-vision","product_tag-venta-de-juegos-para-adultos-mayores-con-baja-vision-discapacidad-visual","product_tag-venta-de-juegos-y-juguetes-para-ninos-ciegos-discapacidad-visual-baja-vision","description-off"],"_links":{"self":[{"href":"https:\/\/ayudasparatodos.com\/index.php\/wp-json\/wp\/v3\/product\/52777"}],"collection":[{"href":"https:\/\/ayudasparatodos.com\/index.php\/wp-json\/wp\/v3\/product"}],"about":[{"href":"https:\/\/ayudasparatodos.com\/index.php\/wp-json\/wp\/v2\/types\/product"}],"wp:featuredmedia":[{"embeddable":true,"href":"https:\/\/ayudasparatodos.com\/index.php\/wp-json\/wp\/v2\/media\/52804"}],"wp:attachment":[{"href":"https:\/\/ayudasparatodos.com\/index.php\/wp-json\/wp\/v2\/media?parent=52777"}],"wp:term":[{"taxonomy":"product_cat","embeddable":true,"href":"https:\/\/ayudasparatodos.com\/index.php\/wp-json\/wp\/v2\/product_cat?post=52777"},{"taxonomy":"product_tag","embeddable":true,"href":"https:\/\/ayudasparatodos.com\/index.php\/wp-json\/wp\/v2\/product_tag?post=52777"}],"curies":[{"name":"wp","href":"https:\/\/api.w.org\/{rel}","templated":true}]}}