{"id":52780,"date":"2024-04-06T03:57:53","date_gmt":"2024-04-06T03:57:53","guid":{"rendered":"https:\/\/ayudasparatodos.com\/?post_type=product&#038;p=52780"},"modified":"2024-04-06T03:57:53","modified_gmt":"2024-04-06T03:57:53","slug":"juego-de-mesa-scrabble-con-braille-para-personas-con-baja-vision-ciegos","status":"publish","type":"product","link":"https:\/\/ayudasparatodos.com\/index.php\/producto\/juego-de-mesa-scrabble-con-braille-para-personas-con-baja-vision-ciegos\/","title":{"rendered":"Juego de mesa Scrabble con Braille para personas con Baja visi\u00f3n ciegos"},"content":{"rendered":"<p>Scrabble Accesible &#8211; Juego de crucigramas mundialmente famoso &#8211; Adaptado con Braille<\/p>\n<p>&nbsp;<\/p>\n<p>Caracter\u00edsticas del producto<\/p>\n<p>Un fant\u00e1stico y estimulante juego de crucigramas.<\/p>\n<p>Dise\u00f1ado para todas las edades, tanto jugadores ciegos como videntes.<\/p>\n<p>Presenta impresi\u00f3n en relieve y Braille en el tablero y en los mosaicos de letras.<\/p>\n<p>Cuenta con una tabla giratoria de 15&#8243; de ancho.<\/p>\n<p>Incluye 4 estantes para letras, un bloc de puntuaci\u00f3n grueso y reglas impresas.<\/p>\n<p>Peso del paquete: alrededor de 2,4 libras.<\/p>\n<p>&nbsp;<\/p>\n<p>Descripci\u00f3n del Producto<\/p>\n<p>\u00ab\u00a1PALABRA TRIPLE! \u00a1Y una con una Z, adem\u00e1s! \u00a1Yahoo! \u00a1Seguro que esta vez ganar\u00e9!\u00bb<\/p>\n<p>Bien, incluso si una exclamaci\u00f3n como esa es algo rara en Scrabble, al menos habla del puro placer y disfrute que este alucinante juego de creaci\u00f3n de palabras ha estado brindando a las familias de todo el mundo desde su creaci\u00f3n en 1948. Scrabble es Tampoco es s\u00f3lo para ni\u00f1os; Ni\u00f1os y adultos de todas las edades disfrutan sentados con un estimulante juego de crucigramas como este. Pero quiz\u00e1s las cifras hablen mejor por s\u00ed solas: \u00a1uno de cada tres hogares estadounidenses tiene alguna forma de Scrabble!<\/p>\n<p>&nbsp;<\/p>\n<p>\u00a1Est\u00e1 bien! Ahora que est\u00e1s entusiasmado con el fen\u00f3meno Scrabble, \u00a1es hora de involucrarte! \u00bfY qu\u00e9 mejor manera de hacerlo que probando nuestro juego de Scrabble de lujo, completo con letras impresas y Braille en el tablero y en las fichas con letras? El tablero giratorio en s\u00ed tiene m\u00e1s de quince pulgadas de ancho y est\u00e1 sobre una plataforma giratoria, lo que significa que cada jugador puede girar el tablero para mirarlo hacia ellos, de modo que siempre est\u00e9 mirando el tablero desde el \u00e1ngulo correcto. Todos esos cuadrados tan buscados (como DL, TL y DW) est\u00e1n claramente marcados tanto en Braille como en letra en relieve. Naturalmente, las fichas de letras tambi\u00e9n tienen letras grandes, en relieve y en Braille, lo que permite que amigos y familiares ciegos, con discapacidad visual y videntes jueguen juntos. Por supuesto, tambi\u00e9n se incluyen todas esas otras necesidades de Scrabble, como cuatro estantes para letras, un bloc de puntuaci\u00f3n grueso y reglas e instrucciones impresas.<\/p>\n<p>&nbsp;<\/p>\n<ul>\n<li>Producto importado, venta bajo pedido con pago previo por el valor total del articulo.<\/li>\n<li>FAVOR ANTES DE OFERTAR, confirmar precio actual (por variaciones del valor del d\u00f3lar) y tambi\u00e9n CONFIRMAR QUE PUEDE ESPERAR LOS TIEMPOS DE ENTREGA\u00a0 que normalmente son entre 2-4 semanas.<\/li>\n<li>Cuando recibamos el pedido en nuestra oficina en Medell\u00edn-Colombia, le enviaremos un mensaje al comprador, si se encuentra en Medell\u00edn puede pasar a recogerlo personalmente en nuestra oficina, o tambi\u00e9n podemos hacer el envios a nivel nacional o internacional (Valor del envio cargo del comprador).<\/li>\n<li>Desde Ayudas para TODOS, estamos trabajando para ofrecerles el mayor Marketplace inclusivo a nivel mundial. Reuniendo en 1 solo sitio todos los productos que puedan necesitar, m\u00e1s de 5.000 referencias de art\u00edculos especializados que puedan necesitar instituciones y personas con o sin discapacidad, para apoyar procesos de inclusi\u00f3n, ayudando a superar las barreras que se pueden presentar al momento de estudiar, de trabajar, y en las dem\u00e1s actividades de la vida diaria.<\/li>\n<li>\u00bfNo est\u00e1 seguro sobre qu\u00e9 tipo de dispositivo o producto de apoyo debe comprar? Contamos con expertos para estudiar sus necesidades y asesorarlo recomend\u00e1ndole la ayuda o el conjunto de ayudas m\u00e1s adecuadas \u00bfNecesitas un producto y no lo encuentras en nuestro catalogo online? Cont\u00e1ctanos para ayudarte a conseguirlo. \u00bfEres emprendedor y tienes un gran producto inclusivo que quisieras promocionar en nuestra plataforma? <a href=\"https:\/\/ayudasparatodos.com\/index.php\/contact\/\">Cont\u00e1ctanos<\/a><\/li>\n<li>Visita la secci\u00f3n sobre <a href=\"https:\/\/ayudasparatodos.com\/index.php\/como-comprar-faq\/\">\u00bfC\u00f3mo Comprar? FAQ<\/a>, en la cual encontraras de forma m\u00e1s detallada las instrucciones de como comprar, servicio de asesor\u00eda y cotizaciones, formas de pago, env\u00edos a nivel nacional e internacional, garant\u00eda y otros temas relacionados.<\/li>\n<li><span style=\"font-size: 11.5pt; font-family: Roboto; color: #626262;\">Asesor\u00eda, cotizaciones dudas y comentarios: Si tiene cualquier duda o comentario, nos puede escribir o llamar via WhatsApp agregando el numero +57 3006000144 o directamente desde este <a href=\"https:\/\/wa.me\/+573006000144\">enlace<\/a>\u00a0 <\/span><a href=\"https:\/\/wa.me\/+573006000144\"><span style=\"font-size: 11.5pt; font-family: Roboto; color: #626262;\">https:\/\/wa.me\/+573006000144<\/span><\/a><span style=\"font-size: 11.5pt; font-family: Roboto; color: #626262;\">\u00a0 \u00a0 Tambi\u00e9n puede enviarnos un correo electr\u00f3nico a la direcci\u00f3n <a href=\"mailto:ventas@ayudasparatodos.com\">ventas@ayudasparatodos.com<\/a><\/span><\/li>\n<li><strong>Pagos en Colombia por transferencia Bancolombia o Nequi. Tambi\u00e9n recibimos pagos por tarjeta cr\u00e9dito o debito. Si la alternativa de pago no esta disponible en su pa\u00eds, tambi\u00e9n puede pagar por Giro en western Union o Paypal. Favor contactarnos al correo ventas@ayudasparatodos.com para generarle un enlace de pago personalizado por el valor de los art\u00edculos + el valor del envi\u00f3 seg\u00fan su ubicaci\u00f3n y con su moneda local. Despachos a nivel nacional e internacional desde Medell\u00edn &#8211; Colombia.<\/strong><\/li>\n<\/ul>\n","protected":false},"excerpt":{"rendered":"<p>Scrabble Accesible &#8211; Juego de crucigramas mundialmente famoso &#8211; Adaptado con Braille<\/p>\n","protected":false},"featured_media":52792,"template":"","meta":[],"product_cat":[442,434],"product_tag":[615,582,583,580,616],"class_list":["post-52780","product","type-product","status-publish","has-post-thumbnail","hentry","product_cat-juegos-y-juguetes-discapacidad-visual","product_cat-juegos-y-juguetes-con-braille","product_tag-juego-de-mesa-scrabble-con-braille-para-personas-con-baja-vision-ciegos","product_tag-juegos-y-juguetes-ocio-y-recreacion-personas-con-discapacidad-visual-baja-vision-ciegos-invidentes","product_tag-venta-de-juegos-para-adultos-mayores-con-baja-vision-discapacidad-visual","product_tag-venta-de-juegos-y-juguetes-para-ninos-ciegos-discapacidad-visual-baja-vision","product_tag-venta-de-juegos-y-juguetes-para-personas-con-discapacidad-visual-baja-vision-ciegos","description-off"],"_links":{"self":[{"href":"https:\/\/ayudasparatodos.com\/index.php\/wp-json\/wp\/v3\/product\/52780"}],"collection":[{"href":"https:\/\/ayudasparatodos.com\/index.php\/wp-json\/wp\/v3\/product"}],"about":[{"href":"https:\/\/ayudasparatodos.com\/index.php\/wp-json\/wp\/v2\/types\/product"}],"wp:featuredmedia":[{"embeddable":true,"href":"https:\/\/ayudasparatodos.com\/index.php\/wp-json\/wp\/v2\/media\/52792"}],"wp:attachment":[{"href":"https:\/\/ayudasparatodos.com\/index.php\/wp-json\/wp\/v2\/media?parent=52780"}],"wp:term":[{"taxonomy":"product_cat","embeddable":true,"href":"https:\/\/ayudasparatodos.com\/index.php\/wp-json\/wp\/v2\/product_cat?post=52780"},{"taxonomy":"product_tag","embeddable":true,"href":"https:\/\/ayudasparatodos.com\/index.php\/wp-json\/wp\/v2\/product_tag?post=52780"}],"curies":[{"name":"wp","href":"https:\/\/api.w.org\/{rel}","templated":true}]}}