{"id":52807,"date":"2024-04-08T16:12:39","date_gmt":"2024-04-08T16:12:39","guid":{"rendered":"https:\/\/ayudasparatodos.com\/?post_type=product&#038;p=52807"},"modified":"2024-04-08T16:12:42","modified_gmt":"2024-04-08T16:12:42","slug":"tablero-para-dibujar-y-escribir-en-relieve-para-ciegos-y-estudiantes-con-baja-vision","status":"publish","type":"product","link":"https:\/\/ayudasparatodos.com\/index.php\/producto\/tablero-para-dibujar-y-escribir-en-relieve-para-ciegos-y-estudiantes-con-baja-vision\/","title":{"rendered":"Tablero para dibujar y escribir en relieve para ciegos y estudiantes con baja visi\u00f3n"},"content":{"rendered":"<div>Crea im\u00e1genes en relieve, toca y observa mientras dibujas<\/div>\n<div><\/div>\n<div>Caracter\u00edsticas del producto<\/div>\n<div>Cree dibujos t\u00e1ctiles con l\u00edneas en relieve que se puedan tocar Y ver.<\/div>\n<div>Siente tu trabajo mientras dibujas; no es necesario dibujar al rev\u00e9s.<\/div>\n<div>Utiliza papel de copia est\u00e1ndar y bol\u00edgrafo mediano.<\/div>\n<div>Herramienta de ense\u00f1anza invaluable; crear dibujos t\u00e1ctiles para estudiantes ciegos.<\/div>\n<div>Los padres y los ni\u00f1os (ciegos o videntes) pueden dibujar juntos.<\/div>\n<div>Los ni\u00f1os ciegos pueden practicar la escritura, los garabatos o el dibujo.<\/div>\n<div>\u00a1Un dise\u00f1o elegante que es simplemente sensacional! Mide aproximadamente 11-3\/4 pulgadas por 9 pulgadas por 3\/4 pulgadas.<\/div>\n<div>Peso del paquete: aproximadamente 7,3 onzas.<\/div>\n<div><\/div>\n<div>Descripci\u00f3n del Producto<\/div>\n<div>\u00a1Es casi m\u00e1gico! \u00a1Im\u00e1genes en un instante, dibujos con l\u00edneas en relieve que cualquiera puede crear en cualquier lugar! Puedes sentir tu dibujo mientras dibujas, no es necesario voltear el papel ni dibujar al rev\u00e9s.<\/div>\n<div>Coloque una hoja de papel de copia est\u00e1ndar de 8-1\/2&#8243; X 11&#8243; en este tablero de dibujo con l\u00edneas en relieve especialmente dise\u00f1ado. Luego, usando un bol\u00edgrafo mediano, presione firmemente mientras dibuja.<\/div>\n<div><\/div>\n<div>Ahora puedes crear im\u00e1genes t\u00e1ctiles de forma r\u00e1pida y sencilla. Dibuja tus propios dibujos con l\u00edneas en relieve o calca copias de libros de texto o materiales de referencia.<\/div>\n<div><\/div>\n<div>Los profesores, padres, estudiantes y ni\u00f1os ahora pueden realizar proyectos de arte juntos sin esfuerzo. A medida que dibuja, las l\u00edneas pueden verse y tocarse y, por lo tanto, las personas ciegas y videntes pueden disfrutarlas por igual.<\/div>\n<div><\/div>\n<div>Con un peso de s\u00f3lo siete onzas, la Sensational BlackBoard es lo suficientemente flexible como para no romperse en su mochila, pero lo suficientemente r\u00edgida como para dibujar en su regazo. Y su superficie lisa y recubierta de goma mantiene el papel en su lugar sin el uso de abrazaderas.<\/div>\n<p>&nbsp;<\/p>\n<ul>\n<li>Producto importado, venta bajo pedido con pago previo por el valor total del articulo.<\/li>\n<li>FAVOR ANTES DE OFERTAR, confirmar precio actual (por variaciones del valor del d\u00f3lar) y tambi\u00e9n CONFIRMAR QUE PUEDE ESPERAR LOS TIEMPOS DE ENTREGA\u00a0 que normalmente son entre 2-4 semanas.<\/li>\n<li>Cuando recibamos el pedido en nuestra oficina en Medell\u00edn-Colombia, le enviaremos un mensaje al comprador, si se encuentra en Medell\u00edn puede pasar a recogerlo personalmente en nuestra oficina, o tambi\u00e9n podemos hacer el envios a nivel nacional o internacional (Valor del envio cargo del comprador).<\/li>\n<li>Desde Ayudas para TODOS, estamos trabajando para ofrecerles el mayor Marketplace inclusivo a nivel mundial. Reuniendo en 1 solo sitio todos los productos que puedan necesitar, m\u00e1s de 5.000 referencias de art\u00edculos especializados que puedan necesitar instituciones y personas con o sin discapacidad, para apoyar procesos de inclusi\u00f3n, ayudando a superar las barreras que se pueden presentar al momento de estudiar, de trabajar, y en las dem\u00e1s actividades de la vida diaria.<\/li>\n<li>\u00bfNo est\u00e1 seguro sobre qu\u00e9 tipo de dispositivo o producto de apoyo debe comprar? Contamos con expertos para estudiar sus necesidades y asesorarlo recomend\u00e1ndole la ayuda o el conjunto de ayudas m\u00e1s adecuadas \u00bfNecesitas un producto y no lo encuentras en nuestro catalogo online? Cont\u00e1ctanos para ayudarte a conseguirlo. \u00bfEres emprendedor y tienes un gran producto inclusivo que quisieras promocionar en nuestra plataforma? <a href=\"https:\/\/ayudasparatodos.com\/index.php\/contact\/\">Cont\u00e1ctanos<\/a><\/li>\n<li>Visita la secci\u00f3n sobre <a href=\"https:\/\/ayudasparatodos.com\/index.php\/como-comprar-faq\/\">\u00bfC\u00f3mo Comprar? FAQ<\/a>, en la cual encontraras de forma m\u00e1s detallada las instrucciones de como comprar, servicio de asesor\u00eda y cotizaciones, formas de pago, env\u00edos a nivel nacional e internacional, garant\u00eda y otros temas relacionados.<\/li>\n<li><span style=\"font-size: 11.5pt; font-family: Roboto; color: #626262;\">Asesor\u00eda, cotizaciones dudas y comentarios: Si tiene cualquier duda o comentario, nos puede escribir o llamar via WhatsApp agregando el numero +57 3006000144 o directamente desde este <a href=\"https:\/\/wa.me\/+573006000144\">enlace<\/a>\u00a0 <\/span><a href=\"https:\/\/wa.me\/+573006000144\"><span style=\"font-size: 11.5pt; font-family: Roboto; color: #626262;\">https:\/\/wa.me\/+573006000144<\/span><\/a><span style=\"font-size: 11.5pt; font-family: Roboto; color: #626262;\">\u00a0 \u00a0 Tambi\u00e9n puede enviarnos un correo electr\u00f3nico a la direcci\u00f3n <a href=\"mailto:ventas@ayudasparatodos.com\">ventas@ayudasparatodos.com<\/a><\/span><\/li>\n<li><strong>Pagos en Colombia por transferencia Bancolombia o Nequi. Tambi\u00e9n recibimos pagos por tarjeta cr\u00e9dito o debito. Si la alternativa de pago no esta disponible en su pa\u00eds, tambi\u00e9n puede pagar por Giro en western Union o Paypal. Favor contactarnos al correo ventas@ayudasparatodos.com para generarle un enlace de pago personalizado por el valor de los art\u00edculos + el valor del envi\u00f3 seg\u00fan su ubicaci\u00f3n y con su moneda local. Despachos a nivel nacional e internacional desde Medell\u00edn &#8211; Colombia.<\/strong><\/li>\n<\/ul>\n","protected":false},"excerpt":{"rendered":"<p>Crea im\u00e1genes en relieve, toca y observa mientras dibujas<\/p>\n","protected":false},"featured_media":52815,"template":"","meta":[],"product_cat":[443,442,547],"product_tag":[504,505,510,508,511,509,512,503,506,507,624],"class_list":["post-52807","product","type-product","status-publish","has-post-thumbnail","hentry","product_cat-educacion-y-manualidades-discapacidad-visual","product_cat-juegos-y-juguetes-discapacidad-visual","product_cat-marcar-y-etiquetar-visual","product_tag-ayudas-tecnicas-inclusion-educativa","product_tag-ayudas-tiflologicas-educativas-colegio-educacion-ciegos-baja-vision","product_tag-colegio-inclusion-ninos-estudiantes-con-discapacidad-visual","product_tag-educacion-inclusiva-ciegos","product_tag-inclusion-educativa-escuela-inclusiva-estudiantes-invidente","product_tag-inclusion-educativa-ninos-ciegos","product_tag-material-educativo-estudiantes-invidentes","product_tag-productos-de-apoyo-educacion-discapacidad-visual-inclusion-educativa","product_tag-productos-dea-poyo-educacion-ciegos-baja-vision","product_tag-productos-material-educativo-adaptado-apra-ciegos-baja-vision-inclusion-educativa-colegio-ciegos","product_tag-tablero-para-dibujar-y-escribir-en-relieve-para-ciegos-y-estudiantes-con-baja-vision","description-off"],"_links":{"self":[{"href":"https:\/\/ayudasparatodos.com\/index.php\/wp-json\/wp\/v3\/product\/52807"}],"collection":[{"href":"https:\/\/ayudasparatodos.com\/index.php\/wp-json\/wp\/v3\/product"}],"about":[{"href":"https:\/\/ayudasparatodos.com\/index.php\/wp-json\/wp\/v2\/types\/product"}],"wp:featuredmedia":[{"embeddable":true,"href":"https:\/\/ayudasparatodos.com\/index.php\/wp-json\/wp\/v2\/media\/52815"}],"wp:attachment":[{"href":"https:\/\/ayudasparatodos.com\/index.php\/wp-json\/wp\/v2\/media?parent=52807"}],"wp:term":[{"taxonomy":"product_cat","embeddable":true,"href":"https:\/\/ayudasparatodos.com\/index.php\/wp-json\/wp\/v2\/product_cat?post=52807"},{"taxonomy":"product_tag","embeddable":true,"href":"https:\/\/ayudasparatodos.com\/index.php\/wp-json\/wp\/v2\/product_tag?post=52807"}],"curies":[{"name":"wp","href":"https:\/\/api.w.org\/{rel}","templated":true}]}}