{"id":52809,"date":"2024-04-08T16:16:41","date_gmt":"2024-04-08T16:16:41","guid":{"rendered":"https:\/\/ayudasparatodos.com\/?post_type=product&#038;p=52809"},"modified":"2024-04-08T16:16:43","modified_gmt":"2024-04-08T16:16:43","slug":"tablero-para-dibujar-en-alto-relieve-para-ciegos-y-estudiantes-con-baja-vision","status":"publish","type":"product","link":"https:\/\/ayudasparatodos.com\/index.php\/producto\/tablero-para-dibujar-en-alto-relieve-para-ciegos-y-estudiantes-con-baja-vision\/","title":{"rendered":"Tablero para dibujar en alto relieve para ciegos y estudiantes con baja visi\u00f3n"},"content":{"rendered":"<div>Haga im\u00e1genes t\u00e1ctiles con papel y l\u00e1piz normales<\/div>\n<div><\/div>\n<div>Caracter\u00edsticas del producto<\/div>\n<div>Haz dibujos en relieve con papel y l\u00e1piz normal.<\/div>\n<div>\u00datil para mapas, dibujos infantiles, geometr\u00eda y diagramas.<\/div>\n<div>Innovador y f\u00e1cil de usar.<\/div>\n<div>Dibujar al rev\u00e9s; voltea la p\u00e1gina para sentir las l\u00edneas elevadas.<\/div>\n<div>Abre la puerta a un mundo completamente nuevo de representaciones t\u00e1ctiles.<\/div>\n<div>Mide aproximadamente 11 por 10 por 1\/2 pulgada.<\/div>\n<div>Peso del paquete: alrededor de 12 onzas.<\/div>\n<div><\/div>\n<div>Descripci\u00f3n del Producto<\/div>\n<div>\u00a1Aqu\u00ed tienes un nuevo producto revolucionario! \u00bfCu\u00e1ntas veces su hijo ciego ha querido hacer un dibujo, igual que sus amigos videntes? \u00bfO alguna vez (como maestro) ha necesitado dibujarle a su estudiante con discapacidad visual un diagrama que realmente pueda sentir?<\/div>\n<div>Nuestro tablero de dibujo t\u00e1ctil es una herramienta sencilla y eficaz que puede utilizar para hacer ambas cosas y m\u00e1s. B\u00e1sicamente, simplemente coloque una hoja de papel normal de 8,5&#8243; X 11&#8243; en el marco de esta tabla de madera especialmente dise\u00f1ada. Luego, utilizando un bol\u00edgrafo com\u00fan o un l\u00e1piz Braille, simplemente dibuja lo que quieras, presionando firmemente. Al instante, podr\u00e1s sentir un contorno claro de lo que has dibujado. Y cuando le des la vuelta a la p\u00e1gina, tendr\u00e1s un diagrama perfectamente elevado en el reverso, y cada detalle se sentir\u00e1 f\u00e1cilmente.<\/div>\n<div><\/div>\n<div>Nunca antes hab\u00eda existido un sistema de extracci\u00f3n en relieve tan asequible para los ciegos. Ahora, los ni\u00f1os ciegos pueden hacer dibujos a su gusto; y, en cuesti\u00f3n de segundos, los padres y profesores pueden producir diagramas t\u00e1ctiles de lo que antes eran \u00abconceptos visuales\u00bb. Quiz\u00e1s lo mejor de todo es que no necesita hojas de pl\u00e1stico ni instrumentos de escritura costosos y especializados para hacerlo: \u00a1un papel fino para copiar o incluso un papel Braille grueso funcionar\u00e1n bien!<\/div>\n<div><\/div>\n<p>&nbsp;<\/p>\n<ul>\n<li>Producto importado, venta bajo pedido con pago previo por el valor total del articulo.<\/li>\n<li>FAVOR ANTES DE OFERTAR, confirmar precio actual (por variaciones del valor del d\u00f3lar) y tambi\u00e9n CONFIRMAR QUE PUEDE ESPERAR LOS TIEMPOS DE ENTREGA\u00a0 que normalmente son entre 2-4 semanas.<\/li>\n<li>Cuando recibamos el pedido en nuestra oficina en Medell\u00edn-Colombia, le enviaremos un mensaje al comprador, si se encuentra en Medell\u00edn puede pasar a recogerlo personalmente en nuestra oficina, o tambi\u00e9n podemos hacer el envios a nivel nacional o internacional (Valor del envio cargo del comprador).<\/li>\n<li>Desde Ayudas para TODOS, estamos trabajando para ofrecerles el mayor Marketplace inclusivo a nivel mundial. Reuniendo en 1 solo sitio todos los productos que puedan necesitar, m\u00e1s de 5.000 referencias de art\u00edculos especializados que puedan necesitar instituciones y personas con o sin discapacidad, para apoyar procesos de inclusi\u00f3n, ayudando a superar las barreras que se pueden presentar al momento de estudiar, de trabajar, y en las dem\u00e1s actividades de la vida diaria.<\/li>\n<li>\u00bfNo est\u00e1 seguro sobre qu\u00e9 tipo de dispositivo o producto de apoyo debe comprar? Contamos con expertos para estudiar sus necesidades y asesorarlo recomend\u00e1ndole la ayuda o el conjunto de ayudas m\u00e1s adecuadas \u00bfNecesitas un producto y no lo encuentras en nuestro catalogo online? Cont\u00e1ctanos para ayudarte a conseguirlo. \u00bfEres emprendedor y tienes un gran producto inclusivo que quisieras promocionar en nuestra plataforma? <a href=\"https:\/\/ayudasparatodos.com\/index.php\/contact\/\">Cont\u00e1ctanos<\/a><\/li>\n<li>Visita la secci\u00f3n sobre <a href=\"https:\/\/ayudasparatodos.com\/index.php\/como-comprar-faq\/\">\u00bfC\u00f3mo Comprar? FAQ<\/a>, en la cual encontraras de forma m\u00e1s detallada las instrucciones de como comprar, servicio de asesor\u00eda y cotizaciones, formas de pago, env\u00edos a nivel nacional e internacional, garant\u00eda y otros temas relacionados.<\/li>\n<li><span style=\"font-size: 11.5pt; font-family: Roboto; color: #626262;\">Asesor\u00eda, cotizaciones dudas y comentarios: Si tiene cualquier duda o comentario, nos puede escribir o llamar via WhatsApp agregando el numero +57 3006000144 o directamente desde este <a href=\"https:\/\/wa.me\/+573006000144\">enlace<\/a>\u00a0 <\/span><a href=\"https:\/\/wa.me\/+573006000144\"><span style=\"font-size: 11.5pt; font-family: Roboto; color: #626262;\">https:\/\/wa.me\/+573006000144<\/span><\/a><span style=\"font-size: 11.5pt; font-family: Roboto; color: #626262;\">\u00a0 \u00a0 Tambi\u00e9n puede enviarnos un correo electr\u00f3nico a la direcci\u00f3n <a href=\"mailto:ventas@ayudasparatodos.com\">ventas@ayudasparatodos.com<\/a><\/span><\/li>\n<li><strong>Pagos en Colombia por transferencia Bancolombia o Nequi. Tambi\u00e9n recibimos pagos por tarjeta cr\u00e9dito o debito. Si la alternativa de pago no esta disponible en su pa\u00eds, tambi\u00e9n puede pagar por Giro en western Union o Paypal. Favor contactarnos al correo ventas@ayudasparatodos.com para generarle un enlace de pago personalizado por el valor de los art\u00edculos + el valor del envi\u00f3 seg\u00fan su ubicaci\u00f3n y con su moneda local. Despachos a nivel nacional e internacional desde Medell\u00edn &#8211; Colombia.<\/strong><\/li>\n<\/ul>\n","protected":false},"excerpt":{"rendered":"<p>Haga im\u00e1genes t\u00e1ctiles con papel y l\u00e1piz normales<\/p>\n","protected":false},"featured_media":52816,"template":"","meta":[],"product_cat":[443,442],"product_tag":[504,505,510,508,511,509,512,503,506,507,625],"class_list":["post-52809","product","type-product","status-publish","has-post-thumbnail","hentry","product_cat-educacion-y-manualidades-discapacidad-visual","product_cat-juegos-y-juguetes-discapacidad-visual","product_tag-ayudas-tecnicas-inclusion-educativa","product_tag-ayudas-tiflologicas-educativas-colegio-educacion-ciegos-baja-vision","product_tag-colegio-inclusion-ninos-estudiantes-con-discapacidad-visual","product_tag-educacion-inclusiva-ciegos","product_tag-inclusion-educativa-escuela-inclusiva-estudiantes-invidente","product_tag-inclusion-educativa-ninos-ciegos","product_tag-material-educativo-estudiantes-invidentes","product_tag-productos-de-apoyo-educacion-discapacidad-visual-inclusion-educativa","product_tag-productos-dea-poyo-educacion-ciegos-baja-vision","product_tag-productos-material-educativo-adaptado-apra-ciegos-baja-vision-inclusion-educativa-colegio-ciegos","product_tag-tablero-para-dibujar-en-alto-relieve-para-ciegos-y-estudiantes-con-baja-vision","description-off"],"_links":{"self":[{"href":"https:\/\/ayudasparatodos.com\/index.php\/wp-json\/wp\/v3\/product\/52809"}],"collection":[{"href":"https:\/\/ayudasparatodos.com\/index.php\/wp-json\/wp\/v3\/product"}],"about":[{"href":"https:\/\/ayudasparatodos.com\/index.php\/wp-json\/wp\/v2\/types\/product"}],"wp:featuredmedia":[{"embeddable":true,"href":"https:\/\/ayudasparatodos.com\/index.php\/wp-json\/wp\/v2\/media\/52816"}],"wp:attachment":[{"href":"https:\/\/ayudasparatodos.com\/index.php\/wp-json\/wp\/v2\/media?parent=52809"}],"wp:term":[{"taxonomy":"product_cat","embeddable":true,"href":"https:\/\/ayudasparatodos.com\/index.php\/wp-json\/wp\/v2\/product_cat?post=52809"},{"taxonomy":"product_tag","embeddable":true,"href":"https:\/\/ayudasparatodos.com\/index.php\/wp-json\/wp\/v2\/product_tag?post=52809"}],"curies":[{"name":"wp","href":"https:\/\/api.w.org\/{rel}","templated":true}]}}