{"id":52828,"date":"2024-04-09T01:54:03","date_gmt":"2024-04-09T01:54:03","guid":{"rendered":"https:\/\/ayudasparatodos.com\/?post_type=product&#038;p=52828"},"modified":"2024-04-09T01:54:05","modified_gmt":"2024-04-09T01:54:05","slug":"baston-guia-plegable-ambutech-diferentes-tamanos-ciegos-baja-vision","status":"publish","type":"product","link":"https:\/\/ayudasparatodos.com\/index.php\/producto\/baston-guia-plegable-ambutech-diferentes-tamanos-ciegos-baja-vision\/","title":{"rendered":"Bast\u00f3n Gu\u00eda Plegable Ambutech diferentes tama\u00f1os, ciegos baja visi\u00f3n"},"content":{"rendered":"<div>Ayuda de movilidad imprescindible: construcci\u00f3n s\u00f3lida como una roca<\/div>\n<div><\/div>\n<div>\n<p>Hay disponibilidad de tama\u00f1os entre 36 y 64 pulgadas, confirmar disponibilidad del tama\u00f1o deseado antes de hacer el pedido<\/p>\n<\/div>\n<div><\/div>\n<div>Caracter\u00edsticas del producto<\/div>\n<div>Fabricado por un fabricante norteamericano de marca confiable.<\/div>\n<div>Dise\u00f1ado para durar kil\u00f3metros de viaje.<\/div>\n<div>La empu\u00f1adura de golf de goma negra es c\u00f3moda de sostener.<\/div>\n<div>El bast\u00f3n est\u00e1 hecho de aluminio de gran calibre.<\/div>\n<div>El dise\u00f1o de articulaci\u00f3n resistente proporciona una transmisi\u00f3n t\u00e1ctil superior.<\/div>\n<div>El m\u00e9todo de montaje de doble el\u00e1stico garantiza una mayor durabilidad.<\/div>\n<div>La resistente punta de nailon tipo malvavisco no se desgasta f\u00e1cilmente.<\/div>\n<div>Peso del paquete: alrededor de 13,2 onzas.<\/div>\n<div><\/div>\n<div>Descripci\u00f3n del Producto<\/div>\n<div>Aprender a utilizar el bast\u00f3n largo blanco cuando se viaja siendo ciego es el primer paso para poder desplazarse de forma independiente. Una vez que tenga su propio bast\u00f3n (y haya recibido entrenamiento adecuado de orientaci\u00f3n y movilidad), podr\u00e1 tocar el bast\u00f3n frente a usted para detectar obst\u00e1culos, mantenerse seguro al cruzar calles, etc.<\/div>\n<div>Y como las situaciones en las que una persona ciega necesita pedirle una mano o direcciones a alguien son bastante comunes (especialmente al principio), puede ser de gran ayuda si llevas un bast\u00f3n blanco contigo. El bast\u00f3n blanco es un s\u00edmbolo universalmente reconocido, por lo que todos entender\u00e1n inmediatamente por qu\u00e9 pides ayuda.<\/div>\n<div><\/div>\n<div>Estos bastones son fabricados por AmbuTech, un productor de ayudas de movilidad para ciegos de renombre internacional. Est\u00e1n hechos de aluminio de gran espesor y pueden soportar un abuso considerable. Su robusto dise\u00f1o de articulaci\u00f3n proporciona una transmisi\u00f3n t\u00e1ctil superior y el m\u00e9todo de ensamblaje de doble el\u00e1stico garantiza una mayor durabilidad. La parte superior del bast\u00f3n tiene un c\u00f3modo agarre de goma de lados planos est\u00e1ndar, similar al que se encuentra en un palo de golf. El bast\u00f3n viene completo con una punta de malvavisco estacionaria (ya adjunta para su comodidad), que es de lejos la punta m\u00e1s popular que existe en estos d\u00edas. Adem\u00e1s, una tira de cinta reflectante de color rojo brillante cerca de la punta del bast\u00f3n te ayudar\u00e1 a ser m\u00e1s visible tanto para los automovilistas como para los peatones cuando est\u00e9s en movimiento de noche.<\/div>\n<div><\/div>\n<div>Siempre port\u00e1tiles, nuestros bastones se pueden plegar y desplegar con facilidad. Cuando no est\u00e9 en uso, su bast\u00f3n tendr\u00e1 alrededor de un pie de largo, que es lo suficientemente peque\u00f1o como para guardarlo en una mochila, guardarlo debajo de una silla o colocarlo sobre su regazo o al lado de un asiento. Naturalmente, hay un cord\u00f3n el\u00e1stico resistente unido al mango que puedes enrollar alrededor de las cuatro secciones para asegurar que el bast\u00f3n no se abra cuando no lo esperas.<\/div>\n<div><\/div>\n<div>Un \u00faltimo punto: nuestros bastones blancos est\u00e1n disponibles en quince longitudes diferentes, que van desde treinta y seis hasta sesenta y cuatro pulgadas. La longitud concreta preferida por el usuario invidente var\u00eda mucho de persona a persona. Pero, en t\u00e9rminos generales, el bast\u00f3n casi deber\u00eda llegar hasta el hombro (ese es el extremo m\u00e1s corto de la escala), o llegar casi hasta la frente (lo m\u00e1s largo que alguien quisiera que fuera). Por ejemplo, si alguien mide 5 pies 8 pulgadas, un bast\u00f3n de 52 a 56 pulgadas deber\u00eda funcionar bien.<\/div>\n<p>&nbsp;<\/p>\n<ul>\n<li>Producto importado, venta bajo pedido con pago previo por el valor total del articulo.<\/li>\n<li>FAVOR ANTES DE OFERTAR, confirmar precio actual (por variaciones del valor del d\u00f3lar) y tambi\u00e9n CONFIRMAR QUE PUEDE ESPERAR LOS TIEMPOS DE ENTREGA\u00a0 que normalmente son entre 2-4 semanas.<\/li>\n<li>Cuando recibamos el pedido en nuestra oficina en Medell\u00edn-Colombia, le enviaremos un mensaje al comprador, si se encuentra en Medell\u00edn puede pasar a recogerlo personalmente en nuestra oficina, o tambi\u00e9n podemos hacer el envios a nivel nacional o internacional (Valor del envio cargo del comprador).<\/li>\n<li>Desde Ayudas para TODOS, estamos trabajando para ofrecerles el mayor Marketplace inclusivo a nivel mundial. Reuniendo en 1 solo sitio todos los productos que puedan necesitar, m\u00e1s de 5.000 referencias de art\u00edculos especializados que puedan necesitar instituciones y personas con o sin discapacidad, para apoyar procesos de inclusi\u00f3n, ayudando a superar las barreras que se pueden presentar al momento de estudiar, de trabajar, y en las dem\u00e1s actividades de la vida diaria.<\/li>\n<li>\u00bfNo est\u00e1 seguro sobre qu\u00e9 tipo de dispositivo o producto de apoyo debe comprar? Contamos con expertos para estudiar sus necesidades y asesorarlo recomend\u00e1ndole la ayuda o el conjunto de ayudas m\u00e1s adecuadas \u00bfNecesitas un producto y no lo encuentras en nuestro catalogo online? Cont\u00e1ctanos para ayudarte a conseguirlo. \u00bfEres emprendedor y tienes un gran producto inclusivo que quisieras promocionar en nuestra plataforma? <a href=\"https:\/\/ayudasparatodos.com\/index.php\/contact\/\">Cont\u00e1ctanos<\/a><\/li>\n<li>Visita la secci\u00f3n sobre <a href=\"https:\/\/ayudasparatodos.com\/index.php\/como-comprar-faq\/\">\u00bfC\u00f3mo Comprar? FAQ<\/a>, en la cual encontraras de forma m\u00e1s detallada las instrucciones de como comprar, servicio de asesor\u00eda y cotizaciones, formas de pago, env\u00edos a nivel nacional e internacional, garant\u00eda y otros temas relacionados.<\/li>\n<li><span style=\"font-size: 11.5pt; font-family: Roboto; color: #626262;\">Asesor\u00eda, cotizaciones dudas y comentarios: Si tiene cualquier duda o comentario, nos puede escribir o llamar via WhatsApp agregando el numero +57 3006000144 o directamente desde este <a href=\"https:\/\/wa.me\/+573006000144\">enlace<\/a>\u00a0 <\/span><a href=\"https:\/\/wa.me\/+573006000144\"><span style=\"font-size: 11.5pt; font-family: Roboto; color: #626262;\">https:\/\/wa.me\/+573006000144<\/span><\/a><span style=\"font-size: 11.5pt; font-family: Roboto; color: #626262;\">\u00a0 \u00a0 Tambi\u00e9n puede enviarnos un correo electr\u00f3nico a la direcci\u00f3n <a href=\"mailto:ventas@ayudasparatodos.com\">ventas@ayudasparatodos.com<\/a><\/span><\/li>\n<li><strong>Pagos en Colombia por transferencia Bancolombia o Nequi. Tambi\u00e9n recibimos pagos por tarjeta cr\u00e9dito o debito. Si la alternativa de pago no esta disponible en su pa\u00eds, tambi\u00e9n puede pagar por Giro en western Union o Paypal. Favor contactarnos al correo ventas@ayudasparatodos.com para generarle un enlace de pago personalizado por el valor de los art\u00edculos + el valor del envi\u00f3 seg\u00fan su ubicaci\u00f3n y con su moneda local. Despachos a nivel nacional e internacional desde Medell\u00edn &#8211; Colombia.<\/strong><\/li>\n<\/ul>\n","protected":false},"excerpt":{"rendered":"<p>Ayuda de movilidad imprescindible: construcci\u00f3n s\u00f3lida como una roca<\/p>\n","protected":false},"featured_media":52843,"template":"","meta":[],"product_cat":[445],"product_tag":[632,636,635,630,633,631],"class_list":["post-52828","product","type-product","status-publish","has-post-thumbnail","hentry","product_cat-baston-guia-blanco-y-movilidad-para-ciegos-y-baja-vision","product_tag-ayudas-movilidad-ciegos","product_tag-baston-guia-plegable-ambutech-diferentes-tamanos","product_tag-ciegos-baja-vision","product_tag-venta-baston-guia-para-ciegos-baja-vision","product_tag-venta-de-bastones-guias-para-ciegos-y-puntas-de-repuesto-para-ciegos","product_tag-vetna-baston-guia-blanco-y-rojo-invidentes-ciegos-discapacidad-visual","description-off"],"_links":{"self":[{"href":"https:\/\/ayudasparatodos.com\/index.php\/wp-json\/wp\/v3\/product\/52828"}],"collection":[{"href":"https:\/\/ayudasparatodos.com\/index.php\/wp-json\/wp\/v3\/product"}],"about":[{"href":"https:\/\/ayudasparatodos.com\/index.php\/wp-json\/wp\/v2\/types\/product"}],"wp:featuredmedia":[{"embeddable":true,"href":"https:\/\/ayudasparatodos.com\/index.php\/wp-json\/wp\/v2\/media\/52843"}],"wp:attachment":[{"href":"https:\/\/ayudasparatodos.com\/index.php\/wp-json\/wp\/v2\/media?parent=52828"}],"wp:term":[{"taxonomy":"product_cat","embeddable":true,"href":"https:\/\/ayudasparatodos.com\/index.php\/wp-json\/wp\/v2\/product_cat?post=52828"},{"taxonomy":"product_tag","embeddable":true,"href":"https:\/\/ayudasparatodos.com\/index.php\/wp-json\/wp\/v2\/product_tag?post=52828"}],"curies":[{"name":"wp","href":"https:\/\/api.w.org\/{rel}","templated":true}]}}