{"id":52831,"date":"2024-04-09T02:21:45","date_gmt":"2024-04-09T02:21:45","guid":{"rendered":"https:\/\/ayudasparatodos.com\/?post_type=product&#038;p=52831"},"modified":"2024-04-09T02:21:46","modified_gmt":"2024-04-09T02:21:46","slug":"estuche-para-cargar-transportar-guardar-baston-guia-plegable-ciegos-baja-vision","status":"publish","type":"product","link":"https:\/\/ayudasparatodos.com\/index.php\/producto\/estuche-para-cargar-transportar-guardar-baston-guia-plegable-ciegos-baja-vision\/","title":{"rendered":"Estuche para cargar transportar guardar bast\u00f3n gu\u00eda plegable, ciegos baja visi\u00f3n"},"content":{"rendered":"<p>Estuche de transporte de mezclilla para mantener su bast\u00f3n listo<\/p>\n<p>Caracter\u00edsticas del producto<\/p>\n<p>Color azul.<\/p>\n<p>Peso del paquete: alrededor de 3,7 onzas.<\/p>\n<p>&nbsp;<\/p>\n<p>Descripci\u00f3n del Producto<\/p>\n<p>F: Funda vaquera gruesa y resistente, dise\u00f1ada espec\u00edficamente para un bast\u00f3n blanco.<\/p>\n<p>Le permite llevar su bast\u00f3n a donde quiera que vaya.<\/p>\n<p>Mantiene tu bast\u00f3n justo a tu lado.<\/p>\n<p>Cuenta con una amplia apertura en la parte superior para facilitar el deslizamiento del bast\u00f3n.<\/p>\n<p>Tiene una abertura m\u00e1s peque\u00f1a en la parte inferior para sujetar el bast\u00f3n c\u00f3modamente en su lugar.<\/p>\n<p>Equipado con un clip para cintur\u00f3n resistente recubierto de denim.<\/p>\n<p>Incluso cuando est\u00e1 plegado, el bast\u00f3n blanco no es un art\u00edculo conveniente para llevar consigo. No cabe muy bien en el bolsillo trasero y cargarlo en el bolso tampoco es muy divertido. Esta funda, sin embargo, es la soluci\u00f3n ideal. No solo hace que sea f\u00e1cil llevar su bast\u00f3n a donde quiera que vaya cuando no est\u00e9 en uso, sino que tambi\u00e9n lo mantiene a su lado, donde puede agarrarlo f\u00e1cilmente.<\/p>\n<p>&nbsp;<\/p>\n<p>Esta bolsa denim gruesa y resistente est\u00e1 dise\u00f1ada espec\u00edficamente para un bast\u00f3n blanco. Tiene una abertura m\u00e1s grande en la parte superior para facilitar el deslizamiento del bast\u00f3n. Tambi\u00e9n hay una abertura m\u00e1s peque\u00f1a en la parte inferior para mantenerlo c\u00f3modamente en su lugar, al tiempo que le permite ajustar la altura a la que se asienta. Finalmente, un clip resistente recubierto de denim, similar en estilo al clip para cintur\u00f3n de un bol\u00edgrafo, le permite sujetar la funda a su cintur\u00f3n o pantal\u00f3n en un instante.<\/p>\n<p>&nbsp;<\/p>\n<ul>\n<li>Producto importado, venta bajo pedido con pago previo por el valor total del articulo.<\/li>\n<li>FAVOR ANTES DE OFERTAR, confirmar precio actual (por variaciones del valor del d\u00f3lar) y tambi\u00e9n CONFIRMAR QUE PUEDE ESPERAR LOS TIEMPOS DE ENTREGA\u00a0 que normalmente son entre 2-4 semanas.<\/li>\n<li>Cuando recibamos el pedido en nuestra oficina en Medell\u00edn-Colombia, le enviaremos un mensaje al comprador, si se encuentra en Medell\u00edn puede pasar a recogerlo personalmente en nuestra oficina, o tambi\u00e9n podemos hacer el envios a nivel nacional o internacional (Valor del envio cargo del comprador).<\/li>\n<li>Desde Ayudas para TODOS, estamos trabajando para ofrecerles el mayor Marketplace inclusivo a nivel mundial. Reuniendo en 1 solo sitio todos los productos que puedan necesitar, m\u00e1s de 5.000 referencias de art\u00edculos especializados que puedan necesitar instituciones y personas con o sin discapacidad, para apoyar procesos de inclusi\u00f3n, ayudando a superar las barreras que se pueden presentar al momento de estudiar, de trabajar, y en las dem\u00e1s actividades de la vida diaria.<\/li>\n<li>\u00bfNo est\u00e1 seguro sobre qu\u00e9 tipo de dispositivo o producto de apoyo debe comprar? Contamos con expertos para estudiar sus necesidades y asesorarlo recomend\u00e1ndole la ayuda o el conjunto de ayudas m\u00e1s adecuadas \u00bfNecesitas un producto y no lo encuentras en nuestro catalogo online? Cont\u00e1ctanos para ayudarte a conseguirlo. \u00bfEres emprendedor y tienes un gran producto inclusivo que quisieras promocionar en nuestra plataforma? <a href=\"https:\/\/ayudasparatodos.com\/index.php\/contact\/\">Cont\u00e1ctanos<\/a><\/li>\n<li>Visita la secci\u00f3n sobre <a href=\"https:\/\/ayudasparatodos.com\/index.php\/como-comprar-faq\/\">\u00bfC\u00f3mo Comprar? FAQ<\/a>, en la cual encontraras de forma m\u00e1s detallada las instrucciones de como comprar, servicio de asesor\u00eda y cotizaciones, formas de pago, env\u00edos a nivel nacional e internacional, garant\u00eda y otros temas relacionados.<\/li>\n<li><span style=\"font-size: 11.5pt; font-family: Roboto; color: #626262;\">Asesor\u00eda, cotizaciones dudas y comentarios: Si tiene cualquier duda o comentario, nos puede escribir o llamar via WhatsApp agregando el numero +57 3006000144 o directamente desde este <a href=\"https:\/\/wa.me\/+573006000144\">enlace<\/a>\u00a0 <\/span><a href=\"https:\/\/wa.me\/+573006000144\"><span style=\"font-size: 11.5pt; font-family: Roboto; color: #626262;\">https:\/\/wa.me\/+573006000144<\/span><\/a><span style=\"font-size: 11.5pt; font-family: Roboto; color: #626262;\">\u00a0 \u00a0 Tambi\u00e9n puede enviarnos un correo electr\u00f3nico a la direcci\u00f3n <a href=\"mailto:ventas@ayudasparatodos.com\">ventas@ayudasparatodos.com<\/a><\/span><\/li>\n<li><strong>Pagos en Colombia por transferencia Bancolombia o Nequi. Tambi\u00e9n recibimos pagos por tarjeta cr\u00e9dito o debito. Si la alternativa de pago no esta disponible en su pa\u00eds, tambi\u00e9n puede pagar por Giro en western Union o Paypal. Favor contactarnos al correo ventas@ayudasparatodos.com para generarle un enlace de pago personalizado por el valor de los art\u00edculos + el valor del envi\u00f3 seg\u00fan su ubicaci\u00f3n y con su moneda local. Despachos a nivel nacional e internacional desde Medell\u00edn &#8211; Colombia.<\/strong><\/li>\n<\/ul>\n","protected":false},"excerpt":{"rendered":"<p>Estuche de transporte de mezclilla para mantener su bast\u00f3n listo<\/p>\n","protected":false},"featured_media":52846,"template":"","meta":[],"product_cat":[445],"product_tag":[632,635,639,630,633,631],"class_list":["post-52831","product","type-product","status-publish","has-post-thumbnail","hentry","product_cat-baston-guia-blanco-y-movilidad-para-ciegos-y-baja-vision","product_tag-ayudas-movilidad-ciegos","product_tag-ciegos-baja-vision","product_tag-estuche-para-cargar-transportar-guardar-baston-guia-plegable","product_tag-venta-baston-guia-para-ciegos-baja-vision","product_tag-venta-de-bastones-guias-para-ciegos-y-puntas-de-repuesto-para-ciegos","product_tag-vetna-baston-guia-blanco-y-rojo-invidentes-ciegos-discapacidad-visual","description-off"],"_links":{"self":[{"href":"https:\/\/ayudasparatodos.com\/index.php\/wp-json\/wp\/v3\/product\/52831"}],"collection":[{"href":"https:\/\/ayudasparatodos.com\/index.php\/wp-json\/wp\/v3\/product"}],"about":[{"href":"https:\/\/ayudasparatodos.com\/index.php\/wp-json\/wp\/v2\/types\/product"}],"wp:featuredmedia":[{"embeddable":true,"href":"https:\/\/ayudasparatodos.com\/index.php\/wp-json\/wp\/v2\/media\/52846"}],"wp:attachment":[{"href":"https:\/\/ayudasparatodos.com\/index.php\/wp-json\/wp\/v2\/media?parent=52831"}],"wp:term":[{"taxonomy":"product_cat","embeddable":true,"href":"https:\/\/ayudasparatodos.com\/index.php\/wp-json\/wp\/v2\/product_cat?post=52831"},{"taxonomy":"product_tag","embeddable":true,"href":"https:\/\/ayudasparatodos.com\/index.php\/wp-json\/wp\/v2\/product_tag?post=52831"}],"curies":[{"name":"wp","href":"https:\/\/api.w.org\/{rel}","templated":true}]}}