{"id":52834,"date":"2024-04-22T20:25:21","date_gmt":"2024-04-22T20:25:21","guid":{"rendered":"https:\/\/ayudasparatodos.com\/?post_type=product&#038;p=52834"},"modified":"2024-04-22T20:25:23","modified_gmt":"2024-04-22T20:25:23","slug":"3-puntas-metalicas-deslizantes-de-repuesto-para-baston-ciegos-baja-vision-ambutech","status":"publish","type":"product","link":"https:\/\/ayudasparatodos.com\/index.php\/producto\/3-puntas-metalicas-deslizantes-de-repuesto-para-baston-ciegos-baja-vision-ambutech\/","title":{"rendered":"3 Puntas met\u00e1licas deslizantes de repuesto para bast\u00f3n ciegos baja visi\u00f3n Ambutech"},"content":{"rendered":"<p>La oferta es por 3 unidades<\/p>\n<p>Punta de bast\u00f3n de larga duraci\u00f3n: adecuada para uso en interiores<\/p>\n<p>Caracter\u00edsticas del producto<\/p>\n<p>Hecho de metal; dura m\u00e1s que las puntas de nailon tradicionales.<\/p>\n<p>Ofrece una sensibilidad mejorada y una sensaci\u00f3n m\u00e1s vivaz; Gran elecci\u00f3n para viajeros ciegos.<\/p>\n<p>Ligero; genera un golpe m\u00e1s distintivo y audible.<\/p>\n<p>Permite una f\u00e1cil navegaci\u00f3n a trav\u00e9s de grandes edificios interiores.<\/p>\n<p>Estilo de gancho; simplemente con\u00e9ctelo al cord\u00f3n dentro de su bast\u00f3n.<\/p>\n<p>Peso del paquete: aproximadamente 0,5 onzas.<\/p>\n<p>&nbsp;<\/p>\n<p>Descripci\u00f3n del Producto<\/p>\n<p>De todos los consejos que ofrecemos, dir\u00edamos que este en concreto es la segunda opci\u00f3n m\u00e1s popular entre los viajeros ciegos. Esto se debe a que est\u00e1 hecho de metal, que no s\u00f3lo dura m\u00e1s que las puntas de nailon tradicionales, sino que tambi\u00e9n ofrece una sensibilidad mejorada y una sensaci\u00f3n m\u00e1s vivaz.<\/p>\n<p>Esta punta de metal tambi\u00e9n es liviana, pero produce un golpe m\u00e1s distintivo y audible, lo que la hace especialmente ideal para usar en interiores. Ya sea que asista a una convenci\u00f3n de una semana, lea libros en la escuela o la universidad o busque las \u00faltimas y mejores mercanc\u00edas en el centro comercial, es muy posible que aprecie este consejo de bast\u00f3n cuando navegue por grandes edificios interiores. Y, por supuesto, es el viejo estilo de gancho, lo que significa que lo conectas al cord\u00f3n dentro de tu bast\u00f3n una vez y nunca m\u00e1s te preocupas de que se suelte nuevamente, a menos que quieras quitarlo, claro est\u00e1.<\/p>\n<p>&nbsp;<\/p>\n<ul>\n<li>Producto importado, venta bajo pedido con pago previo por el valor total del articulo.<\/li>\n<li>FAVOR ANTES DE OFERTAR, confirmar precio actual (por variaciones del valor del d\u00f3lar) y tambi\u00e9n CONFIRMAR QUE PUEDE ESPERAR LOS TIEMPOS DE ENTREGA\u00a0 que normalmente son entre 2-4 semanas.<\/li>\n<li>Cuando recibamos el pedido en nuestra oficina en Medell\u00edn-Colombia, le enviaremos un mensaje al comprador, si se encuentra en Medell\u00edn puede pasar a recogerlo personalmente en nuestra oficina, o tambi\u00e9n podemos hacer el envios a nivel nacional o internacional (Valor del envio cargo del comprador).<\/li>\n<li>Desde Ayudas para TODOS, estamos trabajando para ofrecerles el mayor Marketplace inclusivo a nivel mundial. Reuniendo en 1 solo sitio todos los productos que puedan necesitar, m\u00e1s de 5.000 referencias de art\u00edculos especializados que puedan necesitar instituciones y personas con o sin discapacidad, para apoyar procesos de inclusi\u00f3n, ayudando a superar las barreras que se pueden presentar al momento de estudiar, de trabajar, y en las dem\u00e1s actividades de la vida diaria.<\/li>\n<li>\u00bfNo est\u00e1 seguro sobre qu\u00e9 tipo de dispositivo o producto de apoyo debe comprar? Contamos con expertos para estudiar sus necesidades y asesorarlo recomend\u00e1ndole la ayuda o el conjunto de ayudas m\u00e1s adecuadas \u00bfNecesitas un producto y no lo encuentras en nuestro catalogo online? Cont\u00e1ctanos para ayudarte a conseguirlo. \u00bfEres emprendedor y tienes un gran producto inclusivo que quisieras promocionar en nuestra plataforma? <a href=\"https:\/\/ayudasparatodos.com\/index.php\/contact\/\">Cont\u00e1ctanos<\/a><\/li>\n<li>Visita la secci\u00f3n sobre <a href=\"https:\/\/ayudasparatodos.com\/index.php\/como-comprar-faq\/\">\u00bfC\u00f3mo Comprar? FAQ<\/a>, en la cual encontraras de forma m\u00e1s detallada las instrucciones de como comprar, servicio de asesor\u00eda y cotizaciones, formas de pago, env\u00edos a nivel nacional e internacional, garant\u00eda y otros temas relacionados.<\/li>\n<li><span style=\"font-size: 11.5pt; font-family: Roboto; color: #626262;\">Asesor\u00eda, cotizaciones dudas y comentarios: Si tiene cualquier duda o comentario, nos puede escribir o llamar via WhatsApp agregando el numero +57 3006000144 o directamente desde este <a href=\"https:\/\/wa.me\/+573006000144\">enlace<\/a>\u00a0 <\/span><a href=\"https:\/\/wa.me\/+573006000144\"><span style=\"font-size: 11.5pt; font-family: Roboto; color: #626262;\">https:\/\/wa.me\/+573006000144<\/span><\/a><span style=\"font-size: 11.5pt; font-family: Roboto; color: #626262;\">\u00a0 \u00a0 Tambi\u00e9n puede enviarnos un correo electr\u00f3nico a la direcci\u00f3n <a href=\"mailto:ventas@ayudasparatodos.com\">ventas@ayudasparatodos.com<\/a><\/span><\/li>\n<li><strong>Pagos en Colombia por transferencia Bancolombia o Nequi. Tambi\u00e9n recibimos pagos por tarjeta cr\u00e9dito o debito. Si la alternativa de pago no esta disponible en su pa\u00eds, tambi\u00e9n puede pagar por Giro en western Union o Paypal. Favor contactarnos al correo ventas@ayudasparatodos.com para generarle un enlace de pago personalizado por el valor de los art\u00edculos + el valor del envi\u00f3 seg\u00fan su ubicaci\u00f3n y con su moneda local. Despachos a nivel nacional e internacional desde Medell\u00edn &#8211; Colombia.<\/strong><\/li>\n<\/ul>\n","protected":false},"excerpt":{"rendered":"<p>Punta de bast\u00f3n de larga duraci\u00f3n: adecuada para uso en interiores<\/p>\n","protected":false},"featured_media":52850,"template":"","meta":[],"product_cat":[445],"product_tag":[642,632,643,630,633],"class_list":["post-52834","product","type-product","status-publish","has-post-thumbnail","hentry","product_cat-baston-guia-blanco-y-movilidad-para-ciegos-y-baja-vision","product_tag-3-puntas-metalicas-deslizantes-de-repuesto-para-baston-ciegos-baja-vision-ambutech","product_tag-ayudas-movilidad-ciegos","product_tag-venta-baston-guia-blanco-y-rojo-invidentes-ciegos-discapacidad-visual","product_tag-venta-baston-guia-para-ciegos-baja-vision","product_tag-venta-de-bastones-guias-para-ciegos-y-puntas-de-repuesto-para-ciegos","description-off"],"_links":{"self":[{"href":"https:\/\/ayudasparatodos.com\/index.php\/wp-json\/wp\/v3\/product\/52834"}],"collection":[{"href":"https:\/\/ayudasparatodos.com\/index.php\/wp-json\/wp\/v3\/product"}],"about":[{"href":"https:\/\/ayudasparatodos.com\/index.php\/wp-json\/wp\/v2\/types\/product"}],"wp:featuredmedia":[{"embeddable":true,"href":"https:\/\/ayudasparatodos.com\/index.php\/wp-json\/wp\/v2\/media\/52850"}],"wp:attachment":[{"href":"https:\/\/ayudasparatodos.com\/index.php\/wp-json\/wp\/v2\/media?parent=52834"}],"wp:term":[{"taxonomy":"product_cat","embeddable":true,"href":"https:\/\/ayudasparatodos.com\/index.php\/wp-json\/wp\/v2\/product_cat?post=52834"},{"taxonomy":"product_tag","embeddable":true,"href":"https:\/\/ayudasparatodos.com\/index.php\/wp-json\/wp\/v2\/product_tag?post=52834"}],"curies":[{"name":"wp","href":"https:\/\/api.w.org\/{rel}","templated":true}]}}