{"id":52835,"date":"2024-04-22T20:20:23","date_gmt":"2024-04-22T20:20:23","guid":{"rendered":"https:\/\/ayudasparatodos.com\/?post_type=product&#038;p=52835"},"modified":"2024-04-22T20:20:24","modified_gmt":"2024-04-22T20:20:24","slug":"4-puntas-baston-repuesto-tipo-marshmallow-ambutech-ciegos-baja-vision-2","status":"publish","type":"product","link":"https:\/\/ayudasparatodos.com\/index.php\/producto\/4-puntas-baston-repuesto-tipo-marshmallow-ambutech-ciegos-baja-vision-2\/","title":{"rendered":"4 Puntas bast\u00f3n repuesto tipo Marshmallow Ambutech ciegos baja visi\u00f3n"},"content":{"rendered":"<p>La oferta es por 4 unidades<\/p>\n<p>Punta de bast\u00f3n con gancho alternativo: el modelo tradicional<\/p>\n<p>Caracter\u00edsticas del producto<\/p>\n<p>Dise\u00f1ado y moldeado con nailon de larga duraci\u00f3n.<\/p>\n<p>Mide 1\/2&#8243; de di\u00e1metro, similar a los ejes de nuestros bastones blancos plegables.<\/p>\n<p>Engancha la punta en el extremo de tu bast\u00f3n de forma r\u00e1pida y segura.<\/p>\n<p>Coge uno y mira cu\u00e1l te gusta.<\/p>\n<p>Peso del paquete: aproximadamente 0,4 onzas.<\/p>\n<p>&nbsp;<\/p>\n<p>Descripci\u00f3n del Producto<\/p>\n<p>Todos hemos o\u00eddo esa expresi\u00f3n: \u00ab\u00a1Los viejos h\u00e1bitos son dif\u00edciles de morir!\u00bb. Y tal vez esa vieja perla de sabidur\u00eda realmente se aplique a esta punta de bast\u00f3n blanca b\u00e1sica y sencilla que se ha utilizado durante a\u00f1os.<\/p>\n<p>Aunque la punta de malvavisco es el modelo elegido por la mayor\u00eda de los usuarios de bast\u00f3n hoy en d\u00eda, algunas personas que han estado usando un bast\u00f3n por un tiempo pueden estar m\u00e1s acostumbradas a la sensaci\u00f3n de usar su bast\u00f3n con una punta b\u00e1sica, que act\u00faa como un corta extensi\u00f3n del propio bast\u00f3n. La punta de nuestro l\u00e1piz est\u00e1 moldeada en nailon de larga duraci\u00f3n y tiene media pulgada de di\u00e1metro, al igual que los ejes de nuestros bastones blancos plegables. Y s\u00ed, tiene un gancho en el extremo, lo que significa que puedes asegurarlo r\u00e1pidamente en su lugar, sin preocuparte de que se resbale al cruzar la calle.<\/p>\n<p>&nbsp;<\/p>\n<ul>\n<li>Producto importado, venta bajo pedido con pago previo por el valor total del articulo.<\/li>\n<li>FAVOR ANTES DE OFERTAR, confirmar precio actual (por variaciones del valor del d\u00f3lar) y tambi\u00e9n CONFIRMAR QUE PUEDE ESPERAR LOS TIEMPOS DE ENTREGA\u00a0 que normalmente son entre 2-4 semanas.<\/li>\n<li>Cuando recibamos el pedido en nuestra oficina en Medell\u00edn-Colombia, le enviaremos un mensaje al comprador, si se encuentra en Medell\u00edn puede pasar a recogerlo personalmente en nuestra oficina, o tambi\u00e9n podemos hacer el envios a nivel nacional o internacional (Valor del envio cargo del comprador).<\/li>\n<li>Desde Ayudas para TODOS, estamos trabajando para ofrecerles el mayor Marketplace inclusivo a nivel mundial. Reuniendo en 1 solo sitio todos los productos que puedan necesitar, m\u00e1s de 5.000 referencias de art\u00edculos especializados que puedan necesitar instituciones y personas con o sin discapacidad, para apoyar procesos de inclusi\u00f3n, ayudando a superar las barreras que se pueden presentar al momento de estudiar, de trabajar, y en las dem\u00e1s actividades de la vida diaria.<\/li>\n<li>\u00bfNo est\u00e1 seguro sobre qu\u00e9 tipo de dispositivo o producto de apoyo debe comprar? Contamos con expertos para estudiar sus necesidades y asesorarlo recomend\u00e1ndole la ayuda o el conjunto de ayudas m\u00e1s adecuadas \u00bfNecesitas un producto y no lo encuentras en nuestro catalogo online? Cont\u00e1ctanos para ayudarte a conseguirlo. \u00bfEres emprendedor y tienes un gran producto inclusivo que quisieras promocionar en nuestra plataforma? <a href=\"https:\/\/ayudasparatodos.com\/index.php\/contact\/\">Cont\u00e1ctanos<\/a><\/li>\n<li>Visita la secci\u00f3n sobre <a href=\"https:\/\/ayudasparatodos.com\/index.php\/como-comprar-faq\/\">\u00bfC\u00f3mo Comprar? FAQ<\/a>, en la cual encontraras de forma m\u00e1s detallada las instrucciones de como comprar, servicio de asesor\u00eda y cotizaciones, formas de pago, env\u00edos a nivel nacional e internacional, garant\u00eda y otros temas relacionados.<\/li>\n<li><span style=\"font-size: 11.5pt; font-family: Roboto; color: #626262;\">Asesor\u00eda, cotizaciones dudas y comentarios: Si tiene cualquier duda o comentario, nos puede escribir o llamar via WhatsApp agregando el numero +57 3006000144 o directamente desde este <a href=\"https:\/\/wa.me\/+573006000144\">enlace<\/a>\u00a0 <\/span><a href=\"https:\/\/wa.me\/+573006000144\"><span style=\"font-size: 11.5pt; font-family: Roboto; color: #626262;\">https:\/\/wa.me\/+573006000144<\/span><\/a><span style=\"font-size: 11.5pt; font-family: Roboto; color: #626262;\">\u00a0 \u00a0 Tambi\u00e9n puede enviarnos un correo electr\u00f3nico a la direcci\u00f3n <a href=\"mailto:ventas@ayudasparatodos.com\">ventas@ayudasparatodos.com<\/a><\/span><\/li>\n<li><strong>Pagos en Colombia por transferencia Bancolombia o Nequi. Tambi\u00e9n recibimos pagos por tarjeta cr\u00e9dito o debito. Si la alternativa de pago no esta disponible en su pa\u00eds, tambi\u00e9n puede pagar por Giro en western Union o Paypal. Favor contactarnos al correo ventas@ayudasparatodos.com para generarle un enlace de pago personalizado por el valor de los art\u00edculos + el valor del envi\u00f3 seg\u00fan su ubicaci\u00f3n y con su moneda local. Despachos a nivel nacional e internacional desde Medell\u00edn &#8211; Colombia.<\/strong><\/li>\n<\/ul>\n","protected":false},"excerpt":{"rendered":"<p>Punta de bast\u00f3n con gancho alternativo: el modelo tradicional<\/p>\n","protected":false},"featured_media":0,"template":"","meta":[],"product_cat":[445],"product_tag":[640,632,641,630,633],"class_list":["post-52835","product","type-product","status-publish","hentry","product_cat-baston-guia-blanco-y-movilidad-para-ciegos-y-baja-vision","product_tag-4-puntas-baston-repuesto-tipo-marshmallow-ambutech-ciegos-baja-vision","product_tag-ayudas-movilidad-ciegos","product_tag-venta-baston-guia-ciegos","product_tag-venta-baston-guia-para-ciegos-baja-vision","product_tag-venta-de-bastones-guias-para-ciegos-y-puntas-de-repuesto-para-ciegos","description-off"],"_links":{"self":[{"href":"https:\/\/ayudasparatodos.com\/index.php\/wp-json\/wp\/v3\/product\/52835"}],"collection":[{"href":"https:\/\/ayudasparatodos.com\/index.php\/wp-json\/wp\/v3\/product"}],"about":[{"href":"https:\/\/ayudasparatodos.com\/index.php\/wp-json\/wp\/v2\/types\/product"}],"wp:attachment":[{"href":"https:\/\/ayudasparatodos.com\/index.php\/wp-json\/wp\/v2\/media?parent=52835"}],"wp:term":[{"taxonomy":"product_cat","embeddable":true,"href":"https:\/\/ayudasparatodos.com\/index.php\/wp-json\/wp\/v2\/product_cat?post=52835"},{"taxonomy":"product_tag","embeddable":true,"href":"https:\/\/ayudasparatodos.com\/index.php\/wp-json\/wp\/v2\/product_tag?post=52835"}],"curies":[{"name":"wp","href":"https:\/\/api.w.org\/{rel}","templated":true}]}}