{"id":52854,"date":"2024-04-22T22:12:42","date_gmt":"2024-04-22T22:12:42","guid":{"rendered":"https:\/\/ayudasparatodos.com\/?post_type=product&#038;p=52854"},"modified":"2024-04-23T20:20:44","modified_gmt":"2024-04-23T20:20:44","slug":"bigtrack-mouse-trackball-gigante-accesible-discapacidad-fisica-paralisis-cerebral-autismo","status":"publish","type":"product","link":"https:\/\/ayudasparatodos.com\/index.php\/producto\/bigtrack-mouse-trackball-gigante-accesible-discapacidad-fisica-paralisis-cerebral-autismo\/","title":{"rendered":"Bigtrack Mouse Trackball Gigante accesible Discapacidad F\u00edsica Par\u00e1lisis cerebral Autismo"},"content":{"rendered":"<p>Descripci\u00f3n del Producto<\/p>\n<p>El BIGtrack inal\u00e1mbrico<\/p>\n<p>BIGtrack Wireless es un mouse dise\u00f1ado para usuarios que tienen dificultades con el control motor fino. La gran trackball de 3 pulgadas (7,62 cm) y la amplia base de BIGtrack Wireless facilitan el movimiento del cursor del mouse mientras se utilizan movimientos motores gruesos de la mano, el brazo o el pie. Una vez que el usuario coloca el cursor del mouse, se puede acceder f\u00e1cilmente a los dos botones de gran tama\u00f1o de clic izquierdo y derecho.<\/p>\n<p>Conexi\u00f3n inal\u00e1mbrica a trav\u00e9s de Bluetooth o adaptador inal\u00e1mbrico USB incluido<\/p>\n<p>Utilice interruptores de accesibilidad para hacer clic izquierdo y derecho (interruptores no incluidos)<\/p>\n<p>Haz que arrastrar y soltar sea m\u00e1s f\u00e1cil con Drag Lock<\/p>\n<p>El sensor de mouse l\u00e1ser de baja potencia reduce el consumo de energ\u00eda en un 80 % en comparaci\u00f3n con el dise\u00f1o original de BIGtrack<\/p>\n<p>La funci\u00f3n de bloqueo de arrastre permite al usuario mover objetos en la pantalla sin tener que mantener presionado el bot\u00f3n del mouse. Para activar la funci\u00f3n de bloqueo de arrastre, el usuario coloca el cursor del mouse sobre el elemento en la pantalla que desea mover. Una vez que el usuario coloca el cursor, haga doble clic derecho para fijar el elemento. Una vez bloqueado, el usuario puede mover el elemento con la trackball. Una vez que el usuario llegue a la ubicaci\u00f3n deseada, active el bot\u00f3n derecho o izquierdo una vez para liberar el elemento.<\/p>\n<p>BIGtrack Wireless incluye dos conectores de interruptor de accesibilidad mono\/TS de 1\/8 de pulgada (3,5 mm). Conectar un interruptor de accesibilidad en el lado izquierdo de BIGtrack Wireless permitir\u00e1 al usuario hacer clic izquierdo a trav\u00e9s del interruptor de accesibilidad. Conectar un interruptor de accesibilidad en el lado derecho de BIGtrack Wireless permitir\u00e1 al usuario hacer clic derecho a trav\u00e9s del interruptor de accesibilidad. Interruptores de accesibilidad no incluidos.<\/p>\n<p>The BIGtrack 2 (adaptado a Switch)<\/p>\n<p>BIGtrack 2 es un mouse USB que incluye un trackball grande de 3 pulgadas\/7,62 cm. La base robusta de BIGtrack 2 permite al usuario mover y posicionar f\u00e1cilmente el cursor del mouse en la pantalla de la computadora mientras utiliza movimientos motores finos o gruesos de la mano, el brazo o el pie. Una vez que se coloca el cursor del mouse, hay dos botones de gran tama\u00f1o disponibles para hacer clic izquierdo y derecho.<\/p>\n<p>&nbsp;<\/p>\n<p>Trackball grande de 3 pulgadas\/7,62 cm<\/p>\n<p>Dise\u00f1o actualizado<\/p>\n<p>Dos conectores de interruptor para clic izquierdo y derecho<\/p>\n<p>Botones de clic derecho e izquierdo diferenciados por colores<\/p>\n<p>Conexi\u00f3n USB (se requiere recept\u00e1culo USB tipo A)<\/p>\n<p>CARACTER\u00cdSTICAS QUE TE ENCANTAR\u00c1<\/p>\n<p>La bola amarilla gigante hace que sea f\u00e1cil colocar el cursor exactamente donde lo deseas, incluso usando el pie o el codo.<\/p>\n<p>Ideal para personas con movimientos finos de los dedos o ni\u00f1os muy peque\u00f1os que est\u00e1n aprendiendo la coordinaci\u00f3n ojo-mano.<\/p>\n<p>Botones de clic izquierdo y derecho del mouse ubicados detr\u00e1s de la bola de seguimiento para evitar clics no deseados<\/p>\n<p>Permite una segunda conexi\u00f3n de mouse para participaci\u00f3n simult\u00e1nea.<\/p>\n<p>El BIGtrack viene con dos enchufes est\u00e1ndar de 1\/8&#8243; para dos interruptores. Los clics izquierdo y derecho del mouse se han adaptado para que pueda usar un interruptor para la activaci\u00f3n. Los interruptores se venden por separado).<\/p>\n<p>Dimensiones: 6,9 pulgadas\/17,5 cm x 6,7 pulgadas\/17 cm x 3,1 pulgadas\/7,9 cm<\/p>\n<p>&nbsp;<\/p>\n<ul>\n<li>Producto importado, venta bajo pedido con pago previo por el valor total del articulo.<\/li>\n<li>FAVOR ANTES DE OFERTAR, confirmar precio actual (por variaciones del valor del d\u00f3lar) y tambi\u00e9n CONFIRMAR QUE PUEDE ESPERAR LOS TIEMPOS DE ENTREGA\u00a0 que normalmente son entre 2-4 semanas.<\/li>\n<li>Cuando recibamos el pedido en nuestra oficina en Medell\u00edn-Colombia, le enviaremos un mensaje al comprador, si se encuentra en Medell\u00edn puede pasar a recogerlo personalmente en nuestra oficina, o tambi\u00e9n podemos hacer el envios a nivel nacional o internacional (Valor del envio cargo del comprador).<\/li>\n<li>Desde Ayudas para TODOS, estamos trabajando para ofrecerles el mayor Marketplace inclusivo a nivel mundial. Reuniendo en 1 solo sitio todos los productos que puedan necesitar, m\u00e1s de 5.000 referencias de art\u00edculos especializados que puedan necesitar instituciones y personas con o sin discapacidad, para apoyar procesos de inclusi\u00f3n, ayudando a superar las barreras que se pueden presentar al momento de estudiar, de trabajar, y en las dem\u00e1s actividades de la vida diaria.<\/li>\n<li>\u00bfNo est\u00e1 seguro sobre qu\u00e9 tipo de dispositivo o producto de apoyo debe comprar? Contamos con expertos para estudiar sus necesidades y asesorarlo recomend\u00e1ndole la ayuda o el conjunto de ayudas m\u00e1s adecuadas \u00bfNecesitas un producto y no lo encuentras en nuestro catalogo online? Cont\u00e1ctanos para ayudarte a conseguirlo. \u00bfEres emprendedor y tienes un gran producto inclusivo que quisieras promocionar en nuestra plataforma? <a href=\"https:\/\/ayudasparatodos.com\/index.php\/contact\/\">Cont\u00e1ctanos<\/a><\/li>\n<li>Visita la secci\u00f3n sobre <a href=\"https:\/\/ayudasparatodos.com\/index.php\/como-comprar-faq\/\">\u00bfC\u00f3mo Comprar? FAQ<\/a>, en la cual encontraras de forma m\u00e1s detallada las instrucciones de como comprar, servicio de asesor\u00eda y cotizaciones, formas de pago, env\u00edos a nivel nacional e internacional, garant\u00eda y otros temas relacionados.<\/li>\n<li><span style=\"font-size: 11.5pt; font-family: Roboto; color: #626262;\">Asesor\u00eda, cotizaciones dudas y comentarios: Si tiene cualquier duda o comentario, nos puede escribir o llamar via WhatsApp agregando el numero +57 3006000144 o directamente desde este <a href=\"https:\/\/wa.me\/+573006000144\">enlace<\/a>\u00a0 <\/span><a href=\"https:\/\/wa.me\/+573006000144\"><span style=\"font-size: 11.5pt; font-family: Roboto; color: #626262;\">https:\/\/wa.me\/+573006000144<\/span><\/a><span style=\"font-size: 11.5pt; font-family: Roboto; color: #626262;\">\u00a0 \u00a0 Tambi\u00e9n puede enviarnos un correo electr\u00f3nico a la direcci\u00f3n <a href=\"mailto:ventas@ayudasparatodos.com\">ventas@ayudasparatodos.com<\/a><\/span><\/li>\n<li><strong>Pagos en Colombia por transferencia Bancolombia o Nequi. Tambi\u00e9n recibimos pagos por tarjeta cr\u00e9dito o debito. Si la alternativa de pago no esta disponible en su pa\u00eds, tambi\u00e9n puede pagar por Giro en western Union o Paypal. Favor contactarnos al correo ventas@ayudasparatodos.com para generarle un enlace de pago personalizado por el valor de los art\u00edculos + el valor del envi\u00f3 seg\u00fan su ubicaci\u00f3n y con su moneda local. Despachos a nivel nacional e internacional desde Medell\u00edn &#8211; Colombia.<\/strong><\/li>\n<\/ul>\n","protected":false},"excerpt":{"rendered":"<p>BIGtrack Wireless es un mouse dise\u00f1ado para usuarios que tienen dificultades con el control motor fino<\/p>\n","protected":false},"featured_media":52864,"template":"","meta":[],"product_cat":[387],"product_tag":[649,651,650,648],"class_list":["post-52854","product","type-product","status-publish","has-post-thumbnail","hentry","product_cat-mouse-accesibles","product_tag-accesibilidad-digital-computador-pc","product_tag-bigtrack-mouse-trackball-gigante-accessible-discapacidad-fisica-paralisis-cerebral-autismo","product_tag-mouse-raton-accesible-discapaciadd-movilidad-reducida-autismo-paralisis-cerebral","product_tag-tecnologia-asistiva-para-manejar-el-computador-pc-telefono-celular-portatil-discapacidad-accesibilidad","description-off"],"_links":{"self":[{"href":"https:\/\/ayudasparatodos.com\/index.php\/wp-json\/wp\/v3\/product\/52854"}],"collection":[{"href":"https:\/\/ayudasparatodos.com\/index.php\/wp-json\/wp\/v3\/product"}],"about":[{"href":"https:\/\/ayudasparatodos.com\/index.php\/wp-json\/wp\/v2\/types\/product"}],"wp:featuredmedia":[{"embeddable":true,"href":"https:\/\/ayudasparatodos.com\/index.php\/wp-json\/wp\/v2\/media\/52864"}],"wp:attachment":[{"href":"https:\/\/ayudasparatodos.com\/index.php\/wp-json\/wp\/v2\/media?parent=52854"}],"wp:term":[{"taxonomy":"product_cat","embeddable":true,"href":"https:\/\/ayudasparatodos.com\/index.php\/wp-json\/wp\/v2\/product_cat?post=52854"},{"taxonomy":"product_tag","embeddable":true,"href":"https:\/\/ayudasparatodos.com\/index.php\/wp-json\/wp\/v2\/product_tag?post=52854"}],"curies":[{"name":"wp","href":"https:\/\/api.w.org\/{rel}","templated":true}]}}