{"id":52856,"date":"2024-04-22T22:12:57","date_gmt":"2024-04-22T22:12:57","guid":{"rendered":"https:\/\/ayudasparatodos.com\/?post_type=product&#038;p=52856"},"modified":"2024-04-23T21:00:01","modified_gmt":"2024-04-23T21:00:01","slug":"mouse-joystick-n-abler-pro-discapacidad-fisica-paralisis-cerebral-autismo","status":"publish","type":"product","link":"https:\/\/ayudasparatodos.com\/index.php\/producto\/mouse-joystick-n-abler-pro-discapacidad-fisica-paralisis-cerebral-autismo\/","title":{"rendered":"Mouse Joystick n-ABLER Pro &#8211; Discapacidad F\u00edsica Par\u00e1lisis cerebral Autismo"},"content":{"rendered":"<div>Descripci\u00f3n del Producto<\/div>\n<div>El joystick n-ABLER Pro est\u00e1 dise\u00f1ado espec\u00edficamente para usuarios de computadoras con control manual limitado, dificultades motoras, mala coordinaci\u00f3n ojo-mano, destreza manual limitada, espasmos musculares involuntarios y temblores en manos o mu\u00f1ecas. El n-ABLER Pro Joystick es un emulador de mouse de computadora pero, con el control con la punta de los dedos que requiere solo un movimiento m\u00ednimo de la mano, reduce la fatiga de la mu\u00f1eca y el codo.<\/div>\n<div><\/div>\n<div>El dise\u00f1o sim\u00e9trico permite a los usuarios trabajar con cualquier mano sin inclinar la mu\u00f1eca, y la unidad tambi\u00e9n se puede configurar para que funcione con la mano izquierda. Un gran reposamanos\/palmas integrado hace que la postura de trabajo sea m\u00e1s relajada, reduciendo el esfuerzo y la tensi\u00f3n. El n-ABLER Pro Joystick es especialmente adecuado para todos los grupos de edad con dificultades motoras y para aquellos cuyo trabajo requiere largos per\u00edodos frente al ordenador. La instalaci\u00f3n &#8216;Anti-Tremor&#8217; es de gran valor para cualquier persona que sufra temblores o espasmos musculares involuntarios y para las personas mayores con problemas de movimiento.<\/div>\n<div><\/div>\n<div>CARACTER\u00cdSTICAS QUE TE ENCANTAR\u00c1<\/div>\n<div>Construcci\u00f3n robusta y dise\u00f1o ergon\u00f3mico con un gran espacio para m\u00e1xima estabilidad<\/div>\n<div>Bot\u00f3n Pan para permitir una f\u00e1cil navegaci\u00f3n de los documentos<\/div>\n<div>Dise\u00f1o sim\u00e9trico para usar con cualquier mano, con soporte integral para la mu\u00f1eca para minimizar la fatiga<\/div>\n<div>Joystick t\u00e1ctil ligero para una f\u00e1cil navegaci\u00f3n, incluye manijas de bola suave y barra en T para agarres de joystick alternativos<\/div>\n<div>Todos los botones tienen leyendas blancas sobre fondos negros para una f\u00e1cil identificaci\u00f3n de las funciones de los botones.<\/div>\n<div>Botones intercambiables de clic izquierdo y derecho, adem\u00e1s de botones de doble clic y bloqueo de arrastre<\/div>\n<div>Advertencias audibles (conmutables a silencio) y visuales que indican la selecci\u00f3n o cambio de funci\u00f3n<\/div>\n<div>Bot\u00f3n anti-temblor (con tres configuraciones para compensar el grado de temblor) para mejorar el control del cursor; la velocidad del cursor tambi\u00e9n se puede controlar<\/div>\n<div>Instalaci\u00f3n sencilla \u00abplug and play\u00bb (no se requieren controladores adicionales)<\/div>\n<p>&nbsp;<\/p>\n<ul>\n<li>Producto importado, venta bajo pedido con pago previo por el valor total del articulo.<\/li>\n<li>FAVOR ANTES DE OFERTAR, confirmar precio actual (por variaciones del valor del d\u00f3lar) y tambi\u00e9n CONFIRMAR QUE PUEDE ESPERAR LOS TIEMPOS DE ENTREGA\u00a0 que normalmente son entre 2-4 semanas.<\/li>\n<li>Cuando recibamos el pedido en nuestra oficina en Medell\u00edn-Colombia, le enviaremos un mensaje al comprador, si se encuentra en Medell\u00edn puede pasar a recogerlo personalmente en nuestra oficina, o tambi\u00e9n podemos hacer el envios a nivel nacional o internacional (Valor del envio cargo del comprador).<\/li>\n<li>Desde Ayudas para TODOS, estamos trabajando para ofrecerles el mayor Marketplace inclusivo a nivel mundial. Reuniendo en 1 solo sitio todos los productos que puedan necesitar, m\u00e1s de 5.000 referencias de art\u00edculos especializados que puedan necesitar instituciones y personas con o sin discapacidad, para apoyar procesos de inclusi\u00f3n, ayudando a superar las barreras que se pueden presentar al momento de estudiar, de trabajar, y en las dem\u00e1s actividades de la vida diaria.<\/li>\n<li>\u00bfNo est\u00e1 seguro sobre qu\u00e9 tipo de dispositivo o producto de apoyo debe comprar? Contamos con expertos para estudiar sus necesidades y asesorarlo recomend\u00e1ndole la ayuda o el conjunto de ayudas m\u00e1s adecuadas \u00bfNecesitas un producto y no lo encuentras en nuestro catalogo online? Cont\u00e1ctanos para ayudarte a conseguirlo. \u00bfEres emprendedor y tienes un gran producto inclusivo que quisieras promocionar en nuestra plataforma? <a href=\"https:\/\/ayudasparatodos.com\/index.php\/contact\/\">Cont\u00e1ctanos<\/a><\/li>\n<li>Visita la secci\u00f3n sobre <a href=\"https:\/\/ayudasparatodos.com\/index.php\/como-comprar-faq\/\">\u00bfC\u00f3mo Comprar? FAQ<\/a>, en la cual encontraras de forma m\u00e1s detallada las instrucciones de como comprar, servicio de asesor\u00eda y cotizaciones, formas de pago, env\u00edos a nivel nacional e internacional, garant\u00eda y otros temas relacionados.<\/li>\n<li><span style=\"font-size: 11.5pt; font-family: Roboto; color: #626262;\">Asesor\u00eda, cotizaciones dudas y comentarios: Si tiene cualquier duda o comentario, nos puede escribir o llamar via WhatsApp agregando el numero +57 3006000144 o directamente desde este <a href=\"https:\/\/wa.me\/+573006000144\">enlace<\/a>\u00a0 <\/span><a href=\"https:\/\/wa.me\/+573006000144\"><span style=\"font-size: 11.5pt; font-family: Roboto; color: #626262;\">https:\/\/wa.me\/+573006000144<\/span><\/a><span style=\"font-size: 11.5pt; font-family: Roboto; color: #626262;\">\u00a0 \u00a0 Tambi\u00e9n puede enviarnos un correo electr\u00f3nico a la direcci\u00f3n <a href=\"mailto:ventas@ayudasparatodos.com\">ventas@ayudasparatodos.com<\/a><\/span><\/li>\n<li><strong>Pagos en Colombia por transferencia Bancolombia o Nequi. Tambi\u00e9n recibimos pagos por tarjeta cr\u00e9dito o debito. Si la alternativa de pago no esta disponible en su pa\u00eds, tambi\u00e9n puede pagar por Giro en western Union o Paypal. Favor contactarnos al correo ventas@ayudasparatodos.com para generarle un enlace de pago personalizado por el valor de los art\u00edculos + el valor del envi\u00f3 seg\u00fan su ubicaci\u00f3n y con su moneda local. Despachos a nivel nacional e internacional desde Medell\u00edn &#8211; Colombia.<\/strong><\/li>\n<\/ul>\n","protected":false},"excerpt":{"rendered":"<p>El joystick n-ABLER Pro est\u00e1 dise\u00f1ado espec\u00edficamente para usuarios de computadoras con control manual limitado, dificultades motoras, mala coordinaci\u00f3n ojo-mano, destreza manual limitada, espasmos musculares involuntarios y temblores en manos o mu\u00f1ecas.<\/p>\n","protected":false},"featured_media":52871,"template":"","meta":[],"product_cat":[387],"product_tag":[649,653,650,648],"class_list":["post-52856","product","type-product","status-publish","has-post-thumbnail","hentry","product_cat-mouse-accesibles","product_tag-accesibilidad-digital-computador-pc","product_tag-mouse-joystick-n-abler-pro-discapacidad-fisica-paralisis-cerebral-autismo","product_tag-mouse-raton-accesible-discapaciadd-movilidad-reducida-autismo-paralisis-cerebral","product_tag-tecnologia-asistiva-para-manejar-el-computador-pc-telefono-celular-portatil-discapacidad-accesibilidad","description-off"],"_links":{"self":[{"href":"https:\/\/ayudasparatodos.com\/index.php\/wp-json\/wp\/v3\/product\/52856"}],"collection":[{"href":"https:\/\/ayudasparatodos.com\/index.php\/wp-json\/wp\/v3\/product"}],"about":[{"href":"https:\/\/ayudasparatodos.com\/index.php\/wp-json\/wp\/v2\/types\/product"}],"wp:featuredmedia":[{"embeddable":true,"href":"https:\/\/ayudasparatodos.com\/index.php\/wp-json\/wp\/v2\/media\/52871"}],"wp:attachment":[{"href":"https:\/\/ayudasparatodos.com\/index.php\/wp-json\/wp\/v2\/media?parent=52856"}],"wp:term":[{"taxonomy":"product_cat","embeddable":true,"href":"https:\/\/ayudasparatodos.com\/index.php\/wp-json\/wp\/v2\/product_cat?post=52856"},{"taxonomy":"product_tag","embeddable":true,"href":"https:\/\/ayudasparatodos.com\/index.php\/wp-json\/wp\/v2\/product_tag?post=52856"}],"curies":[{"name":"wp","href":"https:\/\/api.w.org\/{rel}","templated":true}]}}