{"id":52859,"date":"2024-04-22T22:13:20","date_gmt":"2024-04-22T22:13:20","guid":{"rendered":"https:\/\/ayudasparatodos.com\/?post_type=product&#038;p=52859"},"modified":"2024-04-23T21:56:27","modified_gmt":"2024-04-23T21:56:27","slug":"mouse-trackball-kensington-orbit-inalambrico-discapacidad-fisica-paralisis-cerebral-autismo","status":"publish","type":"product","link":"https:\/\/ayudasparatodos.com\/index.php\/producto\/mouse-trackball-kensington-orbit-inalambrico-discapacidad-fisica-paralisis-cerebral-autismo\/","title":{"rendered":"Mouse Trackball Kensington Orbit Inal\u00e1mbrico &#8211; Discapacidad F\u00edsica Par\u00e1lisis cerebral Autismo"},"content":{"rendered":"<p>Descripci\u00f3n del Producto<\/p>\n<p>El trackball m\u00f3vil inal\u00e1mbrico Orbit, el mejorador de productividad ideal para cualquier profesional m\u00f3vil, ofrece comodidad compacta y precisi\u00f3n para la movilidad. Una conexi\u00f3n inal\u00e1mbrica confiable proporciona mayor versatilidad y el receptor se guarda dentro del trackball. El desplazamiento t\u00e1ctil exclusivo, junto con la bola compacta de 32 mm, te permite deslizarte sin esfuerzo hacia arriba y hacia abajo por la pantalla.<\/p>\n<p>Toque Desplazamiento<\/p>\n<p>Esta caracter\u00edstica \u00fanica le permite deslizar el dedo alrededor del anillo exterior de la trackball, lo que le permite deslizarse sin esfuerzo por p\u00e1ginas web y documentos largos.<\/p>\n<p>Personalizaci\u00f3n de KensingtonWorks<\/p>\n<p>El software descargable gratuito brinda una experiencia a\u00fan m\u00e1s personalizada, brind\u00e1ndole la posibilidad de asignar una amplia variedad de funciones del programa a cada uno de los 2 botones, as\u00ed como ajustar las velocidades del cursor y de desplazamiento.<\/p>\n<p>Tecnolog\u00eda de seguimiento \u00f3ptico<\/p>\n<p>La \u00f3ptica roja interna sigue con precisi\u00f3n los movimientos de la bola compacta de 32 mm, proporcionando una precisi\u00f3n superior para que pueda colocar r\u00e1pidamente el cursor donde desee, mejorando la productividad y la eficiencia.<\/p>\n<p>&nbsp;<\/p>\n<p>Receptor USB inal\u00e1mbrico de 2,4 GHz<\/p>\n<p>Ofreciendo versatilidad sin cables para productividad mientras viaja, el receptor se puede almacenar dentro de la trackball para guardarlo de forma segura cuando no est\u00e9 en uso.<\/p>\n<p>&nbsp;<\/p>\n<p>Dise\u00f1o ambidiestro de dos botones<\/p>\n<p>Junto con una bola compacta y centrada de 32 mm, funciona igualmente bien para usuarios diestros o zurdos.<\/p>\n<p>&nbsp;<\/p>\n<ul>\n<li>Producto importado, venta bajo pedido con pago previo por el valor total del articulo.<\/li>\n<li>FAVOR ANTES DE OFERTAR, confirmar precio actual (por variaciones del valor del d\u00f3lar) y tambi\u00e9n CONFIRMAR QUE PUEDE ESPERAR LOS TIEMPOS DE ENTREGA\u00a0 que normalmente son entre 2-4 semanas.<\/li>\n<li>Cuando recibamos el pedido en nuestra oficina en Medell\u00edn-Colombia, le enviaremos un mensaje al comprador, si se encuentra en Medell\u00edn puede pasar a recogerlo personalmente en nuestra oficina, o tambi\u00e9n podemos hacer el envios a nivel nacional o internacional (Valor del envio cargo del comprador).<\/li>\n<li>Desde Ayudas para TODOS, estamos trabajando para ofrecerles el mayor Marketplace inclusivo a nivel mundial. Reuniendo en 1 solo sitio todos los productos que puedan necesitar, m\u00e1s de 5.000 referencias de art\u00edculos especializados que puedan necesitar instituciones y personas con o sin discapacidad, para apoyar procesos de inclusi\u00f3n, ayudando a superar las barreras que se pueden presentar al momento de estudiar, de trabajar, y en las dem\u00e1s actividades de la vida diaria.<\/li>\n<li>\u00bfNo est\u00e1 seguro sobre qu\u00e9 tipo de dispositivo o producto de apoyo debe comprar? Contamos con expertos para estudiar sus necesidades y asesorarlo recomend\u00e1ndole la ayuda o el conjunto de ayudas m\u00e1s adecuadas \u00bfNecesitas un producto y no lo encuentras en nuestro catalogo online? Cont\u00e1ctanos para ayudarte a conseguirlo. \u00bfEres emprendedor y tienes un gran producto inclusivo que quisieras promocionar en nuestra plataforma? <a href=\"https:\/\/ayudasparatodos.com\/index.php\/contact\/\">Cont\u00e1ctanos<\/a><\/li>\n<li>Visita la secci\u00f3n sobre <a href=\"https:\/\/ayudasparatodos.com\/index.php\/como-comprar-faq\/\">\u00bfC\u00f3mo Comprar? FAQ<\/a>, en la cual encontraras de forma m\u00e1s detallada las instrucciones de como comprar, servicio de asesor\u00eda y cotizaciones, formas de pago, env\u00edos a nivel nacional e internacional, garant\u00eda y otros temas relacionados.<\/li>\n<li><span style=\"font-size: 11.5pt; font-family: Roboto; color: #626262;\">Asesor\u00eda, cotizaciones dudas y comentarios: Si tiene cualquier duda o comentario, nos puede escribir o llamar via WhatsApp agregando el numero +57 3006000144 o directamente desde este <a href=\"https:\/\/wa.me\/+573006000144\">enlace<\/a>\u00a0 <\/span><a href=\"https:\/\/wa.me\/+573006000144\"><span style=\"font-size: 11.5pt; font-family: Roboto; color: #626262;\">https:\/\/wa.me\/+573006000144<\/span><\/a><span style=\"font-size: 11.5pt; font-family: Roboto; color: #626262;\">\u00a0 \u00a0 Tambi\u00e9n puede enviarnos un correo electr\u00f3nico a la direcci\u00f3n <a href=\"mailto:ventas@ayudasparatodos.com\">ventas@ayudasparatodos.com<\/a><\/span><\/li>\n<li><strong>Pagos en Colombia por transferencia Bancolombia o Nequi. Tambi\u00e9n recibimos pagos por tarjeta cr\u00e9dito o debito. Si la alternativa de pago no esta disponible en su pa\u00eds, tambi\u00e9n puede pagar por Giro en western Union o Paypal. Favor contactarnos al correo ventas@ayudasparatodos.com para generarle un enlace de pago personalizado por el valor de los art\u00edculos + el valor del envi\u00f3 seg\u00fan su ubicaci\u00f3n y con su moneda local. Despachos a nivel nacional e internacional desde Medell\u00edn &#8211; Colombia.<\/strong><\/li>\n<\/ul>\n","protected":false},"excerpt":{"rendered":"<p>El trackball m\u00f3vil inal\u00e1mbrico Orbit, el mejorador de productividad ideal para cualquier profesional m\u00f3vil, ofrece comodidad compacta y precisi\u00f3n para la movilidad<\/p>\n","protected":false},"featured_media":52876,"template":"","meta":[],"product_cat":[387],"product_tag":[649,650,655,648],"class_list":["post-52859","product","type-product","status-publish","has-post-thumbnail","hentry","product_cat-mouse-accesibles","product_tag-accesibilidad-digital-computador-pc","product_tag-mouse-raton-accesible-discapaciadd-movilidad-reducida-autismo-paralisis-cerebral","product_tag-mouse-trackball-kensington-orbit-inalambrico-discapacidad-fisica-paralisis-cerebral-autismo","product_tag-tecnologia-asistiva-para-manejar-el-computador-pc-telefono-celular-portatil-discapacidad-accesibilidad","description-off"],"_links":{"self":[{"href":"https:\/\/ayudasparatodos.com\/index.php\/wp-json\/wp\/v3\/product\/52859"}],"collection":[{"href":"https:\/\/ayudasparatodos.com\/index.php\/wp-json\/wp\/v3\/product"}],"about":[{"href":"https:\/\/ayudasparatodos.com\/index.php\/wp-json\/wp\/v2\/types\/product"}],"wp:featuredmedia":[{"embeddable":true,"href":"https:\/\/ayudasparatodos.com\/index.php\/wp-json\/wp\/v2\/media\/52876"}],"wp:attachment":[{"href":"https:\/\/ayudasparatodos.com\/index.php\/wp-json\/wp\/v2\/media?parent=52859"}],"wp:term":[{"taxonomy":"product_cat","embeddable":true,"href":"https:\/\/ayudasparatodos.com\/index.php\/wp-json\/wp\/v2\/product_cat?post=52859"},{"taxonomy":"product_tag","embeddable":true,"href":"https:\/\/ayudasparatodos.com\/index.php\/wp-json\/wp\/v2\/product_tag?post=52859"}],"curies":[{"name":"wp","href":"https:\/\/api.w.org\/{rel}","templated":true}]}}