{"id":52862,"date":"2024-04-22T22:13:42","date_gmt":"2024-04-22T22:13:42","guid":{"rendered":"https:\/\/ayudasparatodos.com\/?post_type=product&#038;p=52862"},"modified":"2024-04-24T01:35:34","modified_gmt":"2024-04-24T01:35:34","slug":"mouse-joystick-optima-accesible-discapacidad-fisica-paralisis-cerebral-autismo","status":"publish","type":"product","link":"https:\/\/ayudasparatodos.com\/index.php\/producto\/mouse-joystick-optima-accesible-discapacidad-fisica-paralisis-cerebral-autismo\/","title":{"rendered":"Mouse Joystick Optima Accesible &#8211; Discapacidad F\u00edsica Par\u00e1lisis cerebral Autismo"},"content":{"rendered":"<p>Descripci\u00f3n del Producto<\/p>\n<p>El OPTIMA Joystick es un joystick de escritorio compacto que no requiere habilidades motoras finas y es adecuado para un amplio espectro de usuarios de computadoras.<\/p>\n<p>El Optima Joystick est\u00e1 dise\u00f1ado espec\u00edficamente para que el movimiento del cursor responda al toque m\u00e1s ligero (0,5 Newtons) para una navegaci\u00f3n precisa del cursor y una orientaci\u00f3n precisa de los objetos en la pantalla de la computadora.<\/p>\n<p>&nbsp;<\/p>\n<p>El Optima Joystick tambi\u00e9n presenta un perfil bajo que proporciona un apoyo natural para las manos para una operaci\u00f3n c\u00f3moda y funcionar\u00e1 con computadoras compatibles con PS2 y USB.<\/p>\n<p>Construcci\u00f3n robusta y dise\u00f1o ergon\u00f3mico<\/p>\n<p>Movimiento del joystick de tacto ligero (0,5 Newtons).<\/p>\n<p>Seguimiento preciso y control del cursor.<\/p>\n<p>Cuatro configuraciones de velocidad del cursor (con alerta audible).<\/p>\n<p>Perfil bajo que proporciona un reposamanos natural para un funcionamiento c\u00f3modo.<\/p>\n<p>Botones Izquierda\/Derecha y Bloqueo de arrastre.<\/p>\n<p>Botones codificados por colores montados al ras para evitar la activaci\u00f3n accidental.<\/p>\n<p>Tomas para operar botones de clic izquierdo\/derecho desde interruptores remotos.<\/p>\n<p>Instalaci\u00f3n sencilla \u00abplug and play\u00bb (no se requieren controladores adicionales).<\/p>\n<p>Detecci\u00f3n autom\u00e1tica de protocolos PS2 y USB.<\/p>\n<p>&nbsp;<\/p>\n<ul>\n<li>Producto importado, venta bajo pedido con pago previo por el valor total del articulo.<\/li>\n<li>FAVOR ANTES DE OFERTAR, confirmar precio actual (por variaciones del valor del d\u00f3lar) y tambi\u00e9n CONFIRMAR QUE PUEDE ESPERAR LOS TIEMPOS DE ENTREGA\u00a0 que normalmente son entre 2-4 semanas.<\/li>\n<li>Cuando recibamos el pedido en nuestra oficina en Medell\u00edn-Colombia, le enviaremos un mensaje al comprador, si se encuentra en Medell\u00edn puede pasar a recogerlo personalmente en nuestra oficina, o tambi\u00e9n podemos hacer el envios a nivel nacional o internacional (Valor del envio cargo del comprador).<\/li>\n<li>Desde Ayudas para TODOS, estamos trabajando para ofrecerles el mayor Marketplace inclusivo a nivel mundial. Reuniendo en 1 solo sitio todos los productos que puedan necesitar, m\u00e1s de 5.000 referencias de art\u00edculos especializados que puedan necesitar instituciones y personas con o sin discapacidad, para apoyar procesos de inclusi\u00f3n, ayudando a superar las barreras que se pueden presentar al momento de estudiar, de trabajar, y en las dem\u00e1s actividades de la vida diaria.<\/li>\n<li>\u00bfNo est\u00e1 seguro sobre qu\u00e9 tipo de dispositivo o producto de apoyo debe comprar? Contamos con expertos para estudiar sus necesidades y asesorarlo recomend\u00e1ndole la ayuda o el conjunto de ayudas m\u00e1s adecuadas \u00bfNecesitas un producto y no lo encuentras en nuestro catalogo online? Cont\u00e1ctanos para ayudarte a conseguirlo. \u00bfEres emprendedor y tienes un gran producto inclusivo que quisieras promocionar en nuestra plataforma? <a href=\"https:\/\/ayudasparatodos.com\/index.php\/contact\/\">Cont\u00e1ctanos<\/a><\/li>\n<li>Visita la secci\u00f3n sobre <a href=\"https:\/\/ayudasparatodos.com\/index.php\/como-comprar-faq\/\">\u00bfC\u00f3mo Comprar? FAQ<\/a>, en la cual encontraras de forma m\u00e1s detallada las instrucciones de como comprar, servicio de asesor\u00eda y cotizaciones, formas de pago, env\u00edos a nivel nacional e internacional, garant\u00eda y otros temas relacionados.<\/li>\n<li><span style=\"font-size: 11.5pt; font-family: Roboto; color: #626262;\">Asesor\u00eda, cotizaciones dudas y comentarios: Si tiene cualquier duda o comentario, nos puede escribir o llamar via WhatsApp agregando el numero +57 3006000144 o directamente desde este <a href=\"https:\/\/wa.me\/+573006000144\">enlace<\/a>\u00a0 <\/span><a href=\"https:\/\/wa.me\/+573006000144\"><span style=\"font-size: 11.5pt; font-family: Roboto; color: #626262;\">https:\/\/wa.me\/+573006000144<\/span><\/a><span style=\"font-size: 11.5pt; font-family: Roboto; color: #626262;\">\u00a0 \u00a0 Tambi\u00e9n puede enviarnos un correo electr\u00f3nico a la direcci\u00f3n <a href=\"mailto:ventas@ayudasparatodos.com\">ventas@ayudasparatodos.com<\/a><\/span><\/li>\n<li><strong>Pagos en Colombia por transferencia Bancolombia o Nequi. Tambi\u00e9n recibimos pagos por tarjeta cr\u00e9dito o debito. Si la alternativa de pago no esta disponible en su pa\u00eds, tambi\u00e9n puede pagar por Giro en western Union o Paypal. Favor contactarnos al correo ventas@ayudasparatodos.com para generarle un enlace de pago personalizado por el valor de los art\u00edculos + el valor del envi\u00f3 seg\u00fan su ubicaci\u00f3n y con su moneda local. Despachos a nivel nacional e internacional desde Medell\u00edn &#8211; Colombia.<\/strong><\/li>\n<\/ul>\n","protected":false},"excerpt":{"rendered":"<p>El OPTIMA Joystick es un joystick de escritorio compacto que no requiere habilidades motoras finas y es adecuado para un amplio espectro de usuarios de computadoras.<\/p>\n","protected":false},"featured_media":0,"template":"","meta":[],"product_cat":[387],"product_tag":[649,658,650,648],"class_list":["post-52862","product","type-product","status-publish","hentry","product_cat-mouse-accesibles","product_tag-accesibilidad-digital-computador-pc","product_tag-mouse-joystick-optima-accesible-discapacidad-fisica-paralisis-cerebral-autismo","product_tag-mouse-raton-accesible-discapaciadd-movilidad-reducida-autismo-paralisis-cerebral","product_tag-tecnologia-asistiva-para-manejar-el-computador-pc-telefono-celular-portatil-discapacidad-accesibilidad","description-off"],"_links":{"self":[{"href":"https:\/\/ayudasparatodos.com\/index.php\/wp-json\/wp\/v3\/product\/52862"}],"collection":[{"href":"https:\/\/ayudasparatodos.com\/index.php\/wp-json\/wp\/v3\/product"}],"about":[{"href":"https:\/\/ayudasparatodos.com\/index.php\/wp-json\/wp\/v2\/types\/product"}],"wp:attachment":[{"href":"https:\/\/ayudasparatodos.com\/index.php\/wp-json\/wp\/v2\/media?parent=52862"}],"wp:term":[{"taxonomy":"product_cat","embeddable":true,"href":"https:\/\/ayudasparatodos.com\/index.php\/wp-json\/wp\/v2\/product_cat?post=52862"},{"taxonomy":"product_tag","embeddable":true,"href":"https:\/\/ayudasparatodos.com\/index.php\/wp-json\/wp\/v2\/product_tag?post=52862"}],"curies":[{"name":"wp","href":"https:\/\/api.w.org\/{rel}","templated":true}]}}