{"id":52863,"date":"2024-04-22T22:13:49","date_gmt":"2024-04-22T22:13:49","guid":{"rendered":"https:\/\/ayudasparatodos.com\/?post_type=product&#038;p=52863"},"modified":"2024-04-24T01:50:06","modified_gmt":"2024-04-24T01:50:06","slug":"mouse-tactil-orbitrack-touchpad-discapacidad-fisica-paralisis-cerebral-autismo","status":"publish","type":"product","link":"https:\/\/ayudasparatodos.com\/index.php\/producto\/mouse-tactil-orbitrack-touchpad-discapacidad-fisica-paralisis-cerebral-autismo\/","title":{"rendered":"Mouse T\u00e1ctil Orbitrack Touchpad &#8211; Discapacidad F\u00edsica Par\u00e1lisis cerebral Autismo"},"content":{"rendered":"<p>Descripci\u00f3n del Producto<\/p>\n<p>Orbitrack es un dispositivo de entrada que permite a los usuarios de computadoras controlar tanto la direcci\u00f3n como la velocidad del cursor con un solo toque suave. Al no requerir movimiento de mano o mu\u00f1eca, Orbitrack es adecuado para todos los usuarios de computadoras, especialmente ni\u00f1os peque\u00f1os y aquellos con dificultades motoras y problemas de movimiento.<\/p>\n<p>Orbitrack utiliza un anillo de control para gestionar electr\u00f3nicamente el movimiento del cursor para apuntar con precisi\u00f3n a los objetos en la pantalla de la computadora. A diferencia de un mouse, trackball o joystick, no es necesario mover la mano o la mu\u00f1eca. A diferencia de un panel t\u00e1ctil, el cursor no tiene que ser \u00abimpulsado\u00bb por la pantalla mediante el movimiento constante de los dedos.<\/p>\n<p>&nbsp;<\/p>\n<p>CARACTER\u00cdSTICAS QUE TE ENCANTAR\u00c1<\/p>\n<p>Tecnolog\u00eda \u00fanica de control del cursor<\/p>\n<p>Anillo de control del cursor grande de 50 mm para una f\u00e1cil operaci\u00f3n y orientaci\u00f3n precisa<\/p>\n<p>Operaci\u00f3n de tacto suave (no requiere presi\u00f3n)<\/p>\n<p>Ultra confiable sin piezas que se muevan o desgasten mec\u00e1nicamente<\/p>\n<p>Sellado contra la entrada de fluidos.<\/p>\n<p>Dise\u00f1o ergon\u00f3mico: carcasa inclinada para una posici\u00f3n c\u00f3moda de la mu\u00f1eca y una gran zona de apoyo para la palma y las manos<\/p>\n<p>El dise\u00f1o sim\u00e9trico permite su uso con cualquier mano.<\/p>\n<p>Botones de tacto suave y codificados por colores (clic izquierdo\/derecho, bloqueo de arrastre y doble clic)<\/p>\n<p>Botones de f\u00e1cil acceso sin necesidad de mover la mano o la mu\u00f1eca.<\/p>\n<p>Cuatro configuraciones de velocidad<\/p>\n<p>La memoria reiniciable proporciona una funci\u00f3n de \u00aborientaci\u00f3n\u00bb, botones de clic izquierdo y derecho intercambiables, se\u00f1ales de alerta audibles de encendido\/apagado y opci\u00f3n de aceleraci\u00f3n inteligente.<\/p>\n<p>Detecci\u00f3n autom\u00e1tica de protocolos PS2 y USB<\/p>\n<p>Instalaci\u00f3n sencilla plug and play (no se requieren controladores adicionales)<\/p>\n<p>Compatible con PC y Mac<\/p>\n<p>&nbsp;<\/p>\n<ul>\n<li>Producto importado, venta bajo pedido con pago previo por el valor total del articulo.<\/li>\n<li>FAVOR ANTES DE OFERTAR, confirmar precio actual (por variaciones del valor del d\u00f3lar) y tambi\u00e9n CONFIRMAR QUE PUEDE ESPERAR LOS TIEMPOS DE ENTREGA\u00a0 que normalmente son entre 2-4 semanas.<\/li>\n<li>Cuando recibamos el pedido en nuestra oficina en Medell\u00edn-Colombia, le enviaremos un mensaje al comprador, si se encuentra en Medell\u00edn puede pasar a recogerlo personalmente en nuestra oficina, o tambi\u00e9n podemos hacer el envios a nivel nacional o internacional (Valor del envio cargo del comprador).<\/li>\n<li>Desde Ayudas para TODOS, estamos trabajando para ofrecerles el mayor Marketplace inclusivo a nivel mundial. Reuniendo en 1 solo sitio todos los productos que puedan necesitar, m\u00e1s de 5.000 referencias de art\u00edculos especializados que puedan necesitar instituciones y personas con o sin discapacidad, para apoyar procesos de inclusi\u00f3n, ayudando a superar las barreras que se pueden presentar al momento de estudiar, de trabajar, y en las dem\u00e1s actividades de la vida diaria.<\/li>\n<li>\u00bfNo est\u00e1 seguro sobre qu\u00e9 tipo de dispositivo o producto de apoyo debe comprar? Contamos con expertos para estudiar sus necesidades y asesorarlo recomend\u00e1ndole la ayuda o el conjunto de ayudas m\u00e1s adecuadas \u00bfNecesitas un producto y no lo encuentras en nuestro catalogo online? Cont\u00e1ctanos para ayudarte a conseguirlo. \u00bfEres emprendedor y tienes un gran producto inclusivo que quisieras promocionar en nuestra plataforma? <a href=\"https:\/\/ayudasparatodos.com\/index.php\/contact\/\">Cont\u00e1ctanos<\/a><\/li>\n<li>Visita la secci\u00f3n sobre <a href=\"https:\/\/ayudasparatodos.com\/index.php\/como-comprar-faq\/\">\u00bfC\u00f3mo Comprar? FAQ<\/a>, en la cual encontraras de forma m\u00e1s detallada las instrucciones de como comprar, servicio de asesor\u00eda y cotizaciones, formas de pago, env\u00edos a nivel nacional e internacional, garant\u00eda y otros temas relacionados.<\/li>\n<li><span style=\"font-size: 11.5pt; font-family: Roboto; color: #626262;\">Asesor\u00eda, cotizaciones dudas y comentarios: Si tiene cualquier duda o comentario, nos puede escribir o llamar via WhatsApp agregando el numero +57 3006000144 o directamente desde este <a href=\"https:\/\/wa.me\/+573006000144\">enlace<\/a>\u00a0 <\/span><a href=\"https:\/\/wa.me\/+573006000144\"><span style=\"font-size: 11.5pt; font-family: Roboto; color: #626262;\">https:\/\/wa.me\/+573006000144<\/span><\/a><span style=\"font-size: 11.5pt; font-family: Roboto; color: #626262;\">\u00a0 \u00a0 Tambi\u00e9n puede enviarnos un correo electr\u00f3nico a la direcci\u00f3n <a href=\"mailto:ventas@ayudasparatodos.com\">ventas@ayudasparatodos.com<\/a><\/span><\/li>\n<li><strong>Pagos en Colombia por transferencia Bancolombia o Nequi. Tambi\u00e9n recibimos pagos por tarjeta cr\u00e9dito o debito. Si la alternativa de pago no esta disponible en su pa\u00eds, tambi\u00e9n puede pagar por Giro en western Union o Paypal. Favor contactarnos al correo ventas@ayudasparatodos.com para generarle un enlace de pago personalizado por el valor de los art\u00edculos + el valor del envi\u00f3 seg\u00fan su ubicaci\u00f3n y con su moneda local. Despachos a nivel nacional e internacional desde Medell\u00edn &#8211; Colombia.<\/strong><\/li>\n<\/ul>\n","protected":false},"excerpt":{"rendered":"<p>Orbitrack es un dispositivo de entrada que permite a los usuarios de computadoras controlar tanto la direcci\u00f3n como la velocidad del cursor con un solo toque suave.<\/p>\n","protected":false},"featured_media":0,"template":"","meta":[],"product_cat":[387],"product_tag":[649,650,659,648],"class_list":["post-52863","product","type-product","status-publish","hentry","product_cat-mouse-accesibles","product_tag-accesibilidad-digital-computador-pc","product_tag-mouse-raton-accesible-discapaciadd-movilidad-reducida-autismo-paralisis-cerebral","product_tag-mouse-tactil-orbitrack-touchpad-discapacidad-fisica-paralisis-cerebral-autismo","product_tag-tecnologia-asistiva-para-manejar-el-computador-pc-telefono-celular-portatil-discapacidad-accesibilidad","description-off"],"_links":{"self":[{"href":"https:\/\/ayudasparatodos.com\/index.php\/wp-json\/wp\/v3\/product\/52863"}],"collection":[{"href":"https:\/\/ayudasparatodos.com\/index.php\/wp-json\/wp\/v3\/product"}],"about":[{"href":"https:\/\/ayudasparatodos.com\/index.php\/wp-json\/wp\/v2\/types\/product"}],"wp:attachment":[{"href":"https:\/\/ayudasparatodos.com\/index.php\/wp-json\/wp\/v2\/media?parent=52863"}],"wp:term":[{"taxonomy":"product_cat","embeddable":true,"href":"https:\/\/ayudasparatodos.com\/index.php\/wp-json\/wp\/v2\/product_cat?post=52863"},{"taxonomy":"product_tag","embeddable":true,"href":"https:\/\/ayudasparatodos.com\/index.php\/wp-json\/wp\/v2\/product_tag?post=52863"}],"curies":[{"name":"wp","href":"https:\/\/api.w.org\/{rel}","templated":true}]}}