{"id":52887,"date":"2024-04-24T01:52:25","date_gmt":"2024-04-24T01:52:25","guid":{"rendered":"https:\/\/ayudasparatodos.com\/?post_type=product&#038;p=52887"},"modified":"2024-04-24T21:21:21","modified_gmt":"2024-04-24T21:21:21","slug":"pceye-seguidor-ocular-controla-mouse-y-comunicate-con-los-ojos-discapacidad-fisica-paralisis-cerebral-autismo","status":"publish","type":"product","link":"https:\/\/ayudasparatodos.com\/index.php\/producto\/pceye-seguidor-ocular-controla-mouse-y-comunicate-con-los-ojos-discapacidad-fisica-paralisis-cerebral-autismo\/","title":{"rendered":"PCEye seguidor ocular controla mouse y comun\u00edcate con los ojos &#8211; Discapacidad F\u00edsica Par\u00e1lisis cerebral Autismo"},"content":{"rendered":"<p>DESCRIPCI\u00d3N<\/p>\n<p>*Favor contactarnos para recibir una cotizaci\u00f3n actualizada con el valor de este producto.<\/p>\n<p>El nuevo PCEye es un seguidor ocular compacto, que transforma una computadora o tablet Windows compatible en una soluci\u00f3n de Comunicaci\u00f3n Aumentativa Alternativa.<\/p>\n<p>Permite a las personas con dificultades en su comunicaci\u00f3n operar una computadora y comunicarse solo con sus ojos. Para aquellos que no pueden hablar y necesitan un sistema de comunicaci\u00f3n, el nuevo PCEye se puede comprar junto a TD Snap para comunicaci\u00f3n basada en pictogramas o con Communicator 5para aquellos que cuentan con alfabetizaci\u00f3n.<\/p>\n<p>El PCEye se adapta a pantallas peque\u00f1as y grandes de hasta 27 pulgadas y se puede utilizar tanto en interiores como en exteriores. Viene con el sistema TD Control, una forma intuitiva de controlar una computadora Windows con la mirada. Navegue por la web, cree documentos y juegue en su computadora port\u00e1til. Realice videollamadas y publique en las redes sociales, todo con sus ojos. Se puede comprar de forma opcional, con un soporte para conectar el PCEye a una tablet Windows.<\/p>\n<p>Seguidor Ocular para CAA<\/p>\n<p>El PCEye es un seguidor ocular creado para la comunicaci\u00f3n. Este dispositivo le permite manejar una computadora o tablet Windows compatible solo con los ojos. Funciona por conexi\u00f3n USB, tanto en interiores como al aire libre.<\/p>\n<p>Independencia y adaptabilidad<\/p>\n<p>Acceda a todas las funciones de una computadora Windows, incluidas las pantallas peque\u00f1as y grandes, en interiores y exteriores de forma totalmente independiente.<\/p>\n<p>Accesible<\/p>\n<p>Reemplaza un teclado y mouse tradicionales por tus ojos. Navega por la web, con\u00e9ctate a las redes sociales, juega, crea documentos y m\u00e1s. Simplemente conecta el PCEye a tu dispositivo Windows por USB y accede a todo lo que tu computadora tiene para ofrecer.<\/p>\n<p>PCEye opera con el software TD Control, el cual, permite el uso adecuado del dispositivo con los ojos de manera intuitiva.<\/p>\n<p>Adaptable<\/p>\n<p>Utilice PCEye en tablets, computadoras port\u00e1tiles y monitores de escritorio Windows, con pantallas de hasta 27 \u00abde tama\u00f1o. Consulte las especificaciones para conocer los requisitos exactos. Puede utilizarse tanto en interiores como en exteriores, incluso con luz brillante.<\/p>\n<p>&nbsp;<\/p>\n<p>Precisi\u00f3n<\/p>\n<p>Nuestro m\u00e1s reciente seguidor ocular se basa en m\u00e1s de 15 a\u00f1os de investigaci\u00f3n y pruebas en todo tipo de etnias, anteojos y condiciones de iluminaci\u00f3n.<\/p>\n<p>Selecciona con la mirada objetivos en la pantalla r\u00e1pidamente y con alta precisi\u00f3n. No importa si te mueves o dejas de mirar la pantalla, hemos optimizado el tiempo de recuperaci\u00f3n para que no existan interrupciones al utilizar el sistema.<\/p>\n<p>&nbsp;<\/p>\n<ul>\n<li>Producto importado, venta bajo pedido con pago previo por el valor total del articulo.<\/li>\n<li>FAVOR ANTES DE OFERTAR, confirmar precio actual (por variaciones del valor del d\u00f3lar) y tambi\u00e9n CONFIRMAR QUE PUEDE ESPERAR LOS TIEMPOS DE ENTREGA\u00a0 que normalmente son entre 2-4 semanas.<\/li>\n<li>Cuando recibamos el pedido en nuestra oficina en Medell\u00edn-Colombia, le enviaremos un mensaje al comprador, si se encuentra en Medell\u00edn puede pasar a recogerlo personalmente en nuestra oficina, o tambi\u00e9n podemos hacer el envios a nivel nacional o internacional (Valor del envio cargo del comprador).<\/li>\n<li>Desde Ayudas para TODOS, estamos trabajando para ofrecerles el mayor Marketplace inclusivo a nivel mundial. Reuniendo en 1 solo sitio todos los productos que puedan necesitar, m\u00e1s de 5.000 referencias de art\u00edculos especializados que puedan necesitar instituciones y personas con o sin discapacidad, para apoyar procesos de inclusi\u00f3n, ayudando a superar las barreras que se pueden presentar al momento de estudiar, de trabajar, y en las dem\u00e1s actividades de la vida diaria.<\/li>\n<li>\u00bfNo est\u00e1 seguro sobre qu\u00e9 tipo de dispositivo o producto de apoyo debe comprar? Contamos con expertos para estudiar sus necesidades y asesorarlo recomend\u00e1ndole la ayuda o el conjunto de ayudas m\u00e1s adecuadas \u00bfNecesitas un producto y no lo encuentras en nuestro catalogo online? Cont\u00e1ctanos para ayudarte a conseguirlo. \u00bfEres emprendedor y tienes un gran producto inclusivo que quisieras promocionar en nuestra plataforma? <a href=\"https:\/\/ayudasparatodos.com\/index.php\/contact\/\">Cont\u00e1ctanos<\/a><\/li>\n<li>Visita la secci\u00f3n sobre <a href=\"https:\/\/ayudasparatodos.com\/index.php\/como-comprar-faq\/\">\u00bfC\u00f3mo Comprar? FAQ<\/a>, en la cual encontraras de forma m\u00e1s detallada las instrucciones de como comprar, servicio de asesor\u00eda y cotizaciones, formas de pago, env\u00edos a nivel nacional e internacional, garant\u00eda y otros temas relacionados.<\/li>\n<li><span style=\"font-size: 11.5pt; font-family: Roboto; color: #626262;\">Asesor\u00eda, cotizaciones dudas y comentarios: Si tiene cualquier duda o comentario, nos puede escribir o llamar via WhatsApp agregando el numero +57 3006000144 o directamente desde este <a href=\"https:\/\/wa.me\/+573006000144\">enlace<\/a>\u00a0 <\/span><a href=\"https:\/\/wa.me\/+573006000144\"><span style=\"font-size: 11.5pt; font-family: Roboto; color: #626262;\">https:\/\/wa.me\/+573006000144<\/span><\/a><span style=\"font-size: 11.5pt; font-family: Roboto; color: #626262;\">\u00a0 \u00a0 Tambi\u00e9n puede enviarnos un correo electr\u00f3nico a la direcci\u00f3n <a href=\"mailto:ventas@ayudasparatodos.com\">ventas@ayudasparatodos.com<\/a><\/span><\/li>\n<li><strong>Pagos en Colombia por transferencia Bancolombia o Nequi. Tambi\u00e9n recibimos pagos por tarjeta cr\u00e9dito o debito. Si la alternativa de pago no esta disponible en su pa\u00eds, tambi\u00e9n puede pagar por Giro en western Union o Paypal. Favor contactarnos al correo ventas@ayudasparatodos.com para generarle un enlace de pago personalizado por el valor de los art\u00edculos + el valor del envi\u00f3 seg\u00fan su ubicaci\u00f3n y con su moneda local. Despachos a nivel nacional e internacional desde Medell\u00edn &#8211; Colombia.<\/strong><\/li>\n<\/ul>\n","protected":false},"excerpt":{"rendered":"<p>*Favor contactarnos para recibir una cotizaci\u00f3n actualizada con el valor de este producto.<\/p>\n","protected":false},"featured_media":52901,"template":"","meta":[],"product_cat":[387],"product_tag":[649,650,665,648],"class_list":["post-52887","product","type-product","status-publish","has-post-thumbnail","hentry","product_cat-mouse-accesibles","product_tag-accesibilidad-digital-computador-pc","product_tag-mouse-raton-accesible-discapaciadd-movilidad-reducida-autismo-paralisis-cerebral","product_tag-pceye-seguidor-ocular-controla-mouse-y-comunicate-con-los-ojos-discapacidad-fisica-paralisis-cerebral-autismo","product_tag-tecnologia-asistiva-para-manejar-el-computador-pc-telefono-celular-portatil-discapacidad-accesibilidad","description-off"],"_links":{"self":[{"href":"https:\/\/ayudasparatodos.com\/index.php\/wp-json\/wp\/v3\/product\/52887"}],"collection":[{"href":"https:\/\/ayudasparatodos.com\/index.php\/wp-json\/wp\/v3\/product"}],"about":[{"href":"https:\/\/ayudasparatodos.com\/index.php\/wp-json\/wp\/v2\/types\/product"}],"wp:featuredmedia":[{"embeddable":true,"href":"https:\/\/ayudasparatodos.com\/index.php\/wp-json\/wp\/v2\/media\/52901"}],"wp:attachment":[{"href":"https:\/\/ayudasparatodos.com\/index.php\/wp-json\/wp\/v2\/media?parent=52887"}],"wp:term":[{"taxonomy":"product_cat","embeddable":true,"href":"https:\/\/ayudasparatodos.com\/index.php\/wp-json\/wp\/v2\/product_cat?post=52887"},{"taxonomy":"product_tag","embeddable":true,"href":"https:\/\/ayudasparatodos.com\/index.php\/wp-json\/wp\/v2\/product_tag?post=52887"}],"curies":[{"name":"wp","href":"https:\/\/api.w.org\/{rel}","templated":true}]}}