{"id":52895,"date":"2024-04-24T21:13:25","date_gmt":"2024-04-24T21:13:25","guid":{"rendered":"https:\/\/ayudasparatodos.com\/?post_type=product&#038;p=52895"},"modified":"2024-04-24T21:51:46","modified_gmt":"2024-04-24T21:51:46","slug":"mouse-quadjoy-4-para-controlar-con-la-boca-o-el-menton-discapacidad-fisica-paralisis-cerebral-autismo","status":"publish","type":"product","link":"https:\/\/ayudasparatodos.com\/index.php\/producto\/mouse-quadjoy-4-para-controlar-con-la-boca-o-el-menton-discapacidad-fisica-paralisis-cerebral-autismo\/","title":{"rendered":"Mouse QuadJoy 4 para controlar con la boca o el ment\u00f3n &#8211; Discapacidad F\u00edsica Par\u00e1lisis cerebral Autismo"},"content":{"rendered":"<p>DESCRIPCI\u00d3N<\/p>\n<p>*Favor contactarnos para recibir una cotizaci\u00f3n actualizada con el valor de este producto. Tambi\u00e9n podemos ofrecer el mouse en paquete con soportes para sostenerlo a la mesa o a al cama, y repuestos importantes.<\/p>\n<p>Product Description<\/p>\n<p>Control your computer with the use of only your mouth or chin with the all-new QuadJoy 4! Designed as an alternative computer input device, the QuadJoy allows you to click, drag, scroll, highlight, and more.<\/p>\n<p>The QuadJoy uses joystick movement and sip\/puff input for cursor actions, and it is also switch-compatible. The QuadJoy 4 must be paired with compatible mounting hardware.<\/p>\n<p>Features You&#8217;ll Love:<\/p>\n<p>&#8211; Full mouse functionality: Mouse Left Click, Right Click, Wheel, Center Button, Button 4, Button 5<\/p>\n<p>&#8211; 2 settings profiles: Mouse 1 Mode and Mouse 2 Mode<\/p>\n<p>&#8211; Full Keyboard shortcuts and commands: copy, cut, paste, find undo<\/p>\n<p>&#8211; Bluetooth wireless connectivity for 4 devices: Android or iOS 13 or greater for phones, tablets, or computers<\/p>\n<p>&#8211; Sleep Mode: saves power and avoids accidentally waking your device<\/p>\n<p>&nbsp;<\/p>\n<p>Settings:<\/p>\n<p>&#8211; Cursor Settings: allows for full-motion control<\/p>\n<p>&#8211; Gesture Settings:<\/p>\n<p>&#8211; Inactivity Settings: Sleep mode, Default target, Default mode<\/p>\n<p>&#8211; Sip &amp; Puff Settings: pressure high and low thresholds<\/p>\n<p>&#8211; Scroll Settings: scroll rate, scroll hold time<\/p>\n<p>&#8211; Deadbands: Stick, Click, Pressure, Mouse<\/p>\n<p>&nbsp;<\/p>\n<p>Gestures:<\/p>\n<p>&#8211; 12 customizable Sip &amp; Puff gestures per mode<\/p>\n<p>&#8211; 4 customizable Edge gestures<\/p>\n<p>&#8211; 32 customizable Independent gestures<\/p>\n<p>&#8211; Inhibit Motion gesture<\/p>\n<p>&nbsp;<\/p>\n<p>System Requirements:<\/p>\n<p>&#8211; Windows<\/p>\n<p>&#8211; MacOS<\/p>\n<p>&#8211; iOS 13 or greater<\/p>\n<p>&#8211; Linux<\/p>\n<p>&#8211; Chrome OS<\/p>\n<p>&#8211; Android<\/p>\n<p>&nbsp;<\/p>\n<ul>\n<li>Producto importado, venta bajo pedido con pago previo por el valor total del articulo.<\/li>\n<li>FAVOR ANTES DE OFERTAR, confirmar precio actual (por variaciones del valor del d\u00f3lar) y tambi\u00e9n CONFIRMAR QUE PUEDE ESPERAR LOS TIEMPOS DE ENTREGA\u00a0 que normalmente son entre 2-4 semanas.<\/li>\n<li>Cuando recibamos el pedido en nuestra oficina en Medell\u00edn-Colombia, le enviaremos un mensaje al comprador, si se encuentra en Medell\u00edn puede pasar a recogerlo personalmente en nuestra oficina, o tambi\u00e9n podemos hacer el envios a nivel nacional o internacional (Valor del envio cargo del comprador).<\/li>\n<li>Desde Ayudas para TODOS, estamos trabajando para ofrecerles el mayor Marketplace inclusivo a nivel mundial. Reuniendo en 1 solo sitio todos los productos que puedan necesitar, m\u00e1s de 5.000 referencias de art\u00edculos especializados que puedan necesitar instituciones y personas con o sin discapacidad, para apoyar procesos de inclusi\u00f3n, ayudando a superar las barreras que se pueden presentar al momento de estudiar, de trabajar, y en las dem\u00e1s actividades de la vida diaria.<\/li>\n<li>\u00bfNo est\u00e1 seguro sobre qu\u00e9 tipo de dispositivo o producto de apoyo debe comprar? Contamos con expertos para estudiar sus necesidades y asesorarlo recomend\u00e1ndole la ayuda o el conjunto de ayudas m\u00e1s adecuadas \u00bfNecesitas un producto y no lo encuentras en nuestro catalogo online? Cont\u00e1ctanos para ayudarte a conseguirlo. \u00bfEres emprendedor y tienes un gran producto inclusivo que quisieras promocionar en nuestra plataforma? <a href=\"https:\/\/ayudasparatodos.com\/index.php\/contact\/\">Cont\u00e1ctanos<\/a><\/li>\n<li>Visita la secci\u00f3n sobre <a href=\"https:\/\/ayudasparatodos.com\/index.php\/como-comprar-faq\/\">\u00bfC\u00f3mo Comprar? FAQ<\/a>, en la cual encontraras de forma m\u00e1s detallada las instrucciones de como comprar, servicio de asesor\u00eda y cotizaciones, formas de pago, env\u00edos a nivel nacional e internacional, garant\u00eda y otros temas relacionados.<\/li>\n<li><span style=\"font-size: 11.5pt; font-family: Roboto; color: #626262;\">Asesor\u00eda, cotizaciones dudas y comentarios: Si tiene cualquier duda o comentario, nos puede escribir o llamar via WhatsApp agregando el numero +57 3006000144 o directamente desde este <a href=\"https:\/\/wa.me\/+573006000144\">enlace<\/a>\u00a0 <\/span><a href=\"https:\/\/wa.me\/+573006000144\"><span style=\"font-size: 11.5pt; font-family: Roboto; color: #626262;\">https:\/\/wa.me\/+573006000144<\/span><\/a><span style=\"font-size: 11.5pt; font-family: Roboto; color: #626262;\">\u00a0 \u00a0 Tambi\u00e9n puede enviarnos un correo electr\u00f3nico a la direcci\u00f3n <a href=\"mailto:ventas@ayudasparatodos.com\">ventas@ayudasparatodos.com<\/a><\/span><\/li>\n<li><strong>Pagos en Colombia por transferencia Bancolombia o Nequi. Tambi\u00e9n recibimos pagos por tarjeta cr\u00e9dito o debito. Si la alternativa de pago no esta disponible en su pa\u00eds, tambi\u00e9n puede pagar por Giro en western Union o Paypal. Favor contactarnos al correo ventas@ayudasparatodos.com para generarle un enlace de pago personalizado por el valor de los art\u00edculos + el valor del envi\u00f3 seg\u00fan su ubicaci\u00f3n y con su moneda local. Despachos a nivel nacional e internacional desde Medell\u00edn &#8211; Colombia.<\/strong><\/li>\n<\/ul>\n","protected":false},"excerpt":{"rendered":"<p>*Favor contactarnos para recibir una cotizaci\u00f3n actualizada con el valor de este producto. Tambi\u00e9n podemos ofrecer el mouse en paquete con soportes para sostenerlo a la mesa o a al cama, y repuestos importantes.<\/p>\n","protected":false},"featured_media":0,"template":"","meta":[],"product_cat":[387],"product_tag":[649,666,650,648],"class_list":["post-52895","product","type-product","status-publish","hentry","product_cat-mouse-accesibles","product_tag-accesibilidad-digital-computador-pc","product_tag-mouse-quadjoy-4-para-controlar-con-la-boca-o-el-menton-discapacidad-fisica-paralisis-cerebral-autismo","product_tag-mouse-raton-accesible-discapaciadd-movilidad-reducida-autismo-paralisis-cerebral","product_tag-tecnologia-asistiva-para-manejar-el-computador-pc-telefono-celular-portatil-discapacidad-accesibilidad","description-off"],"_links":{"self":[{"href":"https:\/\/ayudasparatodos.com\/index.php\/wp-json\/wp\/v3\/product\/52895"}],"collection":[{"href":"https:\/\/ayudasparatodos.com\/index.php\/wp-json\/wp\/v3\/product"}],"about":[{"href":"https:\/\/ayudasparatodos.com\/index.php\/wp-json\/wp\/v2\/types\/product"}],"wp:attachment":[{"href":"https:\/\/ayudasparatodos.com\/index.php\/wp-json\/wp\/v2\/media?parent=52895"}],"wp:term":[{"taxonomy":"product_cat","embeddable":true,"href":"https:\/\/ayudasparatodos.com\/index.php\/wp-json\/wp\/v2\/product_cat?post=52895"},{"taxonomy":"product_tag","embeddable":true,"href":"https:\/\/ayudasparatodos.com\/index.php\/wp-json\/wp\/v2\/product_tag?post=52895"}],"curies":[{"name":"wp","href":"https:\/\/api.w.org\/{rel}","templated":true}]}}