{"id":52898,"date":"2024-04-24T21:13:51","date_gmt":"2024-04-24T21:13:51","guid":{"rendered":"https:\/\/ayudasparatodos.com\/?post_type=product&#038;p=52898"},"modified":"2024-04-25T16:38:30","modified_gmt":"2024-04-25T16:38:30","slug":"mouse-quha-zono-giroscopico-para-controlar-con-movimiento-de-cabeza-discapacidad-fisica-paralisis-cerebral-autismo","status":"publish","type":"product","link":"https:\/\/ayudasparatodos.com\/index.php\/producto\/mouse-quha-zono-giroscopico-para-controlar-con-movimiento-de-cabeza-discapacidad-fisica-paralisis-cerebral-autismo\/","title":{"rendered":"Mouse Quha Zono girosc\u00f3pico para controlar con movimiento de cabeza &#8211; Discapacidad F\u00edsica Par\u00e1lisis cerebral Autismo"},"content":{"rendered":"<p>Descripci\u00f3n del Producto<\/p>\n<p>Quha Zono es el \u00fanico rat\u00f3n de aire girosc\u00f3pico dise\u00f1ado para aquellos que no pueden o prefieren no utilizar un rat\u00f3n est\u00e1ndar. El Quha Zono se fija a la diadema opcional o se lleva en el cuerpo. Los movimientos con Quha controlan el cursor en la pantalla, lo que permite a los usuarios seleccionar, hacer clic y arrastrar elementos en una computadora de escritorio, port\u00e1til o tableta.<\/p>\n<p>&nbsp;<\/p>\n<p>Quha Zono tiene una funci\u00f3n de clic autom\u00e1tico incorporada. Cuando esta funci\u00f3n se activa con el software de configuraci\u00f3n, se hace clic autom\u00e1ticamente en un bot\u00f3n despu\u00e9s de un breve momento de inactividad del mouse. Esta funci\u00f3n tambi\u00e9n se denomina clic de permanencia. Todas las configuraciones del mouse Quha Zono se almacenan dentro de la memoria del mouse para que el mouse se transfiera f\u00e1cilmente entre varias computadoras.<\/p>\n<p>Con el rat\u00f3n Quha Zono tambi\u00e9n puedes utilizar tabletas con manos libres. Simplemente conecte el receptor USB al puerto USB de la tableta y estar\u00e1 listo. La mayor\u00eda de las tabletas Android y Windows admiten de forma nativa el mouse Quha Zono. Con Quha Zono no necesitas la interfaz de pantalla t\u00e1ctil de la tableta. En su lugar, utiliza el mouse inal\u00e1mbrico para acceder a las aplicaciones de la tableta, como Skype, navegador web y correo electr\u00f3nico. Se puede acceder al teclado virtual de la tableta con el mouse Quha Zono cuando es necesario escribir texto.<\/p>\n<p>&nbsp;<\/p>\n<p>\u00bfQu\u00e9 hay en la caja?<\/p>\n<p>&nbsp;<\/p>\n<p>Rat\u00f3n Quha Zono<\/p>\n<p>Receptor USB<\/p>\n<p>Cable de carga USB<\/p>\n<p>Adaptador para conectar dos interruptores<\/p>\n<p>Manual de usuario y CD<\/p>\n<p>&nbsp;<\/p>\n<p>Tambi\u00e9n vendemos los accesorios adicionales para utilizarlo mas c\u00f3modamente:<\/p>\n<p>-El kit de montaje para la cabeza, el cual \u00a0incluye un clip para gafas liviano y una banda para el cuello.<\/p>\n<p>&#8211; Diadema para la cabezamuy ligera de llevar. El mouse Quha Zono se puede cargar mientras est\u00e1 conectado a la diadema.<\/p>\n<p>CARACTER\u00cdSTICAS QUE TE ENCANTAR\u00c1<\/p>\n<p>Proporciona acceso preciso e intuitivo a la computadora con solo peque\u00f1os movimientos de la cabeza.<\/p>\n<p>Extremadamente liviano y f\u00e1cil de usar de infinitas maneras.<\/p>\n<p>Funciona nada m\u00e1s sacarlo de la caja permitiendo acceso completo a la computadora<\/p>\n<p>Compatible con todas las computadoras disponibles y casi todas las tabletas y tel\u00e9fonos inteligentes<\/p>\n<p>Conexi\u00f3n inal\u00e1mbrica Radioenlace de 2,45 GHz, opera hasta 10 m<\/p>\n<p>Bater\u00eda Li-Po (Litio-pol\u00edmero) 240 mAh. Tiempo de uso activo 30 horas, en modo inactivo autom\u00e1tico hasta 20 d\u00edas<\/p>\n<p>Receptor USB USB 2.0 HID, incluye conector est\u00e9reo de 3,5 mm para conectar un interruptor directamente o dos interruptores con el adaptador incluido<\/p>\n<p>&nbsp;<\/p>\n<p>Tenga en cuenta: la mayor\u00eda de las tabletas admiten ratones USB HID. Aseg\u00farese de que tambi\u00e9n lo haga su tableta. Si est\u00e1 considerando una tableta Android, recuerde verificar que la tableta tenga teclas virtuales de inicio, retroceso y men\u00fa en lugar de botones f\u00edsicos. Luego se puede utilizar el mouse para acceder a ellos.<\/p>\n<p>El dispositivo vine con el adaptador<\/p>\n<p>&nbsp;<\/p>\n<ul>\n<li>Producto importado, venta bajo pedido con pago previo por el valor total del articulo.<\/li>\n<li>FAVOR ANTES DE OFERTAR, confirmar precio actual (por variaciones del valor del d\u00f3lar) y tambi\u00e9n CONFIRMAR QUE PUEDE ESPERAR LOS TIEMPOS DE ENTREGA\u00a0 que normalmente son entre 2-4 semanas.<\/li>\n<li>Cuando recibamos el pedido en nuestra oficina en Medell\u00edn-Colombia, le enviaremos un mensaje al comprador, si se encuentra en Medell\u00edn puede pasar a recogerlo personalmente en nuestra oficina, o tambi\u00e9n podemos hacer el envios a nivel nacional o internacional (Valor del envio cargo del comprador).<\/li>\n<li>Desde Ayudas para TODOS, estamos trabajando para ofrecerles el mayor Marketplace inclusivo a nivel mundial. Reuniendo en 1 solo sitio todos los productos que puedan necesitar, m\u00e1s de 5.000 referencias de art\u00edculos especializados que puedan necesitar instituciones y personas con o sin discapacidad, para apoyar procesos de inclusi\u00f3n, ayudando a superar las barreras que se pueden presentar al momento de estudiar, de trabajar, y en las dem\u00e1s actividades de la vida diaria.<\/li>\n<li>\u00bfNo est\u00e1 seguro sobre qu\u00e9 tipo de dispositivo o producto de apoyo debe comprar? Contamos con expertos para estudiar sus necesidades y asesorarlo recomend\u00e1ndole la ayuda o el conjunto de ayudas m\u00e1s adecuadas \u00bfNecesitas un producto y no lo encuentras en nuestro catalogo online? Cont\u00e1ctanos para ayudarte a conseguirlo. \u00bfEres emprendedor y tienes un gran producto inclusivo que quisieras promocionar en nuestra plataforma? <a href=\"https:\/\/ayudasparatodos.com\/index.php\/contact\/\">Cont\u00e1ctanos<\/a><\/li>\n<li>Visita la secci\u00f3n sobre <a href=\"https:\/\/ayudasparatodos.com\/index.php\/como-comprar-faq\/\">\u00bfC\u00f3mo Comprar? FAQ<\/a>, en la cual encontraras de forma m\u00e1s detallada las instrucciones de como comprar, servicio de asesor\u00eda y cotizaciones, formas de pago, env\u00edos a nivel nacional e internacional, garant\u00eda y otros temas relacionados.<\/li>\n<li><span style=\"font-size: 11.5pt; font-family: Roboto; color: #626262;\">Asesor\u00eda, cotizaciones dudas y comentarios: Si tiene cualquier duda o comentario, nos puede escribir o llamar via WhatsApp agregando el numero +57 3006000144 o directamente desde este <a href=\"https:\/\/wa.me\/+573006000144\">enlace<\/a>\u00a0 <\/span><a href=\"https:\/\/wa.me\/+573006000144\"><span style=\"font-size: 11.5pt; font-family: Roboto; color: #626262;\">https:\/\/wa.me\/+573006000144<\/span><\/a><span style=\"font-size: 11.5pt; font-family: Roboto; color: #626262;\">\u00a0 \u00a0 Tambi\u00e9n puede enviarnos un correo electr\u00f3nico a la direcci\u00f3n <a href=\"mailto:ventas@ayudasparatodos.com\">ventas@ayudasparatodos.com<\/a><\/span><\/li>\n<li><strong>Pagos en Colombia por transferencia Bancolombia o Nequi. Tambi\u00e9n recibimos pagos por tarjeta cr\u00e9dito o debito. Si la alternativa de pago no esta disponible en su pa\u00eds, tambi\u00e9n puede pagar por Giro en western Union o Paypal. Favor contactarnos al correo ventas@ayudasparatodos.com para generarle un enlace de pago personalizado por el valor de los art\u00edculos + el valor del envi\u00f3 seg\u00fan su ubicaci\u00f3n y con su moneda local. Despachos a nivel nacional e internacional desde Medell\u00edn &#8211; Colombia.<\/strong><\/li>\n<\/ul>\n","protected":false},"excerpt":{"rendered":"<p>Quha Zono es el \u00fanico rat\u00f3n de aire girosc\u00f3pico dise\u00f1ado para aquellos que no pueden o prefieren no utilizar un rat\u00f3n est\u00e1ndar<\/p>\n","protected":false},"featured_media":0,"template":"","meta":[],"product_cat":[387],"product_tag":[649,669,650,648],"class_list":["post-52898","product","type-product","status-publish","hentry","product_cat-mouse-accesibles","product_tag-accesibilidad-digital-computador-pc","product_tag-mouse-quha-zono-giroscopico-para-controlar-con-movimiento-de-cabeza-discapacidad-fisica-paralisis-cerebral-autismo","product_tag-mouse-raton-accesible-discapaciadd-movilidad-reducida-autismo-paralisis-cerebral","product_tag-tecnologia-asistiva-para-manejar-el-computador-pc-telefono-celular-portatil-discapacidad-accesibilidad","description-off"],"_links":{"self":[{"href":"https:\/\/ayudasparatodos.com\/index.php\/wp-json\/wp\/v3\/product\/52898"}],"collection":[{"href":"https:\/\/ayudasparatodos.com\/index.php\/wp-json\/wp\/v3\/product"}],"about":[{"href":"https:\/\/ayudasparatodos.com\/index.php\/wp-json\/wp\/v2\/types\/product"}],"wp:attachment":[{"href":"https:\/\/ayudasparatodos.com\/index.php\/wp-json\/wp\/v2\/media?parent=52898"}],"wp:term":[{"taxonomy":"product_cat","embeddable":true,"href":"https:\/\/ayudasparatodos.com\/index.php\/wp-json\/wp\/v2\/product_cat?post=52898"},{"taxonomy":"product_tag","embeddable":true,"href":"https:\/\/ayudasparatodos.com\/index.php\/wp-json\/wp\/v2\/product_tag?post=52898"}],"curies":[{"name":"wp","href":"https:\/\/api.w.org\/{rel}","templated":true}]}}