{"id":52899,"date":"2024-04-24T21:13:59","date_gmt":"2024-04-24T21:13:59","guid":{"rendered":"https:\/\/ayudasparatodos.com\/?post_type=product&#038;p=52899"},"modified":"2024-04-25T20:00:34","modified_gmt":"2024-04-25T20:00:34","slug":"mouse-quha-zono-2-giroscopico-para-controlar-con-movimiento-de-cabeza-discapacidad-fisica-paralisis-cerebral-autismo","status":"publish","type":"product","link":"https:\/\/ayudasparatodos.com\/index.php\/producto\/mouse-quha-zono-2-giroscopico-para-controlar-con-movimiento-de-cabeza-discapacidad-fisica-paralisis-cerebral-autismo\/","title":{"rendered":"Mouse Quha Zono 2 girosc\u00f3pico para controlar con movimiento de cabeza &#8211; Discapacidad F\u00edsica Par\u00e1lisis cerebral Autismo"},"content":{"rendered":"<p>Descripci\u00f3n del Producto<\/p>\n<p>Quha Zono 2 es un rat\u00f3n inal\u00e1mbrico manos libres que se acciona mediante movimientos de la cabeza. Detecta movimiento y lo transforma en un movimiento intuitivo del cursor en pantalla. Quha Zono 2 es una versi\u00f3n mejorada del mouse Quha Zono que incluye todas sus funciones y algunas nuevas.<\/p>\n<p>&nbsp;<\/p>\n<p>Funciones de Quha Zono 2 adem\u00e1s de Quha Zono<\/p>\n<p>&nbsp;<\/p>\n<p>Gestos (patrones de movimiento predefinidos) para activar funciones comunes como pausar el cursor, desplazarse por ventanas y centrar el cursor.<\/p>\n<p>Se incluye la opci\u00f3n de uso del kit de montaje para la cabeza.<\/p>\n<p>Se incluye la licencia del software Quha Dwell para Windows 10.<\/p>\n<p>Duplic\u00f3 el tiempo de uso de la bater\u00eda entre cargas<\/p>\n<p>Funcionalidad de interruptor configurable<\/p>\n<p>Cubierta negra elegante<\/p>\n<p>&nbsp;<\/p>\n<p>&nbsp;<\/p>\n<p>Quha Zono 2 es para cualquier persona que tenga dificultades para operar el mouse de una computadora con las manos. Normalmente, los usuarios de Zono 2 son personas con diversas afecciones m\u00e9dicas relacionadas con la funcionalidad de la mano y el brazo.<\/p>\n<p>&nbsp;<\/p>\n<p>Con Quha Zono 2 podr\u00e1s hacer todo lo que puedas con un buen rat\u00f3n de mesa. Tiene una precisi\u00f3n perfecta de p\u00edxeles, un largo alcance inal\u00e1mbrico y el usuario puede moverse libremente por la computadora mientras usa el mouse.<\/p>\n<p>&nbsp;<\/p>\n<p>Quha Zono 2 es compatible con todas las computadoras y dispositivos m\u00f3viles modernos. Los sistemas operativos compatibles incluyen Windows, macOS, Chrome OS, Android, iPadOS, iOS y Linux.<\/p>\n<p>CARACTER\u00cdSTICAS QUE TE ENCANTAR\u00c1<\/p>\n<p>Quha Zono 2 es un mouse con cabezal USB inal\u00e1mbrico y manos libres. Su usuario puede realizar todas las funciones habituales del rat\u00f3n sin manos. Quha Zono 2 es compatible con todos los dispositivos modernos operados con mouse: computadoras, tabletas y tel\u00e9fonos inteligentes.<\/p>\n<p>&nbsp;<\/p>\n<p>Los movimientos intuitivos de la cabeza se traducen en movimientos del cursor en la pantalla.<\/p>\n<p>Dispositivo plug and play, sin instalaci\u00f3n de controladores.<\/p>\n<p>Precisi\u00f3n perfecta de p\u00edxeles con peque\u00f1os movimientos de la cabeza.<\/p>\n<p>Gestos (patrones de movimiento predefinidos) para activar funciones comunes como pausar el cursor, desplazarse por ventanas y centrar el cursor.<\/p>\n<p>Software Quha Dwell para Windows 10 con funci\u00f3n Instant Dwell.<\/p>\n<p>Admite todos los m\u00e9todos comunes de clic izquierdo y derecho:<\/p>\n<p>Dwell haciendo clic con cualquier software.<\/p>\n<p>Utilizando cualquier interruptor f\u00edsico con conector macho de 3,5 mm, como interruptor de bocanada, pulsador, interruptor de mordida, interruptor t\u00e1ctil.<\/p>\n<p>Clic de permanencia incorporado.<\/p>\n<p>M\u00faltiples opciones de uso para fijaci\u00f3n de cabeza y extremidades.<\/p>\n<p>Peso ligero, f\u00e1cil de usar durante muchas horas.<\/p>\n<p>Bater\u00eda recargable. El tiempo de uso del mouse entre cargas es de varios d\u00edas.<\/p>\n<p>Libertad para moverse mientras usa la computadora o el dispositivo m\u00f3vil.<\/p>\n<p>Configuraciones ajustables para:<\/p>\n<p>Direcciones de movimiento personalizadas<\/p>\n<p>velocidad del cursor<\/p>\n<p>Filtrado de temblores<\/p>\n<p>Definir qu\u00e9 hacen los interruptores conectados<\/p>\n<p>Compatibilidad: Windows, macOS, Chrome OS, Android, iPadOS, iOS, Linux<\/p>\n<p>&nbsp;<\/p>\n<p>&nbsp;<\/p>\n<p>&nbsp;<\/p>\n<p>\u00bfQu\u00e9 hay en la caja?<\/p>\n<p>&nbsp;<\/p>\n<p>Rat\u00f3n Quha Zono 2<\/p>\n<p>Receptor USB<\/p>\n<p>Kit de montaje para la cabeza con accesorio<\/p>\n<p>Adaptador de bot\u00f3n est\u00e9reo<\/p>\n<p>Adaptador para dos interruptores<\/p>\n<p>Cable de carga USB<\/p>\n<p>Software de acceso a computadora Quha Dwell con funciones avanzadas de permanencia<\/p>\n<p>Gu\u00eda r\u00e1pida de Quha Dwell<\/p>\n<p>Manual de usuario e instrucciones de descarga del software.<\/p>\n<p>Tarjeta de garant\u00eda<\/p>\n<p>&nbsp;<\/p>\n<p>Tambi\u00e9n vendemos los accesorios adicionales para utilizarlo m\u00e1s c\u00f3modamente<\/p>\n<p>&nbsp;<\/p>\n<ul>\n<li>Producto importado, venta bajo pedido con pago previo por el valor total del articulo.<\/li>\n<li>FAVOR ANTES DE OFERTAR, confirmar precio actual (por variaciones del valor del d\u00f3lar) y tambi\u00e9n CONFIRMAR QUE PUEDE ESPERAR LOS TIEMPOS DE ENTREGA\u00a0 que normalmente son entre 2-4 semanas.<\/li>\n<li>Cuando recibamos el pedido en nuestra oficina en Medell\u00edn-Colombia, le enviaremos un mensaje al comprador, si se encuentra en Medell\u00edn puede pasar a recogerlo personalmente en nuestra oficina, o tambi\u00e9n podemos hacer el envios a nivel nacional o internacional (Valor del envio cargo del comprador).<\/li>\n<li>Desde Ayudas para TODOS, estamos trabajando para ofrecerles el mayor Marketplace inclusivo a nivel mundial. Reuniendo en 1 solo sitio todos los productos que puedan necesitar, m\u00e1s de 5.000 referencias de art\u00edculos especializados que puedan necesitar instituciones y personas con o sin discapacidad, para apoyar procesos de inclusi\u00f3n, ayudando a superar las barreras que se pueden presentar al momento de estudiar, de trabajar, y en las dem\u00e1s actividades de la vida diaria.<\/li>\n<li>\u00bfNo est\u00e1 seguro sobre qu\u00e9 tipo de dispositivo o producto de apoyo debe comprar? Contamos con expertos para estudiar sus necesidades y asesorarlo recomend\u00e1ndole la ayuda o el conjunto de ayudas m\u00e1s adecuadas \u00bfNecesitas un producto y no lo encuentras en nuestro catalogo online? Cont\u00e1ctanos para ayudarte a conseguirlo. \u00bfEres emprendedor y tienes un gran producto inclusivo que quisieras promocionar en nuestra plataforma? <a href=\"https:\/\/ayudasparatodos.com\/index.php\/contact\/\">Cont\u00e1ctanos<\/a><\/li>\n<li>Visita la secci\u00f3n sobre <a href=\"https:\/\/ayudasparatodos.com\/index.php\/como-comprar-faq\/\">\u00bfC\u00f3mo Comprar? FAQ<\/a>, en la cual encontraras de forma m\u00e1s detallada las instrucciones de como comprar, servicio de asesor\u00eda y cotizaciones, formas de pago, env\u00edos a nivel nacional e internacional, garant\u00eda y otros temas relacionados.<\/li>\n<li><span style=\"font-size: 11.5pt; font-family: Roboto; color: #626262;\">Asesor\u00eda, cotizaciones dudas y comentarios: Si tiene cualquier duda o comentario, nos puede escribir o llamar via WhatsApp agregando el numero +57 3006000144 o directamente desde este <a href=\"https:\/\/wa.me\/+573006000144\">enlace<\/a>\u00a0 <\/span><a href=\"https:\/\/wa.me\/+573006000144\"><span style=\"font-size: 11.5pt; font-family: Roboto; color: #626262;\">https:\/\/wa.me\/+573006000144<\/span><\/a><span style=\"font-size: 11.5pt; font-family: Roboto; color: #626262;\">\u00a0 \u00a0 Tambi\u00e9n puede enviarnos un correo electr\u00f3nico a la direcci\u00f3n <a href=\"mailto:ventas@ayudasparatodos.com\">ventas@ayudasparatodos.com<\/a><\/span><\/li>\n<li><strong>Pagos en Colombia por transferencia Bancolombia o Nequi. Tambi\u00e9n recibimos pagos por tarjeta cr\u00e9dito o debito. Si la alternativa de pago no esta disponible en su pa\u00eds, tambi\u00e9n puede pagar por Giro en western Union o Paypal. Favor contactarnos al correo ventas@ayudasparatodos.com para generarle un enlace de pago personalizado por el valor de los art\u00edculos + el valor del envi\u00f3 seg\u00fan su ubicaci\u00f3n y con su moneda local. Despachos a nivel nacional e internacional desde Medell\u00edn &#8211; Colombia.<\/strong><\/li>\n<\/ul>\n","protected":false},"excerpt":{"rendered":"<p>Quha Zono 2 es un rat\u00f3n inal\u00e1mbrico manos libres que se acciona mediante movimientos de la cabeza. Detecta movimiento y lo transforma en un movimiento intuitivo del cursor en pantalla<\/p>\n","protected":false},"featured_media":52924,"template":"","meta":[],"product_cat":[387],"product_tag":[649,670,650,648],"class_list":["post-52899","product","type-product","status-publish","has-post-thumbnail","hentry","product_cat-mouse-accesibles","product_tag-accesibilidad-digital-computador-pc","product_tag-mouse-quha-zono-2-giroscopico-para-controlar-con-movimiento-de-cabeza-discapacidad-fisica-paralisis-cerebral-autismo","product_tag-mouse-raton-accesible-discapaciadd-movilidad-reducida-autismo-paralisis-cerebral","product_tag-tecnologia-asistiva-para-manejar-el-computador-pc-telefono-celular-portatil-discapacidad-accesibilidad","description-off"],"_links":{"self":[{"href":"https:\/\/ayudasparatodos.com\/index.php\/wp-json\/wp\/v3\/product\/52899"}],"collection":[{"href":"https:\/\/ayudasparatodos.com\/index.php\/wp-json\/wp\/v3\/product"}],"about":[{"href":"https:\/\/ayudasparatodos.com\/index.php\/wp-json\/wp\/v2\/types\/product"}],"wp:featuredmedia":[{"embeddable":true,"href":"https:\/\/ayudasparatodos.com\/index.php\/wp-json\/wp\/v2\/media\/52924"}],"wp:attachment":[{"href":"https:\/\/ayudasparatodos.com\/index.php\/wp-json\/wp\/v2\/media?parent=52899"}],"wp:term":[{"taxonomy":"product_cat","embeddable":true,"href":"https:\/\/ayudasparatodos.com\/index.php\/wp-json\/wp\/v2\/product_cat?post=52899"},{"taxonomy":"product_tag","embeddable":true,"href":"https:\/\/ayudasparatodos.com\/index.php\/wp-json\/wp\/v2\/product_tag?post=52899"}],"curies":[{"name":"wp","href":"https:\/\/api.w.org\/{rel}","templated":true}]}}