{"id":52933,"date":"2024-04-27T17:16:38","date_gmt":"2024-04-27T17:16:38","guid":{"rendered":"https:\/\/ayudasparatodos.com\/?post_type=product&#038;p=52933"},"modified":"2024-04-27T23:09:04","modified_gmt":"2024-04-27T23:09:04","slug":"accesorio-pulsadores-switch-quha-kajo-button-kajo-button-soft","status":"publish","type":"product","link":"https:\/\/ayudasparatodos.com\/index.php\/producto\/accesorio-pulsadores-switch-quha-kajo-button-kajo-button-soft\/","title":{"rendered":"Accesorio \u2013 Pulsadores Switch Quha Kajo Button Kajo button Soft"},"content":{"rendered":"<p>Descripci\u00f3n del Producto<\/p>\n<p>Bot\u00f3n Quha Kajo<\/p>\n<p>Un interruptor de tecnolog\u00eda de asistencia sensible y duradero dise\u00f1ado para el uso diario<\/p>\n<p>\u00bfQu\u00e9 es el bot\u00f3n Quha Kajo?<\/p>\n<p>El bot\u00f3n Quha Kajo es un interruptor de tecnolog\u00eda de asistencia sensible y duradero dise\u00f1ado para el uso diario. Se puede utilizar en cualquier situaci\u00f3n que requiera acceso mediante interruptor. El bot\u00f3n Quha Kajo ha sido dise\u00f1ado para soportar un uso intenso y no se ha comprometido la calidad de los componentes. Se puede montar utilizando los insertos de rosca en la parte inferior.<\/p>\n<p>Los interruptores de bot\u00f3n Quha Kajo tienen retroalimentaci\u00f3n auditiva y t\u00e1ctil distintiva. Est\u00e1n disponibles en dos tama\u00f1os diferentes: 25 mm (1 pulgada) y 50 mm (2 pulgadas).<\/p>\n<p>El bot\u00f3n suave uha Kajo es un interruptor suave con una gran superficie suave. Gracias a la suave capa de espuma debajo de la funda, el bot\u00f3n suave se puede presionar de forma segura con el movimiento de la cabeza. El imperdible en la parte inferior del bot\u00f3n suave garantiza que el bot\u00f3n permanezca donde se supone que debe permanecer durante la noche. Se puede fijar a una almohada u otros tejidos. El imperdible es desmontable.<\/p>\n<p>La cubierta del Soft Button es resistente a la suciedad y respetuosa con la piel. La funda se puede lavar (hasta 60 \u00b0C\/140 \u00b0F) y reemplazar. Cada bot\u00f3n suave incluye una cubierta.<\/p>\n<p>Escr\u00edbenos para cotizar este art\u00edculo con el valor exacto<\/p>\n<p>&nbsp;<\/p>\n<ul>\n<li>Producto importado, venta bajo pedido con pago previo por el valor total del articulo.<\/li>\n<li>FAVOR ANTES DE OFERTAR, confirmar precio actual (por variaciones del valor del d\u00f3lar) y tambi\u00e9n CONFIRMAR QUE PUEDE ESPERAR LOS TIEMPOS DE ENTREGA\u00a0 que normalmente son entre 2-4 semanas.<\/li>\n<li>Cuando recibamos el pedido en nuestra oficina en Medell\u00edn-Colombia, le enviaremos un mensaje al comprador, si se encuentra en Medell\u00edn puede pasar a recogerlo personalmente en nuestra oficina, o tambi\u00e9n podemos hacer el envios a nivel nacional o internacional (Valor del envio cargo del comprador).<\/li>\n<li>Desde Ayudas para TODOS, estamos trabajando para ofrecerles el mayor Marketplace inclusivo a nivel mundial. Reuniendo en 1 solo sitio todos los productos que puedan necesitar, m\u00e1s de 5.000 referencias de art\u00edculos especializados que puedan necesitar instituciones y personas con o sin discapacidad, para apoyar procesos de inclusi\u00f3n, ayudando a superar las barreras que se pueden presentar al momento de estudiar, de trabajar, y en las dem\u00e1s actividades de la vida diaria.<\/li>\n<li>\u00bfNo est\u00e1 seguro sobre qu\u00e9 tipo de dispositivo o producto de apoyo debe comprar? Contamos con expertos para estudiar sus necesidades y asesorarlo recomend\u00e1ndole la ayuda o el conjunto de ayudas m\u00e1s adecuadas \u00bfNecesitas un producto y no lo encuentras en nuestro catalogo online? Cont\u00e1ctanos para ayudarte a conseguirlo. \u00bfEres emprendedor y tienes un gran producto inclusivo que quisieras promocionar en nuestra plataforma? <a href=\"https:\/\/ayudasparatodos.com\/index.php\/contact\/\">Cont\u00e1ctanos<\/a><\/li>\n<li>Visita la secci\u00f3n sobre <a href=\"https:\/\/ayudasparatodos.com\/index.php\/como-comprar-faq\/\">\u00bfC\u00f3mo Comprar? FAQ<\/a>, en la cual encontraras de forma m\u00e1s detallada las instrucciones de como comprar, servicio de asesor\u00eda y cotizaciones, formas de pago, env\u00edos a nivel nacional e internacional, garant\u00eda y otros temas relacionados.<\/li>\n<li><span style=\"font-size: 11.5pt; font-family: Roboto; color: #626262;\">Asesor\u00eda, cotizaciones dudas y comentarios: Si tiene cualquier duda o comentario, nos puede escribir o llamar via WhatsApp agregando el numero +57 3006000144 o directamente desde este <a href=\"https:\/\/wa.me\/+573006000144\">enlace<\/a>\u00a0 <\/span><a href=\"https:\/\/wa.me\/+573006000144\"><span style=\"font-size: 11.5pt; font-family: Roboto; color: #626262;\">https:\/\/wa.me\/+573006000144<\/span><\/a><span style=\"font-size: 11.5pt; font-family: Roboto; color: #626262;\">\u00a0 \u00a0 Tambi\u00e9n puede enviarnos un correo electr\u00f3nico a la direcci\u00f3n <a href=\"mailto:ventas@ayudasparatodos.com\">ventas@ayudasparatodos.com<\/a><\/span><\/li>\n<li><strong>Pagos en Colombia por transferencia Bancolombia o Nequi. Tambi\u00e9n recibimos pagos por tarjeta cr\u00e9dito o debito. Si la alternativa de pago no esta disponible en su pa\u00eds, tambi\u00e9n puede pagar por Giro en western Union o Paypal. Favor contactarnos al correo ventas@ayudasparatodos.com para generarle un enlace de pago personalizado por el valor de los art\u00edculos + el valor del envi\u00f3 seg\u00fan su ubicaci\u00f3n y con su moneda local. Despachos a nivel nacional e internacional desde Medell\u00edn &#8211; Colombia.<\/strong><\/li>\n<\/ul>\n","protected":false},"excerpt":{"rendered":"<p>Un interruptor de tecnolog\u00eda de asistencia sensible y duradero dise\u00f1ado para el uso diario<\/p>\n","protected":false},"featured_media":52952,"template":"","meta":[],"product_cat":[387],"product_tag":[649,674,650,648],"class_list":["post-52933","product","type-product","status-publish","has-post-thumbnail","hentry","product_cat-mouse-accesibles","product_tag-accesibilidad-digital-computador-pc","product_tag-accesorio-pulsadores-switch-quha-kajo-button-kajo-button-soft","product_tag-mouse-raton-accesible-discapaciadd-movilidad-reducida-autismo-paralisis-cerebral","product_tag-tecnologia-asistiva-para-manejar-el-computador-pc-telefono-celular-portatil-discapacidad-accesibilidad","description-off"],"_links":{"self":[{"href":"https:\/\/ayudasparatodos.com\/index.php\/wp-json\/wp\/v3\/product\/52933"}],"collection":[{"href":"https:\/\/ayudasparatodos.com\/index.php\/wp-json\/wp\/v3\/product"}],"about":[{"href":"https:\/\/ayudasparatodos.com\/index.php\/wp-json\/wp\/v2\/types\/product"}],"wp:featuredmedia":[{"embeddable":true,"href":"https:\/\/ayudasparatodos.com\/index.php\/wp-json\/wp\/v2\/media\/52952"}],"wp:attachment":[{"href":"https:\/\/ayudasparatodos.com\/index.php\/wp-json\/wp\/v2\/media?parent=52933"}],"wp:term":[{"taxonomy":"product_cat","embeddable":true,"href":"https:\/\/ayudasparatodos.com\/index.php\/wp-json\/wp\/v2\/product_cat?post=52933"},{"taxonomy":"product_tag","embeddable":true,"href":"https:\/\/ayudasparatodos.com\/index.php\/wp-json\/wp\/v2\/product_tag?post=52933"}],"curies":[{"name":"wp","href":"https:\/\/api.w.org\/{rel}","templated":true}]}}