{"id":52935,"date":"2024-04-27T17:16:52","date_gmt":"2024-04-27T17:16:52","guid":{"rendered":"https:\/\/ayudasparatodos.com\/?post_type=product&#038;p=52935"},"modified":"2024-04-29T20:49:31","modified_gmt":"2024-04-29T20:49:31","slug":"glassouse-pro-mouse-raton-inalambrico-3en1-controlado-con-la-cabeza-discapacidad-movilidad-reducida","status":"publish","type":"product","link":"https:\/\/ayudasparatodos.com\/index.php\/producto\/glassouse-pro-mouse-raton-inalambrico-3en1-controlado-con-la-cabeza-discapacidad-movilidad-reducida\/","title":{"rendered":"GlassOuse Pro \u2013 Mouse rat\u00f3n inal\u00e1mbrico 3en1 controlado con la cabeza Discapacidad movilidad reducida"},"content":{"rendered":"<p>Descripci\u00f3n del Producto<\/p>\n<p>funciones mouse,Josytic juegos y pulsadores<\/p>\n<p>GlassOuse se usa como un par de gafas para controlar el puntero del mouse y se conecta a tel\u00e9fonos m\u00f3viles, computadoras, tabletas y televisores inteligentes a trav\u00e9s de Bluetooth para revolucionar el uso de la tecnolog\u00eda para aquellos con movilidad restringida o simplemente quieren\/necesitan usar el puntero manos libres. Los accesorios de uso como sombrero, gafas y correa se venden por separado<\/p>\n<p>El dispositivo rastrea incluso los movimientos m\u00e1s m\u00ednimos de la cabeza para mover el cursor en consecuencia<\/p>\n<p>Un dispositivo de asistencia 3 en 1 de pr\u00f3xima generaci\u00f3n dise\u00f1ado especialmente para personas con discapacidad para permitirles conectar y controlar m\u00faltiples dispositivos como<\/p>\n<p>RAT\u00d3N MOUSE<\/p>\n<p>Un mouse de cabeza BT4.0 girosc\u00f3pico de 9 ejes mejorado que rastrea el movimiento de su cabeza con una precisi\u00f3n de p\u00edxeles perfecta en su tel\u00e9fono m\u00f3vil, computadora, tableta o Smart TV. Experimente la conectividad de m\u00faltiples conmutadores para hacer clic y desplazarse.<\/p>\n<p>ACCESORIO DE CONTROL DE PULSADORES SWITCHES<\/p>\n<p>Un compa\u00f1ero perfecto para su dispositivo, &#8216;Switch Control&#8217; incorporado, especialmente para personas con movilidad muy restringida. Utilice interruptores de movimiento (arriba, abajo, izquierda, derecha) y de asistencia m\u00faltiple para realizar m\u00faltiples gestos para controlar su dispositivo.<\/p>\n<p>PALANCA DE MANDO JOYSTICK JUEGOS<\/p>\n<p>Convierta su GlassOuse PRO en un controlador de juegos y juegue con interruptores adaptativos y movimiento girosc\u00f3pico. Utilice la aplicaci\u00f3n GlassOuse para asignar las funciones del controlador de juegos a sus interruptores de asistencia.<\/p>\n<p>Con\u00e9ctese a 3 dispositivos simult\u00e1neamente<\/p>\n<p>Con GlassOuse PRO, puedes conectar y controlar hasta 3 dispositivos y alternar entre ellos f\u00e1cilmente. GlassOuse guardar\u00e1 autom\u00e1ticamente la configuraci\u00f3n de cada dispositivo y se activar\u00e1 cada vez que cambie a ese dispositivo<\/p>\n<p>Multitarea con conexi\u00f3n de 8 interruptores de asistencia<\/p>\n<p>GlassOuse PRO presenta conectividad de conmutadores multiadaptativos, lo que le permite realizar m\u00e1s acciones con los conmutadores. Puede utilizar la aplicaci\u00f3n GlassOuse para cambiar la funci\u00f3n de cualquier interruptor en cualquier modo para todos los dispositivos conectados.<\/p>\n<p>&nbsp;<\/p>\n<p><strong>* Para hacer el clic necesitas un accesorio adicional, hay varias opciones, de soplar, clic al morder, clic con parpadeo de los ojos y otros m\u00e1s. \u00a0Una gran variedad de accesorios que puedes comprar en paquete con este dispositivo para una mejor experiencia. Cont\u00e1ctanos para ofrecerte un paquete al mejor precio, agregando a la compra los accesorios que sean m\u00e1s \u00fatiles seg\u00fan tus necesidades<\/strong><\/p>\n<p>&nbsp;<\/p>\n<p>Elija su accesorio G-wear para combinar con su Glassouse Pro<\/p>\n<p>Seleccione entre 6 accesorios de uso diferentes para usar su GlassOuse PRO. Todos los accesorios est\u00e1n dise\u00f1ados sistem\u00e1ticamente para poder adaptarse a la mayor\u00eda de las personas con diferentes discapacidades, para poder utilizar GlassOuse PRO con comodidad.<\/p>\n<p>Desbloquee m\u00e1s potencial y funciones con la aplicaci\u00f3n GlassOuse<\/p>\n<p>Con GlassOuse PRO, puedes conectar y controlar hasta 3 dispositivos y alternar entre ellos f\u00e1cilmente. GlassOuse guardar\u00e1 autom\u00e1ticamente la configuraci\u00f3n de cada dispositivo y se activar\u00e1 cada vez que cambie a ese dispositivo.<\/p>\n<p>Dentro del paquete<\/p>\n<p>1x GlassOuse PRO<\/p>\n<p>1 cable USB A.<\/p>\n<p>1x GW06 (Correa G-Wear)<\/p>\n<p>&nbsp;<\/p>\n<p>&nbsp;<\/p>\n<p>&nbsp;<\/p>\n<ul>\n<li>Producto importado, venta bajo pedido con pago previo por el valor total del articulo.<\/li>\n<li>FAVOR ANTES DE OFERTAR, confirmar precio actual (por variaciones del valor del d\u00f3lar) y tambi\u00e9n CONFIRMAR QUE PUEDE ESPERAR LOS TIEMPOS DE ENTREGA\u00a0 que normalmente son entre 2-4 semanas.<\/li>\n<li>Cuando recibamos el pedido en nuestra oficina en Medell\u00edn-Colombia, le enviaremos un mensaje al comprador, si se encuentra en Medell\u00edn puede pasar a recogerlo personalmente en nuestra oficina, o tambi\u00e9n podemos hacer el envios a nivel nacional o internacional (Valor del envio cargo del comprador).<\/li>\n<li>Desde Ayudas para TODOS, estamos trabajando para ofrecerles el mayor Marketplace inclusivo a nivel mundial. Reuniendo en 1 solo sitio todos los productos que puedan necesitar, m\u00e1s de 5.000 referencias de art\u00edculos especializados que puedan necesitar instituciones y personas con o sin discapacidad, para apoyar procesos de inclusi\u00f3n, ayudando a superar las barreras que se pueden presentar al momento de estudiar, de trabajar, y en las dem\u00e1s actividades de la vida diaria.<\/li>\n<li>\u00bfNo est\u00e1 seguro sobre qu\u00e9 tipo de dispositivo o producto de apoyo debe comprar? Contamos con expertos para estudiar sus necesidades y asesorarlo recomend\u00e1ndole la ayuda o el conjunto de ayudas m\u00e1s adecuadas \u00bfNecesitas un producto y no lo encuentras en nuestro catalogo online? Cont\u00e1ctanos para ayudarte a conseguirlo. \u00bfEres emprendedor y tienes un gran producto inclusivo que quisieras promocionar en nuestra plataforma? <a href=\"https:\/\/ayudasparatodos.com\/index.php\/contact\/\">Cont\u00e1ctanos<\/a><\/li>\n<li>Visita la secci\u00f3n sobre <a href=\"https:\/\/ayudasparatodos.com\/index.php\/como-comprar-faq\/\">\u00bfC\u00f3mo Comprar? FAQ<\/a>, en la cual encontraras de forma m\u00e1s detallada las instrucciones de como comprar, servicio de asesor\u00eda y cotizaciones, formas de pago, env\u00edos a nivel nacional e internacional, garant\u00eda y otros temas relacionados.<\/li>\n<li><span style=\"font-size: 11.5pt; font-family: Roboto; color: #626262;\">Asesor\u00eda, cotizaciones dudas y comentarios: Si tiene cualquier duda o comentario, nos puede escribir o llamar via WhatsApp agregando el numero +57 3006000144 o directamente desde este <a href=\"https:\/\/wa.me\/+573006000144\">enlace<\/a>\u00a0 <\/span><a href=\"https:\/\/wa.me\/+573006000144\"><span style=\"font-size: 11.5pt; font-family: Roboto; color: #626262;\">https:\/\/wa.me\/+573006000144<\/span><\/a><span style=\"font-size: 11.5pt; font-family: Roboto; color: #626262;\">\u00a0 \u00a0 Tambi\u00e9n puede enviarnos un correo electr\u00f3nico a la direcci\u00f3n <a href=\"mailto:ventas@ayudasparatodos.com\">ventas@ayudasparatodos.com<\/a><\/span><\/li>\n<li><strong>Pagos en Colombia por transferencia Bancolombia o Nequi. Tambi\u00e9n recibimos pagos por tarjeta cr\u00e9dito o debito. Si la alternativa de pago no esta disponible en su pa\u00eds, tambi\u00e9n puede pagar por Giro en western Union o Paypal. Favor contactarnos al correo ventas@ayudasparatodos.com para generarle un enlace de pago personalizado por el valor de los art\u00edculos + el valor del envi\u00f3 seg\u00fan su ubicaci\u00f3n y con su moneda local. Despachos a nivel nacional e internacional desde Medell\u00edn &#8211; Colombia.<\/strong><\/li>\n<\/ul>\n","protected":false},"excerpt":{"rendered":"<p>Un dispositivo de asistencia 3 en 1 de pr\u00f3xima generaci\u00f3n dise\u00f1ado especialmente para personas con discapacidad para permitirles conectar y controlar m\u00faltiples dispositivo<\/p>\n","protected":false},"featured_media":0,"template":"","meta":[],"product_cat":[387],"product_tag":[649,676,650,648],"class_list":["post-52935","product","type-product","status-publish","hentry","product_cat-mouse-accesibles","product_tag-accesibilidad-digital-computador-pc","product_tag-glassouse-pro-mouse-raton-inalambrico-3en1-controlado-con-la-cabeza-discapacidad-movilidad-reducida","product_tag-mouse-raton-accesible-discapaciadd-movilidad-reducida-autismo-paralisis-cerebral","product_tag-tecnologia-asistiva-para-manejar-el-computador-pc-telefono-celular-portatil-discapacidad-accesibilidad","description-off"],"_links":{"self":[{"href":"https:\/\/ayudasparatodos.com\/index.php\/wp-json\/wp\/v3\/product\/52935"}],"collection":[{"href":"https:\/\/ayudasparatodos.com\/index.php\/wp-json\/wp\/v3\/product"}],"about":[{"href":"https:\/\/ayudasparatodos.com\/index.php\/wp-json\/wp\/v2\/types\/product"}],"wp:attachment":[{"href":"https:\/\/ayudasparatodos.com\/index.php\/wp-json\/wp\/v2\/media?parent=52935"}],"wp:term":[{"taxonomy":"product_cat","embeddable":true,"href":"https:\/\/ayudasparatodos.com\/index.php\/wp-json\/wp\/v2\/product_cat?post=52935"},{"taxonomy":"product_tag","embeddable":true,"href":"https:\/\/ayudasparatodos.com\/index.php\/wp-json\/wp\/v2\/product_tag?post=52935"}],"curies":[{"name":"wp","href":"https:\/\/api.w.org\/{rel}","templated":true}]}}