{"id":52936,"date":"2024-04-27T17:16:58","date_gmt":"2024-04-27T17:16:58","guid":{"rendered":"https:\/\/ayudasparatodos.com\/?post_type=product&#038;p=52936"},"modified":"2024-04-29T20:51:00","modified_gmt":"2024-04-29T20:51:00","slug":"glassouse-v1-4-mouse-raton-inalambrico-controlado-con-la-cabeza-discapacidad-movilidad-reducida","status":"publish","type":"product","link":"https:\/\/ayudasparatodos.com\/index.php\/producto\/glassouse-v1-4-mouse-raton-inalambrico-controlado-con-la-cabeza-discapacidad-movilidad-reducida\/","title":{"rendered":"GlassOuse V1.4 \u2013 Mouse rat\u00f3n inal\u00e1mbrico controlado con la cabeza Discapacidad movilidad reducida"},"content":{"rendered":"<p>Descripci\u00f3n del Producto<\/p>\n<p>GlassOuse V1.4: mangos plegables de nuevo dise\u00f1o para mayor estabilidad y flexibilidad para mayor comodidad durante largas horas de uso.<\/p>\n<p>Controla el M\u00f3vil, Ordenador, Tablet o Smart TV de forma inal\u00e1mbrica y manos libres mediante el movimiento de la cabeza.<\/p>\n<p><strong>* Para hacer el clic necesitas un accesorio adicional, hay varias opciones, de soplar, clic al morder, clic con parpadeo de los ojos y otros m\u00e1s. <\/strong><strong>\u00a0Una gran variedad de accesorios que puedes comprar en paquete con este dispositivo para una mejor experiencia. Cont\u00e1ctanos para ofrecerte un paquete al mejor precio, agregando a la compra los accesorios que sean m\u00e1s \u00fatiles seg\u00fan tus necesidades<\/strong><\/p>\n<p>Funciona con todos los sistemas operativos conocidos: Andriod, iOS 13, Windows, macOS, iPadOS, Linux, ChromeOS.<\/p>\n<p>Haga clic conectando cualquier interruptor adaptativo de 3,5 mm o con software de permanencia.<\/p>\n<p>Bater\u00eda de larga duraci\u00f3n: m\u00e1s de 150 horas con una sola carga.<\/p>\n<p>GlassOuse Assistive Device es un mouse de cabeza inal\u00e1mbrico que permite a las personas con discapacidades o movimientos corporales limitados conectar y controlar dispositivos simplemente mediante el movimiento de la cabeza. GlassOuse puede conectarse a tel\u00e9fonos m\u00f3viles, computadoras, tabletas o televisores inteligentes compatibles con todos los principales sistemas operativos a trav\u00e9s de BT4.0<\/p>\n<p>&nbsp;<\/p>\n<p>El nuevo GlassOuse V1.4 incluye todas las caracter\u00edsticas del V1.3 anterior y luce un mango de nuevo dise\u00f1o construido con un nuevo material m\u00e1s resistente para mejorar la resistencia y estabilidad del dispositivo, sin dejar de ser c\u00f3modo durante un uso prolongado.<\/p>\n<p>&nbsp;<\/p>\n<p>Haga clics usando el interruptor adaptativo<\/p>\n<p>Conecte cualquier interruptor adaptativo jack de 3,5 mm para realizar un clic en la pantalla. Alternativamente, tambi\u00e9n puedes usar el software Dwell para hacer un clic.<\/p>\n<p>&nbsp;<\/p>\n<p>La serie G-Switch presenta 9 interruptores adaptativos diferentes que se pueden conectar a GlassOuse V1.4 y usarse para hacer un clic.<\/p>\n<p>&nbsp;<\/p>\n<p>Hacer-clics-usando-Adaptive-Switch<\/p>\n<p>conexi\u00f3n-r\u00e1pida-v\u00eda-blutooth-img<\/p>\n<p>Conexi\u00f3n r\u00e1pida a trav\u00e9s de BT4.0<\/p>\n<p>GlassOuse V1.4 admite BT4.0 e inferiores para conectarse con dispositivos con alta sensibilidad y baja latencia con precisi\u00f3n.<\/p>\n<p>&nbsp;<\/p>\n<p>Giroscopio de 9 ejes<\/p>\n<p>GlassOuse V1.4 detecta con precisi\u00f3n el movimiento de la cabeza del usuario a medida que se mueve para mover el cursor en la pantalla utilizando su giroscopio multilineal.<\/p>\n<p>&nbsp;<\/p>\n<p>Giroscopio de 9 ejes<\/p>\n<p>Calibraci\u00f3n y sensibilidad<\/p>\n<p>Calibraci\u00f3n y sensibilidad<\/p>\n<p>Puede calibrar f\u00e1cilmente GlassOuse con un dispositivo conectado para un control de precisi\u00f3n y ajustar la sensibilidad necesaria del cursor a trav\u00e9s de su sensibilidad de tres modos.<\/p>\n<p>&nbsp;<\/p>\n<p>Bater\u00eda de larga duraci\u00f3n 10x<\/p>\n<p>Con el chipset de bajo consumo optimizado GlassOuse, GlassOuse V1.4 puede funcionar hasta m\u00e1s de 150 horas con una sola carga.<\/p>\n<p>&nbsp;<\/p>\n<p>bater\u00eda larga<\/p>\n<p>Calidad de construcci\u00f3n s\u00f3lida<\/p>\n<p>Con el nuevo dise\u00f1o y la mejora de la calidad del material, V1.4 es m\u00e1s resistente incluso para uso rudo, y al mismo tiempo sigue siendo f\u00e1cil de controlar y c\u00f3modo de llevar incluso durante mucho tiempo.<\/p>\n<p>&nbsp;<\/p>\n<ul>\n<li>Producto importado, venta bajo pedido con pago previo por el valor total del articulo.<\/li>\n<li>FAVOR ANTES DE OFERTAR, confirmar precio actual (por variaciones del valor del d\u00f3lar) y tambi\u00e9n CONFIRMAR QUE PUEDE ESPERAR LOS TIEMPOS DE ENTREGA\u00a0 que normalmente son entre 2-4 semanas.<\/li>\n<li>Cuando recibamos el pedido en nuestra oficina en Medell\u00edn-Colombia, le enviaremos un mensaje al comprador, si se encuentra en Medell\u00edn puede pasar a recogerlo personalmente en nuestra oficina, o tambi\u00e9n podemos hacer el envios a nivel nacional o internacional (Valor del envio cargo del comprador).<\/li>\n<li>Desde Ayudas para TODOS, estamos trabajando para ofrecerles el mayor Marketplace inclusivo a nivel mundial. Reuniendo en 1 solo sitio todos los productos que puedan necesitar, m\u00e1s de 5.000 referencias de art\u00edculos especializados que puedan necesitar instituciones y personas con o sin discapacidad, para apoyar procesos de inclusi\u00f3n, ayudando a superar las barreras que se pueden presentar al momento de estudiar, de trabajar, y en las dem\u00e1s actividades de la vida diaria.<\/li>\n<li>\u00bfNo est\u00e1 seguro sobre qu\u00e9 tipo de dispositivo o producto de apoyo debe comprar? Contamos con expertos para estudiar sus necesidades y asesorarlo recomend\u00e1ndole la ayuda o el conjunto de ayudas m\u00e1s adecuadas \u00bfNecesitas un producto y no lo encuentras en nuestro catalogo online? Cont\u00e1ctanos para ayudarte a conseguirlo. \u00bfEres emprendedor y tienes un gran producto inclusivo que quisieras promocionar en nuestra plataforma? <a href=\"https:\/\/ayudasparatodos.com\/index.php\/contact\/\">Cont\u00e1ctanos<\/a><\/li>\n<li>Visita la secci\u00f3n sobre <a href=\"https:\/\/ayudasparatodos.com\/index.php\/como-comprar-faq\/\">\u00bfC\u00f3mo Comprar? FAQ<\/a>, en la cual encontraras de forma m\u00e1s detallada las instrucciones de como comprar, servicio de asesor\u00eda y cotizaciones, formas de pago, env\u00edos a nivel nacional e internacional, garant\u00eda y otros temas relacionados.<\/li>\n<li><span style=\"font-size: 11.5pt; font-family: Roboto; color: #626262;\">Asesor\u00eda, cotizaciones dudas y comentarios: Si tiene cualquier duda o comentario, nos puede escribir o llamar via WhatsApp agregando el numero +57 3006000144 o directamente desde este <a href=\"https:\/\/wa.me\/+573006000144\">enlace<\/a>\u00a0 <\/span><a href=\"https:\/\/wa.me\/+573006000144\"><span style=\"font-size: 11.5pt; font-family: Roboto; color: #626262;\">https:\/\/wa.me\/+573006000144<\/span><\/a><span style=\"font-size: 11.5pt; font-family: Roboto; color: #626262;\">\u00a0 \u00a0 Tambi\u00e9n puede enviarnos un correo electr\u00f3nico a la direcci\u00f3n <a href=\"mailto:ventas@ayudasparatodos.com\">ventas@ayudasparatodos.com<\/a><\/span><\/li>\n<li><strong>Pagos en Colombia por transferencia Bancolombia o Nequi. Tambi\u00e9n recibimos pagos por tarjeta cr\u00e9dito o debito. Si la alternativa de pago no esta disponible en su pa\u00eds, tambi\u00e9n puede pagar por Giro en western Union o Paypal. Favor contactarnos al correo ventas@ayudasparatodos.com para generarle un enlace de pago personalizado por el valor de los art\u00edculos + el valor del envi\u00f3 seg\u00fan su ubicaci\u00f3n y con su moneda local. Despachos a nivel nacional e internacional desde Medell\u00edn &#8211; Colombia.<\/strong><\/li>\n<\/ul>\n","protected":false},"excerpt":{"rendered":"<p>Controla el M\u00f3vil, Ordenador, Tablet o Smart TV de forma inal\u00e1mbrica y manos libres mediante el movimiento de la cabeza.<\/p>\n","protected":false},"featured_media":0,"template":"","meta":[],"product_cat":[387],"product_tag":[649,677,650,648],"class_list":["post-52936","product","type-product","status-publish","hentry","product_cat-mouse-accesibles","product_tag-accesibilidad-digital-computador-pc","product_tag-glassouse-v1-4-mouse-raton-inalambrico-controlado-con-la-cabeza-discapacidad-movilidad-reducida","product_tag-mouse-raton-accesible-discapaciadd-movilidad-reducida-autismo-paralisis-cerebral","product_tag-tecnologia-asistiva-para-manejar-el-computador-pc-telefono-celular-portatil-discapacidad-accesibilidad","description-off"],"_links":{"self":[{"href":"https:\/\/ayudasparatodos.com\/index.php\/wp-json\/wp\/v3\/product\/52936"}],"collection":[{"href":"https:\/\/ayudasparatodos.com\/index.php\/wp-json\/wp\/v3\/product"}],"about":[{"href":"https:\/\/ayudasparatodos.com\/index.php\/wp-json\/wp\/v2\/types\/product"}],"wp:attachment":[{"href":"https:\/\/ayudasparatodos.com\/index.php\/wp-json\/wp\/v2\/media?parent=52936"}],"wp:term":[{"taxonomy":"product_cat","embeddable":true,"href":"https:\/\/ayudasparatodos.com\/index.php\/wp-json\/wp\/v2\/product_cat?post=52936"},{"taxonomy":"product_tag","embeddable":true,"href":"https:\/\/ayudasparatodos.com\/index.php\/wp-json\/wp\/v2\/product_tag?post=52936"}],"curies":[{"name":"wp","href":"https:\/\/api.w.org\/{rel}","templated":true}]}}