{"id":52937,"date":"2024-04-27T17:17:04","date_gmt":"2024-04-27T17:17:04","guid":{"rendered":"https:\/\/ayudasparatodos.com\/?post_type=product&#038;p=52937"},"modified":"2024-04-29T20:48:48","modified_gmt":"2024-04-29T20:48:48","slug":"glassouse-link-controlar-tabletas-y-telefonos-sin-mover-la-cabeza-discapacidad-movilidad-reducida","status":"publish","type":"product","link":"https:\/\/ayudasparatodos.com\/index.php\/producto\/glassouse-link-controlar-tabletas-y-telefonos-sin-mover-la-cabeza-discapacidad-movilidad-reducida\/","title":{"rendered":"GlassOuse Link \u2013 Controlar tabletas y tel\u00e9fonos sin mover la cabeza Discapacidad movilidad reducida"},"content":{"rendered":"<p>Descripci\u00f3n del Producto<\/p>\n<p>Enlace GlassOuse<\/p>\n<p>Dispositivos de control de forma independiente<\/p>\n<p>Permite a las personas con discapacidad controlar sus tel\u00e9fonos m\u00f3viles y tabletas con manos libres, incluso sin mover la cabeza.<\/p>\n<p><strong>* Para hacer el clic y los movimientos, necesitas pulsadores switches adicionales, hay varias opciones, de soplar, clic al morder, clic con parpadeo de los ojos y otros m\u00e1s. <\/strong><strong>\u00a0Una gran variedad de accesorios que puedes comprar en paquete con este dispositivo para una mejor experiencia. Cont\u00e1ctanos para ofrecerte un paquete al mejor precio, agregando a la compra los accesorios que sean m\u00e1s \u00fatiles seg\u00fan tus necesidades<\/strong><\/p>\n<p>Lea y escriba correos electr\u00f3nicos, navegue por las redes sociales, llame a quien desee y haga todo y m\u00e1s con GlassOuse Link<\/p>\n<p>Un dispositivo inteligente y f\u00e1cil de usar para personas con movilidad restringida para conectar y controlar dispositivos con manos libres mediante interruptores de asistencia.<\/p>\n<p>Con\u00e9ctese con iPhones, iPads, tel\u00e9fonos y tabletas Android, computadoras MacOS y Windows<\/p>\n<p>(Necesita un software de escaneo independiente por separado)<\/p>\n<p>CONECTA TUS INTERRUPTORES<\/p>\n<p>Elija y conecte los interruptores que le resulten m\u00e1s f\u00e1ciles de usar, como el interruptor de mordida, el interruptor de bocanada, el interruptor de almohada, el interruptor de pie, etc.<\/p>\n<p>CONECTAR LA VIDRIO<\/p>\n<p>ENLACE AL DISPOSITIVO<\/p>\n<p>Sincron\u00edcelo a trav\u00e9s de BT4.0 con su dispositivo (tel\u00e9fono m\u00f3vil o tableta; puede conectar hasta 3 dispositivos)<\/p>\n<p>&nbsp;<\/p>\n<p>&nbsp;<\/p>\n<p>EMPAREJA TUS INTERRUPTORES<\/p>\n<p>Conecte sus interruptores como &#8216;interruptor externo&#8217; en Control de interruptores y contin\u00fae operando su dispositivo.<\/p>\n<p>&nbsp;<\/p>\n<p>Con\u00e9ctese a 3 dispositivos simult\u00e1neamente y cambie f\u00e1cilmente entre ellos<\/p>\n<p>Con GlassOuse Link, puede conectar y controlar hasta 3 dispositivos (iPhone, iPad, Android, Mac OS) a trav\u00e9s de BT4.0 y alternar entre ellos f\u00e1cilmente. GlassOuse guardar\u00e1 autom\u00e1ticamente la configuraci\u00f3n de cada dispositivo y se activar\u00e1 cada vez que cambie a ese dispositivo.<\/p>\n<p>Elija los interruptores que funcionen para usted<\/p>\n<p>Puede elegir y conectar su propio conjunto de interruptores de asistencia seg\u00fan su cuerpo le permita trabajar. Conecte hasta 8 interruptores a GlassOuse Link y realice m\u00e1s funciones seg\u00fan sea necesario.<\/p>\n<p>Elija su accesorio G-Wear que combine con su GlassOuse Link<\/p>\n<p>Seleccione entre 6 accesorios de uso diferentes para usar su GlassOuse PRO. Todos los accesorios est\u00e1n dise\u00f1ados sistem\u00e1ticamente para poder adaptarse a la mayor\u00eda de las personas con diferentes discapacidades, para poder utilizar GlassOuse Link con comodidad.<\/p>\n<p>Desbloquee m\u00e1s potencial y funciones con la aplicaci\u00f3n GlassOuse<\/p>\n<p>&nbsp;<\/p>\n<ul>\n<li>Producto importado, venta bajo pedido con pago previo por el valor total del articulo.<\/li>\n<li>FAVOR ANTES DE OFERTAR, confirmar precio actual (por variaciones del valor del d\u00f3lar) y tambi\u00e9n CONFIRMAR QUE PUEDE ESPERAR LOS TIEMPOS DE ENTREGA\u00a0 que normalmente son entre 2-4 semanas.<\/li>\n<li>Cuando recibamos el pedido en nuestra oficina en Medell\u00edn-Colombia, le enviaremos un mensaje al comprador, si se encuentra en Medell\u00edn puede pasar a recogerlo personalmente en nuestra oficina, o tambi\u00e9n podemos hacer el envios a nivel nacional o internacional (Valor del envio cargo del comprador).<\/li>\n<li>Desde Ayudas para TODOS, estamos trabajando para ofrecerles el mayor Marketplace inclusivo a nivel mundial. Reuniendo en 1 solo sitio todos los productos que puedan necesitar, m\u00e1s de 5.000 referencias de art\u00edculos especializados que puedan necesitar instituciones y personas con o sin discapacidad, para apoyar procesos de inclusi\u00f3n, ayudando a superar las barreras que se pueden presentar al momento de estudiar, de trabajar, y en las dem\u00e1s actividades de la vida diaria.<\/li>\n<li>\u00bfNo est\u00e1 seguro sobre qu\u00e9 tipo de dispositivo o producto de apoyo debe comprar? Contamos con expertos para estudiar sus necesidades y asesorarlo recomend\u00e1ndole la ayuda o el conjunto de ayudas m\u00e1s adecuadas \u00bfNecesitas un producto y no lo encuentras en nuestro catalogo online? Cont\u00e1ctanos para ayudarte a conseguirlo. \u00bfEres emprendedor y tienes un gran producto inclusivo que quisieras promocionar en nuestra plataforma? <a href=\"https:\/\/ayudasparatodos.com\/index.php\/contact\/\">Cont\u00e1ctanos<\/a><\/li>\n<li>Visita la secci\u00f3n sobre <a href=\"https:\/\/ayudasparatodos.com\/index.php\/como-comprar-faq\/\">\u00bfC\u00f3mo Comprar? FAQ<\/a>, en la cual encontraras de forma m\u00e1s detallada las instrucciones de como comprar, servicio de asesor\u00eda y cotizaciones, formas de pago, env\u00edos a nivel nacional e internacional, garant\u00eda y otros temas relacionados.<\/li>\n<li><span style=\"font-size: 11.5pt; font-family: Roboto; color: #626262;\">Asesor\u00eda, cotizaciones dudas y comentarios: Si tiene cualquier duda o comentario, nos puede escribir o llamar via WhatsApp agregando el numero +57 3006000144 o directamente desde este <a href=\"https:\/\/wa.me\/+573006000144\">enlace<\/a>\u00a0 <\/span><a href=\"https:\/\/wa.me\/+573006000144\"><span style=\"font-size: 11.5pt; font-family: Roboto; color: #626262;\">https:\/\/wa.me\/+573006000144<\/span><\/a><span style=\"font-size: 11.5pt; font-family: Roboto; color: #626262;\">\u00a0 \u00a0 Tambi\u00e9n puede enviarnos un correo electr\u00f3nico a la direcci\u00f3n <a href=\"mailto:ventas@ayudasparatodos.com\">ventas@ayudasparatodos.com<\/a><\/span><\/li>\n<li><strong>Pagos en Colombia por transferencia Bancolombia o Nequi. Tambi\u00e9n recibimos pagos por tarjeta cr\u00e9dito o debito. Si la alternativa de pago no esta disponible en su pa\u00eds, tambi\u00e9n puede pagar por Giro en western Union o Paypal. Favor contactarnos al correo ventas@ayudasparatodos.com para generarle un enlace de pago personalizado por el valor de los art\u00edculos + el valor del envi\u00f3 seg\u00fan su ubicaci\u00f3n y con su moneda local. Despachos a nivel nacional e internacional desde Medell\u00edn &#8211; Colombia.<\/strong><\/li>\n<\/ul>\n","protected":false},"excerpt":{"rendered":"<p>Permite a las personas con discapacidad controlar sus tel\u00e9fonos m\u00f3viles y tabletas con manos libres, incluso sin mover la cabeza.<\/p>\n","protected":false},"featured_media":0,"template":"","meta":[],"product_cat":[387],"product_tag":[649,678,650,648],"class_list":["post-52937","product","type-product","status-publish","hentry","product_cat-mouse-accesibles","product_tag-accesibilidad-digital-computador-pc","product_tag-glassouse-link-controlar-tabletas-y-telefonos-sin-mover-la-cabeza-discapacidad-movilidad-reducida","product_tag-mouse-raton-accesible-discapaciadd-movilidad-reducida-autismo-paralisis-cerebral","product_tag-tecnologia-asistiva-para-manejar-el-computador-pc-telefono-celular-portatil-discapacidad-accesibilidad","description-off"],"_links":{"self":[{"href":"https:\/\/ayudasparatodos.com\/index.php\/wp-json\/wp\/v3\/product\/52937"}],"collection":[{"href":"https:\/\/ayudasparatodos.com\/index.php\/wp-json\/wp\/v3\/product"}],"about":[{"href":"https:\/\/ayudasparatodos.com\/index.php\/wp-json\/wp\/v2\/types\/product"}],"wp:attachment":[{"href":"https:\/\/ayudasparatodos.com\/index.php\/wp-json\/wp\/v2\/media?parent=52937"}],"wp:term":[{"taxonomy":"product_cat","embeddable":true,"href":"https:\/\/ayudasparatodos.com\/index.php\/wp-json\/wp\/v2\/product_cat?post=52937"},{"taxonomy":"product_tag","embeddable":true,"href":"https:\/\/ayudasparatodos.com\/index.php\/wp-json\/wp\/v2\/product_tag?post=52937"}],"curies":[{"name":"wp","href":"https:\/\/api.w.org\/{rel}","templated":true}]}}