{"id":52938,"date":"2024-04-27T17:17:10","date_gmt":"2024-04-27T17:17:10","guid":{"rendered":"https:\/\/ayudasparatodos.com\/?post_type=product&#038;p=52938"},"modified":"2024-04-28T04:20:30","modified_gmt":"2024-04-28T04:20:30","slug":"accesorios-glassouse-pulsadores-y-switches-g-switches-de-presion-proximidad-tactilparpadeode-morder-y-otros-mas","status":"publish","type":"product","link":"https:\/\/ayudasparatodos.com\/index.php\/producto\/accesorios-glassouse-pulsadores-y-switches-g-switches-de-presion-proximidad-tactilparpadeode-morder-y-otros-mas\/","title":{"rendered":"Accesorios GlassOuse \u2013 Pulsadores y switches G-Switches de presi\u00f3n, proximidad, t\u00e1ctil,parpadeo,de morder y otros m\u00e1s"},"content":{"rendered":"<p>Descripci\u00f3n del Producto<\/p>\n<p>Todos estos elementos son Pulsadores\/Switches con diferentes mecanismos de activaci\u00f3n para hacer un clic del mouse, movimiento en alguna direcci\u00f3n o dar un comando a un elemento adaptado.\u00a0 Sirven para ser usados con los diferentes dispositivos del sistema Glassouse y tambi\u00e9n con otros dispositivos adaptados para ser usados con switches pulsadores 3.5mm. Cont\u00e1ctanos para asesorarte sobre compatibilidad de dispositivos y adem\u00e1s ofrecerte un paquete al mejor precio, agregando a la compra los accesorios que sean m\u00e1s \u00fatiles seg\u00fan tus necesidades<\/p>\n<p>&nbsp;<\/p>\n<p>INTERRUPTOR DE MEJILLA<\/p>\n<p>Clic descarado Tu clic est\u00e1 a s\u00f3lo una bocanada de distancia<\/p>\n<p><img decoding=\"async\" class=\"size-medium wp-image-52982\" src=\"https:\/\/ayudasparatodos.com\/wp-content\/uploads\/2024\/04\/cheek-switch-img12-2048x678-1-300x99.png\" alt=\"INTERRUPTOR DE MEJILLA Clic descarado Tu clic est\u00e1 a s\u00f3lo una bocanada de distancia\" width=\"300\" height=\"99\" \/><\/p>\n<p>INTERRUPTOR DE PARPADEO<\/p>\n<p>Blink &amp; Click: Interacci\u00f3n sin esfuerzo con un abrir y cerrar de ojos<\/p>\n<p><img decoding=\"async\" class=\"size-medium wp-image-52981\" src=\"https:\/\/ayudasparatodos.com\/wp-content\/uploads\/2024\/04\/blink-switch-img6-300x300.png\" alt=\"INTERRUPTOR DE PARPADEO Blink &amp; Click: Interacci\u00f3n sin esfuerzo con un abrir y cerrar de ojos\" width=\"300\" height=\"300\" \/><\/p>\n<p>INTERRUPTOR DE MORDIDA 360<\/p>\n<p>Haga clic en un bocado: experimente el poder de la tecnolog\u00eda AirBite<\/p>\n<p><img decoding=\"async\" class=\"size-medium wp-image-52979\" src=\"https:\/\/ayudasparatodos.com\/wp-content\/uploads\/2024\/04\/360-switch-banner-img2-300x186.png\" alt=\"INTERRUPTOR DE MORDIDA 360 Haga clic en un bocado: experimente el poder de la tecnolog\u00eda AirBite\" width=\"300\" height=\"186\" \/><\/p>\n<p>&nbsp;<\/p>\n<p>Interruptor de soplo<\/p>\n<p>Simplemente sopla hacia el interruptor y el gatillo de soplado incorporado convertir\u00e1 las frecuencias de las caladas en se\u00f1ales para realizar los clics.<\/p>\n<p><img decoding=\"async\" class=\"size-medium wp-image-52983\" src=\"https:\/\/ayudasparatodos.com\/wp-content\/uploads\/2024\/04\/GS02-image-5-300x300.jpg\" alt=\"Interruptor de soplo Simplemente sopla hacia el interruptor y el gatillo de soplado incorporado convertir\u00e1 las frecuencias de las caladas en se\u00f1ales para realizar los clics.\" width=\"300\" height=\"300\" \/><\/p>\n<p>&nbsp;<\/p>\n<p>Interruptor de dedo<\/p>\n<p>Finger Switch se puede utilizar mediante correas de cierre t\u00e1ctil para utilizarlo con los dedos, los brazos o cualquier parte del cuerpo.<\/p>\n<p><img decoding=\"async\" class=\"size-medium wp-image-52984\" src=\"https:\/\/ayudasparatodos.com\/wp-content\/uploads\/2024\/04\/GS03-image-5-300x300.jpg\" alt=\"Interruptor de dedo Finger Switch se puede utilizar mediante correas de cierre t\u00e1ctil para utilizarlo con los dedos, los brazos o cualquier parte del cuerpo.\" width=\"300\" height=\"300\" \/><\/p>\n<p>&nbsp;<\/p>\n<p>Interruptor de pie<\/p>\n<p>Puede simplemente presionarlo para realizar las acciones de clic mediante presiones semiduras y fuertes.<\/p>\n<p><img decoding=\"async\" class=\"size-medium wp-image-52985\" src=\"https:\/\/ayudasparatodos.com\/wp-content\/uploads\/2024\/04\/GS04-image-6-300x300.jpg\" alt=\"Interruptor de pie Puede simplemente presionarlo para realizar las acciones de clic mediante presiones semiduras y fuertes. pulsador switch glassouse\" width=\"300\" height=\"300\" \/><\/p>\n<p>&nbsp;<\/p>\n<p>Pulsar interruptor 100gr<\/p>\n<p>Pulsador 150gr<\/p>\n<p>Una opci\u00f3n de interruptor duradera para usuarios con menos control f\u00edsico.<\/p>\n<p><img decoding=\"async\" class=\"size-full wp-image-52980\" src=\"https:\/\/ayudasparatodos.com\/wp-content\/uploads\/2024\/04\/73395.jpg\" alt=\"Pulsar interruptor 100gr Pulsador 150gr Una opci\u00f3n de interruptor duradera para usuarios con menos control f\u00edsico\" width=\"255\" height=\"255\" \/><\/p>\n<p>&nbsp;<\/p>\n<p>Interruptor de almohada<\/p>\n<p>Una opci\u00f3n de interruptor duradera cubierta con un coj\u00edn suave para usuarios con menos control f\u00edsico.<\/p>\n<p><img decoding=\"async\" class=\"alignnone size-medium wp-image-52986\" src=\"https:\/\/ayudasparatodos.com\/wp-content\/uploads\/2024\/04\/GS07-image-2-300x300.jpg\" alt=\"\" width=\"300\" height=\"300\" \/><\/p>\n<p>&nbsp;<\/p>\n<p>Interruptor tactil<\/p>\n<p>Touch Switch es altamente sensible para detectar ligeros toques en el \u00e1rea de activaci\u00f3n sin demora.<\/p>\n<p><img decoding=\"async\" class=\"size-medium wp-image-52988\" src=\"https:\/\/ayudasparatodos.com\/wp-content\/uploads\/2024\/04\/GS08-image-6-300x300.jpg\" alt=\"INTERRUPTOR DE MEJILLA Clic descarado Tu clic est\u00e1 a s\u00f3lo una bocanada de distancia\" width=\"300\" height=\"300\" \/><\/p>\n<p>&nbsp;<\/p>\n<p>Interruptor de proximidad<\/p>\n<p>Proximity Switch es altamente sensible para detectar diferentes niveles de distancias desde la superficie de activaci\u00f3n para realizar sus clics.<\/p>\n<p><img decoding=\"async\" class=\"size-medium wp-image-52989\" src=\"https:\/\/ayudasparatodos.com\/wp-content\/uploads\/2024\/04\/GS09-image-6-300x300.jpg\" alt=\"Interruptor de proximidad Proximity Switch es altamente sensible para detectar diferentes niveles de distancias desde la superficie de activaci\u00f3n para realizar sus clics.\" width=\"300\" height=\"300\" \/><\/p>\n<p>&nbsp;<\/p>\n<p>&nbsp;<\/p>\n<ul>\n<li>Producto importado, venta bajo pedido con pago previo por el valor total del articulo.<\/li>\n<li>FAVOR ANTES DE OFERTAR, confirmar precio actual (por variaciones del valor del d\u00f3lar) y tambi\u00e9n CONFIRMAR QUE PUEDE ESPERAR LOS TIEMPOS DE ENTREGA\u00a0 que normalmente son entre 2-4 semanas.<\/li>\n<li>Cuando recibamos el pedido en nuestra oficina en Medell\u00edn-Colombia, le enviaremos un mensaje al comprador, si se encuentra en Medell\u00edn puede pasar a recogerlo personalmente en nuestra oficina, o tambi\u00e9n podemos hacer el envios a nivel nacional o internacional (Valor del envio cargo del comprador).<\/li>\n<li>Desde Ayudas para TODOS, estamos trabajando para ofrecerles el mayor Marketplace inclusivo a nivel mundial. Reuniendo en 1 solo sitio todos los productos que puedan necesitar, m\u00e1s de 5.000 referencias de art\u00edculos especializados que puedan necesitar instituciones y personas con o sin discapacidad, para apoyar procesos de inclusi\u00f3n, ayudando a superar las barreras que se pueden presentar al momento de estudiar, de trabajar, y en las dem\u00e1s actividades de la vida diaria.<\/li>\n<li>\u00bfNo est\u00e1 seguro sobre qu\u00e9 tipo de dispositivo o producto de apoyo debe comprar? Contamos con expertos para estudiar sus necesidades y asesorarlo recomend\u00e1ndole la ayuda o el conjunto de ayudas m\u00e1s adecuadas \u00bfNecesitas un producto y no lo encuentras en nuestro catalogo online? Cont\u00e1ctanos para ayudarte a conseguirlo. \u00bfEres emprendedor y tienes un gran producto inclusivo que quisieras promocionar en nuestra plataforma? <a href=\"https:\/\/ayudasparatodos.com\/index.php\/contact\/\">Cont\u00e1ctanos<\/a><\/li>\n<li>Visita la secci\u00f3n sobre <a href=\"https:\/\/ayudasparatodos.com\/index.php\/como-comprar-faq\/\">\u00bfC\u00f3mo Comprar? FAQ<\/a>, en la cual encontraras de forma m\u00e1s detallada las instrucciones de como comprar, servicio de asesor\u00eda y cotizaciones, formas de pago, env\u00edos a nivel nacional e internacional, garant\u00eda y otros temas relacionados.<\/li>\n<li><span style=\"font-size: 11.5pt; font-family: Roboto; color: #626262;\">Asesor\u00eda, cotizaciones dudas y comentarios: Si tiene cualquier duda o comentario, nos puede escribir o llamar via WhatsApp agregando el numero +57 3006000144 o directamente desde este <a href=\"https:\/\/wa.me\/+573006000144\">enlace<\/a>\u00a0 <\/span><a href=\"https:\/\/wa.me\/+573006000144\"><span style=\"font-size: 11.5pt; font-family: Roboto; color: #626262;\">https:\/\/wa.me\/+573006000144<\/span><\/a><span style=\"font-size: 11.5pt; font-family: Roboto; color: #626262;\">\u00a0 \u00a0 Tambi\u00e9n puede enviarnos un correo electr\u00f3nico a la direcci\u00f3n <a href=\"mailto:ventas@ayudasparatodos.com\">ventas@ayudasparatodos.com<\/a><\/span><\/li>\n<li><strong>Pagos en Colombia por transferencia Bancolombia o Nequi. Tambi\u00e9n recibimos pagos por tarjeta cr\u00e9dito o debito. Si la alternativa de pago no esta disponible en su pa\u00eds, tambi\u00e9n puede pagar por Giro en western Union o Paypal. Favor contactarnos al correo ventas@ayudasparatodos.com para generarle un enlace de pago personalizado por el valor de los art\u00edculos + el valor del envi\u00f3 seg\u00fan su ubicaci\u00f3n y con su moneda local. Despachos a nivel nacional e internacional desde Medell\u00edn &#8211; Colombia.<\/strong><\/li>\n<\/ul>\n","protected":false},"excerpt":{"rendered":"<p>Pulsadores\/Switches con diferentes mecanismos de activaci\u00f3n para hacer un clic del mouse, movimiento en alguna direcci\u00f3n o dar un comando a un elemento adaptado<\/p>\n","protected":false},"featured_media":0,"template":"","meta":[],"product_cat":[387],"product_tag":[649,679,683,650,682,680,681,648],"class_list":["post-52938","product","type-product","status-publish","hentry","product_cat-mouse-accesibles","product_tag-accesibilidad-digital-computador-pc","product_tag-accesorios-glassouse-pulsadores-y-switches-g-switches-de-presion","product_tag-de-morder-y-otros-mas","product_tag-mouse-raton-accesible-discapaciadd-movilidad-reducida-autismo-paralisis-cerebral","product_tag-parpadeo","product_tag-proximidad","product_tag-tactil","product_tag-tecnologia-asistiva-para-manejar-el-computador-pc-telefono-celular-portatil-discapacidad-accesibilidad","description-off"],"_links":{"self":[{"href":"https:\/\/ayudasparatodos.com\/index.php\/wp-json\/wp\/v3\/product\/52938"}],"collection":[{"href":"https:\/\/ayudasparatodos.com\/index.php\/wp-json\/wp\/v3\/product"}],"about":[{"href":"https:\/\/ayudasparatodos.com\/index.php\/wp-json\/wp\/v2\/types\/product"}],"wp:attachment":[{"href":"https:\/\/ayudasparatodos.com\/index.php\/wp-json\/wp\/v2\/media?parent=52938"}],"wp:term":[{"taxonomy":"product_cat","embeddable":true,"href":"https:\/\/ayudasparatodos.com\/index.php\/wp-json\/wp\/v2\/product_cat?post=52938"},{"taxonomy":"product_tag","embeddable":true,"href":"https:\/\/ayudasparatodos.com\/index.php\/wp-json\/wp\/v2\/product_tag?post=52938"}],"curies":[{"name":"wp","href":"https:\/\/api.w.org\/{rel}","templated":true}]}}