{"id":52994,"date":"2024-04-29T21:28:29","date_gmt":"2024-04-29T21:28:29","guid":{"rendered":"https:\/\/ayudasparatodos.com\/?post_type=product&#038;p=52994"},"modified":"2024-04-29T21:54:46","modified_gmt":"2024-04-29T21:54:46","slug":"mouse-de-terapia-con-sensor-de-movimiento-discapacidad-fisica-paralisis-cerebral-autismo","status":"publish","type":"product","link":"https:\/\/ayudasparatodos.com\/index.php\/producto\/mouse-de-terapia-con-sensor-de-movimiento-discapacidad-fisica-paralisis-cerebral-autismo\/","title":{"rendered":"Mouse de terapia con sensor de movimiento &#8211; Discapacidad F\u00edsica Par\u00e1lisis cerebral Autismo"},"content":{"rendered":"<p>DESCRIPCI\u00d3N<\/p>\n<p>Este mouse adaptable peque\u00f1o y liviano, que se acopla a cualquier parte del cuerpo con una correa incluida, utiliza tecnolog\u00eda de sensor de movimiento para brindar acceso a la computadora telefono tablet con manos libres.<\/p>\n<p>Compatible con PC, Android y Mac<\/p>\n<p>Ideal para usar durante el entrenamiento de la marcha como actividad de doble tarea.<\/p>\n<p>Controla cualquier software de computadora que utilice un mouse.<\/p>\n<p>Utiliza tecnolog\u00eda de sensor de movimiento que permite que cualquier parte del cuerpo controle el mouse<\/p>\n<p>Realice selecciones con el control del mouse incluido, cualquier tipo de interruptor de adaptabilidad o software en vivo<\/p>\n<p>M\u00e1s informaci\u00f3n<\/p>\n<p>Therapy Mouse proporciona una soluci\u00f3n de bajo costo que brinda a personas de todas las capacidades f\u00edsicas la capacidad de dirigir y hacer clic en el mouse de una computadora. Particularmente \u00fatil para quienes tienen movilidad limitada en las manos, el Therapy Mouse se puede controlar con diferentes partes del cuerpo, incluida la cabeza, los brazos e incluso las piernas. Mediante el uso de gestos f\u00edsicos, el mouse de reemplazo port\u00e1til controla el cursor en la pantalla de la computadora.<\/p>\n<p>&nbsp;<\/p>\n<p>Estos gestos permiten se\u00f1alar, hacer clic, arrastrar y soltar elementos en la pantalla. No se necesitan piezas adicionales, como c\u00e1maras, para controlar el mouse. Ya sea que se use con software de juegos, para navegar entre p\u00e1ginas de sitios web o como una actividad de doble tarea durante el entrenamiento de la marcha, Therapy Mouse proporciona una forma divertida y atractiva de acceder a programas basados en mouse de computadora en cualquier PC, Mac o Android.<\/p>\n<p>&nbsp;<\/p>\n<p>Doble tarea<\/p>\n<p>La capacidad de realizar tareas cognitivas y f\u00edsicas simult\u00e1neamente puede resultar dif\u00edcil para los pacientes que se recuperan de afecciones m\u00e9dicas. Por ejemplo, los pacientes que se recuperan de un derrame cerebral tienen problemas para cambiar el enfoque entre tareas durante la fisioterapia. Esta es la raz\u00f3n por la que el uso del Therapy Mouse para acceder al software GaitSense de an\u00e1lisis de la marcha de Mobility Research y al mismo tiempo el uso del LiteGait Gait Trainer condiciona al paciente a realizar tareas cognitivas y f\u00edsicas al mismo tiempo.<\/p>\n<p>&nbsp;<\/p>\n<p>Tambi\u00e9n conocido como entrenamiento de la marcha con tareas duales (DTGT), el uso del Therapy Mouse durante el entrenamiento de la marcha no solo ayuda a ense\u00f1ar al paciente a cambiar de tarea, sino que tambi\u00e9n lo mantiene motivado para realizar m\u00e1s repeticiones. La herramienta de accesibilidad basada en la cl\u00ednica de fisioterapia tambi\u00e9n se puede utilizar como parte de un programa de fisioterapia en el hogar que utiliza ejercicios de acondicionamiento f\u00edsico general basados en juegos con fines de rehabilitaci\u00f3n para ayudar a aumentar la fuerza y la coordinaci\u00f3n.<\/p>\n<p>&nbsp;<\/p>\n<p>El rat\u00f3n terap\u00e9utico es ideal para:<\/p>\n<p>&#8211; Los ancianos<\/p>\n<p>&#8211; Aquellos que han sufrido un derrame cerebral.<\/p>\n<p>&#8211; Pacientes de Parkinson<\/p>\n<p>&#8211; Aquellos que sufren lesiones debilitantes y condiciones m\u00e9dicas que afectan el uso de las manos.<\/p>\n<p>&nbsp;<\/p>\n<p>El rat\u00f3n terap\u00e9utico incluye los siguientes componentes:<\/p>\n<p>-Sensor<\/p>\n<p>&#8211; Clicker de mano peque\u00f1o<\/p>\n<p>&#8211; Receptor USB<\/p>\n<p>&#8211; Correas<\/p>\n<p>&nbsp;<\/p>\n<ul>\n<li>Producto importado, venta bajo pedido con pago previo por el valor total del articulo.<\/li>\n<li>FAVOR ANTES DE OFERTAR, confirmar precio actual (por variaciones del valor del d\u00f3lar) y tambi\u00e9n CONFIRMAR QUE PUEDE ESPERAR LOS TIEMPOS DE ENTREGA\u00a0 que normalmente son entre 2-4 semanas.<\/li>\n<li>Cuando recibamos el pedido en nuestra oficina en Medell\u00edn-Colombia, le enviaremos un mensaje al comprador, si se encuentra en Medell\u00edn puede pasar a recogerlo personalmente en nuestra oficina, o tambi\u00e9n podemos hacer el envios a nivel nacional o internacional (Valor del envio cargo del comprador).<\/li>\n<li>Desde Ayudas para TODOS, estamos trabajando para ofrecerles el mayor Marketplace inclusivo a nivel mundial. Reuniendo en 1 solo sitio todos los productos que puedan necesitar, m\u00e1s de 5.000 referencias de art\u00edculos especializados que puedan necesitar instituciones y personas con o sin discapacidad, para apoyar procesos de inclusi\u00f3n, ayudando a superar las barreras que se pueden presentar al momento de estudiar, de trabajar, y en las dem\u00e1s actividades de la vida diaria.<\/li>\n<li>\u00bfNo est\u00e1 seguro sobre qu\u00e9 tipo de dispositivo o producto de apoyo debe comprar? Contamos con expertos para estudiar sus necesidades y asesorarlo recomend\u00e1ndole la ayuda o el conjunto de ayudas m\u00e1s adecuadas \u00bfNecesitas un producto y no lo encuentras en nuestro catalogo online? Cont\u00e1ctanos para ayudarte a conseguirlo. \u00bfEres emprendedor y tienes un gran producto inclusivo que quisieras promocionar en nuestra plataforma? <a href=\"https:\/\/ayudasparatodos.com\/index.php\/contact\/\">Cont\u00e1ctanos<\/a><\/li>\n<li>Visita la secci\u00f3n sobre <a href=\"https:\/\/ayudasparatodos.com\/index.php\/como-comprar-faq\/\">\u00bfC\u00f3mo Comprar? FAQ<\/a>, en la cual encontraras de forma m\u00e1s detallada las instrucciones de como comprar, servicio de asesor\u00eda y cotizaciones, formas de pago, env\u00edos a nivel nacional e internacional, garant\u00eda y otros temas relacionados.<\/li>\n<li><span style=\"font-size: 11.5pt; font-family: Roboto; color: #626262;\">Asesor\u00eda, cotizaciones dudas y comentarios: Si tiene cualquier duda o comentario, nos puede escribir o llamar via WhatsApp agregando el numero +57 3006000144 o directamente desde este <a href=\"https:\/\/wa.me\/+573006000144\">enlace<\/a>\u00a0 <\/span><a href=\"https:\/\/wa.me\/+573006000144\"><span style=\"font-size: 11.5pt; font-family: Roboto; color: #626262;\">https:\/\/wa.me\/+573006000144<\/span><\/a><span style=\"font-size: 11.5pt; font-family: Roboto; color: #626262;\">\u00a0 \u00a0 Tambi\u00e9n puede enviarnos un correo electr\u00f3nico a la direcci\u00f3n <a href=\"mailto:ventas@ayudasparatodos.com\">ventas@ayudasparatodos.com<\/a><\/span><\/li>\n<li><strong>Pagos en Colombia por transferencia Bancolombia o Nequi. Tambi\u00e9n recibimos pagos por tarjeta cr\u00e9dito o debito. Si la alternativa de pago no esta disponible en su pa\u00eds, tambi\u00e9n puede pagar por Giro en western Union o Paypal. Favor contactarnos al correo ventas@ayudasparatodos.com para generarle un enlace de pago personalizado por el valor de los art\u00edculos + el valor del envi\u00f3 seg\u00fan su ubicaci\u00f3n y con su moneda local. Despachos a nivel nacional e internacional desde Medell\u00edn &#8211; Colombia.<\/strong><\/li>\n<\/ul>\n","protected":false},"excerpt":{"rendered":"<p>Este mouse adaptable peque\u00f1o y liviano, que se acopla a cualquier parte del cuerpo con una correa incluida, utiliza tecnolog\u00eda de sensor de movimiento para brindar acceso a la computadora telefono tablet con manos libres.<\/p>\n","protected":false},"featured_media":0,"template":"","meta":[],"product_cat":[387],"product_tag":[649,685,650,686,648],"class_list":["post-52994","product","type-product","status-publish","hentry","product_cat-mouse-accesibles","product_tag-accesibilidad-digital-computador-pc","product_tag-mouse-de-terapia-con-sensor-de-movimiento-discapacidad-fisica-paralisis-cerebral-autismo","product_tag-mouse-raton-accesible-discapaciadd-movilidad-reducida-autismo-paralisis-cerebral","product_tag-mouse-terapia-ocupacional-to-discapacidad-accesibilidad-rehabilitacion-fisica-derrame-cerebral","product_tag-tecnologia-asistiva-para-manejar-el-computador-pc-telefono-celular-portatil-discapacidad-accesibilidad","description-off"],"_links":{"self":[{"href":"https:\/\/ayudasparatodos.com\/index.php\/wp-json\/wp\/v3\/product\/52994"}],"collection":[{"href":"https:\/\/ayudasparatodos.com\/index.php\/wp-json\/wp\/v3\/product"}],"about":[{"href":"https:\/\/ayudasparatodos.com\/index.php\/wp-json\/wp\/v2\/types\/product"}],"wp:attachment":[{"href":"https:\/\/ayudasparatodos.com\/index.php\/wp-json\/wp\/v2\/media?parent=52994"}],"wp:term":[{"taxonomy":"product_cat","embeddable":true,"href":"https:\/\/ayudasparatodos.com\/index.php\/wp-json\/wp\/v2\/product_cat?post=52994"},{"taxonomy":"product_tag","embeddable":true,"href":"https:\/\/ayudasparatodos.com\/index.php\/wp-json\/wp\/v2\/product_tag?post=52994"}],"curies":[{"name":"wp","href":"https:\/\/api.w.org\/{rel}","templated":true}]}}