{"id":52995,"date":"2024-04-29T21:28:36","date_gmt":"2024-04-29T21:28:36","guid":{"rendered":"https:\/\/ayudasparatodos.com\/?post_type=product&#038;p=52995"},"modified":"2024-04-29T22:13:15","modified_gmt":"2024-04-29T22:13:15","slug":"mouse-eyegaze-edge-seguimiento-ocular-controlado-con-los-ojos-discapacidad-fisica-paralisis-cerebral-autismo","status":"publish","type":"product","link":"https:\/\/ayudasparatodos.com\/index.php\/producto\/mouse-eyegaze-edge-seguimiento-ocular-controlado-con-los-ojos-discapacidad-fisica-paralisis-cerebral-autismo\/","title":{"rendered":"Mouse Eyegaze Edge seguimiento ocular controlado con los ojos &#8211; Discapacidad F\u00edsica Par\u00e1lisis cerebral Autismo"},"content":{"rendered":"<p>DESCRIPCI\u00d3N<\/p>\n<p>Una c\u00e1mara especial de seguimiento ocular montada debajo de la pantalla Eyegaze Edge observa uno de los ojos del usuario.<\/p>\n<p>Un sofisticado software de procesamiento de im\u00e1genes analiza las im\u00e1genes de la c\u00e1mara 60 veces por segundo y determina hacia d\u00f3nde mira el usuario en la pantalla.<\/p>\n<p>&nbsp;<\/p>\n<p>No hay nada adherido a la cabeza o al cuerpo del usuario.<\/p>\n<p>&nbsp;<\/p>\n<p>Se requiere un procedimiento de calibraci\u00f3n de menos de 15 segundos para configurar el sistema para un usuario en particular. El usuario mira un peque\u00f1o punto de calibraci\u00f3n mientras se mueve por la pantalla.<\/p>\n<p>No es necesario recalibrar si el usuario se aleja de la pantalla y regresa m\u00e1s tarde.<\/p>\n<p>&nbsp;<\/p>\n<p>Un usuario opera el sistema mirando \u201cteclas\u201d rectangulares o celdas que se muestran en la pantalla de control. Para \u00abpresionar\u00bb una tecla, el usuario mira la tecla durante un per\u00edodo de tiempo espec\u00edfico.<\/p>\n<p>El usuario puede ajustar la duraci\u00f3n de la mirada necesaria para activar visualmente una tecla, normalmente alrededor de \u00bd segundo.<\/p>\n<p>&nbsp;<\/p>\n<p>Una serie de teclas de men\u00fa y teclas de salida permiten al usuario navegar por los programas Eyegaze de forma independiente.<\/p>\n<p>&nbsp;<\/p>\n<p>He estado usando el sistema Eyegaze durante poco m\u00e1s de 4 a\u00f1os desde que perd\u00ed la capacidad de mover el mouse con las manos debido a la ELA. La capacidad de acceder a la computadora con el sistema Eyegaze probablemente ha sido el mayor contribuyente a mi calidad de vida.<\/p>\n<p>David Abel<\/p>\n<p>Usuario de mirada con ELA<\/p>\n<p>&nbsp;<\/p>\n<p>Todo lo que necesitas nada m\u00e1s sacarlo de la caja<\/p>\n<p>&nbsp;<\/p>\n<p>Mantente conectado<\/p>\n<p>Eyegaze Edge\u00ae est\u00e1 dise\u00f1ado para que las personas con m\u00faltiples diagn\u00f3sticos bloqueados puedan recuperar sus vidas.<\/p>\n<p>&nbsp;<\/p>\n<p>F\u00e1cil configuraci\u00f3n y calibraci\u00f3n<\/p>\n<p>La calibraci\u00f3n tarda s\u00f3lo 15 segundos. As\u00ed de r\u00e1pido estar\u00e1s conectado.<\/p>\n<p>&nbsp;<\/p>\n<p>Generaci\u00f3n de voz<\/p>\n<p>Genere voz escribiendo un mensaje o seleccionando frases preprogramadas.<\/p>\n<p>&nbsp;<\/p>\n<p>Llama y env\u00eda mensajes de texto<\/p>\n<p>Integrar con un dispositivo celular.<\/p>\n<p>&nbsp;<\/p>\n<p>Controle cualquier aplicaci\u00f3n<\/p>\n<p>Eyegaze Edge\u00ae le permite controlar cualquier aplicaci\u00f3n o programa con facilidad.<\/p>\n<p>&nbsp;<\/p>\n<p>Controlar el medio ambiente<\/p>\n<p>Controle sistemas de entretenimiento y sonido, luces e interruptores con infrarrojos.<\/p>\n<p>&nbsp;<\/p>\n<p>Navegar por la web<\/p>\n<p>Acceso web dise\u00f1ado para entrada Eyegaze\u00ae.<\/p>\n<p>&nbsp;<\/p>\n<p>Integraci\u00f3n de correo electr\u00f3nico<\/p>\n<p>Env\u00eda y recibe mensajes e im\u00e1genes.<\/p>\n<p>&nbsp;<\/p>\n<p>Uso durante todo el d\u00eda<\/p>\n<p>Nuestra c\u00e1mara con poca luz minimiza la fatiga y se adapta a los p\u00e1rpados ca\u00eddos.<\/p>\n<p>&nbsp;<\/p>\n<p>El paquete Eyegaze Edge\u00ae<\/p>\n<p>Todo lo que recibes con un Eyegaze Edge\u00ae:<\/p>\n<p>&nbsp;<\/p>\n<p>Tableta Eyegaze Edge\u00ae<\/p>\n<p>&nbsp;<\/p>\n<p>Sistema de montaje de mesa ajustable articulado<\/p>\n<p>&nbsp;<\/p>\n<p>Instalaci\u00f3n en sitio<\/p>\n<p>&nbsp;<\/p>\n<p>Formaci\u00f3n y apoyo a cuidadores.<\/p>\n<p>&nbsp;<\/p>\n<p>Soporte t\u00e9cnico continuo durante un a\u00f1o.<\/p>\n<p>&nbsp;<\/p>\n<p>Garant\u00eda total por un a\u00f1o.<\/p>\n<p>&nbsp;<\/p>\n<p>&nbsp;<\/p>\n<p>Accesorios Opcionales:<\/p>\n<p>&nbsp;<\/p>\n<p>Paquete de resistencia Eyegaze Edge\u00ae<\/p>\n<p>&nbsp;<\/p>\n<p>Unidad de Control Ambiental de la UIRT<\/p>\n<p>&nbsp;<\/p>\n<p>Soporte para silla de ruedas<\/p>\n<p>&nbsp;<\/p>\n<p>Soporte de suelo rodante*Cont\u00e1ctanos para cotizar este articulo y asesorarte sobre los accesorios que se recomiendan para prestar el mejor servicio seg\u00fan sus necesidades espec\u00edficas.<\/p>\n<p>&nbsp;<\/p>\n<ul>\n<li>Producto importado, venta bajo pedido con pago previo por el valor total del articulo.<\/li>\n<li>FAVOR ANTES DE OFERTAR, confirmar precio actual (por variaciones del valor del d\u00f3lar) y tambi\u00e9n CONFIRMAR QUE PUEDE ESPERAR LOS TIEMPOS DE ENTREGA\u00a0 que normalmente son entre 2-4 semanas.<\/li>\n<li>Cuando recibamos el pedido en nuestra oficina en Medell\u00edn-Colombia, le enviaremos un mensaje al comprador, si se encuentra en Medell\u00edn puede pasar a recogerlo personalmente en nuestra oficina, o tambi\u00e9n podemos hacer el envios a nivel nacional o internacional (Valor del envio cargo del comprador).<\/li>\n<li>Desde Ayudas para TODOS, estamos trabajando para ofrecerles el mayor Marketplace inclusivo a nivel mundial. Reuniendo en 1 solo sitio todos los productos que puedan necesitar, m\u00e1s de 5.000 referencias de art\u00edculos especializados que puedan necesitar instituciones y personas con o sin discapacidad, para apoyar procesos de inclusi\u00f3n, ayudando a superar las barreras que se pueden presentar al momento de estudiar, de trabajar, y en las dem\u00e1s actividades de la vida diaria.<\/li>\n<li>\u00bfNo est\u00e1 seguro sobre qu\u00e9 tipo de dispositivo o producto de apoyo debe comprar? Contamos con expertos para estudiar sus necesidades y asesorarlo recomend\u00e1ndole la ayuda o el conjunto de ayudas m\u00e1s adecuadas \u00bfNecesitas un producto y no lo encuentras en nuestro catalogo online? Cont\u00e1ctanos para ayudarte a conseguirlo. \u00bfEres emprendedor y tienes un gran producto inclusivo que quisieras promocionar en nuestra plataforma? <a href=\"https:\/\/ayudasparatodos.com\/index.php\/contact\/\">Cont\u00e1ctanos<\/a><\/li>\n<li>Visita la secci\u00f3n sobre <a href=\"https:\/\/ayudasparatodos.com\/index.php\/como-comprar-faq\/\">\u00bfC\u00f3mo Comprar? FAQ<\/a>, en la cual encontraras de forma m\u00e1s detallada las instrucciones de como comprar, servicio de asesor\u00eda y cotizaciones, formas de pago, env\u00edos a nivel nacional e internacional, garant\u00eda y otros temas relacionados.<\/li>\n<li><span style=\"font-size: 11.5pt; font-family: Roboto; color: #626262;\">Asesor\u00eda, cotizaciones dudas y comentarios: Si tiene cualquier duda o comentario, nos puede escribir o llamar via WhatsApp agregando el numero +57 3006000144 o directamente desde este <a href=\"https:\/\/wa.me\/+573006000144\">enlace<\/a>\u00a0 <\/span><a href=\"https:\/\/wa.me\/+573006000144\"><span style=\"font-size: 11.5pt; font-family: Roboto; color: #626262;\">https:\/\/wa.me\/+573006000144<\/span><\/a><span style=\"font-size: 11.5pt; font-family: Roboto; color: #626262;\">\u00a0 \u00a0 Tambi\u00e9n puede enviarnos un correo electr\u00f3nico a la direcci\u00f3n <a href=\"mailto:ventas@ayudasparatodos.com\">ventas@ayudasparatodos.com<\/a><\/span><\/li>\n<li><strong>Pagos en Colombia por transferencia Bancolombia o Nequi. Tambi\u00e9n recibimos pagos por tarjeta cr\u00e9dito o debito. Si la alternativa de pago no esta disponible en su pa\u00eds, tambi\u00e9n puede pagar por Giro en western Union o Paypal. Favor contactarnos al correo ventas@ayudasparatodos.com para generarle un enlace de pago personalizado por el valor de los art\u00edculos + el valor del envi\u00f3 seg\u00fan su ubicaci\u00f3n y con su moneda local. Despachos a nivel nacional e internacional desde Medell\u00edn &#8211; Colombia.<\/strong><\/li>\n<\/ul>\n","protected":false},"excerpt":{"rendered":"<p>Una c\u00e1mara especial de seguimiento ocular montada debajo de la pantalla Eyegaze Edge observa uno de los ojos del usuario.<\/p>\n","protected":false},"featured_media":0,"template":"","meta":[],"product_cat":[387],"product_tag":[649,687,650,648],"class_list":["post-52995","product","type-product","status-publish","hentry","product_cat-mouse-accesibles","product_tag-accesibilidad-digital-computador-pc","product_tag-mouse-eyegaze-edge-seguimiento-ocular-controlado-con-los-ojos-discapacidad-fisica-paralisis-cerebral-autismo","product_tag-mouse-raton-accesible-discapaciadd-movilidad-reducida-autismo-paralisis-cerebral","product_tag-tecnologia-asistiva-para-manejar-el-computador-pc-telefono-celular-portatil-discapacidad-accesibilidad","description-off"],"_links":{"self":[{"href":"https:\/\/ayudasparatodos.com\/index.php\/wp-json\/wp\/v3\/product\/52995"}],"collection":[{"href":"https:\/\/ayudasparatodos.com\/index.php\/wp-json\/wp\/v3\/product"}],"about":[{"href":"https:\/\/ayudasparatodos.com\/index.php\/wp-json\/wp\/v2\/types\/product"}],"wp:attachment":[{"href":"https:\/\/ayudasparatodos.com\/index.php\/wp-json\/wp\/v2\/media?parent=52995"}],"wp:term":[{"taxonomy":"product_cat","embeddable":true,"href":"https:\/\/ayudasparatodos.com\/index.php\/wp-json\/wp\/v2\/product_cat?post=52995"},{"taxonomy":"product_tag","embeddable":true,"href":"https:\/\/ayudasparatodos.com\/index.php\/wp-json\/wp\/v2\/product_tag?post=52995"}],"curies":[{"name":"wp","href":"https:\/\/api.w.org\/{rel}","templated":true}]}}