{"id":52996,"date":"2024-04-29T21:28:42","date_gmt":"2024-04-29T21:28:42","guid":{"rendered":"https:\/\/ayudasparatodos.com\/?post_type=product&#038;p=52996"},"modified":"2024-04-30T01:24:27","modified_gmt":"2024-04-30T01:24:27","slug":"mouse-sensor-movimiento-cabezabrazopies-discapacidad-fisica-movilidad-reducida","status":"publish","type":"product","link":"https:\/\/ayudasparatodos.com\/index.php\/producto\/mouse-sensor-movimiento-cabezabrazopies-discapacidad-fisica-movilidad-reducida\/","title":{"rendered":"Mouse Sensor movimiento cabeza,brazo,pies  &#8211; Discapacidad F\u00edsica Movilidad reducida"},"content":{"rendered":"<p>DESCRIPCI\u00d3N<\/p>\n<p>Hacer frente a una lesi\u00f3n por manchas repetitivas, un t\u00fanel carpiano o una discapacidad es un desaf\u00edo dif\u00edcil. Usar tu PC no deber\u00eda serlo. Presentamos el revolucionario Feathertail: una forma c\u00f3moda, flexible y sencilla de interactuar con su computadora.<\/p>\n<p>&nbsp;<\/p>\n<p>El Feathertail se puede usar alrededor de la palma de la mano, la mu\u00f1eca, el zapato, el sombrero o los auriculares. Descubra nuevas formas de controlar sus dispositivos.<\/p>\n<p>&nbsp;<\/p>\n<p>Plug and Play: Feathertail utiliza una entrada universal, lo que significa que se puede conectar a cualquier dispositivo sin necesidad de controladores.<\/p>\n<p>Bater\u00eda recargable y de larga duraci\u00f3n: la bater\u00eda recargable Li-Po (850 mAh) dura hasta una semana con una sola carga.<\/p>\n<p>Personalizable: se puede agregar cualquier correa de reloj de 22 mm al dispositivo, lo que le permite elegir la que le resulte m\u00e1s c\u00f3moda o elegante.<\/p>\n<p>Simple e intuitivo: Feathertail no requiere calibraci\u00f3n y funciona boca abajo o en \u00e1ngulo, lo que le permite usarlo en la cabeza, la mu\u00f1eca, el brazo del zapato, etc. \u00a1S\u00e9 creativo!<\/p>\n<p>Sensibilidad ajustable: la sensibilidad se puede ajustar usando la configuraci\u00f3n del puntero en su dispositivo<\/p>\n<p>Ligero: \u00a1solo 28 g, tan liviano como una pluma!<\/p>\n<p>&nbsp;<\/p>\n<p>\u00a1Libertad para trabajar como quieras!<\/p>\n<p>Feathertail es un rat\u00f3n port\u00e1til que se adapta literalmente a tu alrededor. Puede usarlo en la mu\u00f1eca, la palma, el pie o sujetarlo a un sombrero o unos auriculares. El Feathertail se puede utilizar de la forma que le resulte m\u00e1s c\u00f3moda.<\/p>\n<p>&nbsp;<\/p>\n<p>Feathertail est\u00e1 dise\u00f1ado para que sea f\u00e1cil de usar para personas con movilidad limitada. No requiere botones para su uso y con las correas de velcro incluidas puedes sujetarlo a tus zapatos, sombrero o auriculares. Abre una variedad de formas diferentes de interactuar con su tecnolog\u00eda.<\/p>\n<p>&nbsp;<\/p>\n<p>Comodidad todo el d\u00eda<\/p>\n<p>Con un peso de 28 g, Feathertail no supone una tensi\u00f3n innecesaria, lo que le ayuda a recuperarse r\u00e1pidamente de su lesi\u00f3n y a utilizar el dispositivo durante muchas horas al d\u00eda sin fatiga.<\/p>\n<p>&nbsp;<\/p>\n<p>Genial con mu\u00f1equeras<\/p>\n<p>Feathertail funciona muy bien con mu\u00f1equeras y soportes para mu\u00f1ecas, lo que ayuda a acelerar su recuperaci\u00f3n despu\u00e9s de una lesi\u00f3n por esfuerzo agudo o repetitivo.<\/p>\n<p>&nbsp;<\/p>\n<p>Movimiento intuitivo<\/p>\n<p>El software de orientaci\u00f3n 3D se ejecuta dentro del Feathertail. Entonces, cuando te mueves, el cursor del mouse se mueve contigo. No hay necesidad de preocuparse por mantener el dispositivo recto ni por calibrarlo para diferentes posiciones de trabajo.<\/p>\n<p>&nbsp;<\/p>\n<p>Bater\u00eda de larga duraci\u00f3n y Plug and Play<\/p>\n<p>La bater\u00eda recargable que dura m\u00e1s de una semana entre cargas, para que no tengas que preocuparte de que Feathertail se descargue cuando m\u00e1s lo necesitas. Ya sea que est\u00e9 trabajando sentado, usando un escritorio de pie o relaj\u00e1ndose en la cama, puede controlar su PC con facilidad. Dado que el dispositivo no ocupa espacio en un escritorio ni requiere configuraci\u00f3n, es f\u00e1cil de usar en movimiento o desde cualquier lugar.<\/p>\n<p>&nbsp;<\/p>\n<p>Precisi\u00f3n y velocidad<\/p>\n<p>Tener RSI o una discapacidad no deber\u00eda significar que deba utilizar un producto inferior. Feathertail es r\u00e1pido y preciso. Dentro del dispositivo hay tres sensores de alta precisi\u00f3n: un giroscopio, un aceler\u00f3metro y un magnet\u00f3metro. Los sensores proporcionan datos cientos de veces por segundo, de modo que se pueden detectar incluso peque\u00f1os movimientos. La precisi\u00f3n y la suavidad del movimiento se mejoran a\u00fan m\u00e1s gracias al software patentado de fusi\u00f3n de datos y calibraci\u00f3n del sensor.<\/p>\n<p>&nbsp;<\/p>\n<p>Feathertail se comunica con su PC mediante una conexi\u00f3n de radio de 2,4 GHz, por lo que puede experimentar una capacidad de respuesta similar a la de cualquier mouse ergon\u00f3mico de primer nivel.<\/p>\n<p>&nbsp;<\/p>\n<p>Funciona desde el primer momento<\/p>\n<p>Feathertail es plug-and-play. El uso del protocolo USB HID significa que no es necesario instalar controladores y el dispositivo funciona en todos los sistemas operativos populares: Windows, macOS, Linux, Chrome OS e incluso Android.<\/p>\n<p>Puede ajustar la sensibilidad del mouse seg\u00fan sus preferencias y elegir entre varias opciones para hacer clic con el mouse. Por ejemplo, un software gratuito para hacer clic o un dictado por voz.<\/p>\n<p>El Feathertail est\u00e1 dise\u00f1ado teniendo esto en mente. Es un mouse que puedes usar en una variedad de posiciones diferentes a lo largo del d\u00eda, a diferencia de los ratones ergon\u00f3micos tradicionales. Esto ayuda a que los tejidos afectados descansen y cambia la biomec\u00e1nica de los movimientos repetitivos que realizas.<\/p>\n<p>En particular, tener la opci\u00f3n de usar un mouse que no es necesario sostener puede ser fundamental para la recuperaci\u00f3n del t\u00fanel carpiano, el pulgar de Quervain y otras afecciones relacionadas.<\/p>\n<p>&nbsp;<\/p>\n<ul>\n<li>Producto importado, venta bajo pedido con pago previo por el valor total del articulo.<\/li>\n<li>FAVOR ANTES DE OFERTAR, confirmar precio actual (por variaciones del valor del d\u00f3lar) y tambi\u00e9n CONFIRMAR QUE PUEDE ESPERAR LOS TIEMPOS DE ENTREGA\u00a0 que normalmente son entre 2-4 semanas.<\/li>\n<li>Cuando recibamos el pedido en nuestra oficina en Medell\u00edn-Colombia, le enviaremos un mensaje al comprador, si se encuentra en Medell\u00edn puede pasar a recogerlo personalmente en nuestra oficina, o tambi\u00e9n podemos hacer el envios a nivel nacional o internacional (Valor del envio cargo del comprador).<\/li>\n<li>Desde Ayudas para TODOS, estamos trabajando para ofrecerles el mayor Marketplace inclusivo a nivel mundial. Reuniendo en 1 solo sitio todos los productos que puedan necesitar, m\u00e1s de 5.000 referencias de art\u00edculos especializados que puedan necesitar instituciones y personas con o sin discapacidad, para apoyar procesos de inclusi\u00f3n, ayudando a superar las barreras que se pueden presentar al momento de estudiar, de trabajar, y en las dem\u00e1s actividades de la vida diaria.<\/li>\n<li>\u00bfNo est\u00e1 seguro sobre qu\u00e9 tipo de dispositivo o producto de apoyo debe comprar? Contamos con expertos para estudiar sus necesidades y asesorarlo recomend\u00e1ndole la ayuda o el conjunto de ayudas m\u00e1s adecuadas \u00bfNecesitas un producto y no lo encuentras en nuestro catalogo online? Cont\u00e1ctanos para ayudarte a conseguirlo. \u00bfEres emprendedor y tienes un gran producto inclusivo que quisieras promocionar en nuestra plataforma? <a href=\"https:\/\/ayudasparatodos.com\/index.php\/contact\/\">Cont\u00e1ctanos<\/a><\/li>\n<li>Visita la secci\u00f3n sobre <a href=\"https:\/\/ayudasparatodos.com\/index.php\/como-comprar-faq\/\">\u00bfC\u00f3mo Comprar? FAQ<\/a>, en la cual encontraras de forma m\u00e1s detallada las instrucciones de como comprar, servicio de asesor\u00eda y cotizaciones, formas de pago, env\u00edos a nivel nacional e internacional, garant\u00eda y otros temas relacionados.<\/li>\n<li><span style=\"font-size: 11.5pt; font-family: Roboto; color: #626262;\">Asesor\u00eda, cotizaciones dudas y comentarios: Si tiene cualquier duda o comentario, nos puede escribir o llamar via WhatsApp agregando el numero +57 3006000144 o directamente desde este <a href=\"https:\/\/wa.me\/+573006000144\">enlace<\/a>\u00a0 <\/span><a href=\"https:\/\/wa.me\/+573006000144\"><span style=\"font-size: 11.5pt; font-family: Roboto; color: #626262;\">https:\/\/wa.me\/+573006000144<\/span><\/a><span style=\"font-size: 11.5pt; font-family: Roboto; color: #626262;\">\u00a0 \u00a0 Tambi\u00e9n puede enviarnos un correo electr\u00f3nico a la direcci\u00f3n <a href=\"mailto:ventas@ayudasparatodos.com\">ventas@ayudasparatodos.com<\/a><\/span><\/li>\n<li><strong>Pagos en Colombia por transferencia Bancolombia o Nequi. Tambi\u00e9n recibimos pagos por tarjeta cr\u00e9dito o debito. Si la alternativa de pago no esta disponible en su pa\u00eds, tambi\u00e9n puede pagar por Giro en western Union o Paypal. Favor contactarnos al correo ventas@ayudasparatodos.com para generarle un enlace de pago personalizado por el valor de los art\u00edculos + el valor del envi\u00f3 seg\u00fan su ubicaci\u00f3n y con su moneda local. Despachos a nivel nacional e internacional desde Medell\u00edn &#8211; Colombia.<\/strong><\/li>\n<\/ul>\n","protected":false},"excerpt":{"rendered":"<p>Hacer frente a una lesi\u00f3n por manchas repetitivas, un t\u00fanel carpiano o una discapacidad es un desaf\u00edo dif\u00edcil. Usar tu PC no deber\u00eda serlo. Presentamos el revolucionario Feathertail: una forma c\u00f3moda, flexible y sencilla de interactuar con su computadora.<\/p>\n","protected":false},"featured_media":0,"template":"","meta":[],"product_cat":[387],"product_tag":[649,689,694,693,691,692,650,688,690,648],"class_list":["post-52996","product","type-product","status-publish","hentry","product_cat-mouse-accesibles","product_tag-accesibilidad-digital-computador-pc","product_tag-brazo","product_tag-mouse-con-sesnor-de-movimiento-para-personas-con-discapacidad","product_tag-mouse-controlado-con-el-brazo-discapacidad","product_tag-mouse-controlado-con-la-cabeza-discaapcidad","product_tag-mouse-controlado-con-los-pies-discapacidad","product_tag-mouse-raton-accesible-discapaciadd-movilidad-reducida-autismo-paralisis-cerebral","product_tag-mouse-sensor-movimiento-cabeza","product_tag-pies-discapacidad-fisica-movilidad-reducida","product_tag-tecnologia-asistiva-para-manejar-el-computador-pc-telefono-celular-portatil-discapacidad-accesibilidad","description-off"],"_links":{"self":[{"href":"https:\/\/ayudasparatodos.com\/index.php\/wp-json\/wp\/v3\/product\/52996"}],"collection":[{"href":"https:\/\/ayudasparatodos.com\/index.php\/wp-json\/wp\/v3\/product"}],"about":[{"href":"https:\/\/ayudasparatodos.com\/index.php\/wp-json\/wp\/v2\/types\/product"}],"wp:attachment":[{"href":"https:\/\/ayudasparatodos.com\/index.php\/wp-json\/wp\/v2\/media?parent=52996"}],"wp:term":[{"taxonomy":"product_cat","embeddable":true,"href":"https:\/\/ayudasparatodos.com\/index.php\/wp-json\/wp\/v2\/product_cat?post=52996"},{"taxonomy":"product_tag","embeddable":true,"href":"https:\/\/ayudasparatodos.com\/index.php\/wp-json\/wp\/v2\/product_tag?post=52996"}],"curies":[{"name":"wp","href":"https:\/\/api.w.org\/{rel}","templated":true}]}}