{"id":52998,"date":"2024-04-29T21:28:56","date_gmt":"2024-04-29T21:28:56","guid":{"rendered":"https:\/\/ayudasparatodos.com\/?post_type=product&#038;p=52998"},"modified":"2024-05-02T16:35:13","modified_gmt":"2024-05-02T16:35:13","slug":"mouse-posturite-penguin-mouse-ergonomico-ambidiestro-con-cable","status":"publish","type":"product","link":"https:\/\/ayudasparatodos.com\/index.php\/producto\/mouse-posturite-penguin-mouse-ergonomico-ambidiestro-con-cable\/","title":{"rendered":"Mouse Posturite Penguin &#8211; Mouse ergon\u00f3mico ambidiestro con cable"},"content":{"rendered":"<p>Posturite Penguin &#8211; Mouse ergon\u00f3mico ambidiestro con cable USB, alivia RSI, f\u00e1cil deslizamiento, dise\u00f1o vertical, PC y Apple Mac compatible (negro\/plata, tama\u00f1o: grande)<\/p>\n<ul>\n<li>Dise\u00f1o ergon\u00f3mico avanzado: el mouse con cable Penguin cuenta con un dise\u00f1o vertical que establece nuevos est\u00e1ndares de protecci\u00f3n contra una gama de condiciones de extremidad superior causadas por un uso extensivo de computadora o port\u00e1til, como lesiones por esfuerzo repetitivo (RSI) y s\u00edndrome del t\u00fanel carpiano (CTS)<\/li>\n<li>Rendimiento de precisi\u00f3n: la tecnolog\u00eda de seguimiento \u00f3ptico de resoluci\u00f3n ajustable de 400, 600, 800 o 1200 DPI fomenta movimientos de funcionamiento r\u00e1pidos y precisos en una amplia gama de superficies<\/li>\n<li>F\u00e1cil deslizamiento: la base sim\u00e9trica permite al usuario descansar c\u00f3modamente cualquier mano junto al dise\u00f1o vertical, fomentando el uso de los m\u00fasculos m\u00e1s grandes en la parte delantera y superior del brazo para maniobrar el mouse ergo. El control fino del cursor se puede lograr con peque\u00f1os movimientos de la mano y\/o los dedos<\/li>\n<li>Dise\u00f1o ambidiestro: permite una f\u00e1cil transici\u00f3n entre el uso diestro y zurdo, evitando movimientos exagerados de la articulaci\u00f3n de la mu\u00f1eca, lo que puede aumentar la presi\u00f3n sobre los tejidos blandos en el t\u00fanel carpiano. Cuando se usa una PC, el cambio regular de manos durante todo el d\u00eda ayuda a prevenir la tensi\u00f3n muscular est\u00e1tica (SMS) en el brazo y el hombro, una fuente importante de incomodidad en el trabajo con el rat\u00f3n<\/li>\n<\/ul>\n<p>&nbsp;<\/p>\n<ul>\n<li>Producto importado, venta bajo pedido con pago previo por el valor total del articulo.<\/li>\n<li>FAVOR ANTES DE OFERTAR, confirmar precio actual (por variaciones del valor del d\u00f3lar) y tambi\u00e9n CONFIRMAR QUE PUEDE ESPERAR LOS TIEMPOS DE ENTREGA\u00a0 que normalmente son entre 2-4 semanas.<\/li>\n<li>Cuando recibamos el pedido en nuestra oficina en Medell\u00edn-Colombia, le enviaremos un mensaje al comprador, si se encuentra en Medell\u00edn puede pasar a recogerlo personalmente en nuestra oficina, o tambi\u00e9n podemos hacer el envios a nivel nacional o internacional (Valor del envio cargo del comprador).<\/li>\n<li>Desde Ayudas para TODOS, estamos trabajando para ofrecerles el mayor Marketplace inclusivo a nivel mundial. Reuniendo en 1 solo sitio todos los productos que puedan necesitar, m\u00e1s de 5.000 referencias de art\u00edculos especializados que puedan necesitar instituciones y personas con o sin discapacidad, para apoyar procesos de inclusi\u00f3n, ayudando a superar las barreras que se pueden presentar al momento de estudiar, de trabajar, y en las dem\u00e1s actividades de la vida diaria.<\/li>\n<li>\u00bfNo est\u00e1 seguro sobre qu\u00e9 tipo de dispositivo o producto de apoyo debe comprar? Contamos con expertos para estudiar sus necesidades y asesorarlo recomend\u00e1ndole la ayuda o el conjunto de ayudas m\u00e1s adecuadas \u00bfNecesitas un producto y no lo encuentras en nuestro catalogo online? Cont\u00e1ctanos para ayudarte a conseguirlo. \u00bfEres emprendedor y tienes un gran producto inclusivo que quisieras promocionar en nuestra plataforma? <a href=\"https:\/\/ayudasparatodos.com\/index.php\/contact\/\">Cont\u00e1ctanos<\/a><\/li>\n<li>Visita la secci\u00f3n sobre <a href=\"https:\/\/ayudasparatodos.com\/index.php\/como-comprar-faq\/\">\u00bfC\u00f3mo Comprar? FAQ<\/a>, en la cual encontraras de forma m\u00e1s detallada las instrucciones de como comprar, servicio de asesor\u00eda y cotizaciones, formas de pago, env\u00edos a nivel nacional e internacional, garant\u00eda y otros temas relacionados.<\/li>\n<li><span style=\"font-size: 11.5pt; font-family: Roboto; color: #626262;\">Asesor\u00eda, cotizaciones dudas y comentarios: Si tiene cualquier duda o comentario, nos puede escribir o llamar via WhatsApp agregando el numero +57 3006000144 o directamente desde este <a href=\"https:\/\/wa.me\/+573006000144\">enlace<\/a>\u00a0 <\/span><a href=\"https:\/\/wa.me\/+573006000144\"><span style=\"font-size: 11.5pt; font-family: Roboto; color: #626262;\">https:\/\/wa.me\/+573006000144<\/span><\/a><span style=\"font-size: 11.5pt; font-family: Roboto; color: #626262;\">\u00a0 \u00a0 Tambi\u00e9n puede enviarnos un correo electr\u00f3nico a la direcci\u00f3n <a href=\"mailto:ventas@ayudasparatodos.com\">ventas@ayudasparatodos.com<\/a><\/span><\/li>\n<li><strong>Pagos en Colombia por transferencia Bancolombia o Nequi. Tambi\u00e9n recibimos pagos por tarjeta cr\u00e9dito o debito. Si la alternativa de pago no esta disponible en su pa\u00eds, tambi\u00e9n puede pagar por Giro en western Union o Paypal. Favor contactarnos al correo ventas@ayudasparatodos.com para generarle un enlace de pago personalizado por el valor de los art\u00edculos + el valor del envi\u00f3 seg\u00fan su ubicaci\u00f3n y con su moneda local. Despachos a nivel nacional e internacional desde Medell\u00edn &#8211; Colombia.<\/strong><\/li>\n<\/ul>\n","protected":false},"excerpt":{"rendered":"<p>Mouse ergon\u00f3mico ambidiestro con cable USB<\/p>\n","protected":false},"featured_media":0,"template":"","meta":[],"product_cat":[387],"product_tag":[649,696,650,648],"class_list":["post-52998","product","type-product","status-publish","hentry","product_cat-mouse-accesibles","product_tag-accesibilidad-digital-computador-pc","product_tag-mouse-posturite-penguin-mouse-ergonomico-ambidiestro-con-cable","product_tag-mouse-raton-accesible-discapaciadd-movilidad-reducida-autismo-paralisis-cerebral","product_tag-tecnologia-asistiva-para-manejar-el-computador-pc-telefono-celular-portatil-discapacidad-accesibilidad","description-off"],"_links":{"self":[{"href":"https:\/\/ayudasparatodos.com\/index.php\/wp-json\/wp\/v3\/product\/52998"}],"collection":[{"href":"https:\/\/ayudasparatodos.com\/index.php\/wp-json\/wp\/v3\/product"}],"about":[{"href":"https:\/\/ayudasparatodos.com\/index.php\/wp-json\/wp\/v2\/types\/product"}],"wp:attachment":[{"href":"https:\/\/ayudasparatodos.com\/index.php\/wp-json\/wp\/v2\/media?parent=52998"}],"wp:term":[{"taxonomy":"product_cat","embeddable":true,"href":"https:\/\/ayudasparatodos.com\/index.php\/wp-json\/wp\/v2\/product_cat?post=52998"},{"taxonomy":"product_tag","embeddable":true,"href":"https:\/\/ayudasparatodos.com\/index.php\/wp-json\/wp\/v2\/product_tag?post=52998"}],"curies":[{"name":"wp","href":"https:\/\/api.w.org\/{rel}","templated":true}]}}