{"id":53002,"date":"2024-04-29T21:29:23","date_gmt":"2024-04-29T21:29:23","guid":{"rendered":"https:\/\/ayudasparatodos.com\/?post_type=product&#038;p=53002"},"modified":"2024-05-02T19:09:22","modified_gmt":"2024-05-02T19:09:22","slug":"mouse-y-teclado-tapwithus-xr-controlado-por-gestos-desde-la-muneca-discapacidad-accesibilidad","status":"publish","type":"product","link":"https:\/\/ayudasparatodos.com\/index.php\/producto\/mouse-y-teclado-tapwithus-xr-controlado-por-gestos-desde-la-muneca-discapacidad-accesibilidad\/","title":{"rendered":"Mouse y teclado TAPWITHUS XR \u2013 controlado por gestos desde la mu\u00f1eca Discapacidad accesibilidad"},"content":{"rendered":"<p>TAPWITHUS TapXR &#8211; Teclado por gestos en la mu\u00f1eca, AirMouse y controlador para VR, AR, MR, tabletas, PC, port\u00e1tiles, reloj inteligente, tel\u00e9fonos inteligentes, televisores y proyectores<\/p>\n<p>Se adapta a la mayor\u00eda de las mu\u00f1ecas, el producto incluye 2 correas. Correa grande azul primavera para mu\u00f1ecas con una circunferencia de 6.3 in (6.25 pulgadas) o m\u00e1s peque\u00f1a banda Starlight para mu\u00f1ecas que son m\u00e1s peque\u00f1as de 6.3 in (6.25 pulgadas)<\/p>\n<p>Empareja con hasta 3 dispositivos a trav\u00e9s de Bluetooth.<\/p>\n<p>Comience en minutos: aprenda a tocar sobre la marcha con nuestro conjunto patentado de aplicaciones m\u00f3viles.<\/p>\n<p>Disfruta de 2 modos de funcionamiento: teclado y AirMouse.<\/p>\n<p>Toque en cualquier superficie, dura o blanda.<\/p>\n<p>Al tocar, cada combinaci\u00f3n de dedos corresponder\u00e1 a una pulsaci\u00f3n de tecla o comando.<\/p>\n<p>100% personalizable: puedes reasignar f\u00e1cilmente cada combinaci\u00f3n de dedos a cualquier tecla, tecla r\u00e1pida, cadena o macro.<\/p>\n<p>&nbsp;<\/p>\n<p>C\u00f3mo funciona el TapXR<\/p>\n<p>Decodificando m\u00e1s de 100 gestos diferentes con los dedos en tiempo real<\/p>\n<p>El TapXR utiliza una combinaci\u00f3n de sensores \u00f3pticos y de movimiento para el seguimiento de manos y dedos, y para detectar y clasificar toques con los dedos y otros gestos. Cuando uno o varios dedos tocan una superficie, se inicia un \u00abevento de toque\u00bb y los datos del sensor se env\u00edan a un procesador neuronal integrado, que determina cu\u00e1l de los dedos ha hecho contacto. Luego, esta informaci\u00f3n se formatea para su transmisi\u00f3n y se env\u00eda a trav\u00e9s de Bluetooth al dispositivo emparejado.<\/p>\n<p>&nbsp;<\/p>\n<p>Cuatro modos de operaci\u00f3n<\/p>\n<p>Modo de teclado<\/p>\n<p>Accede a todas las letras, n\u00fameros y s\u00edmbolos que encontrar\u00edas en un teclado.<\/p>\n<p>Accede a todas las letras, n\u00fameros y s\u00edmbolos que encontrar\u00edas en un teclado est\u00e1ndar.<\/p>\n<p>Puede usar el toque para escribir en cualquier dispositivo habilitado para Bluetooth, incluidos tel\u00e9fonos, computadoras port\u00e1tiles, tabletas y auriculares AR\/VR. La entrada r\u00e1pida de texto se logra tocando con los dedos cualquier superficie y en cualquier \u00e1ngulo.<\/p>\n<p>&nbsp;<\/p>\n<p>Modo rat\u00f3n a\u00e9reo<\/p>\n<p>Mueve m\u00e1gicamente tu mano y pellizca tus dedos para controlar el cursor en cualquier pantalla.<\/p>\n<p>Lleva esta forma m\u00e1gicamente nueva de controlar el contenido a cualquier pantalla.<\/p>\n<p>&nbsp;<\/p>\n<p>Con AirMouse puede desplazarse por las p\u00e1ginas, seleccionar contenido, activar medios y arrastrar y soltar archivos en carpetas.<\/p>\n<p>&nbsp;<\/p>\n<p>Modo TapMap personalizado<\/p>\n<p>Personalice m\u00e1s de 150 comandos, modificadores, macros o incluso cadenas de texto \u00fanicos para asignar toques que satisfagan sus necesidades.<\/p>\n<p>Personalice m\u00e1s de 150 comandos, modificadores, macros o incluso cadenas de texto \u00fanicos para asignar toques que satisfagan sus necesidades.<\/p>\n<p>El TapXR es totalmente personalizable para satisfacer sus necesidades de juegos, edici\u00f3n, dise\u00f1o y m\u00e1s, lo que lo convierte en una soluci\u00f3n s\u00f3lida para cualquier necesidad de entrada. Las posibilidades son realmente infinitas.<\/p>\n<p>&nbsp;<\/p>\n<p>Modo SDK sin formato<\/p>\n<p>Los desarrolladores pueden obtener acceso a datos sin procesar y de IMU para crear nuevas aplicaciones con TapXR.<\/p>\n<p>Los desarrolladores pueden obtener acceso a datos sin procesar y de IMU para crear nuevas aplicaciones con TapXR.<\/p>\n<p>Utilizando nuestros SDK de c\u00f3digo abierto para iOS, Android, Unity o Windows, puede acceder a los datos sin procesar de Tap para crear sus propias aplicaciones o modos. \u00a1\u00danase a nuestra comunidad de tappers que ya han creado docenas de juegos y aplicaciones nuevos utilizando nuestros SDK!<\/p>\n<p>El kit TapXR incluye:<\/p>\n<p>1 peque\u00f1a banda de luz de estrellas.<\/p>\n<p>1 banda azul primaveral grande<\/p>\n<p>1 cable de carga USB<\/p>\n<p>1 base de carga magn\u00e9tica<\/p>\n<p>1 m\u00f3dulo TapXR<\/p>\n<p>Gu\u00eda de inicio r\u00e1pido<\/p>\n<p>Glosario del alfabeto de tama\u00f1o de bolsillo<\/p>\n<p>Manual de usuario<\/p>\n<p>&nbsp;<\/p>\n<ul>\n<li>Producto importado, venta bajo pedido con pago previo por el valor total del articulo.<\/li>\n<li>FAVOR ANTES DE OFERTAR, confirmar precio actual (por variaciones del valor del d\u00f3lar) y tambi\u00e9n CONFIRMAR QUE PUEDE ESPERAR LOS TIEMPOS DE ENTREGA\u00a0 que normalmente son entre 2-4 semanas.<\/li>\n<li>Cuando recibamos el pedido en nuestra oficina en Medell\u00edn-Colombia, le enviaremos un mensaje al comprador, si se encuentra en Medell\u00edn puede pasar a recogerlo personalmente en nuestra oficina, o tambi\u00e9n podemos hacer el envios a nivel nacional o internacional (Valor del envio cargo del comprador).<\/li>\n<li>Desde Ayudas para TODOS, estamos trabajando para ofrecerles el mayor Marketplace inclusivo a nivel mundial. Reuniendo en 1 solo sitio todos los productos que puedan necesitar, m\u00e1s de 5.000 referencias de art\u00edculos especializados que puedan necesitar instituciones y personas con o sin discapacidad, para apoyar procesos de inclusi\u00f3n, ayudando a superar las barreras que se pueden presentar al momento de estudiar, de trabajar, y en las dem\u00e1s actividades de la vida diaria.<\/li>\n<li>\u00bfNo est\u00e1 seguro sobre qu\u00e9 tipo de dispositivo o producto de apoyo debe comprar? Contamos con expertos para estudiar sus necesidades y asesorarlo recomend\u00e1ndole la ayuda o el conjunto de ayudas m\u00e1s adecuadas \u00bfNecesitas un producto y no lo encuentras en nuestro catalogo online? Cont\u00e1ctanos para ayudarte a conseguirlo. \u00bfEres emprendedor y tienes un gran producto inclusivo que quisieras promocionar en nuestra plataforma? <a href=\"https:\/\/ayudasparatodos.com\/index.php\/contact\/\">Cont\u00e1ctanos<\/a><\/li>\n<li>Visita la secci\u00f3n sobre <a href=\"https:\/\/ayudasparatodos.com\/index.php\/como-comprar-faq\/\">\u00bfC\u00f3mo Comprar? FAQ<\/a>, en la cual encontraras de forma m\u00e1s detallada las instrucciones de como comprar, servicio de asesor\u00eda y cotizaciones, formas de pago, env\u00edos a nivel nacional e internacional, garant\u00eda y otros temas relacionados.<\/li>\n<li><span style=\"font-size: 11.5pt; font-family: Roboto; color: #626262;\">Asesor\u00eda, cotizaciones dudas y comentarios: Si tiene cualquier duda o comentario, nos puede escribir o llamar via WhatsApp agregando el numero +57 3006000144 o directamente desde este <a href=\"https:\/\/wa.me\/+573006000144\">enlace<\/a>\u00a0 <\/span><a href=\"https:\/\/wa.me\/+573006000144\"><span style=\"font-size: 11.5pt; font-family: Roboto; color: #626262;\">https:\/\/wa.me\/+573006000144<\/span><\/a><span style=\"font-size: 11.5pt; font-family: Roboto; color: #626262;\">\u00a0 \u00a0 Tambi\u00e9n puede enviarnos un correo electr\u00f3nico a la direcci\u00f3n <a href=\"mailto:ventas@ayudasparatodos.com\">ventas@ayudasparatodos.com<\/a><\/span><\/li>\n<li><strong>Pagos en Colombia por transferencia Bancolombia o Nequi. Tambi\u00e9n recibimos pagos por tarjeta cr\u00e9dito o debito. Si la alternativa de pago no esta disponible en su pa\u00eds, tambi\u00e9n puede pagar por Giro en western Union o Paypal. Favor contactarnos al correo ventas@ayudasparatodos.com para generarle un enlace de pago personalizado por el valor de los art\u00edculos + el valor del envi\u00f3 seg\u00fan su ubicaci\u00f3n y con su moneda local. Despachos a nivel nacional e internacional desde Medell\u00edn &#8211; Colombia.<\/strong><\/li>\n<\/ul>\n","protected":false},"excerpt":{"rendered":"<p>&#8211; Teclado por gestos en la mu\u00f1eca, AirMouse y controlador para VR, AR, MR, tabletas, PC, port\u00e1tiles, reloj inteligente, tel\u00e9fonos inteligentes, televisores y proyectores<\/p>\n","protected":false},"featured_media":53065,"template":"","meta":[],"product_cat":[387,386],"product_tag":[649,701,650,700,648],"class_list":["post-53002","product","type-product","status-publish","has-post-thumbnail","hentry","product_cat-mouse-accesibles","product_cat-teclados-accesibles","product_tag-accesibilidad-digital-computador-pc","product_tag-airmouse-discaapcidad","product_tag-mouse-raton-accesible-discapaciadd-movilidad-reducida-autismo-paralisis-cerebral","product_tag-mouse-y-teclado-tapwithus-xr-controlado-por-gestos-desde-la-muneca-discapacidad-accesibilidad","product_tag-tecnologia-asistiva-para-manejar-el-computador-pc-telefono-celular-portatil-discapacidad-accesibilidad","description-off"],"_links":{"self":[{"href":"https:\/\/ayudasparatodos.com\/index.php\/wp-json\/wp\/v3\/product\/53002"}],"collection":[{"href":"https:\/\/ayudasparatodos.com\/index.php\/wp-json\/wp\/v3\/product"}],"about":[{"href":"https:\/\/ayudasparatodos.com\/index.php\/wp-json\/wp\/v2\/types\/product"}],"wp:featuredmedia":[{"embeddable":true,"href":"https:\/\/ayudasparatodos.com\/index.php\/wp-json\/wp\/v2\/media\/53065"}],"wp:attachment":[{"href":"https:\/\/ayudasparatodos.com\/index.php\/wp-json\/wp\/v2\/media?parent=53002"}],"wp:term":[{"taxonomy":"product_cat","embeddable":true,"href":"https:\/\/ayudasparatodos.com\/index.php\/wp-json\/wp\/v2\/product_cat?post=53002"},{"taxonomy":"product_tag","embeddable":true,"href":"https:\/\/ayudasparatodos.com\/index.php\/wp-json\/wp\/v2\/product_tag?post=53002"}],"curies":[{"name":"wp","href":"https:\/\/api.w.org\/{rel}","templated":true}]}}