{"id":53004,"date":"2024-04-29T21:29:38","date_gmt":"2024-04-29T21:29:38","guid":{"rendered":"https:\/\/ayudasparatodos.com\/?post_type=product&#038;p=53004"},"modified":"2024-05-02T18:55:24","modified_gmt":"2024-05-02T18:55:24","slug":"mouse-protoarc-trackpad-alta-precision-con-cable-usb-slim-touchpad-navegacion-multitactil-discapacidad-accesibilidad","status":"publish","type":"product","link":"https:\/\/ayudasparatodos.com\/index.php\/producto\/mouse-protoarc-trackpad-alta-precision-con-cable-usb-slim-touchpad-navegacion-multitactil-discapacidad-accesibilidad\/","title":{"rendered":"Mouse ProtoArc Trackpad alta precisi\u00f3n con cable USB Slim Touchpad navegaci\u00f3n multit\u00e1ctil Discapacidad accesibilidad"},"content":{"rendered":"<p>ProtoArc Trackpad, trackpad con cable de alta precisi\u00f3n para Windows, USB Slim Touchpad Mouse con navegaci\u00f3n multit\u00e1ctil para Windows 7\/10\/11 port\u00e1til port\u00e1til computadora de escritorio<\/p>\n<ul>\n<li>Panel t\u00e1ctil de metal ultrafino: una pantalla t\u00e1ctil de gran tama\u00f1o de 6.4 pulgadas con dimensiones de 6.4 x 4.8 x 0.4 pulgadas, combinada con una superficie s\u00faper lisa, proporciona una experiencia t\u00e1ctil m\u00e1s c\u00f3moda y eficiente para realizar una amplia gama de operaciones<\/li>\n<li>Pr\u00e1cticos clics f\u00edsicos izquierdo y derecho: el trackpad con cable cuenta con botones integrados del mouse izquierdo y derecho, lo que te permite seleccionar f\u00e1cilmente texto\/documentos y arrastrar sin esfuerzo sobre grandes \u00e1reas<\/li>\n<li>Conectar y usar con conexi\u00f3n USB-C estable: simplemente conecta el cable USB al puerto USB de tu computadora, y el trackpad de Windows comenzar\u00e1 a funcionar sin la necesidad de controladores adicionales. La conexi\u00f3n USB-C confiable y estable garantiza un uso sin preocupaciones sin problemas de conectividad<\/li>\n<li>Control multit\u00e1ctil de alta precisi\u00f3n: el panel t\u00e1ctil USB soporta operaciones de m\u00faltiples gestos, gestos de hasta cuatro dedos, ofreciendo un funcionamiento m\u00e1s suave en comparaci\u00f3n con los paneles t\u00e1ctiles de la computadora port\u00e1til. Sus dedos pueden lograr acciones r\u00e1pidas y receptivas, como clics fluidos en la pantalla, desplazamiento vertical, fotos de pellizcar para zoom, y mucho m\u00e1s<\/li>\n<li>Amplia compatibilidad con paneles t\u00e1ctiles de computadora: el panel t\u00e1ctil es compatible con Windows 11, Windows 10, Windows 7 PC, port\u00e1tiles y computadoras de escritorio. Nota: No es compatible con dispositivos del sistema operativo Apple\/Chrome\/Linux<\/li>\n<li>\u3010Panel t\u00e1ctil de viaje USB port\u00e1til\u3011Este panel t\u00e1ctil ultrafino es perfecto para viajar con tu laptop, ya que es port\u00e1til, ahorra espacio y mejora la productividad<\/li>\n<li>Nota: El panel t\u00e1ctil se reconoce autom\u00e1ticamente, no se requiere instalaci\u00f3n del controlador. Una vez que la luz indicadora roja est\u00e9 encendida, puede usar el panel t\u00e1ctil.<\/li>\n<\/ul>\n<p>&nbsp;<\/p>\n<ul>\n<li>Producto importado, venta bajo pedido con pago previo por el valor total del articulo.<\/li>\n<li>FAVOR ANTES DE OFERTAR, confirmar precio actual (por variaciones del valor del d\u00f3lar) y tambi\u00e9n CONFIRMAR QUE PUEDE ESPERAR LOS TIEMPOS DE ENTREGA\u00a0 que normalmente son entre 2-4 semanas.<\/li>\n<li>Cuando recibamos el pedido en nuestra oficina en Medell\u00edn-Colombia, le enviaremos un mensaje al comprador, si se encuentra en Medell\u00edn puede pasar a recogerlo personalmente en nuestra oficina, o tambi\u00e9n podemos hacer el envios a nivel nacional o internacional (Valor del envio cargo del comprador).<\/li>\n<li>Desde Ayudas para TODOS, estamos trabajando para ofrecerles el mayor Marketplace inclusivo a nivel mundial. Reuniendo en 1 solo sitio todos los productos que puedan necesitar, m\u00e1s de 5.000 referencias de art\u00edculos especializados que puedan necesitar instituciones y personas con o sin discapacidad, para apoyar procesos de inclusi\u00f3n, ayudando a superar las barreras que se pueden presentar al momento de estudiar, de trabajar, y en las dem\u00e1s actividades de la vida diaria.<\/li>\n<li>\u00bfNo est\u00e1 seguro sobre qu\u00e9 tipo de dispositivo o producto de apoyo debe comprar? Contamos con expertos para estudiar sus necesidades y asesorarlo recomend\u00e1ndole la ayuda o el conjunto de ayudas m\u00e1s adecuadas \u00bfNecesitas un producto y no lo encuentras en nuestro catalogo online? Cont\u00e1ctanos para ayudarte a conseguirlo. \u00bfEres emprendedor y tienes un gran producto inclusivo que quisieras promocionar en nuestra plataforma? <a href=\"https:\/\/ayudasparatodos.com\/index.php\/contact\/\">Cont\u00e1ctanos<\/a><\/li>\n<li>Visita la secci\u00f3n sobre <a href=\"https:\/\/ayudasparatodos.com\/index.php\/como-comprar-faq\/\">\u00bfC\u00f3mo Comprar? FAQ<\/a>, en la cual encontraras de forma m\u00e1s detallada las instrucciones de como comprar, servicio de asesor\u00eda y cotizaciones, formas de pago, env\u00edos a nivel nacional e internacional, garant\u00eda y otros temas relacionados.<\/li>\n<li><span style=\"font-size: 11.5pt; font-family: Roboto; color: #626262;\">Asesor\u00eda, cotizaciones dudas y comentarios: Si tiene cualquier duda o comentario, nos puede escribir o llamar via WhatsApp agregando el numero +57 3006000144 o directamente desde este <a href=\"https:\/\/wa.me\/+573006000144\">enlace<\/a>\u00a0 <\/span><a href=\"https:\/\/wa.me\/+573006000144\"><span style=\"font-size: 11.5pt; font-family: Roboto; color: #626262;\">https:\/\/wa.me\/+573006000144<\/span><\/a><span style=\"font-size: 11.5pt; font-family: Roboto; color: #626262;\">\u00a0 \u00a0 Tambi\u00e9n puede enviarnos un correo electr\u00f3nico a la direcci\u00f3n <a href=\"mailto:ventas@ayudasparatodos.com\">ventas@ayudasparatodos.com<\/a><\/span><\/li>\n<li><strong>Pagos en Colombia por transferencia Bancolombia o Nequi. Tambi\u00e9n recibimos pagos por tarjeta cr\u00e9dito o debito. Si la alternativa de pago no esta disponible en su pa\u00eds, tambi\u00e9n puede pagar por Giro en western Union o Paypal. Favor contactarnos al correo ventas@ayudasparatodos.com para generarle un enlace de pago personalizado por el valor de los art\u00edculos + el valor del envi\u00f3 seg\u00fan su ubicaci\u00f3n y con su moneda local. Despachos a nivel nacional e internacional desde Medell\u00edn &#8211; Colombia.<\/strong><\/li>\n<\/ul>\n","protected":false},"excerpt":{"rendered":"<p>ProtoArc Trackpad, trackpad con cable de alta precisi\u00f3n para Windows<\/p>\n","protected":false},"featured_media":53083,"template":"","meta":[],"product_cat":[387],"product_tag":[649,703,650,648],"class_list":["post-53004","product","type-product","status-publish","has-post-thumbnail","hentry","product_cat-mouse-accesibles","product_tag-accesibilidad-digital-computador-pc","product_tag-mouse-protoarc-trackpad-alta-precision-con-cable-usb-slim-touchpad-navegacion-multitactil-discapacidad-accesibilidad","product_tag-mouse-raton-accesible-discapaciadd-movilidad-reducida-autismo-paralisis-cerebral","product_tag-tecnologia-asistiva-para-manejar-el-computador-pc-telefono-celular-portatil-discapacidad-accesibilidad","description-off"],"_links":{"self":[{"href":"https:\/\/ayudasparatodos.com\/index.php\/wp-json\/wp\/v3\/product\/53004"}],"collection":[{"href":"https:\/\/ayudasparatodos.com\/index.php\/wp-json\/wp\/v3\/product"}],"about":[{"href":"https:\/\/ayudasparatodos.com\/index.php\/wp-json\/wp\/v2\/types\/product"}],"wp:featuredmedia":[{"embeddable":true,"href":"https:\/\/ayudasparatodos.com\/index.php\/wp-json\/wp\/v2\/media\/53083"}],"wp:attachment":[{"href":"https:\/\/ayudasparatodos.com\/index.php\/wp-json\/wp\/v2\/media?parent=53004"}],"wp:term":[{"taxonomy":"product_cat","embeddable":true,"href":"https:\/\/ayudasparatodos.com\/index.php\/wp-json\/wp\/v2\/product_cat?post=53004"},{"taxonomy":"product_tag","embeddable":true,"href":"https:\/\/ayudasparatodos.com\/index.php\/wp-json\/wp\/v2\/product_tag?post=53004"}],"curies":[{"name":"wp","href":"https:\/\/api.w.org\/{rel}","templated":true}]}}