{"id":53005,"date":"2024-04-29T21:29:46","date_gmt":"2024-04-29T21:29:46","guid":{"rendered":"https:\/\/ayudasparatodos.com\/?post_type=product&#038;p=53005"},"modified":"2024-05-02T19:06:03","modified_gmt":"2024-05-02T19:06:03","slug":"mouse-keymecher-mano-603-trackpad-de-precision-con-cable-delgado-multigesto-usb-touchpad-discapacidad-accesibilidad","status":"publish","type":"product","link":"https:\/\/ayudasparatodos.com\/index.php\/producto\/mouse-keymecher-mano-603-trackpad-de-precision-con-cable-delgado-multigesto-usb-touchpad-discapacidad-accesibilidad\/","title":{"rendered":"Mouse KEYMECHER Mano 603 &#8211; Trackpad de precisi\u00f3n con cable, delgado, multigesto, USB Touchpad Discapacidad accesibilidad"},"content":{"rendered":"<p>KEYMECHER Mano 603 &#8211; Trackpad de precisi\u00f3n con cable, delgado, multigesto, USB Touchpad para computadoras, port\u00e1tiles, PC, port\u00e1tiles &#8211; Compatible con Windows 7\/10\/11<\/p>\n<ul>\n<li>Advanced Hyper Tracking &amp; Fluid Touch: El Keymecher Mano 603 ofrece un control preciso y sensible con su gama completa de gestos. Disfruta de una c\u00f3moda superficie t\u00e1ctil de 5.15 x 3.18 pulgadas hecha de pl\u00e1stico duradero, dise\u00f1ada para una interacci\u00f3n suave y facilidad ergon\u00f3mica.<\/li>\n<li>Funciones integradas del mouse y retroalimentaci\u00f3n LED: equipado con botones esenciales del mouse, este trackpad replica las capacidades tradicionales del mouse. Cada bot\u00f3n ilumina un indicador LED para una visibilidad clara de la funci\u00f3n, lo que facilita la selecci\u00f3n de texto sin esfuerzo y un arrastre suave.<\/li>\n<li>Desplazamiento eficiente con un dedo y accesos directos pr\u00e1cticos: Simplifique su navegaci\u00f3n con un desplazamiento intuitivo con un dedo y accesos directos anteriores\/avanzados de f\u00e1cil acceso. El Keymecher Mano 603 mejora su flujo de trabajo con estas funciones f\u00e1ciles de usar, lo que hace que la navegaci\u00f3n por la p\u00e1gina web sea muy f\u00e1cil.<\/li>\n<li>Comodidad USB Plug &amp; Play: el panel t\u00e1ctil Keymecher ofrece una configuraci\u00f3n sin complicaciones con su dise\u00f1o plug-and-play. Se conecta de forma fiable a trav\u00e9s de USB, lo que garantiza una experiencia estable y sin conductor. No requiere bater\u00edas, lo que garantiza un uso ininterrumpido sin problemas de energ\u00eda.<\/li>\n<li>Amplia compatibilidad y soporte de Windows 11: Dise\u00f1ado exclusivamente para Windows, el Keymecher Mano 603 es compatible con sistemas Windows 11, 10 y 7. Nota: No apto para productos Apple. Disfruta de gestos personalizables, velocidad del cursor y ajustes de desplazamiento en Windows 10 para una experiencia personalizada.<\/li>\n<li>Gestos t\u00e1ctiles personalizables de Windows: totalmente compatible con la personalizaci\u00f3n de gestos t\u00e1ctiles de Windows 11 y 10. Adapta tu experiencia de touchpad a trav\u00e9s de la Configuraci\u00f3n de Windows, lo que te permite personalizar los controles de gestos seg\u00fan tus preferencias para una eficiencia y comodidad \u00f3ptimas.<\/li>\n<\/ul>\n<p>&nbsp;<\/p>\n<ul>\n<li>Producto importado, venta bajo pedido con pago previo por el valor total del articulo.<\/li>\n<li>FAVOR ANTES DE OFERTAR, confirmar precio actual (por variaciones del valor del d\u00f3lar) y tambi\u00e9n CONFIRMAR QUE PUEDE ESPERAR LOS TIEMPOS DE ENTREGA\u00a0 que normalmente son entre 2-4 semanas.<\/li>\n<li>Cuando recibamos el pedido en nuestra oficina en Medell\u00edn-Colombia, le enviaremos un mensaje al comprador, si se encuentra en Medell\u00edn puede pasar a recogerlo personalmente en nuestra oficina, o tambi\u00e9n podemos hacer el envios a nivel nacional o internacional (Valor del envio cargo del comprador).<\/li>\n<li>Desde Ayudas para TODOS, estamos trabajando para ofrecerles el mayor Marketplace inclusivo a nivel mundial. Reuniendo en 1 solo sitio todos los productos que puedan necesitar, m\u00e1s de 5.000 referencias de art\u00edculos especializados que puedan necesitar instituciones y personas con o sin discapacidad, para apoyar procesos de inclusi\u00f3n, ayudando a superar las barreras que se pueden presentar al momento de estudiar, de trabajar, y en las dem\u00e1s actividades de la vida diaria.<\/li>\n<li>\u00bfNo est\u00e1 seguro sobre qu\u00e9 tipo de dispositivo o producto de apoyo debe comprar? Contamos con expertos para estudiar sus necesidades y asesorarlo recomend\u00e1ndole la ayuda o el conjunto de ayudas m\u00e1s adecuadas \u00bfNecesitas un producto y no lo encuentras en nuestro catalogo online? Cont\u00e1ctanos para ayudarte a conseguirlo. \u00bfEres emprendedor y tienes un gran producto inclusivo que quisieras promocionar en nuestra plataforma? <a href=\"https:\/\/ayudasparatodos.com\/index.php\/contact\/\">Cont\u00e1ctanos<\/a><\/li>\n<li>Visita la secci\u00f3n sobre <a href=\"https:\/\/ayudasparatodos.com\/index.php\/como-comprar-faq\/\">\u00bfC\u00f3mo Comprar? FAQ<\/a>, en la cual encontraras de forma m\u00e1s detallada las instrucciones de como comprar, servicio de asesor\u00eda y cotizaciones, formas de pago, env\u00edos a nivel nacional e internacional, garant\u00eda y otros temas relacionados.<\/li>\n<li><span style=\"font-size: 11.5pt; font-family: Roboto; color: #626262;\">Asesor\u00eda, cotizaciones dudas y comentarios: Si tiene cualquier duda o comentario, nos puede escribir o llamar via WhatsApp agregando el numero +57 3006000144 o directamente desde este <a href=\"https:\/\/wa.me\/+573006000144\">enlace<\/a>\u00a0 <\/span><a href=\"https:\/\/wa.me\/+573006000144\"><span style=\"font-size: 11.5pt; font-family: Roboto; color: #626262;\">https:\/\/wa.me\/+573006000144<\/span><\/a><span style=\"font-size: 11.5pt; font-family: Roboto; color: #626262;\">\u00a0 \u00a0 Tambi\u00e9n puede enviarnos un correo electr\u00f3nico a la direcci\u00f3n <a href=\"mailto:ventas@ayudasparatodos.com\">ventas@ayudasparatodos.com<\/a><\/span><\/li>\n<li><strong>Pagos en Colombia por transferencia Bancolombia o Nequi. Tambi\u00e9n recibimos pagos por tarjeta cr\u00e9dito o debito. Si la alternativa de pago no esta disponible en su pa\u00eds, tambi\u00e9n puede pagar por Giro en western Union o Paypal. Favor contactarnos al correo ventas@ayudasparatodos.com para generarle un enlace de pago personalizado por el valor de los art\u00edculos + el valor del envi\u00f3 seg\u00fan su ubicaci\u00f3n y con su moneda local. Despachos a nivel nacional e internacional desde Medell\u00edn &#8211; Colombia.<\/strong><\/li>\n<\/ul>\n","protected":false},"excerpt":{"rendered":"<p>KEYMECHER Mano 603 &#8211; Trackpad de precisi\u00f3n con cable, delgado, multigesto, USB Touchpad<\/p>\n","protected":false},"featured_media":0,"template":"","meta":[],"product_cat":[387],"product_tag":[649,705,704,650,706,648,707],"class_list":["post-53005","product","type-product","status-publish","hentry","product_cat-mouse-accesibles","product_tag-accesibilidad-digital-computador-pc","product_tag-delgado","product_tag-mouse-keymecher-mano-603-trackpad-de-precision-con-cable","product_tag-mouse-raton-accesible-discapaciadd-movilidad-reducida-autismo-paralisis-cerebral","product_tag-multigesto","product_tag-tecnologia-asistiva-para-manejar-el-computador-pc-telefono-celular-portatil-discapacidad-accesibilidad","product_tag-usb-touchpad-discapacidad-accesibilidad","description-off"],"_links":{"self":[{"href":"https:\/\/ayudasparatodos.com\/index.php\/wp-json\/wp\/v3\/product\/53005"}],"collection":[{"href":"https:\/\/ayudasparatodos.com\/index.php\/wp-json\/wp\/v3\/product"}],"about":[{"href":"https:\/\/ayudasparatodos.com\/index.php\/wp-json\/wp\/v2\/types\/product"}],"wp:attachment":[{"href":"https:\/\/ayudasparatodos.com\/index.php\/wp-json\/wp\/v2\/media?parent=53005"}],"wp:term":[{"taxonomy":"product_cat","embeddable":true,"href":"https:\/\/ayudasparatodos.com\/index.php\/wp-json\/wp\/v2\/product_cat?post=53005"},{"taxonomy":"product_tag","embeddable":true,"href":"https:\/\/ayudasparatodos.com\/index.php\/wp-json\/wp\/v2\/product_tag?post=53005"}],"curies":[{"name":"wp","href":"https:\/\/api.w.org\/{rel}","templated":true}]}}