{"id":53006,"date":"2024-04-29T21:29:53","date_gmt":"2024-04-29T21:29:53","guid":{"rendered":"https:\/\/ayudasparatodos.com\/?post_type=product&#038;p=53006"},"modified":"2024-05-02T19:33:05","modified_gmt":"2024-05-02T19:33:05","slug":"mouse-zelotes-raton-vertical-con-joystick-y-11-botones-programables-discapacidad-accesibilidad","status":"publish","type":"product","link":"https:\/\/ayudasparatodos.com\/index.php\/producto\/mouse-zelotes-raton-vertical-con-joystick-y-11-botones-programables-discapacidad-accesibilidad\/","title":{"rendered":"Mouse Zelotes Rat\u00f3n vertical con Joystick y 11 botones programables Discapacidad accesibilidad"},"content":{"rendered":"<p>Zelotes Rat\u00f3n vertical con barra de control, 10000DPI LED \u00f3ptico USB con cable rat\u00f3n<\/p>\n<ul>\n<li>Este rat\u00f3n vertical tiene una barra de control que se puede mover \u00abadelante, atr\u00e1s, izquierda, derecha, abajo\u00bb, correspondiente a las teclas W, S, A, D y espacio del teclado en el ajuste predeterminado (todos los botones se pueden programar). Operado por el pulgar, es m\u00e1s conveniente que el teclado.<\/li>\n<li>Dise\u00f1o vertical ergon\u00f3mico. A diferencia de los tradicionales que tensan la mu\u00f1eca y el brazo con el tiempo, causando gran dolor. El dise\u00f1o vertical proporciona un mejor apoyo para tu antebrazo minimizando el dolor de mu\u00f1eca que puede provenir de la torsi\u00f3n<\/li>\n<li>Sensibilidad que los ratones \u00f3pticos est\u00e1ndar para un seguimiento suave y preciso en una amplia gama de superficies. 5 valores DPI ajustables. Simplemente pulsa el bot\u00f3n DPI para seleccionar entre 1500\/2500\/4000\/7000\/10000<\/li>\n<li>Los botones anteriores y anteriores a\u00f1aden comodidad al navegar por p\u00e1gina web. La opci\u00f3n superior para navegadores de Internet, jugadores y personas que trabajan a largo plazo en el ordenador.<\/li>\n<li>Amplia compatibilidad. Compatible con Windows 7\/8\/10\/XP, Vista7\/8 y Linux, etc. Se adapta a ordenadores de sobremesa, port\u00e1tiles, PC y otros dispositivos..<\/li>\n<\/ul>\n<p>&nbsp;<\/p>\n<ul>\n<li>Producto importado, venta bajo pedido con pago previo por el valor total del articulo.<\/li>\n<li>FAVOR ANTES DE OFERTAR, confirmar precio actual (por variaciones del valor del d\u00f3lar) y tambi\u00e9n CONFIRMAR QUE PUEDE ESPERAR LOS TIEMPOS DE ENTREGA\u00a0 que normalmente son entre 2-4 semanas.<\/li>\n<li>Cuando recibamos el pedido en nuestra oficina en Medell\u00edn-Colombia, le enviaremos un mensaje al comprador, si se encuentra en Medell\u00edn puede pasar a recogerlo personalmente en nuestra oficina, o tambi\u00e9n podemos hacer el envios a nivel nacional o internacional (Valor del envio cargo del comprador).<\/li>\n<li>Desde Ayudas para TODOS, estamos trabajando para ofrecerles el mayor Marketplace inclusivo a nivel mundial. Reuniendo en 1 solo sitio todos los productos que puedan necesitar, m\u00e1s de 5.000 referencias de art\u00edculos especializados que puedan necesitar instituciones y personas con o sin discapacidad, para apoyar procesos de inclusi\u00f3n, ayudando a superar las barreras que se pueden presentar al momento de estudiar, de trabajar, y en las dem\u00e1s actividades de la vida diaria.<\/li>\n<li>\u00bfNo est\u00e1 seguro sobre qu\u00e9 tipo de dispositivo o producto de apoyo debe comprar? Contamos con expertos para estudiar sus necesidades y asesorarlo recomend\u00e1ndole la ayuda o el conjunto de ayudas m\u00e1s adecuadas \u00bfNecesitas un producto y no lo encuentras en nuestro catalogo online? Cont\u00e1ctanos para ayudarte a conseguirlo. \u00bfEres emprendedor y tienes un gran producto inclusivo que quisieras promocionar en nuestra plataforma? <a href=\"https:\/\/ayudasparatodos.com\/index.php\/contact\/\">Cont\u00e1ctanos<\/a><\/li>\n<li>Visita la secci\u00f3n sobre <a href=\"https:\/\/ayudasparatodos.com\/index.php\/como-comprar-faq\/\">\u00bfC\u00f3mo Comprar? FAQ<\/a>, en la cual encontraras de forma m\u00e1s detallada las instrucciones de como comprar, servicio de asesor\u00eda y cotizaciones, formas de pago, env\u00edos a nivel nacional e internacional, garant\u00eda y otros temas relacionados.<\/li>\n<li><span style=\"font-size: 11.5pt; font-family: Roboto; color: #626262;\">Asesor\u00eda, cotizaciones dudas y comentarios: Si tiene cualquier duda o comentario, nos puede escribir o llamar via WhatsApp agregando el numero +57 3006000144 o directamente desde este <a href=\"https:\/\/wa.me\/+573006000144\">enlace<\/a>\u00a0 <\/span><a href=\"https:\/\/wa.me\/+573006000144\"><span style=\"font-size: 11.5pt; font-family: Roboto; color: #626262;\">https:\/\/wa.me\/+573006000144<\/span><\/a><span style=\"font-size: 11.5pt; font-family: Roboto; color: #626262;\">\u00a0 \u00a0 Tambi\u00e9n puede enviarnos un correo electr\u00f3nico a la direcci\u00f3n <a href=\"mailto:ventas@ayudasparatodos.com\">ventas@ayudasparatodos.com<\/a><\/span><\/li>\n<li><strong>Pagos en Colombia por transferencia Bancolombia o Nequi. Tambi\u00e9n recibimos pagos por tarjeta cr\u00e9dito o debito. Si la alternativa de pago no esta disponible en su pa\u00eds, tambi\u00e9n puede pagar por Giro en western Union o Paypal. Favor contactarnos al correo ventas@ayudasparatodos.com para generarle un enlace de pago personalizado por el valor de los art\u00edculos + el valor del envi\u00f3 seg\u00fan su ubicaci\u00f3n y con su moneda local. Despachos a nivel nacional e internacional desde Medell\u00edn &#8211; Colombia.<\/strong><\/li>\n<\/ul>\n","protected":false},"excerpt":{"rendered":"<p>Zelotes Rat\u00f3n vertical con barra de control, 10000DPI LED \u00f3ptico USB con cable rat\u00f3n<\/p>\n","protected":false},"featured_media":0,"template":"","meta":[],"product_cat":[387],"product_tag":[649,650,708,648],"class_list":["post-53006","product","type-product","status-publish","hentry","product_cat-mouse-accesibles","product_tag-accesibilidad-digital-computador-pc","product_tag-mouse-raton-accesible-discapaciadd-movilidad-reducida-autismo-paralisis-cerebral","product_tag-mouse-zelotes-raton-vertical-con-joystick-y-11-botones-programables-discapacidad-accesibilidad","product_tag-tecnologia-asistiva-para-manejar-el-computador-pc-telefono-celular-portatil-discapacidad-accesibilidad","description-off"],"_links":{"self":[{"href":"https:\/\/ayudasparatodos.com\/index.php\/wp-json\/wp\/v3\/product\/53006"}],"collection":[{"href":"https:\/\/ayudasparatodos.com\/index.php\/wp-json\/wp\/v3\/product"}],"about":[{"href":"https:\/\/ayudasparatodos.com\/index.php\/wp-json\/wp\/v2\/types\/product"}],"wp:attachment":[{"href":"https:\/\/ayudasparatodos.com\/index.php\/wp-json\/wp\/v2\/media?parent=53006"}],"wp:term":[{"taxonomy":"product_cat","embeddable":true,"href":"https:\/\/ayudasparatodos.com\/index.php\/wp-json\/wp\/v2\/product_cat?post=53006"},{"taxonomy":"product_tag","embeddable":true,"href":"https:\/\/ayudasparatodos.com\/index.php\/wp-json\/wp\/v2\/product_tag?post=53006"}],"curies":[{"name":"wp","href":"https:\/\/api.w.org\/{rel}","templated":true}]}}