{"id":53110,"date":"2024-05-02T21:08:36","date_gmt":"2024-05-02T21:08:36","guid":{"rendered":"https:\/\/ayudasparatodos.com\/?post_type=product&#038;p=53110"},"modified":"2024-05-02T21:29:09","modified_gmt":"2024-05-02T21:29:09","slug":"mouse-de-mano-elecom-relacon-trackball-mouse-ergonomico-bluetooth-10-botones-discapacidad-accesibilidad","status":"publish","type":"product","link":"https:\/\/ayudasparatodos.com\/index.php\/producto\/mouse-de-mano-elecom-relacon-trackball-mouse-ergonomico-bluetooth-10-botones-discapacidad-accesibilidad\/","title":{"rendered":"Mouse de mano ELECOM Relacon Trackball, mouse ergon\u00f3mico Bluetooth, 10 botones Discapacidad accesibilidad"},"content":{"rendered":"<p>ELECOM Relacon &#8211; Puntero de mano Trackball, mouse ergon\u00f3mico para mano derecha o izquierda, Bluetooth, 10 botones para TV, presentaci\u00f3n, juegos, PC y MAC<\/p>\n<ul>\n<li>Comodidad de trackball: el mouse de mano Elecom tiene una bola rodante sensible y una conexi\u00f3n Bluetooth estable en frecuencia. La forma esculpida soporta que tu mano permanezca en un solo lugar, mueve el cursor sin mover el brazo. Adecuado para mano izquierda y derecha<\/li>\n<li>10 botones funcionales: es muy f\u00e1cil de mover en cualquier direcci\u00f3n. Viene con 10 botones f\u00edsicos en el dispositivo y puedes asignar tus funciones favoritas a todos los botones<\/li>\n<li>Cursor DPI: el bot\u00f3n Dpi puede cambiar f\u00e1cilmente entre 500 (bajo), 1000 (medio) y 1500 (alto), haciendo que los movimientos de tu cursor sean m\u00e1s r\u00e1pidos o m\u00e1s lentos<\/li>\n<li>F\u00e1cil mantenimiento: la bola rueda en tres rodamientos de bolas de rub\u00ed artificial grandes de 0.098 pulgadas. Son extremadamente suaves y el tama\u00f1o relativamente grande evita que el polvo y la suciedad los obstruyan. As\u00ed que no tienes que limpiar los rodamientos de bolas con demasiada frecuencia. La bola se mantiene en su lugar por los rodamientos de bolas, pero se puede sacar f\u00e1cilmente del dispositivo, empuj\u00e1ndola a trav\u00e9s del agujero en la parte inferior y se puede limpiar f\u00e1cilmente<\/li>\n<li>Detalles del producto: Requisitos del sistema: Windows 7, Windows 8.1, Windows RT8.1, Windows 10 o posterior, MacOS Mojave 10.14 o posterior, Android 6.0 o posterior. Tama\u00f1o: 1.6 pulgadas de ancho x 4.4 pulgadas de largo x 2.2 pulgadas de alto. Peso: 2.72 oz\/2.2 pulgadas. .7oz (sin bater\u00eda), DPI: 500\/1000\/1500 cuenta (conmutable), Conectividad: Inal\u00e1mbrico, 2 pilas AAA (incluidas)<\/li>\n<\/ul>\n<p>&nbsp;<\/p>\n<ul>\n<li>Producto importado, venta bajo pedido con pago previo por el valor total del articulo.<\/li>\n<li>FAVOR ANTES DE OFERTAR, confirmar precio actual (por variaciones del valor del d\u00f3lar) y tambi\u00e9n CONFIRMAR QUE PUEDE ESPERAR LOS TIEMPOS DE ENTREGA\u00a0 que normalmente son entre 2-4 semanas.<\/li>\n<li>Cuando recibamos el pedido en nuestra oficina en Medell\u00edn-Colombia, le enviaremos un mensaje al comprador, si se encuentra en Medell\u00edn puede pasar a recogerlo personalmente en nuestra oficina, o tambi\u00e9n podemos hacer el envios a nivel nacional o internacional (Valor del envio cargo del comprador).<\/li>\n<li>Desde Ayudas para TODOS, estamos trabajando para ofrecerles el mayor Marketplace inclusivo a nivel mundial. Reuniendo en 1 solo sitio todos los productos que puedan necesitar, m\u00e1s de 5.000 referencias de art\u00edculos especializados que puedan necesitar instituciones y personas con o sin discapacidad, para apoyar procesos de inclusi\u00f3n, ayudando a superar las barreras que se pueden presentar al momento de estudiar, de trabajar, y en las dem\u00e1s actividades de la vida diaria.<\/li>\n<li>\u00bfNo est\u00e1 seguro sobre qu\u00e9 tipo de dispositivo o producto de apoyo debe comprar? Contamos con expertos para estudiar sus necesidades y asesorarlo recomend\u00e1ndole la ayuda o el conjunto de ayudas m\u00e1s adecuadas \u00bfNecesitas un producto y no lo encuentras en nuestro catalogo online? Cont\u00e1ctanos para ayudarte a conseguirlo. \u00bfEres emprendedor y tienes un gran producto inclusivo que quisieras promocionar en nuestra plataforma? <a href=\"https:\/\/ayudasparatodos.com\/index.php\/contact\/\">Cont\u00e1ctanos<\/a><\/li>\n<li>Visita la secci\u00f3n sobre <a href=\"https:\/\/ayudasparatodos.com\/index.php\/como-comprar-faq\/\">\u00bfC\u00f3mo Comprar? FAQ<\/a>, en la cual encontraras de forma m\u00e1s detallada las instrucciones de como comprar, servicio de asesor\u00eda y cotizaciones, formas de pago, env\u00edos a nivel nacional e internacional, garant\u00eda y otros temas relacionados.<\/li>\n<li><span style=\"font-size: 11.5pt; font-family: Roboto; color: #626262;\">Asesor\u00eda, cotizaciones dudas y comentarios: Si tiene cualquier duda o comentario, nos puede escribir o llamar via WhatsApp agregando el numero +57 3006000144 o directamente desde este <a href=\"https:\/\/wa.me\/+573006000144\">enlace<\/a>\u00a0 <\/span><a href=\"https:\/\/wa.me\/+573006000144\"><span style=\"font-size: 11.5pt; font-family: Roboto; color: #626262;\">https:\/\/wa.me\/+573006000144<\/span><\/a><span style=\"font-size: 11.5pt; font-family: Roboto; color: #626262;\">\u00a0 \u00a0 Tambi\u00e9n puede enviarnos un correo electr\u00f3nico a la direcci\u00f3n <a href=\"mailto:ventas@ayudasparatodos.com\">ventas@ayudasparatodos.com<\/a><\/span><\/li>\n<li><strong>Pagos en Colombia por transferencia Bancolombia o Nequi. Tambi\u00e9n recibimos pagos por tarjeta cr\u00e9dito o debito. Si la alternativa de pago no esta disponible en su pa\u00eds, tambi\u00e9n puede pagar por Giro en western Union o Paypal. Favor contactarnos al correo ventas@ayudasparatodos.com para generarle un enlace de pago personalizado por el valor de los art\u00edculos + el valor del envi\u00f3 seg\u00fan su ubicaci\u00f3n y con su moneda local. Despachos a nivel nacional e internacional desde Medell\u00edn &#8211; Colombia.<\/strong><\/li>\n<\/ul>\n","protected":false},"excerpt":{"rendered":"<p>LECOM Relacon &#8211; Puntero de mano Trackball, mouse ergon\u00f3mico para mano derecha o izquierda, Bluetooth, 10 botones para TV, presentaci\u00f3n, juegos, PC y MAC<\/p>\n","protected":false},"featured_media":0,"template":"","meta":[],"product_cat":[387],"product_tag":[713,649,711,712,650,648],"class_list":["post-53110","product","type-product","status-publish","hentry","product_cat-mouse-accesibles","product_tag-10-botones-discapacidad-accesibilidad","product_tag-accesibilidad-digital-computador-pc","product_tag-mouse-de-mano-elecom-relacon-trackball","product_tag-mouse-ergonomico-bluetooth","product_tag-mouse-raton-accesible-discapaciadd-movilidad-reducida-autismo-paralisis-cerebral","product_tag-tecnologia-asistiva-para-manejar-el-computador-pc-telefono-celular-portatil-discapacidad-accesibilidad","description-off"],"_links":{"self":[{"href":"https:\/\/ayudasparatodos.com\/index.php\/wp-json\/wp\/v3\/product\/53110"}],"collection":[{"href":"https:\/\/ayudasparatodos.com\/index.php\/wp-json\/wp\/v3\/product"}],"about":[{"href":"https:\/\/ayudasparatodos.com\/index.php\/wp-json\/wp\/v2\/types\/product"}],"wp:attachment":[{"href":"https:\/\/ayudasparatodos.com\/index.php\/wp-json\/wp\/v2\/media?parent=53110"}],"wp:term":[{"taxonomy":"product_cat","embeddable":true,"href":"https:\/\/ayudasparatodos.com\/index.php\/wp-json\/wp\/v2\/product_cat?post=53110"},{"taxonomy":"product_tag","embeddable":true,"href":"https:\/\/ayudasparatodos.com\/index.php\/wp-json\/wp\/v2\/product_tag?post=53110"}],"curies":[{"name":"wp","href":"https:\/\/api.w.org\/{rel}","templated":true}]}}