{"id":53115,"date":"2024-05-02T21:09:12","date_gmt":"2024-05-02T21:09:12","guid":{"rendered":"https:\/\/ayudasparatodos.com\/?post_type=product&#038;p=53115"},"modified":"2024-05-02T23:15:16","modified_gmt":"2024-05-02T23:15:16","slug":"mouse-airmouse-tipo-varita-magica-inalambrico-movimientos-en-el-aire-discapacidad-accesibilidad","status":"publish","type":"product","link":"https:\/\/ayudasparatodos.com\/index.php\/producto\/mouse-airmouse-tipo-varita-magica-inalambrico-movimientos-en-el-aire-discapacidad-accesibilidad\/","title":{"rendered":"Mouse AirMouse tipo varita m\u00e1gica inal\u00e1mbrico movimientos en el aire Discapacidad accesibilidad"},"content":{"rendered":"<p>Mouse AirMouse y Clicker de presentaci\u00f3n con control de mouse de aire tipo varita m\u00e1gica Air Mouse, clicker USB recargable para presentaciones de PowerPoint, presentador inal\u00e1mbrico Rf 2.4Ghz Powerpoint Clicker Slide Advance para computadora<\/p>\n<p>CLICKER DE PRESENTACI\u00d3N 2 EN 1: Este control remoto de presentaci\u00f3n combina un presentador inal\u00e1mbrico PPT normal con control de mouse Air (mouse izquierdo), clicker de PowerPoint mejorado con un rendimiento m\u00e1s estable, giroscopio integrado de seis ejes, sin demora, sin deriva. La funci\u00f3n Air Mouse permite la interacci\u00f3n sin estar en la computadora para ayudarlo a no estar atado a su computadora.<\/p>\n<p>FUNCI\u00d3N DE BOT\u00d3N TRANSPARENTE Y AMPLIO SOPORTE: Este clicker inal\u00e1mbrico con 9 teclas, las funciones clave se distinguen claramente, P\u00e1gina adelante\/atr\u00e1s, Pantalla negra\/completa, control de volumen, funci\u00f3n de mouse de aire, mouse de encendido\/apagado, hiperv\u00ednculo abierto, cambiar ventanas y etc. Sistemas inal\u00e1mbricos de soporte para presentadores: Windows 7\/8 o superior, Mac OS \/ Linux \/ Android. Software de soporte de clicker de PowerPoint: PowerPoint, Keynote, PDF, Word, Excel, Google Slides, Prezi y etc.<\/p>\n<p>RECARGABLE AIR MOUSE CLICKER: Puntero l\u00e1ser para presentaciones con funci\u00f3n de rat\u00f3n (rat\u00f3n izquierdo), que permite la interacci\u00f3n sin estar en el ordenador. Bater\u00eda recargable incorporada, no necesitas cambiar la bater\u00eda desechable siempre. El clic deslizante entra autom\u00e1ticamente en el modo de suspensi\u00f3n para ahorrar consumo de energ\u00eda, luego presione cualquier tecla nuevamente para despertarse<\/p>\n<p>Dise\u00f1o de una pieza y f\u00e1cil de usar: dise\u00f1o magn\u00e9tico USB de una sola pieza, USB no se caer\u00e1 f\u00e1cilmente. No es necesario descargar ning\u00fan software, Plug &amp; Play (para mac, es posible que primero deba completar una configuraci\u00f3n f\u00e1cil). Peque\u00f1o y ligero, el clicker PowerPoint es c\u00f3modo en tu mano y f\u00e1cil de almacenar.<\/p>\n<p>Luz roja brillante y rango de control: Clicker inal\u00e1mbrico para presentaciones de PowerPoint, f\u00e1cil de ver contra la mayor\u00eda de fondos, se puede utilizar para resaltar partes clave de una presentaci\u00f3n. Rango de funci\u00f3n del mouse inal\u00e1mbrico: 82FT, Rango de control inal\u00e1mbrico: 164FT, Rango de luz: 656FT, hace que pueda moverse libremente por la habitaci\u00f3n.<\/p>\n<p>&nbsp;<\/p>\n<ul>\n<li>Producto importado, venta bajo pedido con pago previo por el valor total del articulo.<\/li>\n<li>FAVOR ANTES DE OFERTAR, confirmar precio actual (por variaciones del valor del d\u00f3lar) y tambi\u00e9n CONFIRMAR QUE PUEDE ESPERAR LOS TIEMPOS DE ENTREGA\u00a0 que normalmente son entre 2-4 semanas.<\/li>\n<li>Cuando recibamos el pedido en nuestra oficina en Medell\u00edn-Colombia, le enviaremos un mensaje al comprador, si se encuentra en Medell\u00edn puede pasar a recogerlo personalmente en nuestra oficina, o tambi\u00e9n podemos hacer el envios a nivel nacional o internacional (Valor del envio cargo del comprador).<\/li>\n<li>Desde Ayudas para TODOS, estamos trabajando para ofrecerles el mayor Marketplace inclusivo a nivel mundial. Reuniendo en 1 solo sitio todos los productos que puedan necesitar, m\u00e1s de 5.000 referencias de art\u00edculos especializados que puedan necesitar instituciones y personas con o sin discapacidad, para apoyar procesos de inclusi\u00f3n, ayudando a superar las barreras que se pueden presentar al momento de estudiar, de trabajar, y en las dem\u00e1s actividades de la vida diaria.<\/li>\n<li>\u00bfNo est\u00e1 seguro sobre qu\u00e9 tipo de dispositivo o producto de apoyo debe comprar? Contamos con expertos para estudiar sus necesidades y asesorarlo recomend\u00e1ndole la ayuda o el conjunto de ayudas m\u00e1s adecuadas \u00bfNecesitas un producto y no lo encuentras en nuestro catalogo online? Cont\u00e1ctanos para ayudarte a conseguirlo. \u00bfEres emprendedor y tienes un gran producto inclusivo que quisieras promocionar en nuestra plataforma? <a href=\"https:\/\/ayudasparatodos.com\/index.php\/contact\/\">Cont\u00e1ctanos<\/a><\/li>\n<li>Visita la secci\u00f3n sobre <a href=\"https:\/\/ayudasparatodos.com\/index.php\/como-comprar-faq\/\">\u00bfC\u00f3mo Comprar? FAQ<\/a>, en la cual encontraras de forma m\u00e1s detallada las instrucciones de como comprar, servicio de asesor\u00eda y cotizaciones, formas de pago, env\u00edos a nivel nacional e internacional, garant\u00eda y otros temas relacionados.<\/li>\n<li><span style=\"font-size: 11.5pt; font-family: Roboto; color: #626262;\">Asesor\u00eda, cotizaciones dudas y comentarios: Si tiene cualquier duda o comentario, nos puede escribir o llamar via WhatsApp agregando el numero +57 3006000144 o directamente desde este <a href=\"https:\/\/wa.me\/+573006000144\">enlace<\/a>\u00a0 <\/span><a href=\"https:\/\/wa.me\/+573006000144\"><span style=\"font-size: 11.5pt; font-family: Roboto; color: #626262;\">https:\/\/wa.me\/+573006000144<\/span><\/a><span style=\"font-size: 11.5pt; font-family: Roboto; color: #626262;\">\u00a0 \u00a0 Tambi\u00e9n puede enviarnos un correo electr\u00f3nico a la direcci\u00f3n <a href=\"mailto:ventas@ayudasparatodos.com\">ventas@ayudasparatodos.com<\/a><\/span><\/li>\n<li><strong>Pagos en Colombia por transferencia Bancolombia o Nequi. Tambi\u00e9n recibimos pagos por tarjeta cr\u00e9dito o debito. Si la alternativa de pago no esta disponible en su pa\u00eds, tambi\u00e9n puede pagar por Giro en western Union o Paypal. Favor contactarnos al correo ventas@ayudasparatodos.com para generarle un enlace de pago personalizado por el valor de los art\u00edculos + el valor del envi\u00f3 seg\u00fan su ubicaci\u00f3n y con su moneda local. Despachos a nivel nacional e internacional desde Medell\u00edn &#8211; Colombia.<\/strong><\/li>\n<\/ul>\n","protected":false},"excerpt":{"rendered":"<p>control de mouse de aire tipo varita m\u00e1gica Air Mouse,<\/p>\n","protected":false},"featured_media":0,"template":"","meta":[],"product_cat":[387],"product_tag":[649,718,650,648],"class_list":["post-53115","product","type-product","status-publish","hentry","product_cat-mouse-accesibles","product_tag-accesibilidad-digital-computador-pc","product_tag-mouse-airmouse-tipo-varita-magica-inalambrico-movimientos-en-el-aire-discapacidad-accesibilidad","product_tag-mouse-raton-accesible-discapaciadd-movilidad-reducida-autismo-paralisis-cerebral","product_tag-tecnologia-asistiva-para-manejar-el-computador-pc-telefono-celular-portatil-discapacidad-accesibilidad","description-off"],"_links":{"self":[{"href":"https:\/\/ayudasparatodos.com\/index.php\/wp-json\/wp\/v3\/product\/53115"}],"collection":[{"href":"https:\/\/ayudasparatodos.com\/index.php\/wp-json\/wp\/v3\/product"}],"about":[{"href":"https:\/\/ayudasparatodos.com\/index.php\/wp-json\/wp\/v2\/types\/product"}],"wp:attachment":[{"href":"https:\/\/ayudasparatodos.com\/index.php\/wp-json\/wp\/v2\/media?parent=53115"}],"wp:term":[{"taxonomy":"product_cat","embeddable":true,"href":"https:\/\/ayudasparatodos.com\/index.php\/wp-json\/wp\/v2\/product_cat?post=53115"},{"taxonomy":"product_tag","embeddable":true,"href":"https:\/\/ayudasparatodos.com\/index.php\/wp-json\/wp\/v2\/product_tag?post=53115"}],"curies":[{"name":"wp","href":"https:\/\/api.w.org\/{rel}","templated":true}]}}