{"id":53116,"date":"2024-05-02T21:09:19","date_gmt":"2024-05-02T21:09:19","guid":{"rendered":"https:\/\/ayudasparatodos.com\/?post_type=product&#038;p=53116"},"modified":"2024-05-02T23:37:39","modified_gmt":"2024-05-02T23:37:39","slug":"mouse-de-anillo-sanwa-bluetooth-recargable-discapacidad-accesibilidad","status":"publish","type":"product","link":"https:\/\/ayudasparatodos.com\/index.php\/producto\/mouse-de-anillo-sanwa-bluetooth-recargable-discapacidad-accesibilidad\/","title":{"rendered":"Mouse de anillo SANWA Bluetooth recargable Discapacidad accesibilidad"},"content":{"rendered":"<p>SANWA Rat\u00f3n Mouse con anillo de dedo Bluetooth, rat\u00f3n inal\u00e1mbrico de clicker de presentaci\u00f3n, mini mouse de mano recargable, 1200 DPI, ratones remotos port\u00e1tiles PPT Slides compatibles con PC, port\u00e1til.<\/p>\n<p>Uso de dedos con 5 botones: este mouse ligero cuenta con un uso en la mesa para ocasiones flexibles. Dise\u00f1o con cuatro botones y un panel de pantalla t\u00e1ctil, funciona como un mini mouse normal y un clicker de presentaci\u00f3n inal\u00e1mbrico. Funciona bien para controlar tu PC de escritorio, port\u00e1til, tel\u00e9fono, tableta y pantalla. Ya sea en una reuni\u00f3n, viendo una pel\u00edcula en una cama\/sof\u00e1 o navegando por la almohadilla, puede controlar f\u00e1cilmente sus dispositivos electr\u00f3nicos.<\/p>\n<p>Conexi\u00f3n Bluetooth y sistema compatible: este mouse Bluetooth adopta Bluetooth 5.0, garantiza una se\u00f1al estable y confiable, distancia de trabajo: 32 pies. DPI: 1200. Dise\u00f1o inal\u00e1mbrico, sin cables enredados o receptor USB f\u00e1cil de faltar. Compatible con 4 sistemas operativos: macOS\/Windows\/ios\/Android. Compatible con la mayor\u00eda de los dispositivos habilitados para Bluetooth, incluyen Windows 11\/10\/10.8\/8, macOs 12\/11\/10.13-10.15, iPad OS 13-15, iOS 13.4-15, ChromeOS y Andriod 10-11. Compatible con versiones de PowerPoint: Windows 2013, mac2016, etc.<\/p>\n<p>Dise\u00f1o ergon\u00f3mico de mano: los powerpoinis de SANWA se pueden llevar ergon\u00f3micamente en un dedo, pueden aliviar el da\u00f1o en la articulaci\u00f3n de la mu\u00f1eca y los m\u00fasculos, y reducir eficazmente las lesiones por tensi\u00f3n causadas por el mouse normal. Ayuda a evitar la artritis y el sufrimiento de CTS. El anillo de silicona suave garantiza una comodidad \u00f3ptima, incluso cuando se usa durante mucho tiempo. Tambi\u00e9n se puede usar mientras se escribe y no causa molestias.<\/p>\n<p>Recargable con cable USB: este clicker de presentaci\u00f3n est\u00e1 equipado con una bater\u00eda recargable interior, una carga para 15 horas de trabajo constante o espera durante 25 d\u00edas. Viene con un cable micro USB de carga, sin necesidad de cambiar la bater\u00eda, y ahorra mucho tiempo y dinero.<\/p>\n<p>Diversos usos posibles: ligero y port\u00e1til como un buen compa\u00f1ero de viaje. Proporciona una gran funcionalidad del mouse y necesidades de presentaci\u00f3n, como clic izquierdo\/derecho, p\u00e1gina arriba\/abajo, video encendido\/apagado, pantalla completa\/negra, etc. Perfecto para el trabajo de oficina, presentaciones de reuniones, ense\u00f1anza de clase, trabajo desde casa, ver pel\u00edculas en sof\u00e1\/cama, ejercicio de yoga mientras se reproduce pel\u00edculas, etc. Tambi\u00e9n es un regalo ideal para tus amigos.<\/p>\n<p>&nbsp;<\/p>\n<ul>\n<li>Producto importado, venta bajo pedido con pago previo por el valor total del articulo.<\/li>\n<li>FAVOR ANTES DE OFERTAR, confirmar precio actual (por variaciones del valor del d\u00f3lar) y tambi\u00e9n CONFIRMAR QUE PUEDE ESPERAR LOS TIEMPOS DE ENTREGA\u00a0 que normalmente son entre 2-4 semanas.<\/li>\n<li>Cuando recibamos el pedido en nuestra oficina en Medell\u00edn-Colombia, le enviaremos un mensaje al comprador, si se encuentra en Medell\u00edn puede pasar a recogerlo personalmente en nuestra oficina, o tambi\u00e9n podemos hacer el envios a nivel nacional o internacional (Valor del envio cargo del comprador).<\/li>\n<li>Desde Ayudas para TODOS, estamos trabajando para ofrecerles el mayor Marketplace inclusivo a nivel mundial. Reuniendo en 1 solo sitio todos los productos que puedan necesitar, m\u00e1s de 5.000 referencias de art\u00edculos especializados que puedan necesitar instituciones y personas con o sin discapacidad, para apoyar procesos de inclusi\u00f3n, ayudando a superar las barreras que se pueden presentar al momento de estudiar, de trabajar, y en las dem\u00e1s actividades de la vida diaria.<\/li>\n<li>\u00bfNo est\u00e1 seguro sobre qu\u00e9 tipo de dispositivo o producto de apoyo debe comprar? Contamos con expertos para estudiar sus necesidades y asesorarlo recomend\u00e1ndole la ayuda o el conjunto de ayudas m\u00e1s adecuadas \u00bfNecesitas un producto y no lo encuentras en nuestro catalogo online? Cont\u00e1ctanos para ayudarte a conseguirlo. \u00bfEres emprendedor y tienes un gran producto inclusivo que quisieras promocionar en nuestra plataforma? <a href=\"https:\/\/ayudasparatodos.com\/index.php\/contact\/\">Cont\u00e1ctanos<\/a><\/li>\n<li>Visita la secci\u00f3n sobre <a href=\"https:\/\/ayudasparatodos.com\/index.php\/como-comprar-faq\/\">\u00bfC\u00f3mo Comprar? FAQ<\/a>, en la cual encontraras de forma m\u00e1s detallada las instrucciones de como comprar, servicio de asesor\u00eda y cotizaciones, formas de pago, env\u00edos a nivel nacional e internacional, garant\u00eda y otros temas relacionados.<\/li>\n<li><span style=\"font-size: 11.5pt; font-family: Roboto; color: #626262;\">Asesor\u00eda, cotizaciones dudas y comentarios: Si tiene cualquier duda o comentario, nos puede escribir o llamar via WhatsApp agregando el numero +57 3006000144 o directamente desde este <a href=\"https:\/\/wa.me\/+573006000144\">enlace<\/a>\u00a0 <\/span><a href=\"https:\/\/wa.me\/+573006000144\"><span style=\"font-size: 11.5pt; font-family: Roboto; color: #626262;\">https:\/\/wa.me\/+573006000144<\/span><\/a><span style=\"font-size: 11.5pt; font-family: Roboto; color: #626262;\">\u00a0 \u00a0 Tambi\u00e9n puede enviarnos un correo electr\u00f3nico a la direcci\u00f3n <a href=\"mailto:ventas@ayudasparatodos.com\">ventas@ayudasparatodos.com<\/a><\/span><\/li>\n<li><strong>Pagos en Colombia por transferencia Bancolombia o Nequi. Tambi\u00e9n recibimos pagos por tarjeta cr\u00e9dito o debito. Si la alternativa de pago no esta disponible en su pa\u00eds, tambi\u00e9n puede pagar por Giro en western Union o Paypal. Favor contactarnos al correo ventas@ayudasparatodos.com para generarle un enlace de pago personalizado por el valor de los art\u00edculos + el valor del envi\u00f3 seg\u00fan su ubicaci\u00f3n y con su moneda local. Despachos a nivel nacional e internacional desde Medell\u00edn &#8211; Colombia.<\/strong><\/li>\n<\/ul>\n","protected":false},"excerpt":{"rendered":"<p>SANWA Rat\u00f3n Mouse con anillo de dedo Bluetooth<\/p>\n","protected":false},"featured_media":0,"template":"","meta":[],"product_cat":[387],"product_tag":[649,719,650,648],"class_list":["post-53116","product","type-product","status-publish","hentry","product_cat-mouse-accesibles","product_tag-accesibilidad-digital-computador-pc","product_tag-mouse-de-anillo-sanwa-bluetooth-recargable-discapacidad-accesibilidad","product_tag-mouse-raton-accesible-discapaciadd-movilidad-reducida-autismo-paralisis-cerebral","product_tag-tecnologia-asistiva-para-manejar-el-computador-pc-telefono-celular-portatil-discapacidad-accesibilidad","description-off"],"_links":{"self":[{"href":"https:\/\/ayudasparatodos.com\/index.php\/wp-json\/wp\/v3\/product\/53116"}],"collection":[{"href":"https:\/\/ayudasparatodos.com\/index.php\/wp-json\/wp\/v3\/product"}],"about":[{"href":"https:\/\/ayudasparatodos.com\/index.php\/wp-json\/wp\/v2\/types\/product"}],"wp:attachment":[{"href":"https:\/\/ayudasparatodos.com\/index.php\/wp-json\/wp\/v2\/media?parent=53116"}],"wp:term":[{"taxonomy":"product_cat","embeddable":true,"href":"https:\/\/ayudasparatodos.com\/index.php\/wp-json\/wp\/v2\/product_cat?post=53116"},{"taxonomy":"product_tag","embeddable":true,"href":"https:\/\/ayudasparatodos.com\/index.php\/wp-json\/wp\/v2\/product_tag?post=53116"}],"curies":[{"name":"wp","href":"https:\/\/api.w.org\/{rel}","templated":true}]}}