{"id":53121,"date":"2024-05-02T21:09:54","date_gmt":"2024-05-02T21:09:54","guid":{"rendered":"https:\/\/ayudasparatodos.com\/?post_type=product&#038;p=53121"},"modified":"2024-05-03T16:17:40","modified_gmt":"2024-05-03T16:17:40","slug":"mouse-raton-tactil-para-el-pulgar-recargable-inalambrico-discapacidad-accesibilidad","status":"publish","type":"product","link":"https:\/\/ayudasparatodos.com\/index.php\/producto\/mouse-raton-tactil-para-el-pulgar-recargable-inalambrico-discapacidad-accesibilidad\/","title":{"rendered":"Mouse Rat\u00f3n t\u00e1ctil para el pulgar recargable inal\u00e1mbrico Discapacidad accesibilidad"},"content":{"rendered":"<p>Caracter\u00edsticas:<\/p>\n<p>Rat\u00f3n Bluetooth m\u00f3vil<\/p>\n<p>Desplazarse hacia adelante o hacia atr\u00e1s<\/p>\n<p>Apunta al panel t\u00e1ctil<\/p>\n<p>&nbsp;<\/p>\n<p>Especificaciones:<\/p>\n<p>Color blanco<\/p>\n<p>Material: Pl\u00e1stico<\/p>\n<p>Versi\u00f3n de Bluetooth: Bluetooth V5.0<\/p>\n<p>Dispositivos compatibles: \/Android\/tableta\/port\u00e1til<\/p>\n<p>Distancia efectiva: 10M<\/p>\n<p>Tiempo de carga: 1,5 h<\/p>\n<p>Dimensiones: 94 mm de largo y 39 mm de ancho<\/p>\n<ol>\n<li>Se puede acoplar al tel\u00e9fono m\u00f3vil compatible con Bluetooth, no a ning\u00fan otro software.<\/li>\n<\/ol>\n<p>Se puede utilizar para tomar fotograf\u00edas a larga distancia hasta 10 metros en ausencia de obst\u00e1culos.<\/p>\n<p>2.Aplicable a casi todos los modelos de tel\u00e9fonos del mercado.<\/p>\n<p>3.Interfaz tipo C, recargable, m\u00e1s c\u00f3moda de usar.<\/p>\n<p>4.Ahorre la molestia de usar las manos para deslizar y reproducir la pantalla del tel\u00e9fono para reproducir video, este bot\u00f3n de control de reproducci\u00f3n de video le brinda m\u00e1s comodidad cuando mira videos, no m\u00e1s huellas dactilares o marcas indecentes en la pantalla de su tel\u00e9fono u otros dispositivos electr\u00f3nicos. dispositivos.<\/p>\n<p>&nbsp;<\/p>\n<p>Contenidos del paquete:<\/p>\n<p>1 x rat\u00f3n de pulgar Bluetooth<\/p>\n<p>1 cable de carga<\/p>\n<p>&nbsp;<\/p>\n<ul>\n<li>Producto importado, venta bajo pedido con pago previo por el valor total del articulo.<\/li>\n<li>FAVOR ANTES DE OFERTAR, confirmar precio actual (por variaciones del valor del d\u00f3lar) y tambi\u00e9n CONFIRMAR QUE PUEDE ESPERAR LOS TIEMPOS DE ENTREGA\u00a0 que normalmente son entre 2-4 semanas.<\/li>\n<li>Cuando recibamos el pedido en nuestra oficina en Medell\u00edn-Colombia, le enviaremos un mensaje al comprador, si se encuentra en Medell\u00edn puede pasar a recogerlo personalmente en nuestra oficina, o tambi\u00e9n podemos hacer el envios a nivel nacional o internacional (Valor del envio cargo del comprador).<\/li>\n<li>Desde Ayudas para TODOS, estamos trabajando para ofrecerles el mayor Marketplace inclusivo a nivel mundial. Reuniendo en 1 solo sitio todos los productos que puedan necesitar, m\u00e1s de 5.000 referencias de art\u00edculos especializados que puedan necesitar instituciones y personas con o sin discapacidad, para apoyar procesos de inclusi\u00f3n, ayudando a superar las barreras que se pueden presentar al momento de estudiar, de trabajar, y en las dem\u00e1s actividades de la vida diaria.<\/li>\n<li>\u00bfNo est\u00e1 seguro sobre qu\u00e9 tipo de dispositivo o producto de apoyo debe comprar? Contamos con expertos para estudiar sus necesidades y asesorarlo recomend\u00e1ndole la ayuda o el conjunto de ayudas m\u00e1s adecuadas \u00bfNecesitas un producto y no lo encuentras en nuestro catalogo online? Cont\u00e1ctanos para ayudarte a conseguirlo. \u00bfEres emprendedor y tienes un gran producto inclusivo que quisieras promocionar en nuestra plataforma? <a href=\"https:\/\/ayudasparatodos.com\/index.php\/contact\/\">Cont\u00e1ctanos<\/a><\/li>\n<li>Visita la secci\u00f3n sobre <a href=\"https:\/\/ayudasparatodos.com\/index.php\/como-comprar-faq\/\">\u00bfC\u00f3mo Comprar? FAQ<\/a>, en la cual encontraras de forma m\u00e1s detallada las instrucciones de como comprar, servicio de asesor\u00eda y cotizaciones, formas de pago, env\u00edos a nivel nacional e internacional, garant\u00eda y otros temas relacionados.<\/li>\n<li><span style=\"font-size: 11.5pt; font-family: Roboto; color: #626262;\">Asesor\u00eda, cotizaciones dudas y comentarios: Si tiene cualquier duda o comentario, nos puede escribir o llamar via WhatsApp agregando el numero +57 3006000144 o directamente desde este <a href=\"https:\/\/wa.me\/+573006000144\">enlace<\/a>\u00a0 <\/span><a href=\"https:\/\/wa.me\/+573006000144\"><span style=\"font-size: 11.5pt; font-family: Roboto; color: #626262;\">https:\/\/wa.me\/+573006000144<\/span><\/a><span style=\"font-size: 11.5pt; font-family: Roboto; color: #626262;\">\u00a0 \u00a0 Tambi\u00e9n puede enviarnos un correo electr\u00f3nico a la direcci\u00f3n <a href=\"mailto:ventas@ayudasparatodos.com\">ventas@ayudasparatodos.com<\/a><\/span><\/li>\n<li><strong>Pagos en Colombia por transferencia Bancolombia o Nequi. Tambi\u00e9n recibimos pagos por tarjeta cr\u00e9dito o debito. Si la alternativa de pago no esta disponible en su pa\u00eds, tambi\u00e9n puede pagar por Giro en western Union o Paypal. Favor contactarnos al correo ventas@ayudasparatodos.com para generarle un enlace de pago personalizado por el valor de los art\u00edculos + el valor del envi\u00f3 seg\u00fan su ubicaci\u00f3n y con su moneda local. Despachos a nivel nacional e internacional desde Medell\u00edn &#8211; Colombia.<\/strong><\/li>\n<\/ul>\n","protected":false},"excerpt":{"rendered":"<p>Mouse Rat\u00f3n t\u00e1ctil para el pulgar<\/p>\n","protected":false},"featured_media":53191,"template":"","meta":[],"product_cat":[387],"product_tag":[649,650,724,648],"class_list":["post-53121","product","type-product","status-publish","has-post-thumbnail","hentry","product_cat-mouse-accesibles","product_tag-accesibilidad-digital-computador-pc","product_tag-mouse-raton-accesible-discapaciadd-movilidad-reducida-autismo-paralisis-cerebral","product_tag-mouse-raton-tactil-para-el-pulgar-recargable-inalambrico-discapacidad-accesibilidad","product_tag-tecnologia-asistiva-para-manejar-el-computador-pc-telefono-celular-portatil-discapacidad-accesibilidad","description-off"],"_links":{"self":[{"href":"https:\/\/ayudasparatodos.com\/index.php\/wp-json\/wp\/v3\/product\/53121"}],"collection":[{"href":"https:\/\/ayudasparatodos.com\/index.php\/wp-json\/wp\/v3\/product"}],"about":[{"href":"https:\/\/ayudasparatodos.com\/index.php\/wp-json\/wp\/v2\/types\/product"}],"wp:featuredmedia":[{"embeddable":true,"href":"https:\/\/ayudasparatodos.com\/index.php\/wp-json\/wp\/v2\/media\/53191"}],"wp:attachment":[{"href":"https:\/\/ayudasparatodos.com\/index.php\/wp-json\/wp\/v2\/media?parent=53121"}],"wp:term":[{"taxonomy":"product_cat","embeddable":true,"href":"https:\/\/ayudasparatodos.com\/index.php\/wp-json\/wp\/v2\/product_cat?post=53121"},{"taxonomy":"product_tag","embeddable":true,"href":"https:\/\/ayudasparatodos.com\/index.php\/wp-json\/wp\/v2\/product_tag?post=53121"}],"curies":[{"name":"wp","href":"https:\/\/api.w.org\/{rel}","templated":true}]}}