{"id":53122,"date":"2024-05-02T21:10:01","date_gmt":"2024-05-02T21:10:01","guid":{"rendered":"https:\/\/ayudasparatodos.com\/?post_type=product&#038;p=53122"},"modified":"2024-05-03T20:24:28","modified_gmt":"2024-05-03T20:24:28","slug":"mouse-raton-anillo-goalmu-recargable-inalambrico-discapacidad-accesibilidad","status":"publish","type":"product","link":"https:\/\/ayudasparatodos.com\/index.php\/producto\/mouse-raton-anillo-goalmu-recargable-inalambrico-discapacidad-accesibilidad\/","title":{"rendered":"Mouse Rat\u00f3n anillo GOALMU recargable inal\u00e1mbrico Discapacidad accesibilidad"},"content":{"rendered":"<p>GOALMU TREE Ring Mouse Bluetooth Finger Mouse Smartphone Tablet PC \u00a1Solo 17 g!<\/p>\n<p>Descripci\u00f3n<\/p>\n<p>\u00a1Dispositivo port\u00e1til en forma de anillo! Rat\u00f3n de dedo, peque\u00f1o y ligero para una f\u00e1cil operaci\u00f3n!<\/p>\n<p>El dise\u00f1o reduce la tensi\u00f3n de la mu\u00f1eca y permite el control remoto de computadoras port\u00e1tiles, computadoras de escritorio, tel\u00e9fonos inteligentes y tabletas.<\/p>\n<p>\u00a1Tambi\u00e9n es \u00fatil para presentaciones y reuniones! Puedes operar f\u00e1cilmente p\u00e1ginas y capas del mouse con solo la punta de los dedos.<\/p>\n<p>La luz LED en el bot\u00f3n de encendido confirma el estado de funcionamiento.<\/p>\n<p>Equipado con un sensor \u00f3ptico para un funcionamiento suave del cursor.<\/p>\n<p>&nbsp;<\/p>\n<p>Acerca de estos art\u00edculos<\/p>\n<p>Fabricante: GOALMU TREE<\/p>\n<p>Serie: PART_M<\/p>\n<p>Tama\u00f1o del producto: 2,5 x 4,5 x 4,6 cm; 17 g<\/p>\n<p>Bater\u00eda: 1 bater\u00eda de pol\u00edmero de litio (incluida)<\/p>\n<p>N\u00famero de modelo: GMT-033RD<\/p>\n<p>Color: rojo<\/p>\n<p>Dimensiones del producto: W x H 25 x 45 x 46 mm<\/p>\n<p>Fuente de alimentaci\u00f3n: recargable<\/p>\n<p>Plataforma de hardware: PC, Mac<\/p>\n<p>Bater\u00eda incluida: S\u00ed<\/p>\n<p>Bater\u00eda de litio: 80 mAh<\/p>\n<p>Bater\u00eda de litio: bater\u00eda incorporada<\/p>\n<p>N\u00famero de bater\u00edas de iones de litio: 1<\/p>\n<p>Peso del producto: 17 g<\/p>\n<p>&nbsp;<\/p>\n<ul>\n<li>Producto importado, venta bajo pedido con pago previo por el valor total del articulo.<\/li>\n<li>FAVOR ANTES DE OFERTAR, confirmar precio actual (por variaciones del valor del d\u00f3lar) y tambi\u00e9n CONFIRMAR QUE PUEDE ESPERAR LOS TIEMPOS DE ENTREGA\u00a0 que normalmente son entre 2-4 semanas.<\/li>\n<li>Cuando recibamos el pedido en nuestra oficina en Medell\u00edn-Colombia, le enviaremos un mensaje al comprador, si se encuentra en Medell\u00edn puede pasar a recogerlo personalmente en nuestra oficina, o tambi\u00e9n podemos hacer el envios a nivel nacional o internacional (Valor del envio cargo del comprador).<\/li>\n<li>Desde Ayudas para TODOS, estamos trabajando para ofrecerles el mayor Marketplace inclusivo a nivel mundial. Reuniendo en 1 solo sitio todos los productos que puedan necesitar, m\u00e1s de 5.000 referencias de art\u00edculos especializados que puedan necesitar instituciones y personas con o sin discapacidad, para apoyar procesos de inclusi\u00f3n, ayudando a superar las barreras que se pueden presentar al momento de estudiar, de trabajar, y en las dem\u00e1s actividades de la vida diaria.<\/li>\n<li>\u00bfNo est\u00e1 seguro sobre qu\u00e9 tipo de dispositivo o producto de apoyo debe comprar? Contamos con expertos para estudiar sus necesidades y asesorarlo recomend\u00e1ndole la ayuda o el conjunto de ayudas m\u00e1s adecuadas \u00bfNecesitas un producto y no lo encuentras en nuestro catalogo online? Cont\u00e1ctanos para ayudarte a conseguirlo. \u00bfEres emprendedor y tienes un gran producto inclusivo que quisieras promocionar en nuestra plataforma? <a href=\"https:\/\/ayudasparatodos.com\/index.php\/contact\/\">Cont\u00e1ctanos<\/a><\/li>\n<li>Visita la secci\u00f3n sobre <a href=\"https:\/\/ayudasparatodos.com\/index.php\/como-comprar-faq\/\">\u00bfC\u00f3mo Comprar? FAQ<\/a>, en la cual encontraras de forma m\u00e1s detallada las instrucciones de como comprar, servicio de asesor\u00eda y cotizaciones, formas de pago, env\u00edos a nivel nacional e internacional, garant\u00eda y otros temas relacionados.<\/li>\n<li><span style=\"font-size: 11.5pt; font-family: Roboto; color: #626262;\">Asesor\u00eda, cotizaciones dudas y comentarios: Si tiene cualquier duda o comentario, nos puede escribir o llamar via WhatsApp agregando el numero +57 3006000144 o directamente desde este <a href=\"https:\/\/wa.me\/+573006000144\">enlace<\/a>\u00a0 <\/span><a href=\"https:\/\/wa.me\/+573006000144\"><span style=\"font-size: 11.5pt; font-family: Roboto; color: #626262;\">https:\/\/wa.me\/+573006000144<\/span><\/a><span style=\"font-size: 11.5pt; font-family: Roboto; color: #626262;\">\u00a0 \u00a0 Tambi\u00e9n puede enviarnos un correo electr\u00f3nico a la direcci\u00f3n <a href=\"mailto:ventas@ayudasparatodos.com\">ventas@ayudasparatodos.com<\/a><\/span><\/li>\n<li><strong>Pagos en Colombia por transferencia Bancolombia o Nequi. Tambi\u00e9n recibimos pagos por tarjeta cr\u00e9dito o debito. Si la alternativa de pago no esta disponible en su pa\u00eds, tambi\u00e9n puede pagar por Giro en western Union o Paypal. Favor contactarnos al correo ventas@ayudasparatodos.com para generarle un enlace de pago personalizado por el valor de los art\u00edculos + el valor del envi\u00f3 seg\u00fan su ubicaci\u00f3n y con su moneda local. Despachos a nivel nacional e internacional desde Medell\u00edn &#8211; Colombia.<\/strong><\/li>\n<\/ul>\n","protected":false},"excerpt":{"rendered":"<p>\u00a1Dispositivo port\u00e1til en forma de anillo! Rat\u00f3n de dedo, peque\u00f1o y ligero para una f\u00e1cil operaci\u00f3n<\/p>\n","protected":false},"featured_media":0,"template":"","meta":[],"product_cat":[387],"product_tag":[649,650,725,648],"class_list":["post-53122","product","type-product","status-publish","hentry","product_cat-mouse-accesibles","product_tag-accesibilidad-digital-computador-pc","product_tag-mouse-raton-accesible-discapaciadd-movilidad-reducida-autismo-paralisis-cerebral","product_tag-mouse-raton-anillo-goalmu-recargable-inalambrico-discapacidad-accesibilidad","product_tag-tecnologia-asistiva-para-manejar-el-computador-pc-telefono-celular-portatil-discapacidad-accesibilidad","description-off"],"_links":{"self":[{"href":"https:\/\/ayudasparatodos.com\/index.php\/wp-json\/wp\/v3\/product\/53122"}],"collection":[{"href":"https:\/\/ayudasparatodos.com\/index.php\/wp-json\/wp\/v3\/product"}],"about":[{"href":"https:\/\/ayudasparatodos.com\/index.php\/wp-json\/wp\/v2\/types\/product"}],"wp:attachment":[{"href":"https:\/\/ayudasparatodos.com\/index.php\/wp-json\/wp\/v2\/media?parent=53122"}],"wp:term":[{"taxonomy":"product_cat","embeddable":true,"href":"https:\/\/ayudasparatodos.com\/index.php\/wp-json\/wp\/v2\/product_cat?post=53122"},{"taxonomy":"product_tag","embeddable":true,"href":"https:\/\/ayudasparatodos.com\/index.php\/wp-json\/wp\/v2\/product_tag?post=53122"}],"curies":[{"name":"wp","href":"https:\/\/api.w.org\/{rel}","templated":true}]}}