{"id":53123,"date":"2024-05-02T21:10:10","date_gmt":"2024-05-02T21:10:10","guid":{"rendered":"https:\/\/ayudasparatodos.com\/?post_type=product&#038;p=53123"},"modified":"2024-05-03T20:43:27","modified_gmt":"2024-05-03T20:43:27","slug":"anillo-inalambrico-bluetooth-controla-aplicaciones-y-musica-discapacidad-accesibilidad","status":"publish","type":"product","link":"https:\/\/ayudasparatodos.com\/index.php\/producto\/anillo-inalambrico-bluetooth-controla-aplicaciones-y-musica-discapacidad-accesibilidad\/","title":{"rendered":"Anillo inal\u00e1mbrico Bluetooth controla aplicaciones y m\u00fasica Discapacidad accesibilidad"},"content":{"rendered":"<p>Importante aclarar que este no es un mouse con control del cursor, es m\u00e1s un control remoto para controlar aplicaciones de m\u00fasica, videos, cambiar volumen, siguiente canci\u00f3n dar like y cosas as\u00ed de forma inal\u00e1mbrica.<\/p>\n<p>Cuando el mando a distancia R51 se utiliza por primera vez con un tel\u00e9fono m\u00f3vil u otro dispositivo Bluetooth, debe conectarse primero.<\/p>\n<p>El funcionamiento es el siguiente: Mantenga pulsado el bot\u00f3n MODE durante 3 segundos. Cuando las luces blanca y verde parpadean alternativamente, el R51 eliminar\u00e1 la informaci\u00f3n del dispositivo Bluetooth previamente emparejado y entrar\u00e1 en el modo de emparejamiento al mismo tiempo; en la interfaz Bluetooth del tel\u00e9fono m\u00f3vil, busque el nombre del dispositivo Bluetooth R51, haga clic en \u00abConectar\u00bb y el control remoto R51 se conectar\u00e1 al tel\u00e9fono m\u00f3vil o dispositivo Bluetooth. Despu\u00e9s de conectarse, puede usar R51 para controlar el dispositivo Bluetooth afectado.<\/p>\n<p>&nbsp;<\/p>\n<p>Especificaciones:<\/p>\n<p>Versi\u00f3n de Bluetooth: 5.0<\/p>\n<p>Capacidad de la bater\u00eda: 30 mA<\/p>\n<p>Tiempo de carga: \u22641H<\/p>\n<p>Tiempo de espera de conexi\u00f3n: \u226530 d\u00edas<\/p>\n<p>En espera sin conexi\u00f3n: \u226590 d\u00edas<\/p>\n<p>Voltaje de carga de la caja de carga: DC 5V\u00b10.25V<\/p>\n<p>Consumo de energ\u00eda promedio: \u226430uA producto<\/p>\n<p>Tama\u00f1o: 30*25*22mm\/1,18*0,98*0,87&#8243;<\/p>\n<p>&nbsp;<\/p>\n<p>Contenidos del paquete:<\/p>\n<p>1 * anillo<\/p>\n<p>&nbsp;<\/p>\n<ul>\n<li>Producto importado, venta bajo pedido con pago previo por el valor total del articulo.<\/li>\n<li>FAVOR ANTES DE OFERTAR, confirmar precio actual (por variaciones del valor del d\u00f3lar) y tambi\u00e9n CONFIRMAR QUE PUEDE ESPERAR LOS TIEMPOS DE ENTREGA\u00a0 que normalmente son entre 2-4 semanas.<\/li>\n<li>Cuando recibamos el pedido en nuestra oficina en Medell\u00edn-Colombia, le enviaremos un mensaje al comprador, si se encuentra en Medell\u00edn puede pasar a recogerlo personalmente en nuestra oficina, o tambi\u00e9n podemos hacer el envios a nivel nacional o internacional (Valor del envio cargo del comprador).<\/li>\n<li>Desde Ayudas para TODOS, estamos trabajando para ofrecerles el mayor Marketplace inclusivo a nivel mundial. Reuniendo en 1 solo sitio todos los productos que puedan necesitar, m\u00e1s de 5.000 referencias de art\u00edculos especializados que puedan necesitar instituciones y personas con o sin discapacidad, para apoyar procesos de inclusi\u00f3n, ayudando a superar las barreras que se pueden presentar al momento de estudiar, de trabajar, y en las dem\u00e1s actividades de la vida diaria.<\/li>\n<li>\u00bfNo est\u00e1 seguro sobre qu\u00e9 tipo de dispositivo o producto de apoyo debe comprar? Contamos con expertos para estudiar sus necesidades y asesorarlo recomend\u00e1ndole la ayuda o el conjunto de ayudas m\u00e1s adecuadas \u00bfNecesitas un producto y no lo encuentras en nuestro catalogo online? Cont\u00e1ctanos para ayudarte a conseguirlo. \u00bfEres emprendedor y tienes un gran producto inclusivo que quisieras promocionar en nuestra plataforma? <a href=\"https:\/\/ayudasparatodos.com\/index.php\/contact\/\">Cont\u00e1ctanos<\/a><\/li>\n<li>Visita la secci\u00f3n sobre <a href=\"https:\/\/ayudasparatodos.com\/index.php\/como-comprar-faq\/\">\u00bfC\u00f3mo Comprar? FAQ<\/a>, en la cual encontraras de forma m\u00e1s detallada las instrucciones de como comprar, servicio de asesor\u00eda y cotizaciones, formas de pago, env\u00edos a nivel nacional e internacional, garant\u00eda y otros temas relacionados.<\/li>\n<li><span style=\"font-size: 11.5pt; font-family: Roboto; color: #626262;\">Asesor\u00eda, cotizaciones dudas y comentarios: Si tiene cualquier duda o comentario, nos puede escribir o llamar via WhatsApp agregando el numero +57 3006000144 o directamente desde este <a href=\"https:\/\/wa.me\/+573006000144\">enlace<\/a>\u00a0 <\/span><a href=\"https:\/\/wa.me\/+573006000144\"><span style=\"font-size: 11.5pt; font-family: Roboto; color: #626262;\">https:\/\/wa.me\/+573006000144<\/span><\/a><span style=\"font-size: 11.5pt; font-family: Roboto; color: #626262;\">\u00a0 \u00a0 Tambi\u00e9n puede enviarnos un correo electr\u00f3nico a la direcci\u00f3n <a href=\"mailto:ventas@ayudasparatodos.com\">ventas@ayudasparatodos.com<\/a><\/span><\/li>\n<li><strong>Pagos en Colombia por transferencia Bancolombia o Nequi. Tambi\u00e9n recibimos pagos por tarjeta cr\u00e9dito o debito. Si la alternativa de pago no esta disponible en su pa\u00eds, tambi\u00e9n puede pagar por Giro en western Union o Paypal. Favor contactarnos al correo ventas@ayudasparatodos.com para generarle un enlace de pago personalizado por el valor de los art\u00edculos + el valor del envi\u00f3 seg\u00fan su ubicaci\u00f3n y con su moneda local. Despachos a nivel nacional e internacional desde Medell\u00edn &#8211; Colombia.<\/strong><\/li>\n<\/ul>\n","protected":false},"excerpt":{"rendered":"<p>Control remoto para controlar aplicaciones de m\u00fasica, videos, cambiar volumen, siguiente canci\u00f3n dar like<\/p>\n","protected":false},"featured_media":53205,"template":"","meta":[],"product_cat":[387],"product_tag":[649,726,650,648],"class_list":["post-53123","product","type-product","status-publish","has-post-thumbnail","hentry","product_cat-mouse-accesibles","product_tag-accesibilidad-digital-computador-pc","product_tag-anillo-inalambrico-bluetooth-controla-aplicaciones-y-musica-discapacidad-accesibilidad","product_tag-mouse-raton-accesible-discapaciadd-movilidad-reducida-autismo-paralisis-cerebral","product_tag-tecnologia-asistiva-para-manejar-el-computador-pc-telefono-celular-portatil-discapacidad-accesibilidad","description-off"],"_links":{"self":[{"href":"https:\/\/ayudasparatodos.com\/index.php\/wp-json\/wp\/v3\/product\/53123"}],"collection":[{"href":"https:\/\/ayudasparatodos.com\/index.php\/wp-json\/wp\/v3\/product"}],"about":[{"href":"https:\/\/ayudasparatodos.com\/index.php\/wp-json\/wp\/v2\/types\/product"}],"wp:featuredmedia":[{"embeddable":true,"href":"https:\/\/ayudasparatodos.com\/index.php\/wp-json\/wp\/v2\/media\/53205"}],"wp:attachment":[{"href":"https:\/\/ayudasparatodos.com\/index.php\/wp-json\/wp\/v2\/media?parent=53123"}],"wp:term":[{"taxonomy":"product_cat","embeddable":true,"href":"https:\/\/ayudasparatodos.com\/index.php\/wp-json\/wp\/v2\/product_cat?post=53123"},{"taxonomy":"product_tag","embeddable":true,"href":"https:\/\/ayudasparatodos.com\/index.php\/wp-json\/wp\/v2\/product_tag?post=53123"}],"curies":[{"name":"wp","href":"https:\/\/api.w.org\/{rel}","templated":true}]}}