{"id":53213,"date":"2024-05-04T01:01:59","date_gmt":"2024-05-04T01:01:59","guid":{"rendered":"https:\/\/ayudasparatodos.com\/?post_type=product&#038;p=53213"},"modified":"2024-05-04T01:54:47","modified_gmt":"2024-05-04T01:54:47","slug":"mouse-bjoy-chin-controla-el-ordenador-con-el-menton-discapacidad-accesibilidad","status":"publish","type":"product","link":"https:\/\/ayudasparatodos.com\/index.php\/producto\/mouse-bjoy-chin-controla-el-ordenador-con-el-menton-discapacidad-accesibilidad\/","title":{"rendered":"Mouse BJOY CHIN Controla el ordenador con el ment\u00f3n Discapacidad accesibilidad"},"content":{"rendered":"<p>Controla el ordenador con el ment\u00f3n<\/p>\n<p>Gama BJOY<\/p>\n<p>BJOY Chin es la mejor opci\u00f3n para usar el rat\u00f3n con el ment\u00f3n.<\/p>\n<p>Su reducido tama\u00f1o, la disposici\u00f3n de sus botones, su precisi\u00f3n, as\u00ed como sus diversas opciones de sujeci\u00f3n lo convierten en un elemento muy vers\u00e1til.<\/p>\n<p>Pertenece a la gama BJOY y de esta manera, puede ser personalizado a las necesidades de cada usuario tanto a nivel de hardware como para ajustar su comportamiento mediante el software BJoy Configurador.<\/p>\n<p>Utiliza tu rat\u00f3n con precisi\u00f3n y ergonom\u00eda con el movimiento de tu cabeza.<\/p>\n<p>Accede a tus aplicaciones favoritas con comodidad y sencillez.<\/p>\n<p>Personaliza tu rat\u00f3n si quieres que se ajuste mejor. Nosotros te lo fabricamos seg\u00fan tus necesidades.<\/p>\n<p>Dispositivo \u00abPlug and Play\u00bb compatible con Windows, MacOS y Linux.<\/p>\n<p>Utiliza BJoy Configurador para modificar la funci\u00f3n de cada bot\u00f3n, la velocidad, la orientaci\u00f3n y otros muchos par\u00e1metros.<\/p>\n<p>Todos los ajustes realizados con BJoy Configurador se quedan almacenados en el dispositivo para que puedas llev\u00e1rtelos donde quieras.<\/p>\n<p>Indicado para&#8230;<\/p>\n<p>Discapacidad f\u00edsica: lesi\u00f3n medular, esclerosis m\u00faltiple, ELA, enfermedades neuromusculares&#8230;<\/p>\n<p>Par\u00e1lisis cerebral<\/p>\n<p>Da\u00f1o cerebral: ictus, traumatismo craneoencef\u00e1lico&#8230;<\/p>\n<p>&nbsp;<\/p>\n<p>Dispositivo USB Plug and Play<\/p>\n<p>Joystick de anal\u00f3gico: movimiento libre en todas las direcciones<\/p>\n<p>Posibilidad de adaptarse a la posici\u00f3n del usuario<\/p>\n<p>La velocidad del puntero depende de la acci\u00f3n sobre el joystick<\/p>\n<p>Cabezal antial\u00e9rgico<\/p>\n<p>Joystick muy sensible<\/p>\n<p>Opciones de personalizaci\u00f3n:<\/p>\n<p>Posibilidad de elegir el tipo de empu\u00f1adura<\/p>\n<p>Posibilidad de entradas para conmutador.<\/p>\n<p>Posibilitar el acceso a las personas con movimientos imprecisos.<\/p>\n<p>Sistemas operativos con los que es compatible: Windows, Linux, Android, Chrome OS, Mac OS.<\/p>\n<p>El Mouse BJOY CHIN viene con sus cables y software, se recomienda comprar un soporte para poder ubicarlo con la altura y el angulo deseado para mayor comodidad de uso.<\/p>\n<p>&nbsp;<\/p>\n<div id=\"attachment_53230\" style=\"width: 310px\" class=\"wp-caption alignnone\"><img decoding=\"async\" aria-describedby=\"caption-attachment-53230\" class=\"size-medium wp-image-53230\" src=\"https:\/\/ayudasparatodos.com\/wp-content\/uploads\/2024\/05\/TAMOUSE63-3-300x300.jpg\" alt=\"Mouse BJOY CHIN Controla el ordenador con el ment\u00f3n Discapacidad accesibilidad\" width=\"300\" height=\"300\" srcset=\"https:\/\/ayudasparatodos.com\/wp-content\/uploads\/2024\/05\/TAMOUSE63-3-300x300.jpg 300w, https:\/\/ayudasparatodos.com\/wp-content\/uploads\/2024\/05\/TAMOUSE63-3-200x200.jpg 200w, https:\/\/ayudasparatodos.com\/wp-content\/uploads\/2024\/05\/TAMOUSE63-3-600x600.jpg 600w, https:\/\/ayudasparatodos.com\/wp-content\/uploads\/2024\/05\/TAMOUSE63-3-150x150.jpg 150w, https:\/\/ayudasparatodos.com\/wp-content\/uploads\/2024\/05\/TAMOUSE63-3-768x768.jpg 768w, https:\/\/ayudasparatodos.com\/wp-content\/uploads\/2024\/05\/TAMOUSE63-3.jpg 800w\" sizes=\"(max-width: 300px) 100vw, 300px\" \/><p id=\"caption-attachment-53230\" class=\"wp-caption-text\">Brazo para Mouse Mouse BJOY CHIN<\/p><\/div>\n<p>*Tambi\u00e9n puedes comprar el dispositivo BJOY Chin con el sistema de soporte brazo equalizable que se ve en la foto(No viene incluido, se vende por separado)<\/p>\n<p>Este kit te permite encontrar la mejor posici\u00f3n para usar tu BJOY Chin con el ment\u00f3n.<\/p>\n<p>El brazo articulado te permite ubicar de forma precisa y segura el BJOY Chin.<\/p>\n<p>&nbsp;<\/p>\n<ul>\n<li>Producto importado, venta bajo pedido con pago previo por el valor total del articulo.<\/li>\n<li>FAVOR ANTES DE OFERTAR, confirmar precio actual (por variaciones del valor del d\u00f3lar) y tambi\u00e9n CONFIRMAR QUE PUEDE ESPERAR LOS TIEMPOS DE ENTREGA\u00a0 que normalmente son entre 2-4 semanas.<\/li>\n<li>Cuando recibamos el pedido en nuestra oficina en Medell\u00edn-Colombia, le enviaremos un mensaje al comprador, si se encuentra en Medell\u00edn puede pasar a recogerlo personalmente en nuestra oficina, o tambi\u00e9n podemos hacer el envios a nivel nacional o internacional (Valor del envio cargo del comprador).<\/li>\n<li>Desde Ayudas para TODOS, estamos trabajando para ofrecerles el mayor Marketplace inclusivo a nivel mundial. Reuniendo en 1 solo sitio todos los productos que puedan necesitar, m\u00e1s de 5.000 referencias de art\u00edculos especializados que puedan necesitar instituciones y personas con o sin discapacidad, para apoyar procesos de inclusi\u00f3n, ayudando a superar las barreras que se pueden presentar al momento de estudiar, de trabajar, y en las dem\u00e1s actividades de la vida diaria.<\/li>\n<li>\u00bfNo est\u00e1 seguro sobre qu\u00e9 tipo de dispositivo o producto de apoyo debe comprar? Contamos con expertos para estudiar sus necesidades y asesorarlo recomend\u00e1ndole la ayuda o el conjunto de ayudas m\u00e1s adecuadas \u00bfNecesitas un producto y no lo encuentras en nuestro catalogo online? Cont\u00e1ctanos para ayudarte a conseguirlo. \u00bfEres emprendedor y tienes un gran producto inclusivo que quisieras promocionar en nuestra plataforma? <a href=\"https:\/\/ayudasparatodos.com\/index.php\/contact\/\">Cont\u00e1ctanos<\/a><\/li>\n<li>Visita la secci\u00f3n sobre <a href=\"https:\/\/ayudasparatodos.com\/index.php\/como-comprar-faq\/\">\u00bfC\u00f3mo Comprar? FAQ<\/a>, en la cual encontraras de forma m\u00e1s detallada las instrucciones de como comprar, servicio de asesor\u00eda y cotizaciones, formas de pago, env\u00edos a nivel nacional e internacional, garant\u00eda y otros temas relacionados.<\/li>\n<li><span style=\"font-size: 11.5pt; font-family: Roboto; color: #626262;\">Asesor\u00eda, cotizaciones dudas y comentarios: Si tiene cualquier duda o comentario, nos puede escribir o llamar via WhatsApp agregando el numero +57 3006000144 o directamente desde este <a href=\"https:\/\/wa.me\/+573006000144\">enlace<\/a>\u00a0 <\/span><a href=\"https:\/\/wa.me\/+573006000144\"><span style=\"font-size: 11.5pt; font-family: Roboto; color: #626262;\">https:\/\/wa.me\/+573006000144<\/span><\/a><span style=\"font-size: 11.5pt; font-family: Roboto; color: #626262;\">\u00a0 \u00a0 Tambi\u00e9n puede enviarnos un correo electr\u00f3nico a la direcci\u00f3n <a href=\"mailto:ventas@ayudasparatodos.com\">ventas@ayudasparatodos.com<\/a><\/span><\/li>\n<li><strong>Pagos en Colombia por transferencia Bancolombia o Nequi. Tambi\u00e9n recibimos pagos por tarjeta cr\u00e9dito o debito. Si la alternativa de pago no esta disponible en su pa\u00eds, tambi\u00e9n puede pagar por Giro en western Union o Paypal. Favor contactarnos al correo ventas@ayudasparatodos.com para generarle un enlace de pago personalizado por el valor de los art\u00edculos + el valor del envi\u00f3 seg\u00fan su ubicaci\u00f3n y con su moneda local. Despachos a nivel nacional e internacional desde Medell\u00edn &#8211; Colombia.<\/strong><\/li>\n<\/ul>\n","protected":false},"excerpt":{"rendered":"<p>BJOY Chin es la mejor opci\u00f3n para usar el rat\u00f3n con el ment\u00f3n.<\/p>\n","protected":false},"featured_media":53228,"template":"","meta":[],"product_cat":[387],"product_tag":[649,728,650,648],"class_list":["post-53213","product","type-product","status-publish","has-post-thumbnail","hentry","product_cat-mouse-accesibles","product_tag-accesibilidad-digital-computador-pc","product_tag-mouse-bjoy-chin-controla-el-ordenador-con-el-menton-discapacidad-accesibilidad","product_tag-mouse-raton-accesible-discapaciadd-movilidad-reducida-autismo-paralisis-cerebral","product_tag-tecnologia-asistiva-para-manejar-el-computador-pc-telefono-celular-portatil-discapacidad-accesibilidad","description-off"],"_links":{"self":[{"href":"https:\/\/ayudasparatodos.com\/index.php\/wp-json\/wp\/v3\/product\/53213"}],"collection":[{"href":"https:\/\/ayudasparatodos.com\/index.php\/wp-json\/wp\/v3\/product"}],"about":[{"href":"https:\/\/ayudasparatodos.com\/index.php\/wp-json\/wp\/v2\/types\/product"}],"wp:featuredmedia":[{"embeddable":true,"href":"https:\/\/ayudasparatodos.com\/index.php\/wp-json\/wp\/v2\/media\/53228"}],"wp:attachment":[{"href":"https:\/\/ayudasparatodos.com\/index.php\/wp-json\/wp\/v2\/media?parent=53213"}],"wp:term":[{"taxonomy":"product_cat","embeddable":true,"href":"https:\/\/ayudasparatodos.com\/index.php\/wp-json\/wp\/v2\/product_cat?post=53213"},{"taxonomy":"product_tag","embeddable":true,"href":"https:\/\/ayudasparatodos.com\/index.php\/wp-json\/wp\/v2\/product_tag?post=53213"}],"curies":[{"name":"wp","href":"https:\/\/api.w.org\/{rel}","templated":true}]}}